{"id":9813,"date":"2020-11-30T12:20:13","date_gmt":"2020-11-30T17:20:13","guid":{"rendered":"https:\/\/www.duboischemicals.com\/\/manufacturing\/heavy-zinc-phosphate-coatings\/"},"modified":"2021-02-17T05:03:48","modified_gmt":"2021-02-17T10:03:48","slug":"heavy-zinc-phosphate-coatings","status":"publish","type":"page","link":"https:\/\/www.duboischemicals.com\/manufacturing\/fr\/products\/cold-forming-wire-tube\/heavy-zinc-phosphate-coatings\/","title":{"rendered":"Rev\u00eatements lourds au phosphate de zinc"},"content":{"rendered":"<p>Chaque proc\u00e9d\u00e9 est unique, tant en ce qui concerne la qualit\u00e9 de l\u2019acier trait\u00e9, la capacit\u00e9 de fixation, la configuration des cha\u00eenes de production et les op\u00e9rations ult\u00e9rieures d\u2019\u00e9tirage, de tr\u00e9filage et de formage. Nos formules de rev\u00eatement sp\u00e9cialis\u00e9es et \u00e9prouv\u00e9es vous permettent de maintenir des bains de phosphate de zinc stables et d\u2019obtenir un rev\u00eatement uniforme, quelle que soit la m\u00e9thode d\u2019application.<\/p>\n<p>Les produits DuBois pour rev\u00eatements lourds au phosphate de zinc se d\u00e9clinent en plusieurs options et pr\u00e9sentent de nombreux avantages, notamment les suivants\u00a0: <\/p>\n<ul>\n<li>Rev\u00eatements en phosphate de zinc modifi\u00e9 par du calcium pour la protection contre la corrosion et la lubrification lors du rodage<\/li>\n<li>Rev\u00eatements en phosphate de mangan\u00e8se servant \u00e0 r\u00e9duire l\u2019usure et \u00e0 pr\u00e9venir le grippage<\/li>\n<li>Choix de produit pour des poids de rev\u00eatement allant de 300\u00a0mg\/pi\u00b2 \u00e0 plus de 3000\u00a0mg\/pi\u00b2<\/li>\n<\/ul>\n","protected":false},"excerpt":{"rendered":"<p>Chaque proc\u00e9d\u00e9 est unique, tant en ce qui concerne la qualit\u00e9 de l\u2019acier trait\u00e9, la capacit\u00e9 de fixation, la configuration des cha\u00eenes de production et les op\u00e9rations ult\u00e9rieures d\u2019\u00e9tirage, de tr\u00e9filage et de formage. Nos&#8230;<\/p>\n","protected":false},"author":220,"featured_media":9814,"parent":10730,"menu_order":2,"comment_status":"closed","ping_status":"closed","template":"template-prodinfo.php","meta":{"_acf_changed":false,"footnotes":""},"class_list":["post-9813","page","type-page","status-publish","has-post-thumbnail","hentry"],"acf":[],"yoast_head":"<!-- This site is optimized with the Yoast SEO plugin v26.8 - https:\/\/yoast.com\/product\/yoast-seo-wordpress\/ -->\n<title>Rev\u00eatements lourds au phosphate de zinc - Manufacturing<\/title>\n<meta name=\"robots\" content=\"index, follow, max-snippet:-1, max-image-preview:large, max-video-preview:-1\" \/>\n<link rel=\"canonical\" href=\"https:\/\/www.duboischemicals.com\/manufacturing\/fr\/products\/cold-forming-wire-tube\/heavy-zinc-phosphate-coatings\/\" \/>\n<meta property=\"og:locale\" content=\"fr_FR\" \/>\n<meta property=\"og:type\" content=\"article\" \/>\n<meta property=\"og:title\" content=\"Rev\u00eatements lourds au phosphate de zinc - Manufacturing\" \/>\n<meta property=\"og:description\" content=\"Chaque proc\u00e9d\u00e9 est unique, tant en ce qui concerne la qualit\u00e9 de l\u2019acier trait\u00e9, la capacit\u00e9 de fixation, la configuration des cha\u00eenes de production et les op\u00e9rations ult\u00e9rieures d\u2019\u00e9tirage, de tr\u00e9filage et de formage. Nos...\" \/>\n<meta property=\"og:url\" content=\"https:\/\/www.duboischemicals.com\/manufacturing\/fr\/products\/cold-forming-wire-tube\/heavy-zinc-phosphate-coatings\/\" \/>\n<meta property=\"og:site_name\" content=\"Manufacturing\" \/>\n<meta property=\"article:modified_time\" content=\"2021-02-17T10:03:48+00:00\" \/>\n<meta property=\"og:image\" content=\"https:\/\/www.duboischemicals.com\/manufacturing\/wp-content\/uploads\/sites\/2\/2018\/10\/Cold-Forming-Wire-Tube-Lubricant-1.jpg\" \/>\n\t<meta property=\"og:image:width\" content=\"454\" \/>\n\t<meta property=\"og:image:height\" content=\"450\" \/>\n\t<meta property=\"og:image:type\" content=\"image\/jpeg\" \/>\n<meta name=\"twitter:card\" content=\"summary_large_image\" \/>\n<meta name=\"twitter:label1\" content=\"Dur\u00e9e de lecture estim\u00e9e\" \/>\n\t<meta name=\"twitter:data1\" content=\"1 minute\" \/>\n<script type=\"application\/ld+json\" class=\"yoast-schema-graph\">{\"@context\":\"https:\/\/schema.org\",\"@graph\":[{\"@type\":\"WebPage\",\"@id\":\"https:\/\/www.duboischemicals.com\/manufacturing\/fr\/products\/cold-forming-wire-tube\/heavy-zinc-phosphate-coatings\/\",\"url\":\"https:\/\/www.duboischemicals.com\/manufacturing\/fr\/products\/cold-forming-wire-tube\/heavy-zinc-phosphate-coatings\/\",\"name\":\"Rev\u00eatements lourds au phosphate de zinc - Manufacturing\",\"isPartOf\":{\"@id\":\"https:\/\/www.duboischemicals.com\/manufacturing\/fr\/#website\"},\"primaryImageOfPage\":{\"@id\":\"https:\/\/www.duboischemicals.com\/manufacturing\/fr\/products\/cold-forming-wire-tube\/heavy-zinc-phosphate-coatings\/#primaryimage\"},\"image\":{\"@id\":\"https:\/\/www.duboischemicals.com\/manufacturing\/fr\/products\/cold-forming-wire-tube\/heavy-zinc-phosphate-coatings\/#primaryimage\"},\"thumbnailUrl\":\"https:\/\/www.duboischemicals.com\/manufacturing\/wp-content\/uploads\/sites\/2\/2018\/10\/Cold-Forming-Wire-Tube-Lubricant-1.jpg\",\"datePublished\":\"2020-11-30T17:20:13+00:00\",\"dateModified\":\"2021-02-17T10:03:48+00:00\",\"breadcrumb\":{\"@id\":\"https:\/\/www.duboischemicals.com\/manufacturing\/fr\/products\/cold-forming-wire-tube\/heavy-zinc-phosphate-coatings\/#breadcrumb\"},\"inLanguage\":\"fr-FR\",\"potentialAction\":[{\"@type\":\"ReadAction\",\"target\":[\"https:\/\/www.duboischemicals.com\/manufacturing\/fr\/products\/cold-forming-wire-tube\/heavy-zinc-phosphate-coatings\/\"]}]},{\"@type\":\"ImageObject\",\"inLanguage\":\"fr-FR\",\"@id\":\"https:\/\/www.duboischemicals.com\/manufacturing\/fr\/products\/cold-forming-wire-tube\/heavy-zinc-phosphate-coatings\/#primaryimage\",\"url\":\"https:\/\/www.duboischemicals.com\/manufacturing\/wp-content\/uploads\/sites\/2\/2018\/10\/Cold-Forming-Wire-Tube-Lubricant-1.jpg\",\"contentUrl\":\"https:\/\/www.duboischemicals.com\/manufacturing\/wp-content\/uploads\/sites\/2\/2018\/10\/Cold-Forming-Wire-Tube-Lubricant-1.jpg\",\"width\":454,\"height\":450},{\"@type\":\"BreadcrumbList\",\"@id\":\"https:\/\/www.duboischemicals.com\/manufacturing\/fr\/products\/cold-forming-wire-tube\/heavy-zinc-phosphate-coatings\/#breadcrumb\",\"itemListElement\":[{\"@type\":\"ListItem\",\"position\":1,\"name\":\"Home\",\"item\":\"https:\/\/www.duboischemicals.com\/manufacturing\/fr\/\"},{\"@type\":\"ListItem\",\"position\":2,\"name\":\"Produits\",\"item\":\"https:\/\/www.duboischemicals.com\/manufacturing\/fr\/products\/\"},{\"@type\":\"ListItem\",\"position\":3,\"name\":\"Formage \u00e0 froid, fils et tubes\",\"item\":\"https:\/\/www.duboischemicals.com\/manufacturing\/fr\/products\/cold-forming-wire-tube\/\"},{\"@type\":\"ListItem\",\"position\":4,\"name\":\"Rev\u00eatements lourds au phosphate de zinc\"}]},{\"@type\":\"WebSite\",\"@id\":\"https:\/\/www.duboischemicals.com\/manufacturing\/fr\/#website\",\"url\":\"https:\/\/www.duboischemicals.com\/manufacturing\/fr\/\",\"name\":\"Manufacturing\",\"description\":\"\",\"potentialAction\":[{\"@type\":\"SearchAction\",\"target\":{\"@type\":\"EntryPoint\",\"urlTemplate\":\"https:\/\/www.duboischemicals.com\/manufacturing\/fr\/?s={search_term_string}\"},\"query-input\":{\"@type\":\"PropertyValueSpecification\",\"valueRequired\":true,\"valueName\":\"search_term_string\"}}],\"inLanguage\":\"fr-FR\"}]}<\/script>\n<!-- \/ Yoast SEO plugin. -->","yoast_head_json":{"title":"Rev\u00eatements lourds au phosphate de zinc - Manufacturing","robots":{"index":"index","follow":"follow","max-snippet":"max-snippet:-1","max-image-preview":"max-image-preview:large","max-video-preview":"max-video-preview:-1"},"canonical":"https:\/\/www.duboischemicals.com\/manufacturing\/fr\/products\/cold-forming-wire-tube\/heavy-zinc-phosphate-coatings\/","og_locale":"fr_FR","og_type":"article","og_title":"Rev\u00eatements lourds au phosphate de zinc - Manufacturing","og_description":"Chaque proc\u00e9d\u00e9 est unique, tant en ce qui concerne la qualit\u00e9 de l\u2019acier trait\u00e9, la capacit\u00e9 de fixation, la configuration des cha\u00eenes de production et les op\u00e9rations ult\u00e9rieures d\u2019\u00e9tirage, de tr\u00e9filage et de formage. Nos...","og_url":"https:\/\/www.duboischemicals.com\/manufacturing\/fr\/products\/cold-forming-wire-tube\/heavy-zinc-phosphate-coatings\/","og_site_name":"Manufacturing","article_modified_time":"2021-02-17T10:03:48+00:00","og_image":[{"width":454,"height":450,"url":"https:\/\/www.duboischemicals.com\/manufacturing\/wp-content\/uploads\/sites\/2\/2018\/10\/Cold-Forming-Wire-Tube-Lubricant-1.jpg","type":"image\/jpeg"}],"twitter_card":"summary_large_image","twitter_misc":{"Dur\u00e9e de lecture estim\u00e9e":"1 minute"},"schema":{"@context":"https:\/\/schema.org","@graph":[{"@type":"WebPage","@id":"https:\/\/www.duboischemicals.com\/manufacturing\/fr\/products\/cold-forming-wire-tube\/heavy-zinc-phosphate-coatings\/","url":"https:\/\/www.duboischemicals.com\/manufacturing\/fr\/products\/cold-forming-wire-tube\/heavy-zinc-phosphate-coatings\/","name":"Rev\u00eatements lourds au phosphate de zinc - Manufacturing","isPartOf":{"@id":"https:\/\/www.duboischemicals.com\/manufacturing\/fr\/#website"},"primaryImageOfPage":{"@id":"https:\/\/www.duboischemicals.com\/manufacturing\/fr\/products\/cold-forming-wire-tube\/heavy-zinc-phosphate-coatings\/#primaryimage"},"image":{"@id":"https:\/\/www.duboischemicals.com\/manufacturing\/fr\/products\/cold-forming-wire-tube\/heavy-zinc-phosphate-coatings\/#primaryimage"},"thumbnailUrl":"https:\/\/www.duboischemicals.com\/manufacturing\/wp-content\/uploads\/sites\/2\/2018\/10\/Cold-Forming-Wire-Tube-Lubricant-1.jpg","datePublished":"2020-11-30T17:20:13+00:00","dateModified":"2021-02-17T10:03:48+00:00","breadcrumb":{"@id":"https:\/\/www.duboischemicals.com\/manufacturing\/fr\/products\/cold-forming-wire-tube\/heavy-zinc-phosphate-coatings\/#breadcrumb"},"inLanguage":"fr-FR","potentialAction":[{"@type":"ReadAction","target":["https:\/\/www.duboischemicals.com\/manufacturing\/fr\/products\/cold-forming-wire-tube\/heavy-zinc-phosphate-coatings\/"]}]},{"@type":"ImageObject","inLanguage":"fr-FR","@id":"https:\/\/www.duboischemicals.com\/manufacturing\/fr\/products\/cold-forming-wire-tube\/heavy-zinc-phosphate-coatings\/#primaryimage","url":"https:\/\/www.duboischemicals.com\/manufacturing\/wp-content\/uploads\/sites\/2\/2018\/10\/Cold-Forming-Wire-Tube-Lubricant-1.jpg","contentUrl":"https:\/\/www.duboischemicals.com\/manufacturing\/wp-content\/uploads\/sites\/2\/2018\/10\/Cold-Forming-Wire-Tube-Lubricant-1.jpg","width":454,"height":450},{"@type":"BreadcrumbList","@id":"https:\/\/www.duboischemicals.com\/manufacturing\/fr\/products\/cold-forming-wire-tube\/heavy-zinc-phosphate-coatings\/#breadcrumb","itemListElement":[{"@type":"ListItem","position":1,"name":"Home","item":"https:\/\/www.duboischemicals.com\/manufacturing\/fr\/"},{"@type":"ListItem","position":2,"name":"Produits","item":"https:\/\/www.duboischemicals.com\/manufacturing\/fr\/products\/"},{"@type":"ListItem","position":3,"name":"Formage \u00e0 froid, fils et tubes","item":"https:\/\/www.duboischemicals.com\/manufacturing\/fr\/products\/cold-forming-wire-tube\/"},{"@type":"ListItem","position":4,"name":"Rev\u00eatements lourds au phosphate de zinc"}]},{"@type":"WebSite","@id":"https:\/\/www.duboischemicals.com\/manufacturing\/fr\/#website","url":"https:\/\/www.duboischemicals.com\/manufacturing\/fr\/","name":"Manufacturing","description":"","potentialAction":[{"@type":"SearchAction","target":{"@type":"EntryPoint","urlTemplate":"https:\/\/www.duboischemicals.com\/manufacturing\/fr\/?s={search_term_string}"},"query-input":{"@type":"PropertyValueSpecification","valueRequired":true,"valueName":"search_term_string"}}],"inLanguage":"fr-FR"}]}},"_links":{"self":[{"href":"https:\/\/www.duboischemicals.com\/manufacturing\/fr\/wp-json\/wp\/v2\/pages\/9813","targetHints":{"allow":["GET"]}}],"collection":[{"href":"https:\/\/www.duboischemicals.com\/manufacturing\/fr\/wp-json\/wp\/v2\/pages"}],"about":[{"href":"https:\/\/www.duboischemicals.com\/manufacturing\/fr\/wp-json\/wp\/v2\/types\/page"}],"author":[{"embeddable":true,"href":"https:\/\/www.duboischemicals.com\/manufacturing\/fr\/wp-json\/wp\/v2\/users\/220"}],"replies":[{"embeddable":true,"href":"https:\/\/www.duboischemicals.com\/manufacturing\/fr\/wp-json\/wp\/v2\/comments?post=9813"}],"version-history":[{"count":3,"href":"https:\/\/www.duboischemicals.com\/manufacturing\/fr\/wp-json\/wp\/v2\/pages\/9813\/revisions"}],"predecessor-version":[{"id":11511,"href":"https:\/\/www.duboischemicals.com\/manufacturing\/fr\/wp-json\/wp\/v2\/pages\/9813\/revisions\/11511"}],"up":[{"embeddable":true,"href":"https:\/\/www.duboischemicals.com\/manufacturing\/fr\/wp-json\/wp\/v2\/pages\/10730"}],"wp:featuredmedia":[{"embeddable":true,"href":"https:\/\/www.duboischemicals.com\/manufacturing\/fr\/wp-json\/wp\/v2\/media\/9814"}],"wp:attachment":[{"href":"https:\/\/www.duboischemicals.com\/manufacturing\/fr\/wp-json\/wp\/v2\/media?parent=9813"}],"curies":[{"name":"wp","href":"https:\/\/api.w.org\/{rel}","templated":true}]}}