{"id":9816,"date":"2020-11-30T12:20:13","date_gmt":"2020-11-30T17:20:13","guid":{"rendered":"https:\/\/www.duboischemicals.com\/\/manufacturing\/lubricants\/"},"modified":"2021-02-17T05:04:01","modified_gmt":"2021-02-17T10:04:01","slug":"lubricants","status":"publish","type":"page","link":"https:\/\/www.duboischemicals.com\/manufacturing\/fr\/products\/cold-forming-wire-tube\/lubricants\/","title":{"rendered":"Lubrifiants"},"content":{"rendered":"<p>Dans les applications de formage \u00e0 froid et de tr\u00e9filage, une bonne lubrification est importante pour pr\u00e9server l\u2019int\u00e9grit\u00e9 de la pi\u00e8ce et augmenter la vie utile des matrices utilis\u00e9es. DuBois propose une vaste gamme de lubrifiants r\u00e9actifs et non r\u00e9actifs \u00e0 haut degr\u00e9 de puret\u00e9, qui apportent juste ce qu\u2019il faut de pouvoir lubrifiant \u00e0 votre application.<\/p>\n","protected":false},"excerpt":{"rendered":"<p>Dans les applications de formage \u00e0 froid et de tr\u00e9filage, une bonne lubrification est importante pour pr\u00e9server l\u2019int\u00e9grit\u00e9 de la pi\u00e8ce et augmenter la vie utile des matrices utilis\u00e9es. DuBois propose une vaste gamme de&#8230;<\/p>\n","protected":false},"author":220,"featured_media":9817,"parent":10730,"menu_order":3,"comment_status":"closed","ping_status":"closed","template":"template-prodinfo.php","meta":{"_acf_changed":false,"footnotes":""},"class_list":["post-9816","page","type-page","status-publish","has-post-thumbnail","hentry"],"acf":[],"yoast_head":"<!-- This site is optimized with the Yoast SEO plugin v26.8 - https:\/\/yoast.com\/product\/yoast-seo-wordpress\/ -->\n<title>Lubrifiants - Manufacturing<\/title>\n<meta name=\"robots\" content=\"index, follow, max-snippet:-1, max-image-preview:large, max-video-preview:-1\" \/>\n<link rel=\"canonical\" href=\"https:\/\/www.duboischemicals.com\/manufacturing\/fr\/products\/cold-forming-wire-tube\/lubricants\/\" \/>\n<meta property=\"og:locale\" content=\"fr_FR\" \/>\n<meta property=\"og:type\" content=\"article\" \/>\n<meta property=\"og:title\" content=\"Lubrifiants - Manufacturing\" \/>\n<meta property=\"og:description\" content=\"Dans les applications de formage \u00e0 froid et de tr\u00e9filage, une bonne lubrification est importante pour pr\u00e9server l\u2019int\u00e9grit\u00e9 de la pi\u00e8ce et augmenter la vie utile des matrices utilis\u00e9es. DuBois propose une vaste gamme de...\" \/>\n<meta property=\"og:url\" content=\"https:\/\/www.duboischemicals.com\/manufacturing\/fr\/products\/cold-forming-wire-tube\/lubricants\/\" \/>\n<meta property=\"og:site_name\" content=\"Manufacturing\" \/>\n<meta property=\"article:modified_time\" content=\"2021-02-17T10:04:01+00:00\" \/>\n<meta property=\"og:image\" content=\"https:\/\/www.duboischemicals.com\/manufacturing\/wp-content\/uploads\/sites\/2\/2018\/10\/At-ESP-6.jpg\" \/>\n\t<meta property=\"og:image:width\" content=\"454\" \/>\n\t<meta property=\"og:image:height\" content=\"450\" \/>\n\t<meta property=\"og:image:type\" content=\"image\/jpeg\" \/>\n<meta name=\"twitter:card\" content=\"summary_large_image\" \/>\n<script type=\"application\/ld+json\" class=\"yoast-schema-graph\">{\"@context\":\"https:\/\/schema.org\",\"@graph\":[{\"@type\":\"WebPage\",\"@id\":\"https:\/\/www.duboischemicals.com\/manufacturing\/fr\/products\/cold-forming-wire-tube\/lubricants\/\",\"url\":\"https:\/\/www.duboischemicals.com\/manufacturing\/fr\/products\/cold-forming-wire-tube\/lubricants\/\",\"name\":\"Lubrifiants - Manufacturing\",\"isPartOf\":{\"@id\":\"https:\/\/www.duboischemicals.com\/manufacturing\/fr\/#website\"},\"primaryImageOfPage\":{\"@id\":\"https:\/\/www.duboischemicals.com\/manufacturing\/fr\/products\/cold-forming-wire-tube\/lubricants\/#primaryimage\"},\"image\":{\"@id\":\"https:\/\/www.duboischemicals.com\/manufacturing\/fr\/products\/cold-forming-wire-tube\/lubricants\/#primaryimage\"},\"thumbnailUrl\":\"https:\/\/www.duboischemicals.com\/manufacturing\/wp-content\/uploads\/sites\/2\/2018\/10\/At-ESP-6.jpg\",\"datePublished\":\"2020-11-30T17:20:13+00:00\",\"dateModified\":\"2021-02-17T10:04:01+00:00\",\"breadcrumb\":{\"@id\":\"https:\/\/www.duboischemicals.com\/manufacturing\/fr\/products\/cold-forming-wire-tube\/lubricants\/#breadcrumb\"},\"inLanguage\":\"fr-FR\",\"potentialAction\":[{\"@type\":\"ReadAction\",\"target\":[\"https:\/\/www.duboischemicals.com\/manufacturing\/fr\/products\/cold-forming-wire-tube\/lubricants\/\"]}]},{\"@type\":\"ImageObject\",\"inLanguage\":\"fr-FR\",\"@id\":\"https:\/\/www.duboischemicals.com\/manufacturing\/fr\/products\/cold-forming-wire-tube\/lubricants\/#primaryimage\",\"url\":\"https:\/\/www.duboischemicals.com\/manufacturing\/wp-content\/uploads\/sites\/2\/2018\/10\/At-ESP-6.jpg\",\"contentUrl\":\"https:\/\/www.duboischemicals.com\/manufacturing\/wp-content\/uploads\/sites\/2\/2018\/10\/At-ESP-6.jpg\",\"width\":454,\"height\":450},{\"@type\":\"BreadcrumbList\",\"@id\":\"https:\/\/www.duboischemicals.com\/manufacturing\/fr\/products\/cold-forming-wire-tube\/lubricants\/#breadcrumb\",\"itemListElement\":[{\"@type\":\"ListItem\",\"position\":1,\"name\":\"Home\",\"item\":\"https:\/\/www.duboischemicals.com\/manufacturing\/fr\/\"},{\"@type\":\"ListItem\",\"position\":2,\"name\":\"Produits\",\"item\":\"https:\/\/www.duboischemicals.com\/manufacturing\/fr\/products\/\"},{\"@type\":\"ListItem\",\"position\":3,\"name\":\"Formage \u00e0 froid, fils et tubes\",\"item\":\"https:\/\/www.duboischemicals.com\/manufacturing\/fr\/products\/cold-forming-wire-tube\/\"},{\"@type\":\"ListItem\",\"position\":4,\"name\":\"Lubrifiants\"}]},{\"@type\":\"WebSite\",\"@id\":\"https:\/\/www.duboischemicals.com\/manufacturing\/fr\/#website\",\"url\":\"https:\/\/www.duboischemicals.com\/manufacturing\/fr\/\",\"name\":\"Manufacturing\",\"description\":\"\",\"potentialAction\":[{\"@type\":\"SearchAction\",\"target\":{\"@type\":\"EntryPoint\",\"urlTemplate\":\"https:\/\/www.duboischemicals.com\/manufacturing\/fr\/?s={search_term_string}\"},\"query-input\":{\"@type\":\"PropertyValueSpecification\",\"valueRequired\":true,\"valueName\":\"search_term_string\"}}],\"inLanguage\":\"fr-FR\"}]}<\/script>\n<!-- \/ Yoast SEO plugin. -->","yoast_head_json":{"title":"Lubrifiants - Manufacturing","robots":{"index":"index","follow":"follow","max-snippet":"max-snippet:-1","max-image-preview":"max-image-preview:large","max-video-preview":"max-video-preview:-1"},"canonical":"https:\/\/www.duboischemicals.com\/manufacturing\/fr\/products\/cold-forming-wire-tube\/lubricants\/","og_locale":"fr_FR","og_type":"article","og_title":"Lubrifiants - Manufacturing","og_description":"Dans les applications de formage \u00e0 froid et de tr\u00e9filage, une bonne lubrification est importante pour pr\u00e9server l\u2019int\u00e9grit\u00e9 de la pi\u00e8ce et augmenter la vie utile des matrices utilis\u00e9es. DuBois propose une vaste gamme de...","og_url":"https:\/\/www.duboischemicals.com\/manufacturing\/fr\/products\/cold-forming-wire-tube\/lubricants\/","og_site_name":"Manufacturing","article_modified_time":"2021-02-17T10:04:01+00:00","og_image":[{"width":454,"height":450,"url":"https:\/\/www.duboischemicals.com\/manufacturing\/wp-content\/uploads\/sites\/2\/2018\/10\/At-ESP-6.jpg","type":"image\/jpeg"}],"twitter_card":"summary_large_image","schema":{"@context":"https:\/\/schema.org","@graph":[{"@type":"WebPage","@id":"https:\/\/www.duboischemicals.com\/manufacturing\/fr\/products\/cold-forming-wire-tube\/lubricants\/","url":"https:\/\/www.duboischemicals.com\/manufacturing\/fr\/products\/cold-forming-wire-tube\/lubricants\/","name":"Lubrifiants - Manufacturing","isPartOf":{"@id":"https:\/\/www.duboischemicals.com\/manufacturing\/fr\/#website"},"primaryImageOfPage":{"@id":"https:\/\/www.duboischemicals.com\/manufacturing\/fr\/products\/cold-forming-wire-tube\/lubricants\/#primaryimage"},"image":{"@id":"https:\/\/www.duboischemicals.com\/manufacturing\/fr\/products\/cold-forming-wire-tube\/lubricants\/#primaryimage"},"thumbnailUrl":"https:\/\/www.duboischemicals.com\/manufacturing\/wp-content\/uploads\/sites\/2\/2018\/10\/At-ESP-6.jpg","datePublished":"2020-11-30T17:20:13+00:00","dateModified":"2021-02-17T10:04:01+00:00","breadcrumb":{"@id":"https:\/\/www.duboischemicals.com\/manufacturing\/fr\/products\/cold-forming-wire-tube\/lubricants\/#breadcrumb"},"inLanguage":"fr-FR","potentialAction":[{"@type":"ReadAction","target":["https:\/\/www.duboischemicals.com\/manufacturing\/fr\/products\/cold-forming-wire-tube\/lubricants\/"]}]},{"@type":"ImageObject","inLanguage":"fr-FR","@id":"https:\/\/www.duboischemicals.com\/manufacturing\/fr\/products\/cold-forming-wire-tube\/lubricants\/#primaryimage","url":"https:\/\/www.duboischemicals.com\/manufacturing\/wp-content\/uploads\/sites\/2\/2018\/10\/At-ESP-6.jpg","contentUrl":"https:\/\/www.duboischemicals.com\/manufacturing\/wp-content\/uploads\/sites\/2\/2018\/10\/At-ESP-6.jpg","width":454,"height":450},{"@type":"BreadcrumbList","@id":"https:\/\/www.duboischemicals.com\/manufacturing\/fr\/products\/cold-forming-wire-tube\/lubricants\/#breadcrumb","itemListElement":[{"@type":"ListItem","position":1,"name":"Home","item":"https:\/\/www.duboischemicals.com\/manufacturing\/fr\/"},{"@type":"ListItem","position":2,"name":"Produits","item":"https:\/\/www.duboischemicals.com\/manufacturing\/fr\/products\/"},{"@type":"ListItem","position":3,"name":"Formage \u00e0 froid, fils et tubes","item":"https:\/\/www.duboischemicals.com\/manufacturing\/fr\/products\/cold-forming-wire-tube\/"},{"@type":"ListItem","position":4,"name":"Lubrifiants"}]},{"@type":"WebSite","@id":"https:\/\/www.duboischemicals.com\/manufacturing\/fr\/#website","url":"https:\/\/www.duboischemicals.com\/manufacturing\/fr\/","name":"Manufacturing","description":"","potentialAction":[{"@type":"SearchAction","target":{"@type":"EntryPoint","urlTemplate":"https:\/\/www.duboischemicals.com\/manufacturing\/fr\/?s={search_term_string}"},"query-input":{"@type":"PropertyValueSpecification","valueRequired":true,"valueName":"search_term_string"}}],"inLanguage":"fr-FR"}]}},"_links":{"self":[{"href":"https:\/\/www.duboischemicals.com\/manufacturing\/fr\/wp-json\/wp\/v2\/pages\/9816","targetHints":{"allow":["GET"]}}],"collection":[{"href":"https:\/\/www.duboischemicals.com\/manufacturing\/fr\/wp-json\/wp\/v2\/pages"}],"about":[{"href":"https:\/\/www.duboischemicals.com\/manufacturing\/fr\/wp-json\/wp\/v2\/types\/page"}],"author":[{"embeddable":true,"href":"https:\/\/www.duboischemicals.com\/manufacturing\/fr\/wp-json\/wp\/v2\/users\/220"}],"replies":[{"embeddable":true,"href":"https:\/\/www.duboischemicals.com\/manufacturing\/fr\/wp-json\/wp\/v2\/comments?post=9816"}],"version-history":[{"count":2,"href":"https:\/\/www.duboischemicals.com\/manufacturing\/fr\/wp-json\/wp\/v2\/pages\/9816\/revisions"}],"predecessor-version":[{"id":11139,"href":"https:\/\/www.duboischemicals.com\/manufacturing\/fr\/wp-json\/wp\/v2\/pages\/9816\/revisions\/11139"}],"up":[{"embeddable":true,"href":"https:\/\/www.duboischemicals.com\/manufacturing\/fr\/wp-json\/wp\/v2\/pages\/10730"}],"wp:featuredmedia":[{"embeddable":true,"href":"https:\/\/www.duboischemicals.com\/manufacturing\/fr\/wp-json\/wp\/v2\/media\/9817"}],"wp:attachment":[{"href":"https:\/\/www.duboischemicals.com\/manufacturing\/fr\/wp-json\/wp\/v2\/media?parent=9816"}],"curies":[{"name":"wp","href":"https:\/\/api.w.org\/{rel}","templated":true}]}}