{"id":9819,"date":"2020-11-30T12:20:13","date_gmt":"2020-11-30T17:20:13","guid":{"rendered":"https:\/\/www.duboischemicals.com\/\/manufacturing\/powder-coating-and-paint-pretreatment\/"},"modified":"2021-02-17T05:03:52","modified_gmt":"2021-02-17T10:03:52","slug":"powder-coating-and-paint-pretreatment","status":"publish","type":"page","link":"https:\/\/www.duboischemicals.com\/manufacturing\/fr\/products\/pretreatment-paint-line-solutions\/powder-coating-and-paint-pretreatment\/","title":{"rendered":"Traitement pr\u00e9alable au rev\u00eatement en poudre et \u00e0 la peinture"},"content":{"rendered":"<p>L\u2019apparence et la long\u00e9vit\u00e9 de votre produit ont un effet direct sur l\u2019image de votre entreprise. Un syst\u00e8me de traitement pr\u00e9alable joue un r\u00f4le essentiel en maximisant la durabilit\u00e9 et la r\u00e9sistance \u00e0 la corrosion des produits finis. DuBois propose la gamme de solutions la plus compl\u00e8te qui soit pour pr\u00e9parer un substrat au rev\u00eatement.<\/p>\n<p>Il est d\u00e9montr\u00e9 que les traitements pr\u00e9alables DuBois pr\u00e9sentent aujourd\u2019hui la plus forte r\u00e9sistance \u00e0 la corrosion du march\u00e9, en plus d\u2019\u00eatre faciles \u00e0 utiliser et soutenus par une \u00e9quipe technique exp\u00e9riment\u00e9e. Le service d\u2019ing\u00e9nierie d\u2019applications de DuBois est accr\u00e9dit\u00e9 conform\u00e9ment \u00e0 la norme ISO\/CEI 17025:2005 pour effectuer les essais m\u00e9caniques n\u00e9cessaires pour prouver que votre proc\u00e9d\u00e9 fournit les performances que vos clients exigent.<\/p>\n<p>DuBois travaillera avec votre \u00e9quipe pour faire en sorte que votre cha\u00eene de peinture soit exploit\u00e9e de mani\u00e8re s\u00e9curitaire et efficace. Peu importe votre m\u00e9thode d&rsquo;application, le nombre d\u2019\u00e9tapes de proc\u00e9d\u00e9 disponibles, la nature des m\u00e9taux trait\u00e9s et des souillures \u00e0 \u00e9liminer ou encore les exigences en mati\u00e8re d\u2019environnement, DuBois \u00e9laborera un programme de traitement pr\u00e9alable pour vous.<\/p>\n<p>DuBois propose les produits suivants\u00a0:<\/p>\n<ul>\n<li>Phosphates de zinc et de fer<\/li>\n<li>Rev\u00eatements de conversion au zirconium<\/li>\n<li>Rev\u00eatements en silane nanoc\u00e9ramique<\/li>\n<li>Options sans phosphates<\/li>\n<li>Technologies \u00e0 basse temp\u00e9rature<\/li>\n<li>Nettoyants, traitements pr\u00e9alables et scellants \u00e0 pulv\u00e9riser<\/li>\n<li>Technologie \u00e0 s\u00e9chage en place<\/li>\n<\/ul>\n","protected":false},"excerpt":{"rendered":"<p>L\u2019apparence et la long\u00e9vit\u00e9 de votre produit ont un effet direct sur l\u2019image de votre entreprise. Un syst\u00e8me de traitement pr\u00e9alable joue un r\u00f4le essentiel en maximisant la durabilit\u00e9 et la r\u00e9sistance \u00e0 la corrosion&#8230;<\/p>\n","protected":false},"author":220,"featured_media":9820,"parent":10720,"menu_order":1,"comment_status":"closed","ping_status":"closed","template":"template-prodinfo.php","meta":{"_acf_changed":false,"footnotes":""},"class_list":["post-9819","page","type-page","status-publish","has-post-thumbnail","hentry"],"acf":[],"yoast_head":"<!-- This site is optimized with the Yoast SEO plugin v26.8 - https:\/\/yoast.com\/product\/yoast-seo-wordpress\/ -->\n<title>Traitement pr\u00e9alable au rev\u00eatement en poudre et \u00e0 la peinture - Manufacturing<\/title>\n<meta name=\"robots\" content=\"index, follow, max-snippet:-1, max-image-preview:large, max-video-preview:-1\" \/>\n<link rel=\"canonical\" href=\"https:\/\/www.duboischemicals.com\/manufacturing\/fr\/products\/pretreatment-paint-line-solutions\/powder-coating-and-paint-pretreatment\/\" \/>\n<meta property=\"og:locale\" content=\"fr_FR\" \/>\n<meta property=\"og:type\" content=\"article\" \/>\n<meta property=\"og:title\" content=\"Traitement pr\u00e9alable au rev\u00eatement en poudre et \u00e0 la peinture - Manufacturing\" \/>\n<meta property=\"og:description\" content=\"L\u2019apparence et la long\u00e9vit\u00e9 de votre produit ont un effet direct sur l\u2019image de votre entreprise. Un syst\u00e8me de traitement pr\u00e9alable joue un r\u00f4le essentiel en maximisant la durabilit\u00e9 et la r\u00e9sistance \u00e0 la corrosion...\" \/>\n<meta property=\"og:url\" content=\"https:\/\/www.duboischemicals.com\/manufacturing\/fr\/products\/pretreatment-paint-line-solutions\/powder-coating-and-paint-pretreatment\/\" \/>\n<meta property=\"og:site_name\" content=\"Manufacturing\" \/>\n<meta property=\"article:modified_time\" content=\"2021-02-17T10:03:52+00:00\" \/>\n<meta property=\"og:image\" content=\"https:\/\/www.duboischemicals.com\/manufacturing\/wp-content\/uploads\/sites\/2\/2018\/10\/PaintBooth-Chemicals.jpg\" \/>\n\t<meta property=\"og:image:width\" content=\"454\" \/>\n\t<meta property=\"og:image:height\" content=\"450\" \/>\n\t<meta property=\"og:image:type\" content=\"image\/jpeg\" \/>\n<meta name=\"twitter:card\" content=\"summary_large_image\" \/>\n<meta name=\"twitter:label1\" content=\"Dur\u00e9e de lecture estim\u00e9e\" \/>\n\t<meta name=\"twitter:data1\" content=\"1 minute\" \/>\n<script type=\"application\/ld+json\" class=\"yoast-schema-graph\">{\"@context\":\"https:\/\/schema.org\",\"@graph\":[{\"@type\":\"WebPage\",\"@id\":\"https:\/\/www.duboischemicals.com\/manufacturing\/fr\/products\/pretreatment-paint-line-solutions\/powder-coating-and-paint-pretreatment\/\",\"url\":\"https:\/\/www.duboischemicals.com\/manufacturing\/fr\/products\/pretreatment-paint-line-solutions\/powder-coating-and-paint-pretreatment\/\",\"name\":\"Traitement pr\u00e9alable au rev\u00eatement en poudre et \u00e0 la peinture - Manufacturing\",\"isPartOf\":{\"@id\":\"https:\/\/www.duboischemicals.com\/manufacturing\/fr\/#website\"},\"primaryImageOfPage\":{\"@id\":\"https:\/\/www.duboischemicals.com\/manufacturing\/fr\/products\/pretreatment-paint-line-solutions\/powder-coating-and-paint-pretreatment\/#primaryimage\"},\"image\":{\"@id\":\"https:\/\/www.duboischemicals.com\/manufacturing\/fr\/products\/pretreatment-paint-line-solutions\/powder-coating-and-paint-pretreatment\/#primaryimage\"},\"thumbnailUrl\":\"https:\/\/www.duboischemicals.com\/manufacturing\/wp-content\/uploads\/sites\/2\/2018\/10\/PaintBooth-Chemicals.jpg\",\"datePublished\":\"2020-11-30T17:20:13+00:00\",\"dateModified\":\"2021-02-17T10:03:52+00:00\",\"breadcrumb\":{\"@id\":\"https:\/\/www.duboischemicals.com\/manufacturing\/fr\/products\/pretreatment-paint-line-solutions\/powder-coating-and-paint-pretreatment\/#breadcrumb\"},\"inLanguage\":\"fr-FR\",\"potentialAction\":[{\"@type\":\"ReadAction\",\"target\":[\"https:\/\/www.duboischemicals.com\/manufacturing\/fr\/products\/pretreatment-paint-line-solutions\/powder-coating-and-paint-pretreatment\/\"]}]},{\"@type\":\"ImageObject\",\"inLanguage\":\"fr-FR\",\"@id\":\"https:\/\/www.duboischemicals.com\/manufacturing\/fr\/products\/pretreatment-paint-line-solutions\/powder-coating-and-paint-pretreatment\/#primaryimage\",\"url\":\"https:\/\/www.duboischemicals.com\/manufacturing\/wp-content\/uploads\/sites\/2\/2018\/10\/PaintBooth-Chemicals.jpg\",\"contentUrl\":\"https:\/\/www.duboischemicals.com\/manufacturing\/wp-content\/uploads\/sites\/2\/2018\/10\/PaintBooth-Chemicals.jpg\",\"width\":454,\"height\":450},{\"@type\":\"BreadcrumbList\",\"@id\":\"https:\/\/www.duboischemicals.com\/manufacturing\/fr\/products\/pretreatment-paint-line-solutions\/powder-coating-and-paint-pretreatment\/#breadcrumb\",\"itemListElement\":[{\"@type\":\"ListItem\",\"position\":1,\"name\":\"Home\",\"item\":\"https:\/\/www.duboischemicals.com\/manufacturing\/fr\/\"},{\"@type\":\"ListItem\",\"position\":2,\"name\":\"Produits\",\"item\":\"https:\/\/www.duboischemicals.com\/manufacturing\/fr\/products\/\"},{\"@type\":\"ListItem\",\"position\":3,\"name\":\"Solutions de traitements pr\u00e9alables et de cha\u00eenes de peinture\",\"item\":\"https:\/\/www.duboischemicals.com\/manufacturing\/fr\/products\/pretreatment-paint-line-solutions\/\"},{\"@type\":\"ListItem\",\"position\":4,\"name\":\"Traitement pr\u00e9alable au rev\u00eatement en poudre et \u00e0 la peinture\"}]},{\"@type\":\"WebSite\",\"@id\":\"https:\/\/www.duboischemicals.com\/manufacturing\/fr\/#website\",\"url\":\"https:\/\/www.duboischemicals.com\/manufacturing\/fr\/\",\"name\":\"Manufacturing\",\"description\":\"\",\"potentialAction\":[{\"@type\":\"SearchAction\",\"target\":{\"@type\":\"EntryPoint\",\"urlTemplate\":\"https:\/\/www.duboischemicals.com\/manufacturing\/fr\/?s={search_term_string}\"},\"query-input\":{\"@type\":\"PropertyValueSpecification\",\"valueRequired\":true,\"valueName\":\"search_term_string\"}}],\"inLanguage\":\"fr-FR\"}]}<\/script>\n<!-- \/ Yoast SEO plugin. -->","yoast_head_json":{"title":"Traitement pr\u00e9alable au rev\u00eatement en poudre et \u00e0 la peinture - Manufacturing","robots":{"index":"index","follow":"follow","max-snippet":"max-snippet:-1","max-image-preview":"max-image-preview:large","max-video-preview":"max-video-preview:-1"},"canonical":"https:\/\/www.duboischemicals.com\/manufacturing\/fr\/products\/pretreatment-paint-line-solutions\/powder-coating-and-paint-pretreatment\/","og_locale":"fr_FR","og_type":"article","og_title":"Traitement pr\u00e9alable au rev\u00eatement en poudre et \u00e0 la peinture - Manufacturing","og_description":"L\u2019apparence et la long\u00e9vit\u00e9 de votre produit ont un effet direct sur l\u2019image de votre entreprise. Un syst\u00e8me de traitement pr\u00e9alable joue un r\u00f4le essentiel en maximisant la durabilit\u00e9 et la r\u00e9sistance \u00e0 la corrosion...","og_url":"https:\/\/www.duboischemicals.com\/manufacturing\/fr\/products\/pretreatment-paint-line-solutions\/powder-coating-and-paint-pretreatment\/","og_site_name":"Manufacturing","article_modified_time":"2021-02-17T10:03:52+00:00","og_image":[{"width":454,"height":450,"url":"https:\/\/www.duboischemicals.com\/manufacturing\/wp-content\/uploads\/sites\/2\/2018\/10\/PaintBooth-Chemicals.jpg","type":"image\/jpeg"}],"twitter_card":"summary_large_image","twitter_misc":{"Dur\u00e9e de lecture estim\u00e9e":"1 minute"},"schema":{"@context":"https:\/\/schema.org","@graph":[{"@type":"WebPage","@id":"https:\/\/www.duboischemicals.com\/manufacturing\/fr\/products\/pretreatment-paint-line-solutions\/powder-coating-and-paint-pretreatment\/","url":"https:\/\/www.duboischemicals.com\/manufacturing\/fr\/products\/pretreatment-paint-line-solutions\/powder-coating-and-paint-pretreatment\/","name":"Traitement pr\u00e9alable au rev\u00eatement en poudre et \u00e0 la peinture - Manufacturing","isPartOf":{"@id":"https:\/\/www.duboischemicals.com\/manufacturing\/fr\/#website"},"primaryImageOfPage":{"@id":"https:\/\/www.duboischemicals.com\/manufacturing\/fr\/products\/pretreatment-paint-line-solutions\/powder-coating-and-paint-pretreatment\/#primaryimage"},"image":{"@id":"https:\/\/www.duboischemicals.com\/manufacturing\/fr\/products\/pretreatment-paint-line-solutions\/powder-coating-and-paint-pretreatment\/#primaryimage"},"thumbnailUrl":"https:\/\/www.duboischemicals.com\/manufacturing\/wp-content\/uploads\/sites\/2\/2018\/10\/PaintBooth-Chemicals.jpg","datePublished":"2020-11-30T17:20:13+00:00","dateModified":"2021-02-17T10:03:52+00:00","breadcrumb":{"@id":"https:\/\/www.duboischemicals.com\/manufacturing\/fr\/products\/pretreatment-paint-line-solutions\/powder-coating-and-paint-pretreatment\/#breadcrumb"},"inLanguage":"fr-FR","potentialAction":[{"@type":"ReadAction","target":["https:\/\/www.duboischemicals.com\/manufacturing\/fr\/products\/pretreatment-paint-line-solutions\/powder-coating-and-paint-pretreatment\/"]}]},{"@type":"ImageObject","inLanguage":"fr-FR","@id":"https:\/\/www.duboischemicals.com\/manufacturing\/fr\/products\/pretreatment-paint-line-solutions\/powder-coating-and-paint-pretreatment\/#primaryimage","url":"https:\/\/www.duboischemicals.com\/manufacturing\/wp-content\/uploads\/sites\/2\/2018\/10\/PaintBooth-Chemicals.jpg","contentUrl":"https:\/\/www.duboischemicals.com\/manufacturing\/wp-content\/uploads\/sites\/2\/2018\/10\/PaintBooth-Chemicals.jpg","width":454,"height":450},{"@type":"BreadcrumbList","@id":"https:\/\/www.duboischemicals.com\/manufacturing\/fr\/products\/pretreatment-paint-line-solutions\/powder-coating-and-paint-pretreatment\/#breadcrumb","itemListElement":[{"@type":"ListItem","position":1,"name":"Home","item":"https:\/\/www.duboischemicals.com\/manufacturing\/fr\/"},{"@type":"ListItem","position":2,"name":"Produits","item":"https:\/\/www.duboischemicals.com\/manufacturing\/fr\/products\/"},{"@type":"ListItem","position":3,"name":"Solutions de traitements pr\u00e9alables et de cha\u00eenes de peinture","item":"https:\/\/www.duboischemicals.com\/manufacturing\/fr\/products\/pretreatment-paint-line-solutions\/"},{"@type":"ListItem","position":4,"name":"Traitement pr\u00e9alable au rev\u00eatement en poudre et \u00e0 la peinture"}]},{"@type":"WebSite","@id":"https:\/\/www.duboischemicals.com\/manufacturing\/fr\/#website","url":"https:\/\/www.duboischemicals.com\/manufacturing\/fr\/","name":"Manufacturing","description":"","potentialAction":[{"@type":"SearchAction","target":{"@type":"EntryPoint","urlTemplate":"https:\/\/www.duboischemicals.com\/manufacturing\/fr\/?s={search_term_string}"},"query-input":{"@type":"PropertyValueSpecification","valueRequired":true,"valueName":"search_term_string"}}],"inLanguage":"fr-FR"}]}},"_links":{"self":[{"href":"https:\/\/www.duboischemicals.com\/manufacturing\/fr\/wp-json\/wp\/v2\/pages\/9819","targetHints":{"allow":["GET"]}}],"collection":[{"href":"https:\/\/www.duboischemicals.com\/manufacturing\/fr\/wp-json\/wp\/v2\/pages"}],"about":[{"href":"https:\/\/www.duboischemicals.com\/manufacturing\/fr\/wp-json\/wp\/v2\/types\/page"}],"author":[{"embeddable":true,"href":"https:\/\/www.duboischemicals.com\/manufacturing\/fr\/wp-json\/wp\/v2\/users\/220"}],"replies":[{"embeddable":true,"href":"https:\/\/www.duboischemicals.com\/manufacturing\/fr\/wp-json\/wp\/v2\/comments?post=9819"}],"version-history":[{"count":3,"href":"https:\/\/www.duboischemicals.com\/manufacturing\/fr\/wp-json\/wp\/v2\/pages\/9819\/revisions"}],"predecessor-version":[{"id":11517,"href":"https:\/\/www.duboischemicals.com\/manufacturing\/fr\/wp-json\/wp\/v2\/pages\/9819\/revisions\/11517"}],"up":[{"embeddable":true,"href":"https:\/\/www.duboischemicals.com\/manufacturing\/fr\/wp-json\/wp\/v2\/pages\/10720"}],"wp:featuredmedia":[{"embeddable":true,"href":"https:\/\/www.duboischemicals.com\/manufacturing\/fr\/wp-json\/wp\/v2\/media\/9820"}],"wp:attachment":[{"href":"https:\/\/www.duboischemicals.com\/manufacturing\/fr\/wp-json\/wp\/v2\/media?parent=9819"}],"curies":[{"name":"wp","href":"https:\/\/api.w.org\/{rel}","templated":true}]}}