{"id":9822,"date":"2020-11-30T12:20:14","date_gmt":"2020-11-30T17:20:14","guid":{"rendered":"https:\/\/www.duboischemicals.com\/\/manufacturing\/paint-strippers\/"},"modified":"2021-02-17T05:04:09","modified_gmt":"2021-02-17T10:04:09","slug":"paint-strippers","status":"publish","type":"page","link":"https:\/\/www.duboischemicals.com\/manufacturing\/fr\/products\/pretreatment-paint-line-solutions\/paint-strippers\/","title":{"rendered":"D\u00e9capants pour peinture"},"content":{"rendered":"<p>M\u00eame les proc\u00e9d\u00e9s de rev\u00eatement aux contr\u00f4les les plus stricts produisent des pi\u00e8ces pr\u00e9sentant des d\u00e9fauts de surface courants, par exemple\u00a0: couverture incompl\u00e8te, rev\u00eatement trop mince ou trop \u00e9pais, yeux de poisson, piq\u00fbres, cloques, saignements et craquelures. La r\u00e9cup\u00e9ration des pi\u00e8ces pr\u00e9sentant des d\u00e9fauts de rev\u00eatement peut vous faire \u00e9conomiser de l\u2019argent, vous aider \u00e0 atteindre vos objectifs de production et \u00e9viter que les pi\u00e8ces imparfaites ne finissent dans un d\u00e9potoir. DuBois propose des d\u00e9capants pour peinture fonctionnant \u00e0 temp\u00e9rature basse ou \u00e9lev\u00e9e, des options alcalines ou acides, ainsi que des produits sans ph\u00e9nol et sans solvants capables de s\u2019attaquer \u00e0 toutes les peintures et \u00e0 tous les rev\u00eatements en poudre dans n\u2019importe quel proc\u00e9d\u00e9.<\/p>\n<p>DuBois propose une gamme compl\u00e8te de produits pour r\u00e9pondre \u00e0 vos besoins en mati\u00e8re de d\u00e9capage de rev\u00eatements en interne\u00a0:<\/p>\n<ul>\n<li>Produits en poudre, liquides et \u00e9paissis<\/li>\n<li>Produits sans danger pour l\u2019aluminium<\/li>\n<li>D\u00e9capants pour peinture sans ph\u00e9nol et sans solvants<\/li>\n<li>Produits fonctionnant \u00e0 temp\u00e9rature ambiante<\/li>\n<\/ul>\n","protected":false},"excerpt":{"rendered":"<p>M\u00eame les proc\u00e9d\u00e9s de rev\u00eatement aux contr\u00f4les les plus stricts produisent des pi\u00e8ces pr\u00e9sentant des d\u00e9fauts de surface courants, par exemple\u00a0: couverture incompl\u00e8te, rev\u00eatement trop mince ou trop \u00e9pais, yeux de poisson, piq\u00fbres, cloques, saignements&#8230;<\/p>\n","protected":false},"author":220,"featured_media":9823,"parent":10720,"menu_order":2,"comment_status":"closed","ping_status":"closed","template":"template-prodinfo.php","meta":{"_acf_changed":false,"footnotes":""},"class_list":["post-9822","page","type-page","status-publish","has-post-thumbnail","hentry"],"acf":[],"yoast_head":"<!-- This site is optimized with the Yoast SEO plugin v26.8 - https:\/\/yoast.com\/product\/yoast-seo-wordpress\/ -->\n<title>D\u00e9capants pour peinture - Manufacturing<\/title>\n<meta name=\"robots\" content=\"index, follow, max-snippet:-1, max-image-preview:large, max-video-preview:-1\" \/>\n<link rel=\"canonical\" href=\"https:\/\/www.duboischemicals.com\/manufacturing\/fr\/products\/pretreatment-paint-line-solutions\/paint-strippers\/\" \/>\n<meta property=\"og:locale\" content=\"fr_FR\" \/>\n<meta property=\"og:type\" content=\"article\" \/>\n<meta property=\"og:title\" content=\"D\u00e9capants pour peinture - Manufacturing\" \/>\n<meta property=\"og:description\" content=\"M\u00eame les proc\u00e9d\u00e9s de rev\u00eatement aux contr\u00f4les les plus stricts produisent des pi\u00e8ces pr\u00e9sentant des d\u00e9fauts de surface courants, par exemple\u00a0: couverture incompl\u00e8te, rev\u00eatement trop mince ou trop \u00e9pais, yeux de poisson, piq\u00fbres, cloques, saignements...\" \/>\n<meta property=\"og:url\" content=\"https:\/\/www.duboischemicals.com\/manufacturing\/fr\/products\/pretreatment-paint-line-solutions\/paint-strippers\/\" \/>\n<meta property=\"og:site_name\" content=\"Manufacturing\" \/>\n<meta property=\"article:modified_time\" content=\"2021-02-17T10:04:09+00:00\" \/>\n<meta property=\"og:image\" content=\"https:\/\/www.duboischemicals.com\/manufacturing\/wp-content\/uploads\/sites\/2\/2018\/10\/10-29-14-35-mm-029-1.jpg\" \/>\n\t<meta property=\"og:image:width\" content=\"454\" \/>\n\t<meta property=\"og:image:height\" content=\"450\" \/>\n\t<meta property=\"og:image:type\" content=\"image\/jpeg\" \/>\n<meta name=\"twitter:card\" content=\"summary_large_image\" \/>\n<meta name=\"twitter:label1\" content=\"Dur\u00e9e de lecture estim\u00e9e\" \/>\n\t<meta name=\"twitter:data1\" content=\"1 minute\" \/>\n<script type=\"application\/ld+json\" class=\"yoast-schema-graph\">{\"@context\":\"https:\/\/schema.org\",\"@graph\":[{\"@type\":\"WebPage\",\"@id\":\"https:\/\/www.duboischemicals.com\/manufacturing\/fr\/products\/pretreatment-paint-line-solutions\/paint-strippers\/\",\"url\":\"https:\/\/www.duboischemicals.com\/manufacturing\/fr\/products\/pretreatment-paint-line-solutions\/paint-strippers\/\",\"name\":\"D\u00e9capants pour peinture - Manufacturing\",\"isPartOf\":{\"@id\":\"https:\/\/www.duboischemicals.com\/manufacturing\/fr\/#website\"},\"primaryImageOfPage\":{\"@id\":\"https:\/\/www.duboischemicals.com\/manufacturing\/fr\/products\/pretreatment-paint-line-solutions\/paint-strippers\/#primaryimage\"},\"image\":{\"@id\":\"https:\/\/www.duboischemicals.com\/manufacturing\/fr\/products\/pretreatment-paint-line-solutions\/paint-strippers\/#primaryimage\"},\"thumbnailUrl\":\"https:\/\/www.duboischemicals.com\/manufacturing\/wp-content\/uploads\/sites\/2\/2018\/10\/10-29-14-35-mm-029-1.jpg\",\"datePublished\":\"2020-11-30T17:20:14+00:00\",\"dateModified\":\"2021-02-17T10:04:09+00:00\",\"breadcrumb\":{\"@id\":\"https:\/\/www.duboischemicals.com\/manufacturing\/fr\/products\/pretreatment-paint-line-solutions\/paint-strippers\/#breadcrumb\"},\"inLanguage\":\"fr-FR\",\"potentialAction\":[{\"@type\":\"ReadAction\",\"target\":[\"https:\/\/www.duboischemicals.com\/manufacturing\/fr\/products\/pretreatment-paint-line-solutions\/paint-strippers\/\"]}]},{\"@type\":\"ImageObject\",\"inLanguage\":\"fr-FR\",\"@id\":\"https:\/\/www.duboischemicals.com\/manufacturing\/fr\/products\/pretreatment-paint-line-solutions\/paint-strippers\/#primaryimage\",\"url\":\"https:\/\/www.duboischemicals.com\/manufacturing\/wp-content\/uploads\/sites\/2\/2018\/10\/10-29-14-35-mm-029-1.jpg\",\"contentUrl\":\"https:\/\/www.duboischemicals.com\/manufacturing\/wp-content\/uploads\/sites\/2\/2018\/10\/10-29-14-35-mm-029-1.jpg\",\"width\":454,\"height\":450},{\"@type\":\"BreadcrumbList\",\"@id\":\"https:\/\/www.duboischemicals.com\/manufacturing\/fr\/products\/pretreatment-paint-line-solutions\/paint-strippers\/#breadcrumb\",\"itemListElement\":[{\"@type\":\"ListItem\",\"position\":1,\"name\":\"Home\",\"item\":\"https:\/\/www.duboischemicals.com\/manufacturing\/fr\/\"},{\"@type\":\"ListItem\",\"position\":2,\"name\":\"Produits\",\"item\":\"https:\/\/www.duboischemicals.com\/manufacturing\/fr\/products\/\"},{\"@type\":\"ListItem\",\"position\":3,\"name\":\"Solutions de traitements pr\u00e9alables et de cha\u00eenes de peinture\",\"item\":\"https:\/\/www.duboischemicals.com\/manufacturing\/fr\/products\/pretreatment-paint-line-solutions\/\"},{\"@type\":\"ListItem\",\"position\":4,\"name\":\"D\u00e9capants pour peinture\"}]},{\"@type\":\"WebSite\",\"@id\":\"https:\/\/www.duboischemicals.com\/manufacturing\/fr\/#website\",\"url\":\"https:\/\/www.duboischemicals.com\/manufacturing\/fr\/\",\"name\":\"Manufacturing\",\"description\":\"\",\"potentialAction\":[{\"@type\":\"SearchAction\",\"target\":{\"@type\":\"EntryPoint\",\"urlTemplate\":\"https:\/\/www.duboischemicals.com\/manufacturing\/fr\/?s={search_term_string}\"},\"query-input\":{\"@type\":\"PropertyValueSpecification\",\"valueRequired\":true,\"valueName\":\"search_term_string\"}}],\"inLanguage\":\"fr-FR\"}]}<\/script>\n<!-- \/ Yoast SEO plugin. -->","yoast_head_json":{"title":"D\u00e9capants pour peinture - Manufacturing","robots":{"index":"index","follow":"follow","max-snippet":"max-snippet:-1","max-image-preview":"max-image-preview:large","max-video-preview":"max-video-preview:-1"},"canonical":"https:\/\/www.duboischemicals.com\/manufacturing\/fr\/products\/pretreatment-paint-line-solutions\/paint-strippers\/","og_locale":"fr_FR","og_type":"article","og_title":"D\u00e9capants pour peinture - Manufacturing","og_description":"M\u00eame les proc\u00e9d\u00e9s de rev\u00eatement aux contr\u00f4les les plus stricts produisent des pi\u00e8ces pr\u00e9sentant des d\u00e9fauts de surface courants, par exemple\u00a0: couverture incompl\u00e8te, rev\u00eatement trop mince ou trop \u00e9pais, yeux de poisson, piq\u00fbres, cloques, saignements...","og_url":"https:\/\/www.duboischemicals.com\/manufacturing\/fr\/products\/pretreatment-paint-line-solutions\/paint-strippers\/","og_site_name":"Manufacturing","article_modified_time":"2021-02-17T10:04:09+00:00","og_image":[{"width":454,"height":450,"url":"https:\/\/www.duboischemicals.com\/manufacturing\/wp-content\/uploads\/sites\/2\/2018\/10\/10-29-14-35-mm-029-1.jpg","type":"image\/jpeg"}],"twitter_card":"summary_large_image","twitter_misc":{"Dur\u00e9e de lecture estim\u00e9e":"1 minute"},"schema":{"@context":"https:\/\/schema.org","@graph":[{"@type":"WebPage","@id":"https:\/\/www.duboischemicals.com\/manufacturing\/fr\/products\/pretreatment-paint-line-solutions\/paint-strippers\/","url":"https:\/\/www.duboischemicals.com\/manufacturing\/fr\/products\/pretreatment-paint-line-solutions\/paint-strippers\/","name":"D\u00e9capants pour peinture - Manufacturing","isPartOf":{"@id":"https:\/\/www.duboischemicals.com\/manufacturing\/fr\/#website"},"primaryImageOfPage":{"@id":"https:\/\/www.duboischemicals.com\/manufacturing\/fr\/products\/pretreatment-paint-line-solutions\/paint-strippers\/#primaryimage"},"image":{"@id":"https:\/\/www.duboischemicals.com\/manufacturing\/fr\/products\/pretreatment-paint-line-solutions\/paint-strippers\/#primaryimage"},"thumbnailUrl":"https:\/\/www.duboischemicals.com\/manufacturing\/wp-content\/uploads\/sites\/2\/2018\/10\/10-29-14-35-mm-029-1.jpg","datePublished":"2020-11-30T17:20:14+00:00","dateModified":"2021-02-17T10:04:09+00:00","breadcrumb":{"@id":"https:\/\/www.duboischemicals.com\/manufacturing\/fr\/products\/pretreatment-paint-line-solutions\/paint-strippers\/#breadcrumb"},"inLanguage":"fr-FR","potentialAction":[{"@type":"ReadAction","target":["https:\/\/www.duboischemicals.com\/manufacturing\/fr\/products\/pretreatment-paint-line-solutions\/paint-strippers\/"]}]},{"@type":"ImageObject","inLanguage":"fr-FR","@id":"https:\/\/www.duboischemicals.com\/manufacturing\/fr\/products\/pretreatment-paint-line-solutions\/paint-strippers\/#primaryimage","url":"https:\/\/www.duboischemicals.com\/manufacturing\/wp-content\/uploads\/sites\/2\/2018\/10\/10-29-14-35-mm-029-1.jpg","contentUrl":"https:\/\/www.duboischemicals.com\/manufacturing\/wp-content\/uploads\/sites\/2\/2018\/10\/10-29-14-35-mm-029-1.jpg","width":454,"height":450},{"@type":"BreadcrumbList","@id":"https:\/\/www.duboischemicals.com\/manufacturing\/fr\/products\/pretreatment-paint-line-solutions\/paint-strippers\/#breadcrumb","itemListElement":[{"@type":"ListItem","position":1,"name":"Home","item":"https:\/\/www.duboischemicals.com\/manufacturing\/fr\/"},{"@type":"ListItem","position":2,"name":"Produits","item":"https:\/\/www.duboischemicals.com\/manufacturing\/fr\/products\/"},{"@type":"ListItem","position":3,"name":"Solutions de traitements pr\u00e9alables et de cha\u00eenes de peinture","item":"https:\/\/www.duboischemicals.com\/manufacturing\/fr\/products\/pretreatment-paint-line-solutions\/"},{"@type":"ListItem","position":4,"name":"D\u00e9capants pour peinture"}]},{"@type":"WebSite","@id":"https:\/\/www.duboischemicals.com\/manufacturing\/fr\/#website","url":"https:\/\/www.duboischemicals.com\/manufacturing\/fr\/","name":"Manufacturing","description":"","potentialAction":[{"@type":"SearchAction","target":{"@type":"EntryPoint","urlTemplate":"https:\/\/www.duboischemicals.com\/manufacturing\/fr\/?s={search_term_string}"},"query-input":{"@type":"PropertyValueSpecification","valueRequired":true,"valueName":"search_term_string"}}],"inLanguage":"fr-FR"}]}},"_links":{"self":[{"href":"https:\/\/www.duboischemicals.com\/manufacturing\/fr\/wp-json\/wp\/v2\/pages\/9822","targetHints":{"allow":["GET"]}}],"collection":[{"href":"https:\/\/www.duboischemicals.com\/manufacturing\/fr\/wp-json\/wp\/v2\/pages"}],"about":[{"href":"https:\/\/www.duboischemicals.com\/manufacturing\/fr\/wp-json\/wp\/v2\/types\/page"}],"author":[{"embeddable":true,"href":"https:\/\/www.duboischemicals.com\/manufacturing\/fr\/wp-json\/wp\/v2\/users\/220"}],"replies":[{"embeddable":true,"href":"https:\/\/www.duboischemicals.com\/manufacturing\/fr\/wp-json\/wp\/v2\/comments?post=9822"}],"version-history":[{"count":3,"href":"https:\/\/www.duboischemicals.com\/manufacturing\/fr\/wp-json\/wp\/v2\/pages\/9822\/revisions"}],"predecessor-version":[{"id":11544,"href":"https:\/\/www.duboischemicals.com\/manufacturing\/fr\/wp-json\/wp\/v2\/pages\/9822\/revisions\/11544"}],"up":[{"embeddable":true,"href":"https:\/\/www.duboischemicals.com\/manufacturing\/fr\/wp-json\/wp\/v2\/pages\/10720"}],"wp:featuredmedia":[{"embeddable":true,"href":"https:\/\/www.duboischemicals.com\/manufacturing\/fr\/wp-json\/wp\/v2\/media\/9823"}],"wp:attachment":[{"href":"https:\/\/www.duboischemicals.com\/manufacturing\/fr\/wp-json\/wp\/v2\/media?parent=9822"}],"curies":[{"name":"wp","href":"https:\/\/api.w.org\/{rel}","templated":true}]}}