{"id":9825,"date":"2020-11-30T12:20:14","date_gmt":"2020-11-30T17:20:14","guid":{"rendered":"https:\/\/www.duboischemicals.com\/\/manufacturing\/coating-removal-services\/"},"modified":"2021-02-17T05:03:57","modified_gmt":"2021-02-17T10:03:57","slug":"coating-removal-services","status":"publish","type":"page","link":"https:\/\/www.duboischemicals.com\/manufacturing\/fr\/products\/pretreatment-paint-line-solutions\/coating-removal-services\/","title":{"rendered":"Services de d\u00e9capage de rev\u00eatements"},"content":{"rendered":"<p>L\u2019acquisition d\u2019American Finishing Resources (en 2014) et de Chemico Cleaning and Coating Removal Services (en 2020) a fait de DuBois un chef de file aux \u00c9tats-Unis dans le domaine du d\u00e9capage de rev\u00eatements et de la fabrication de supports et d\u2019outillages pour les cha\u00eenes de peinture.<\/p>\n<p>DuBois offre des services de d\u00e9capage thermique et chimique des rev\u00eatements \u00e0 nos clients de tout le Midwest qui exploitent des syst\u00e8mes de cha\u00eenes de peinture \u00e0 convoyeur. Nous desservons l\u2019industrie du rev\u00eatement en plusieurs emplacements afin d\u2019assurer la s\u00e9curit\u00e9 de nos clients. Nous avons des installations aux endroits suivants\u00a0:<\/p>\n<ul class=\"two-columns\">\n<li>Bowling Green (Kentucky)<\/li>\n<li>Chesterfield (Michigan)<\/li>\n<li>Chilton (Wisconsin)<\/li>\n<li>Eldridge (Iowa)<\/li>\n<li>Shelbyville (Indiana)<\/li>\n<li>Wentzville (Missouri)<\/li>\n<\/ul>\n<p>DuBois est le chef de file de l\u2019industrie du d\u00e9capage des rev\u00eatements, notamment le d\u00e9capage des rev\u00eatements sur les crochets, les accessoires et les supports \u00e0 peinture, ainsi que le nettoyage et la r\u00e9cup\u00e9ration des pi\u00e8ces de production. Lorsque vous avez des pi\u00e8ces d\u00e9fectueuses ou rejet\u00e9es de grande valeur, nous pouvons les d\u00e9caper et les r\u00e9cup\u00e9rer rapidement pour vous. Nous savons \u00e0 quel point il est important de vous retourner des produits d\u2019une propret\u00e9 totale. Nous savons qu\u2019il vous faut absolument des crochets et des pi\u00e8ces enti\u00e8rement propres pour \u00e9viter les d\u00e9fauts de rev\u00eatement et les temps d\u2019arr\u00eat inutiles li\u00e9s \u00e0 la finition et \u00e0 la production.<\/p>\n<p>DuBois offre un service complet en ramassant vos pi\u00e8ces et en les retournant rapidement, pr\u00eates \u00e0 servir sur votre cha\u00eene de peinture, de rev\u00eatement en poudre ou de rev\u00eatement \u00e9lectrostatique. Notre service de transport sp\u00e9cialis\u00e9 assure la livraison \u00e0 temps; gr\u00e2ce \u00e0 plusieurs camions et chauffeurs, nous sommes flexibles, et nous sommes en mesure de r\u00e9pondre aux situations d&rsquo;urgence.<\/p>\n<p>Parmi les proc\u00e9d\u00e9s de d\u00e9capage de rev\u00eatements exclusifs de DuBois, mentionnons les suivants\u00a0:<\/p>\n<ul>\n<li>D\u00e9capage de peinture, de rev\u00eatements en poudre, de rev\u00eatements \u00e9lectrostatiques, de rev\u00eatements \u00e0 haute temp\u00e9rature, de vernis, de rouille, d\u2019encre, d\u2019adh\u00e9sifs, de d\u00e9p\u00f4ts calcaires et d\u2019oxydes<\/li>\n<li>Nettoyage de l\u2019acier, de l&rsquo;acier inoxydable, de la fonte, des pi\u00e8ces moul\u00e9es en aluminium et en zinc, du laiton et du cuivre<\/li>\n<\/ul>\n","protected":false},"excerpt":{"rendered":"<p>L\u2019acquisition d\u2019American Finishing Resources (en 2014) et de Chemico Cleaning and Coating Removal Services (en 2020) a fait de DuBois un chef de file aux \u00c9tats-Unis dans le domaine du d\u00e9capage de rev\u00eatements et de&#8230;<\/p>\n","protected":false},"author":220,"featured_media":9826,"parent":10720,"menu_order":3,"comment_status":"closed","ping_status":"closed","template":"template-prodinfo.php","meta":{"_acf_changed":false,"footnotes":""},"class_list":["post-9825","page","type-page","status-publish","has-post-thumbnail","hentry"],"acf":[],"yoast_head":"<!-- This site is optimized with the Yoast SEO plugin v26.8 - https:\/\/yoast.com\/product\/yoast-seo-wordpress\/ -->\n<title>Services de d\u00e9capage de rev\u00eatements - Manufacturing<\/title>\n<meta name=\"robots\" content=\"index, follow, max-snippet:-1, max-image-preview:large, max-video-preview:-1\" \/>\n<link rel=\"canonical\" href=\"https:\/\/www.duboischemicals.com\/manufacturing\/fr\/products\/pretreatment-paint-line-solutions\/coating-removal-services\/\" \/>\n<meta property=\"og:locale\" content=\"fr_FR\" \/>\n<meta property=\"og:type\" content=\"article\" \/>\n<meta property=\"og:title\" content=\"Services de d\u00e9capage de rev\u00eatements - Manufacturing\" \/>\n<meta property=\"og:description\" content=\"L\u2019acquisition d\u2019American Finishing Resources (en 2014) et de Chemico Cleaning and Coating Removal Services (en 2020) a fait de DuBois un chef de file aux \u00c9tats-Unis dans le domaine du d\u00e9capage de rev\u00eatements et de...\" \/>\n<meta property=\"og:url\" content=\"https:\/\/www.duboischemicals.com\/manufacturing\/fr\/products\/pretreatment-paint-line-solutions\/coating-removal-services\/\" \/>\n<meta property=\"og:site_name\" content=\"Manufacturing\" \/>\n<meta property=\"article:modified_time\" content=\"2021-02-17T10:03:57+00:00\" \/>\n<meta property=\"og:image\" content=\"https:\/\/www.duboischemicals.com\/manufacturing\/wp-content\/uploads\/sites\/2\/2018\/10\/BEFORE-GM-Ft-Wayne-Truck-Painting-Fixtures.jpg\" \/>\n\t<meta property=\"og:image:width\" content=\"454\" \/>\n\t<meta property=\"og:image:height\" content=\"450\" \/>\n\t<meta property=\"og:image:type\" content=\"image\/jpeg\" \/>\n<meta name=\"twitter:card\" content=\"summary_large_image\" \/>\n<meta name=\"twitter:label1\" content=\"Dur\u00e9e de lecture estim\u00e9e\" \/>\n\t<meta name=\"twitter:data1\" content=\"2 minutes\" \/>\n<script type=\"application\/ld+json\" class=\"yoast-schema-graph\">{\"@context\":\"https:\/\/schema.org\",\"@graph\":[{\"@type\":\"WebPage\",\"@id\":\"https:\/\/www.duboischemicals.com\/manufacturing\/fr\/products\/pretreatment-paint-line-solutions\/coating-removal-services\/\",\"url\":\"https:\/\/www.duboischemicals.com\/manufacturing\/fr\/products\/pretreatment-paint-line-solutions\/coating-removal-services\/\",\"name\":\"Services de d\u00e9capage de rev\u00eatements - Manufacturing\",\"isPartOf\":{\"@id\":\"https:\/\/www.duboischemicals.com\/manufacturing\/fr\/#website\"},\"primaryImageOfPage\":{\"@id\":\"https:\/\/www.duboischemicals.com\/manufacturing\/fr\/products\/pretreatment-paint-line-solutions\/coating-removal-services\/#primaryimage\"},\"image\":{\"@id\":\"https:\/\/www.duboischemicals.com\/manufacturing\/fr\/products\/pretreatment-paint-line-solutions\/coating-removal-services\/#primaryimage\"},\"thumbnailUrl\":\"https:\/\/www.duboischemicals.com\/manufacturing\/wp-content\/uploads\/sites\/2\/2018\/10\/BEFORE-GM-Ft-Wayne-Truck-Painting-Fixtures.jpg\",\"datePublished\":\"2020-11-30T17:20:14+00:00\",\"dateModified\":\"2021-02-17T10:03:57+00:00\",\"breadcrumb\":{\"@id\":\"https:\/\/www.duboischemicals.com\/manufacturing\/fr\/products\/pretreatment-paint-line-solutions\/coating-removal-services\/#breadcrumb\"},\"inLanguage\":\"fr-FR\",\"potentialAction\":[{\"@type\":\"ReadAction\",\"target\":[\"https:\/\/www.duboischemicals.com\/manufacturing\/fr\/products\/pretreatment-paint-line-solutions\/coating-removal-services\/\"]}]},{\"@type\":\"ImageObject\",\"inLanguage\":\"fr-FR\",\"@id\":\"https:\/\/www.duboischemicals.com\/manufacturing\/fr\/products\/pretreatment-paint-line-solutions\/coating-removal-services\/#primaryimage\",\"url\":\"https:\/\/www.duboischemicals.com\/manufacturing\/wp-content\/uploads\/sites\/2\/2018\/10\/BEFORE-GM-Ft-Wayne-Truck-Painting-Fixtures.jpg\",\"contentUrl\":\"https:\/\/www.duboischemicals.com\/manufacturing\/wp-content\/uploads\/sites\/2\/2018\/10\/BEFORE-GM-Ft-Wayne-Truck-Painting-Fixtures.jpg\",\"width\":454,\"height\":450},{\"@type\":\"BreadcrumbList\",\"@id\":\"https:\/\/www.duboischemicals.com\/manufacturing\/fr\/products\/pretreatment-paint-line-solutions\/coating-removal-services\/#breadcrumb\",\"itemListElement\":[{\"@type\":\"ListItem\",\"position\":1,\"name\":\"Home\",\"item\":\"https:\/\/www.duboischemicals.com\/manufacturing\/fr\/\"},{\"@type\":\"ListItem\",\"position\":2,\"name\":\"Produits\",\"item\":\"https:\/\/www.duboischemicals.com\/manufacturing\/fr\/products\/\"},{\"@type\":\"ListItem\",\"position\":3,\"name\":\"Solutions de traitements pr\u00e9alables et de cha\u00eenes de peinture\",\"item\":\"https:\/\/www.duboischemicals.com\/manufacturing\/fr\/products\/pretreatment-paint-line-solutions\/\"},{\"@type\":\"ListItem\",\"position\":4,\"name\":\"Services de d\u00e9capage de rev\u00eatements\"}]},{\"@type\":\"WebSite\",\"@id\":\"https:\/\/www.duboischemicals.com\/manufacturing\/fr\/#website\",\"url\":\"https:\/\/www.duboischemicals.com\/manufacturing\/fr\/\",\"name\":\"Manufacturing\",\"description\":\"\",\"potentialAction\":[{\"@type\":\"SearchAction\",\"target\":{\"@type\":\"EntryPoint\",\"urlTemplate\":\"https:\/\/www.duboischemicals.com\/manufacturing\/fr\/?s={search_term_string}\"},\"query-input\":{\"@type\":\"PropertyValueSpecification\",\"valueRequired\":true,\"valueName\":\"search_term_string\"}}],\"inLanguage\":\"fr-FR\"}]}<\/script>\n<!-- \/ Yoast SEO plugin. -->","yoast_head_json":{"title":"Services de d\u00e9capage de rev\u00eatements - Manufacturing","robots":{"index":"index","follow":"follow","max-snippet":"max-snippet:-1","max-image-preview":"max-image-preview:large","max-video-preview":"max-video-preview:-1"},"canonical":"https:\/\/www.duboischemicals.com\/manufacturing\/fr\/products\/pretreatment-paint-line-solutions\/coating-removal-services\/","og_locale":"fr_FR","og_type":"article","og_title":"Services de d\u00e9capage de rev\u00eatements - Manufacturing","og_description":"L\u2019acquisition d\u2019American Finishing Resources (en 2014) et de Chemico Cleaning and Coating Removal Services (en 2020) a fait de DuBois un chef de file aux \u00c9tats-Unis dans le domaine du d\u00e9capage de rev\u00eatements et de...","og_url":"https:\/\/www.duboischemicals.com\/manufacturing\/fr\/products\/pretreatment-paint-line-solutions\/coating-removal-services\/","og_site_name":"Manufacturing","article_modified_time":"2021-02-17T10:03:57+00:00","og_image":[{"width":454,"height":450,"url":"https:\/\/www.duboischemicals.com\/manufacturing\/wp-content\/uploads\/sites\/2\/2018\/10\/BEFORE-GM-Ft-Wayne-Truck-Painting-Fixtures.jpg","type":"image\/jpeg"}],"twitter_card":"summary_large_image","twitter_misc":{"Dur\u00e9e de lecture estim\u00e9e":"2 minutes"},"schema":{"@context":"https:\/\/schema.org","@graph":[{"@type":"WebPage","@id":"https:\/\/www.duboischemicals.com\/manufacturing\/fr\/products\/pretreatment-paint-line-solutions\/coating-removal-services\/","url":"https:\/\/www.duboischemicals.com\/manufacturing\/fr\/products\/pretreatment-paint-line-solutions\/coating-removal-services\/","name":"Services de d\u00e9capage de rev\u00eatements - Manufacturing","isPartOf":{"@id":"https:\/\/www.duboischemicals.com\/manufacturing\/fr\/#website"},"primaryImageOfPage":{"@id":"https:\/\/www.duboischemicals.com\/manufacturing\/fr\/products\/pretreatment-paint-line-solutions\/coating-removal-services\/#primaryimage"},"image":{"@id":"https:\/\/www.duboischemicals.com\/manufacturing\/fr\/products\/pretreatment-paint-line-solutions\/coating-removal-services\/#primaryimage"},"thumbnailUrl":"https:\/\/www.duboischemicals.com\/manufacturing\/wp-content\/uploads\/sites\/2\/2018\/10\/BEFORE-GM-Ft-Wayne-Truck-Painting-Fixtures.jpg","datePublished":"2020-11-30T17:20:14+00:00","dateModified":"2021-02-17T10:03:57+00:00","breadcrumb":{"@id":"https:\/\/www.duboischemicals.com\/manufacturing\/fr\/products\/pretreatment-paint-line-solutions\/coating-removal-services\/#breadcrumb"},"inLanguage":"fr-FR","potentialAction":[{"@type":"ReadAction","target":["https:\/\/www.duboischemicals.com\/manufacturing\/fr\/products\/pretreatment-paint-line-solutions\/coating-removal-services\/"]}]},{"@type":"ImageObject","inLanguage":"fr-FR","@id":"https:\/\/www.duboischemicals.com\/manufacturing\/fr\/products\/pretreatment-paint-line-solutions\/coating-removal-services\/#primaryimage","url":"https:\/\/www.duboischemicals.com\/manufacturing\/wp-content\/uploads\/sites\/2\/2018\/10\/BEFORE-GM-Ft-Wayne-Truck-Painting-Fixtures.jpg","contentUrl":"https:\/\/www.duboischemicals.com\/manufacturing\/wp-content\/uploads\/sites\/2\/2018\/10\/BEFORE-GM-Ft-Wayne-Truck-Painting-Fixtures.jpg","width":454,"height":450},{"@type":"BreadcrumbList","@id":"https:\/\/www.duboischemicals.com\/manufacturing\/fr\/products\/pretreatment-paint-line-solutions\/coating-removal-services\/#breadcrumb","itemListElement":[{"@type":"ListItem","position":1,"name":"Home","item":"https:\/\/www.duboischemicals.com\/manufacturing\/fr\/"},{"@type":"ListItem","position":2,"name":"Produits","item":"https:\/\/www.duboischemicals.com\/manufacturing\/fr\/products\/"},{"@type":"ListItem","position":3,"name":"Solutions de traitements pr\u00e9alables et de cha\u00eenes de peinture","item":"https:\/\/www.duboischemicals.com\/manufacturing\/fr\/products\/pretreatment-paint-line-solutions\/"},{"@type":"ListItem","position":4,"name":"Services de d\u00e9capage de rev\u00eatements"}]},{"@type":"WebSite","@id":"https:\/\/www.duboischemicals.com\/manufacturing\/fr\/#website","url":"https:\/\/www.duboischemicals.com\/manufacturing\/fr\/","name":"Manufacturing","description":"","potentialAction":[{"@type":"SearchAction","target":{"@type":"EntryPoint","urlTemplate":"https:\/\/www.duboischemicals.com\/manufacturing\/fr\/?s={search_term_string}"},"query-input":{"@type":"PropertyValueSpecification","valueRequired":true,"valueName":"search_term_string"}}],"inLanguage":"fr-FR"}]}},"_links":{"self":[{"href":"https:\/\/www.duboischemicals.com\/manufacturing\/fr\/wp-json\/wp\/v2\/pages\/9825","targetHints":{"allow":["GET"]}}],"collection":[{"href":"https:\/\/www.duboischemicals.com\/manufacturing\/fr\/wp-json\/wp\/v2\/pages"}],"about":[{"href":"https:\/\/www.duboischemicals.com\/manufacturing\/fr\/wp-json\/wp\/v2\/types\/page"}],"author":[{"embeddable":true,"href":"https:\/\/www.duboischemicals.com\/manufacturing\/fr\/wp-json\/wp\/v2\/users\/220"}],"replies":[{"embeddable":true,"href":"https:\/\/www.duboischemicals.com\/manufacturing\/fr\/wp-json\/wp\/v2\/comments?post=9825"}],"version-history":[{"count":3,"href":"https:\/\/www.duboischemicals.com\/manufacturing\/fr\/wp-json\/wp\/v2\/pages\/9825\/revisions"}],"predecessor-version":[{"id":11526,"href":"https:\/\/www.duboischemicals.com\/manufacturing\/fr\/wp-json\/wp\/v2\/pages\/9825\/revisions\/11526"}],"up":[{"embeddable":true,"href":"https:\/\/www.duboischemicals.com\/manufacturing\/fr\/wp-json\/wp\/v2\/pages\/10720"}],"wp:featuredmedia":[{"embeddable":true,"href":"https:\/\/www.duboischemicals.com\/manufacturing\/fr\/wp-json\/wp\/v2\/media\/9826"}],"wp:attachment":[{"href":"https:\/\/www.duboischemicals.com\/manufacturing\/fr\/wp-json\/wp\/v2\/media?parent=9825"}],"curies":[{"name":"wp","href":"https:\/\/api.w.org\/{rel}","templated":true}]}}