{"id":9828,"date":"2020-11-30T12:20:14","date_gmt":"2020-11-30T17:20:14","guid":{"rendered":"https:\/\/www.duboischemicals.com\/\/manufacturing\/paint-line-hooks-and-fixtures\/"},"modified":"2021-02-17T05:04:07","modified_gmt":"2021-02-17T10:04:07","slug":"paint-line-hooks-and-fixtures","status":"publish","type":"page","link":"https:\/\/www.duboischemicals.com\/manufacturing\/fr\/products\/pretreatment-paint-line-solutions\/paint-line-hooks-and-fixtures\/","title":{"rendered":"Crochets et accessoires pour cha\u00eenes de peinture"},"content":{"rendered":"<p>American Finishing Resources, le chef de file en d\u00e9capage de rev\u00eatements et en fabrication de supports et d\u2019outillage pour les cha\u00eenes de peinture aux \u00c9tats-Unis, a \u00e9t\u00e9 achet\u00e9 par DuBois en 2014.<\/p>\n<p>Les ing\u00e9nieurs de DuBois sont des experts en conception de crochets, d\u2019accessoires pour cha\u00eenes de peinture, de dispositifs de suspension et de supports pour les syst\u00e8mes de finition \u00e0 convoyeur et par lots. En plus d\u2019accessoires con\u00e7us sur mesure pour les cha\u00eenes de peinture, nous proposons des outillages polyvalents con\u00e7us pour traiter des pi\u00e8ces de production vari\u00e9es sur les cha\u00eenes de peinture. Quel que soit l\u2019accessoire de cha\u00eene de peinture dont vous avez besoin, nous le concevrons et le fabriquerons.<\/p>\n<p>Caract\u00e9ristiques de fabrication de DuBois\u00a0:<\/p>\n<ul>\n<li>Densit\u00e9 de cha\u00eene, efficacit\u00e9 de transfert et ergonomie de chargement optimales<\/li>\n<li>Capacit\u00e9s de conception assist\u00e9e par ordinateur (CAO); toutes les conceptions peuvent \u00eatre visualis\u00e9es \u00e9lectroniquement avant le prototypage et la fabrication<\/li>\n<li>Fabricants exp\u00e9riment\u00e9s et soudeurs qualifi\u00e9s<\/li>\n<li>Capacit\u00e9 de pliage de fil CNC en interne<\/li>\n<\/ul>\n<p>Contactez DuBois pour remplir un formulaire convivial de commande de crochet. Tous les crochets sont fabriqu\u00e9s sur mesure, selon vos sp\u00e9cifications. Nos d\u00e9lais d\u2019ex\u00e9cution rapides, parmi les plus courts de l\u2019industrie, nous permettent de produire vos crochets rapidement pour votre commodit\u00e9.<\/p>\n","protected":false},"excerpt":{"rendered":"<p>American Finishing Resources, le chef de file en d\u00e9capage de rev\u00eatements et en fabrication de supports et d\u2019outillage pour les cha\u00eenes de peinture aux \u00c9tats-Unis, a \u00e9t\u00e9 achet\u00e9 par DuBois en 2014. Les ing\u00e9nieurs de&#8230;<\/p>\n","protected":false},"author":220,"featured_media":9829,"parent":10720,"menu_order":4,"comment_status":"closed","ping_status":"closed","template":"template-prodinfo.php","meta":{"_acf_changed":false,"footnotes":""},"class_list":["post-9828","page","type-page","status-publish","has-post-thumbnail","hentry"],"acf":[],"yoast_head":"<!-- This site is optimized with the Yoast SEO plugin v26.8 - https:\/\/yoast.com\/product\/yoast-seo-wordpress\/ -->\n<title>Crochets et accessoires pour cha\u00eenes de peinture - Manufacturing<\/title>\n<meta name=\"robots\" content=\"index, follow, max-snippet:-1, max-image-preview:large, max-video-preview:-1\" \/>\n<link rel=\"canonical\" href=\"https:\/\/www.duboischemicals.com\/manufacturing\/fr\/products\/pretreatment-paint-line-solutions\/paint-line-hooks-and-fixtures\/\" \/>\n<meta property=\"og:locale\" content=\"fr_FR\" \/>\n<meta property=\"og:type\" content=\"article\" \/>\n<meta property=\"og:title\" content=\"Crochets et accessoires pour cha\u00eenes de peinture - Manufacturing\" \/>\n<meta property=\"og:description\" content=\"American Finishing Resources, le chef de file en d\u00e9capage de rev\u00eatements et en fabrication de supports et d\u2019outillage pour les cha\u00eenes de peinture aux \u00c9tats-Unis, a \u00e9t\u00e9 achet\u00e9 par DuBois en 2014. Les ing\u00e9nieurs de...\" \/>\n<meta property=\"og:url\" content=\"https:\/\/www.duboischemicals.com\/manufacturing\/fr\/products\/pretreatment-paint-line-solutions\/paint-line-hooks-and-fixtures\/\" \/>\n<meta property=\"og:site_name\" content=\"Manufacturing\" \/>\n<meta property=\"article:modified_time\" content=\"2021-02-17T10:04:07+00:00\" \/>\n<meta property=\"og:image\" content=\"https:\/\/www.duboischemicals.com\/manufacturing\/wp-content\/uploads\/sites\/2\/2018\/10\/Welding-Custom-Hooks-and-Fixtures.jpg\" \/>\n\t<meta property=\"og:image:width\" content=\"454\" \/>\n\t<meta property=\"og:image:height\" content=\"450\" \/>\n\t<meta property=\"og:image:type\" content=\"image\/jpeg\" \/>\n<meta name=\"twitter:card\" content=\"summary_large_image\" \/>\n<meta name=\"twitter:label1\" content=\"Dur\u00e9e de lecture estim\u00e9e\" \/>\n\t<meta name=\"twitter:data1\" content=\"1 minute\" \/>\n<script type=\"application\/ld+json\" class=\"yoast-schema-graph\">{\"@context\":\"https:\/\/schema.org\",\"@graph\":[{\"@type\":\"WebPage\",\"@id\":\"https:\/\/www.duboischemicals.com\/manufacturing\/fr\/products\/pretreatment-paint-line-solutions\/paint-line-hooks-and-fixtures\/\",\"url\":\"https:\/\/www.duboischemicals.com\/manufacturing\/fr\/products\/pretreatment-paint-line-solutions\/paint-line-hooks-and-fixtures\/\",\"name\":\"Crochets et accessoires pour cha\u00eenes de peinture - Manufacturing\",\"isPartOf\":{\"@id\":\"https:\/\/www.duboischemicals.com\/manufacturing\/fr\/#website\"},\"primaryImageOfPage\":{\"@id\":\"https:\/\/www.duboischemicals.com\/manufacturing\/fr\/products\/pretreatment-paint-line-solutions\/paint-line-hooks-and-fixtures\/#primaryimage\"},\"image\":{\"@id\":\"https:\/\/www.duboischemicals.com\/manufacturing\/fr\/products\/pretreatment-paint-line-solutions\/paint-line-hooks-and-fixtures\/#primaryimage\"},\"thumbnailUrl\":\"https:\/\/www.duboischemicals.com\/manufacturing\/wp-content\/uploads\/sites\/2\/2018\/10\/Welding-Custom-Hooks-and-Fixtures.jpg\",\"datePublished\":\"2020-11-30T17:20:14+00:00\",\"dateModified\":\"2021-02-17T10:04:07+00:00\",\"breadcrumb\":{\"@id\":\"https:\/\/www.duboischemicals.com\/manufacturing\/fr\/products\/pretreatment-paint-line-solutions\/paint-line-hooks-and-fixtures\/#breadcrumb\"},\"inLanguage\":\"fr-FR\",\"potentialAction\":[{\"@type\":\"ReadAction\",\"target\":[\"https:\/\/www.duboischemicals.com\/manufacturing\/fr\/products\/pretreatment-paint-line-solutions\/paint-line-hooks-and-fixtures\/\"]}]},{\"@type\":\"ImageObject\",\"inLanguage\":\"fr-FR\",\"@id\":\"https:\/\/www.duboischemicals.com\/manufacturing\/fr\/products\/pretreatment-paint-line-solutions\/paint-line-hooks-and-fixtures\/#primaryimage\",\"url\":\"https:\/\/www.duboischemicals.com\/manufacturing\/wp-content\/uploads\/sites\/2\/2018\/10\/Welding-Custom-Hooks-and-Fixtures.jpg\",\"contentUrl\":\"https:\/\/www.duboischemicals.com\/manufacturing\/wp-content\/uploads\/sites\/2\/2018\/10\/Welding-Custom-Hooks-and-Fixtures.jpg\",\"width\":454,\"height\":450},{\"@type\":\"BreadcrumbList\",\"@id\":\"https:\/\/www.duboischemicals.com\/manufacturing\/fr\/products\/pretreatment-paint-line-solutions\/paint-line-hooks-and-fixtures\/#breadcrumb\",\"itemListElement\":[{\"@type\":\"ListItem\",\"position\":1,\"name\":\"Home\",\"item\":\"https:\/\/www.duboischemicals.com\/manufacturing\/fr\/\"},{\"@type\":\"ListItem\",\"position\":2,\"name\":\"Produits\",\"item\":\"https:\/\/www.duboischemicals.com\/manufacturing\/fr\/products\/\"},{\"@type\":\"ListItem\",\"position\":3,\"name\":\"Solutions de traitements pr\u00e9alables et de cha\u00eenes de peinture\",\"item\":\"https:\/\/www.duboischemicals.com\/manufacturing\/fr\/products\/pretreatment-paint-line-solutions\/\"},{\"@type\":\"ListItem\",\"position\":4,\"name\":\"Crochets et accessoires pour cha\u00eenes de peinture\"}]},{\"@type\":\"WebSite\",\"@id\":\"https:\/\/www.duboischemicals.com\/manufacturing\/fr\/#website\",\"url\":\"https:\/\/www.duboischemicals.com\/manufacturing\/fr\/\",\"name\":\"Manufacturing\",\"description\":\"\",\"potentialAction\":[{\"@type\":\"SearchAction\",\"target\":{\"@type\":\"EntryPoint\",\"urlTemplate\":\"https:\/\/www.duboischemicals.com\/manufacturing\/fr\/?s={search_term_string}\"},\"query-input\":{\"@type\":\"PropertyValueSpecification\",\"valueRequired\":true,\"valueName\":\"search_term_string\"}}],\"inLanguage\":\"fr-FR\"}]}<\/script>\n<!-- \/ Yoast SEO plugin. -->","yoast_head_json":{"title":"Crochets et accessoires pour cha\u00eenes de peinture - Manufacturing","robots":{"index":"index","follow":"follow","max-snippet":"max-snippet:-1","max-image-preview":"max-image-preview:large","max-video-preview":"max-video-preview:-1"},"canonical":"https:\/\/www.duboischemicals.com\/manufacturing\/fr\/products\/pretreatment-paint-line-solutions\/paint-line-hooks-and-fixtures\/","og_locale":"fr_FR","og_type":"article","og_title":"Crochets et accessoires pour cha\u00eenes de peinture - Manufacturing","og_description":"American Finishing Resources, le chef de file en d\u00e9capage de rev\u00eatements et en fabrication de supports et d\u2019outillage pour les cha\u00eenes de peinture aux \u00c9tats-Unis, a \u00e9t\u00e9 achet\u00e9 par DuBois en 2014. Les ing\u00e9nieurs de...","og_url":"https:\/\/www.duboischemicals.com\/manufacturing\/fr\/products\/pretreatment-paint-line-solutions\/paint-line-hooks-and-fixtures\/","og_site_name":"Manufacturing","article_modified_time":"2021-02-17T10:04:07+00:00","og_image":[{"width":454,"height":450,"url":"https:\/\/www.duboischemicals.com\/manufacturing\/wp-content\/uploads\/sites\/2\/2018\/10\/Welding-Custom-Hooks-and-Fixtures.jpg","type":"image\/jpeg"}],"twitter_card":"summary_large_image","twitter_misc":{"Dur\u00e9e de lecture estim\u00e9e":"1 minute"},"schema":{"@context":"https:\/\/schema.org","@graph":[{"@type":"WebPage","@id":"https:\/\/www.duboischemicals.com\/manufacturing\/fr\/products\/pretreatment-paint-line-solutions\/paint-line-hooks-and-fixtures\/","url":"https:\/\/www.duboischemicals.com\/manufacturing\/fr\/products\/pretreatment-paint-line-solutions\/paint-line-hooks-and-fixtures\/","name":"Crochets et accessoires pour cha\u00eenes de peinture - Manufacturing","isPartOf":{"@id":"https:\/\/www.duboischemicals.com\/manufacturing\/fr\/#website"},"primaryImageOfPage":{"@id":"https:\/\/www.duboischemicals.com\/manufacturing\/fr\/products\/pretreatment-paint-line-solutions\/paint-line-hooks-and-fixtures\/#primaryimage"},"image":{"@id":"https:\/\/www.duboischemicals.com\/manufacturing\/fr\/products\/pretreatment-paint-line-solutions\/paint-line-hooks-and-fixtures\/#primaryimage"},"thumbnailUrl":"https:\/\/www.duboischemicals.com\/manufacturing\/wp-content\/uploads\/sites\/2\/2018\/10\/Welding-Custom-Hooks-and-Fixtures.jpg","datePublished":"2020-11-30T17:20:14+00:00","dateModified":"2021-02-17T10:04:07+00:00","breadcrumb":{"@id":"https:\/\/www.duboischemicals.com\/manufacturing\/fr\/products\/pretreatment-paint-line-solutions\/paint-line-hooks-and-fixtures\/#breadcrumb"},"inLanguage":"fr-FR","potentialAction":[{"@type":"ReadAction","target":["https:\/\/www.duboischemicals.com\/manufacturing\/fr\/products\/pretreatment-paint-line-solutions\/paint-line-hooks-and-fixtures\/"]}]},{"@type":"ImageObject","inLanguage":"fr-FR","@id":"https:\/\/www.duboischemicals.com\/manufacturing\/fr\/products\/pretreatment-paint-line-solutions\/paint-line-hooks-and-fixtures\/#primaryimage","url":"https:\/\/www.duboischemicals.com\/manufacturing\/wp-content\/uploads\/sites\/2\/2018\/10\/Welding-Custom-Hooks-and-Fixtures.jpg","contentUrl":"https:\/\/www.duboischemicals.com\/manufacturing\/wp-content\/uploads\/sites\/2\/2018\/10\/Welding-Custom-Hooks-and-Fixtures.jpg","width":454,"height":450},{"@type":"BreadcrumbList","@id":"https:\/\/www.duboischemicals.com\/manufacturing\/fr\/products\/pretreatment-paint-line-solutions\/paint-line-hooks-and-fixtures\/#breadcrumb","itemListElement":[{"@type":"ListItem","position":1,"name":"Home","item":"https:\/\/www.duboischemicals.com\/manufacturing\/fr\/"},{"@type":"ListItem","position":2,"name":"Produits","item":"https:\/\/www.duboischemicals.com\/manufacturing\/fr\/products\/"},{"@type":"ListItem","position":3,"name":"Solutions de traitements pr\u00e9alables et de cha\u00eenes de peinture","item":"https:\/\/www.duboischemicals.com\/manufacturing\/fr\/products\/pretreatment-paint-line-solutions\/"},{"@type":"ListItem","position":4,"name":"Crochets et accessoires pour cha\u00eenes de peinture"}]},{"@type":"WebSite","@id":"https:\/\/www.duboischemicals.com\/manufacturing\/fr\/#website","url":"https:\/\/www.duboischemicals.com\/manufacturing\/fr\/","name":"Manufacturing","description":"","potentialAction":[{"@type":"SearchAction","target":{"@type":"EntryPoint","urlTemplate":"https:\/\/www.duboischemicals.com\/manufacturing\/fr\/?s={search_term_string}"},"query-input":{"@type":"PropertyValueSpecification","valueRequired":true,"valueName":"search_term_string"}}],"inLanguage":"fr-FR"}]}},"_links":{"self":[{"href":"https:\/\/www.duboischemicals.com\/manufacturing\/fr\/wp-json\/wp\/v2\/pages\/9828","targetHints":{"allow":["GET"]}}],"collection":[{"href":"https:\/\/www.duboischemicals.com\/manufacturing\/fr\/wp-json\/wp\/v2\/pages"}],"about":[{"href":"https:\/\/www.duboischemicals.com\/manufacturing\/fr\/wp-json\/wp\/v2\/types\/page"}],"author":[{"embeddable":true,"href":"https:\/\/www.duboischemicals.com\/manufacturing\/fr\/wp-json\/wp\/v2\/users\/220"}],"replies":[{"embeddable":true,"href":"https:\/\/www.duboischemicals.com\/manufacturing\/fr\/wp-json\/wp\/v2\/comments?post=9828"}],"version-history":[{"count":3,"href":"https:\/\/www.duboischemicals.com\/manufacturing\/fr\/wp-json\/wp\/v2\/pages\/9828\/revisions"}],"predecessor-version":[{"id":11540,"href":"https:\/\/www.duboischemicals.com\/manufacturing\/fr\/wp-json\/wp\/v2\/pages\/9828\/revisions\/11540"}],"up":[{"embeddable":true,"href":"https:\/\/www.duboischemicals.com\/manufacturing\/fr\/wp-json\/wp\/v2\/pages\/10720"}],"wp:featuredmedia":[{"embeddable":true,"href":"https:\/\/www.duboischemicals.com\/manufacturing\/fr\/wp-json\/wp\/v2\/media\/9829"}],"wp:attachment":[{"href":"https:\/\/www.duboischemicals.com\/manufacturing\/fr\/wp-json\/wp\/v2\/media?parent=9828"}],"curies":[{"name":"wp","href":"https:\/\/api.w.org\/{rel}","templated":true}]}}