{"id":9834,"date":"2020-11-30T12:20:15","date_gmt":"2020-11-30T17:20:15","guid":{"rendered":"https:\/\/www.duboischemicals.com\/\/manufacturing\/aluminum-finishing\/"},"modified":"2021-02-17T05:04:11","modified_gmt":"2021-02-17T10:04:11","slug":"aluminum-finishing","status":"publish","type":"page","link":"https:\/\/www.duboischemicals.com\/manufacturing\/fr\/products\/metal-finishing\/aluminum-finishing\/","title":{"rendered":"Finition de l\u2019aluminium"},"content":{"rendered":"<p>DuBois propose une gamme diversifi\u00e9e de mat\u00e9riaux de pr\u00e9traitement pour l\u2019anodisation et la chromatation de l\u2019aluminium. Nos nettoyants sont sp\u00e9cialement formul\u00e9s pour \u00e9liminer les salet\u00e9s les plus tenaces de votre pi\u00e8ce, la pr\u00e9parant ainsi \u00e0 toutes les \u00e9tapes de votre proc\u00e9d\u00e9, qu\u2019il s\u2019agisse d\u2019attaque chimique, d\u2019application de couche de conversion ou de scellage pour un proc\u00e9d\u00e9 d\u2019anodisation.<\/p>\n<p>DuBois propose une vaste gamme de produits pour la finition de l\u2019aluminium pour votre entreprise, notamment les suivants\u00a0:<\/p>\n<ul>\n<li>Nettoyants pour les syst\u00e8mes \u00e0 pulv\u00e9risation et \u00e0 immersion<\/li>\n<li>Agents d\u2019attaque chimique formant un micro-fini uniforme<\/li>\n<li>D\u00e9soxydants pour \u00e9liminer les d\u00e9p\u00f4ts et le tartre<\/li>\n<li>Couches de conversion au chromate pour la r\u00e9sistance \u00e0 la corrosion et l\u2019adh\u00e9rence de la peinture<\/li>\n<li>Zincates pour l\u2019adh\u00e9rence des plaques<\/li>\n<\/ul>\n","protected":false},"excerpt":{"rendered":"<p>DuBois propose une gamme diversifi\u00e9e de mat\u00e9riaux de pr\u00e9traitement pour l\u2019anodisation et la chromatation de l\u2019aluminium. Nos nettoyants sont sp\u00e9cialement formul\u00e9s pour \u00e9liminer les salet\u00e9s les plus tenaces de votre pi\u00e8ce, la pr\u00e9parant ainsi \u00e0&#8230;<\/p>\n","protected":false},"author":220,"featured_media":9835,"parent":10725,"menu_order":1,"comment_status":"closed","ping_status":"closed","template":"template-prodinfo.php","meta":{"_acf_changed":false,"footnotes":""},"class_list":["post-9834","page","type-page","status-publish","has-post-thumbnail","hentry"],"acf":[],"yoast_head":"<!-- This site is optimized with the Yoast SEO plugin v26.8 - https:\/\/yoast.com\/product\/yoast-seo-wordpress\/ -->\n<title>Finition de l\u2019aluminium - Manufacturing<\/title>\n<meta name=\"robots\" content=\"index, follow, max-snippet:-1, max-image-preview:large, max-video-preview:-1\" \/>\n<link rel=\"canonical\" href=\"https:\/\/www.duboischemicals.com\/manufacturing\/fr\/products\/metal-finishing\/aluminum-finishing\/\" \/>\n<meta property=\"og:locale\" content=\"fr_FR\" \/>\n<meta property=\"og:type\" content=\"article\" \/>\n<meta property=\"og:title\" content=\"Finition de l\u2019aluminium - Manufacturing\" \/>\n<meta property=\"og:description\" content=\"DuBois propose une gamme diversifi\u00e9e de mat\u00e9riaux de pr\u00e9traitement pour l\u2019anodisation et la chromatation de l\u2019aluminium. Nos nettoyants sont sp\u00e9cialement formul\u00e9s pour \u00e9liminer les salet\u00e9s les plus tenaces de votre pi\u00e8ce, la pr\u00e9parant ainsi \u00e0...\" \/>\n<meta property=\"og:url\" content=\"https:\/\/www.duboischemicals.com\/manufacturing\/fr\/products\/metal-finishing\/aluminum-finishing\/\" \/>\n<meta property=\"og:site_name\" content=\"Manufacturing\" \/>\n<meta property=\"article:modified_time\" content=\"2021-02-17T10:04:11+00:00\" \/>\n<meta property=\"og:image\" content=\"https:\/\/www.duboischemicals.com\/manufacturing\/wp-content\/uploads\/sites\/2\/2018\/10\/iStock-537388550-Aluminum-Finishing.jpg\" \/>\n\t<meta property=\"og:image:width\" content=\"454\" \/>\n\t<meta property=\"og:image:height\" content=\"450\" \/>\n\t<meta property=\"og:image:type\" content=\"image\/jpeg\" \/>\n<meta name=\"twitter:card\" content=\"summary_large_image\" \/>\n<meta name=\"twitter:label1\" content=\"Dur\u00e9e de lecture estim\u00e9e\" \/>\n\t<meta name=\"twitter:data1\" content=\"1 minute\" \/>\n<script type=\"application\/ld+json\" class=\"yoast-schema-graph\">{\"@context\":\"https:\/\/schema.org\",\"@graph\":[{\"@type\":\"WebPage\",\"@id\":\"https:\/\/www.duboischemicals.com\/manufacturing\/fr\/products\/metal-finishing\/aluminum-finishing\/\",\"url\":\"https:\/\/www.duboischemicals.com\/manufacturing\/fr\/products\/metal-finishing\/aluminum-finishing\/\",\"name\":\"Finition de l\u2019aluminium - Manufacturing\",\"isPartOf\":{\"@id\":\"https:\/\/www.duboischemicals.com\/manufacturing\/fr\/#website\"},\"primaryImageOfPage\":{\"@id\":\"https:\/\/www.duboischemicals.com\/manufacturing\/fr\/products\/metal-finishing\/aluminum-finishing\/#primaryimage\"},\"image\":{\"@id\":\"https:\/\/www.duboischemicals.com\/manufacturing\/fr\/products\/metal-finishing\/aluminum-finishing\/#primaryimage\"},\"thumbnailUrl\":\"https:\/\/www.duboischemicals.com\/manufacturing\/wp-content\/uploads\/sites\/2\/2018\/10\/iStock-537388550-Aluminum-Finishing.jpg\",\"datePublished\":\"2020-11-30T17:20:15+00:00\",\"dateModified\":\"2021-02-17T10:04:11+00:00\",\"breadcrumb\":{\"@id\":\"https:\/\/www.duboischemicals.com\/manufacturing\/fr\/products\/metal-finishing\/aluminum-finishing\/#breadcrumb\"},\"inLanguage\":\"fr-FR\",\"potentialAction\":[{\"@type\":\"ReadAction\",\"target\":[\"https:\/\/www.duboischemicals.com\/manufacturing\/fr\/products\/metal-finishing\/aluminum-finishing\/\"]}]},{\"@type\":\"ImageObject\",\"inLanguage\":\"fr-FR\",\"@id\":\"https:\/\/www.duboischemicals.com\/manufacturing\/fr\/products\/metal-finishing\/aluminum-finishing\/#primaryimage\",\"url\":\"https:\/\/www.duboischemicals.com\/manufacturing\/wp-content\/uploads\/sites\/2\/2018\/10\/iStock-537388550-Aluminum-Finishing.jpg\",\"contentUrl\":\"https:\/\/www.duboischemicals.com\/manufacturing\/wp-content\/uploads\/sites\/2\/2018\/10\/iStock-537388550-Aluminum-Finishing.jpg\",\"width\":454,\"height\":450},{\"@type\":\"BreadcrumbList\",\"@id\":\"https:\/\/www.duboischemicals.com\/manufacturing\/fr\/products\/metal-finishing\/aluminum-finishing\/#breadcrumb\",\"itemListElement\":[{\"@type\":\"ListItem\",\"position\":1,\"name\":\"Home\",\"item\":\"https:\/\/www.duboischemicals.com\/manufacturing\/fr\/\"},{\"@type\":\"ListItem\",\"position\":2,\"name\":\"Produits\",\"item\":\"https:\/\/www.duboischemicals.com\/manufacturing\/fr\/products\/\"},{\"@type\":\"ListItem\",\"position\":3,\"name\":\"Finition des m\u00e9taux\",\"item\":\"https:\/\/www.duboischemicals.com\/manufacturing\/fr\/products\/metal-finishing\/\"},{\"@type\":\"ListItem\",\"position\":4,\"name\":\"Finition de l\u2019aluminium\"}]},{\"@type\":\"WebSite\",\"@id\":\"https:\/\/www.duboischemicals.com\/manufacturing\/fr\/#website\",\"url\":\"https:\/\/www.duboischemicals.com\/manufacturing\/fr\/\",\"name\":\"Manufacturing\",\"description\":\"\",\"potentialAction\":[{\"@type\":\"SearchAction\",\"target\":{\"@type\":\"EntryPoint\",\"urlTemplate\":\"https:\/\/www.duboischemicals.com\/manufacturing\/fr\/?s={search_term_string}\"},\"query-input\":{\"@type\":\"PropertyValueSpecification\",\"valueRequired\":true,\"valueName\":\"search_term_string\"}}],\"inLanguage\":\"fr-FR\"}]}<\/script>\n<!-- \/ Yoast SEO plugin. -->","yoast_head_json":{"title":"Finition de l\u2019aluminium - Manufacturing","robots":{"index":"index","follow":"follow","max-snippet":"max-snippet:-1","max-image-preview":"max-image-preview:large","max-video-preview":"max-video-preview:-1"},"canonical":"https:\/\/www.duboischemicals.com\/manufacturing\/fr\/products\/metal-finishing\/aluminum-finishing\/","og_locale":"fr_FR","og_type":"article","og_title":"Finition de l\u2019aluminium - Manufacturing","og_description":"DuBois propose une gamme diversifi\u00e9e de mat\u00e9riaux de pr\u00e9traitement pour l\u2019anodisation et la chromatation de l\u2019aluminium. Nos nettoyants sont sp\u00e9cialement formul\u00e9s pour \u00e9liminer les salet\u00e9s les plus tenaces de votre pi\u00e8ce, la pr\u00e9parant ainsi \u00e0...","og_url":"https:\/\/www.duboischemicals.com\/manufacturing\/fr\/products\/metal-finishing\/aluminum-finishing\/","og_site_name":"Manufacturing","article_modified_time":"2021-02-17T10:04:11+00:00","og_image":[{"width":454,"height":450,"url":"https:\/\/www.duboischemicals.com\/manufacturing\/wp-content\/uploads\/sites\/2\/2018\/10\/iStock-537388550-Aluminum-Finishing.jpg","type":"image\/jpeg"}],"twitter_card":"summary_large_image","twitter_misc":{"Dur\u00e9e de lecture estim\u00e9e":"1 minute"},"schema":{"@context":"https:\/\/schema.org","@graph":[{"@type":"WebPage","@id":"https:\/\/www.duboischemicals.com\/manufacturing\/fr\/products\/metal-finishing\/aluminum-finishing\/","url":"https:\/\/www.duboischemicals.com\/manufacturing\/fr\/products\/metal-finishing\/aluminum-finishing\/","name":"Finition de l\u2019aluminium - Manufacturing","isPartOf":{"@id":"https:\/\/www.duboischemicals.com\/manufacturing\/fr\/#website"},"primaryImageOfPage":{"@id":"https:\/\/www.duboischemicals.com\/manufacturing\/fr\/products\/metal-finishing\/aluminum-finishing\/#primaryimage"},"image":{"@id":"https:\/\/www.duboischemicals.com\/manufacturing\/fr\/products\/metal-finishing\/aluminum-finishing\/#primaryimage"},"thumbnailUrl":"https:\/\/www.duboischemicals.com\/manufacturing\/wp-content\/uploads\/sites\/2\/2018\/10\/iStock-537388550-Aluminum-Finishing.jpg","datePublished":"2020-11-30T17:20:15+00:00","dateModified":"2021-02-17T10:04:11+00:00","breadcrumb":{"@id":"https:\/\/www.duboischemicals.com\/manufacturing\/fr\/products\/metal-finishing\/aluminum-finishing\/#breadcrumb"},"inLanguage":"fr-FR","potentialAction":[{"@type":"ReadAction","target":["https:\/\/www.duboischemicals.com\/manufacturing\/fr\/products\/metal-finishing\/aluminum-finishing\/"]}]},{"@type":"ImageObject","inLanguage":"fr-FR","@id":"https:\/\/www.duboischemicals.com\/manufacturing\/fr\/products\/metal-finishing\/aluminum-finishing\/#primaryimage","url":"https:\/\/www.duboischemicals.com\/manufacturing\/wp-content\/uploads\/sites\/2\/2018\/10\/iStock-537388550-Aluminum-Finishing.jpg","contentUrl":"https:\/\/www.duboischemicals.com\/manufacturing\/wp-content\/uploads\/sites\/2\/2018\/10\/iStock-537388550-Aluminum-Finishing.jpg","width":454,"height":450},{"@type":"BreadcrumbList","@id":"https:\/\/www.duboischemicals.com\/manufacturing\/fr\/products\/metal-finishing\/aluminum-finishing\/#breadcrumb","itemListElement":[{"@type":"ListItem","position":1,"name":"Home","item":"https:\/\/www.duboischemicals.com\/manufacturing\/fr\/"},{"@type":"ListItem","position":2,"name":"Produits","item":"https:\/\/www.duboischemicals.com\/manufacturing\/fr\/products\/"},{"@type":"ListItem","position":3,"name":"Finition des m\u00e9taux","item":"https:\/\/www.duboischemicals.com\/manufacturing\/fr\/products\/metal-finishing\/"},{"@type":"ListItem","position":4,"name":"Finition de l\u2019aluminium"}]},{"@type":"WebSite","@id":"https:\/\/www.duboischemicals.com\/manufacturing\/fr\/#website","url":"https:\/\/www.duboischemicals.com\/manufacturing\/fr\/","name":"Manufacturing","description":"","potentialAction":[{"@type":"SearchAction","target":{"@type":"EntryPoint","urlTemplate":"https:\/\/www.duboischemicals.com\/manufacturing\/fr\/?s={search_term_string}"},"query-input":{"@type":"PropertyValueSpecification","valueRequired":true,"valueName":"search_term_string"}}],"inLanguage":"fr-FR"}]}},"_links":{"self":[{"href":"https:\/\/www.duboischemicals.com\/manufacturing\/fr\/wp-json\/wp\/v2\/pages\/9834","targetHints":{"allow":["GET"]}}],"collection":[{"href":"https:\/\/www.duboischemicals.com\/manufacturing\/fr\/wp-json\/wp\/v2\/pages"}],"about":[{"href":"https:\/\/www.duboischemicals.com\/manufacturing\/fr\/wp-json\/wp\/v2\/types\/page"}],"author":[{"embeddable":true,"href":"https:\/\/www.duboischemicals.com\/manufacturing\/fr\/wp-json\/wp\/v2\/users\/220"}],"replies":[{"embeddable":true,"href":"https:\/\/www.duboischemicals.com\/manufacturing\/fr\/wp-json\/wp\/v2\/comments?post=9834"}],"version-history":[{"count":3,"href":"https:\/\/www.duboischemicals.com\/manufacturing\/fr\/wp-json\/wp\/v2\/pages\/9834\/revisions"}],"predecessor-version":[{"id":11552,"href":"https:\/\/www.duboischemicals.com\/manufacturing\/fr\/wp-json\/wp\/v2\/pages\/9834\/revisions\/11552"}],"up":[{"embeddable":true,"href":"https:\/\/www.duboischemicals.com\/manufacturing\/fr\/wp-json\/wp\/v2\/pages\/10725"}],"wp:featuredmedia":[{"embeddable":true,"href":"https:\/\/www.duboischemicals.com\/manufacturing\/fr\/wp-json\/wp\/v2\/media\/9835"}],"wp:attachment":[{"href":"https:\/\/www.duboischemicals.com\/manufacturing\/fr\/wp-json\/wp\/v2\/media?parent=9834"}],"curies":[{"name":"wp","href":"https:\/\/api.w.org\/{rel}","templated":true}]}}