{"id":9837,"date":"2020-11-30T12:20:15","date_gmt":"2020-11-30T17:20:15","guid":{"rendered":"https:\/\/www.duboischemicals.com\/\/manufacturing\/black-oxide\/"},"modified":"2021-02-17T05:04:10","modified_gmt":"2021-02-17T10:04:10","slug":"black-oxide","status":"publish","type":"page","link":"https:\/\/www.duboischemicals.com\/manufacturing\/fr\/products\/metal-finishing\/black-oxide\/","title":{"rendered":"Finition noire"},"content":{"rendered":"<p>DuBois propose une gamme compl\u00e8te de produits de brunissage pour obtenir le fini le plus noir qui soit, pr\u00e9sentant une r\u00e9sistance sup\u00e9rieure \u00e0 l\u2019abrasion et \u00e0 la corrosion. Nos chimistes de recherche inventifs et exp\u00e9riment\u00e9s ont d\u00e9velopp\u00e9 les syst\u00e8mes de brunissage les plus rapides et les plus efficaces, qui permettent des performances exceptionnelles et une apparence optimale. Les entreprises prosp\u00e8res, qui connaissent l\u2019importance de produits fiables et de qualit\u00e9 sup\u00e9rieure appuy\u00e9s par un service technique novateur, savent se fier \u00e0 DuBois.<\/p>\n<p>Les produits de brunissage DuBois pr\u00e9sentent les avantages suivants\u00a0:<\/p>\n<ul>\n<li>Des produits chimiques pour les m\u00e9taux ferreux, non ferreux et en poudre<\/li>\n<li>Un fini noir profond et uniforme qui ne d\u00e9teint pas<\/li>\n<li>Des rectificateurs et des agents mouillants novateurs pour \u00e9liminer les effets de la contamination et r\u00e9duire les pertes par entra\u00eenement<\/li>\n<li>Un proc\u00e9d\u00e9 de bain simple et peu co\u00fbteux<\/li>\n<li>D\u00e9passe les exigences des sp\u00e9cifications militaires, y compris MIL-C-13924 et AMS-2485<\/li>\n<\/ul>\n","protected":false},"excerpt":{"rendered":"<p>DuBois propose une gamme compl\u00e8te de produits de brunissage pour obtenir le fini le plus noir qui soit, pr\u00e9sentant une r\u00e9sistance sup\u00e9rieure \u00e0 l\u2019abrasion et \u00e0 la corrosion. Nos chimistes de recherche inventifs et exp\u00e9riment\u00e9s&#8230;<\/p>\n","protected":false},"author":220,"featured_media":9838,"parent":10725,"menu_order":2,"comment_status":"closed","ping_status":"closed","template":"template-prodinfo.php","meta":{"_acf_changed":false,"footnotes":""},"class_list":["post-9837","page","type-page","status-publish","has-post-thumbnail","hentry"],"acf":[],"yoast_head":"<!-- This site is optimized with the Yoast SEO plugin v26.8 - https:\/\/yoast.com\/product\/yoast-seo-wordpress\/ -->\n<title>Finition noire - Manufacturing<\/title>\n<meta name=\"robots\" content=\"index, follow, max-snippet:-1, max-image-preview:large, max-video-preview:-1\" \/>\n<link rel=\"canonical\" href=\"https:\/\/www.duboischemicals.com\/manufacturing\/fr\/products\/metal-finishing\/black-oxide\/\" \/>\n<meta property=\"og:locale\" content=\"fr_FR\" \/>\n<meta property=\"og:type\" content=\"article\" \/>\n<meta property=\"og:title\" content=\"Finition noire - Manufacturing\" \/>\n<meta property=\"og:description\" content=\"DuBois propose une gamme compl\u00e8te de produits de brunissage pour obtenir le fini le plus noir qui soit, pr\u00e9sentant une r\u00e9sistance sup\u00e9rieure \u00e0 l\u2019abrasion et \u00e0 la corrosion. Nos chimistes de recherche inventifs et exp\u00e9riment\u00e9s...\" \/>\n<meta property=\"og:url\" content=\"https:\/\/www.duboischemicals.com\/manufacturing\/fr\/products\/metal-finishing\/black-oxide\/\" \/>\n<meta property=\"og:site_name\" content=\"Manufacturing\" \/>\n<meta property=\"article:modified_time\" content=\"2021-02-17T10:04:10+00:00\" \/>\n<meta property=\"og:image\" content=\"https:\/\/www.duboischemicals.com\/manufacturing\/wp-content\/uploads\/sites\/2\/2018\/10\/Metal-Finising-4.jpg\" \/>\n\t<meta property=\"og:image:width\" content=\"454\" \/>\n\t<meta property=\"og:image:height\" content=\"450\" \/>\n\t<meta property=\"og:image:type\" content=\"image\/jpeg\" \/>\n<meta name=\"twitter:card\" content=\"summary_large_image\" \/>\n<meta name=\"twitter:label1\" content=\"Dur\u00e9e de lecture estim\u00e9e\" \/>\n\t<meta name=\"twitter:data1\" content=\"1 minute\" \/>\n<script type=\"application\/ld+json\" class=\"yoast-schema-graph\">{\"@context\":\"https:\/\/schema.org\",\"@graph\":[{\"@type\":\"WebPage\",\"@id\":\"https:\/\/www.duboischemicals.com\/manufacturing\/fr\/products\/metal-finishing\/black-oxide\/\",\"url\":\"https:\/\/www.duboischemicals.com\/manufacturing\/fr\/products\/metal-finishing\/black-oxide\/\",\"name\":\"Finition noire - Manufacturing\",\"isPartOf\":{\"@id\":\"https:\/\/www.duboischemicals.com\/manufacturing\/fr\/#website\"},\"primaryImageOfPage\":{\"@id\":\"https:\/\/www.duboischemicals.com\/manufacturing\/fr\/products\/metal-finishing\/black-oxide\/#primaryimage\"},\"image\":{\"@id\":\"https:\/\/www.duboischemicals.com\/manufacturing\/fr\/products\/metal-finishing\/black-oxide\/#primaryimage\"},\"thumbnailUrl\":\"https:\/\/www.duboischemicals.com\/manufacturing\/wp-content\/uploads\/sites\/2\/2018\/10\/Metal-Finising-4.jpg\",\"datePublished\":\"2020-11-30T17:20:15+00:00\",\"dateModified\":\"2021-02-17T10:04:10+00:00\",\"breadcrumb\":{\"@id\":\"https:\/\/www.duboischemicals.com\/manufacturing\/fr\/products\/metal-finishing\/black-oxide\/#breadcrumb\"},\"inLanguage\":\"fr-FR\",\"potentialAction\":[{\"@type\":\"ReadAction\",\"target\":[\"https:\/\/www.duboischemicals.com\/manufacturing\/fr\/products\/metal-finishing\/black-oxide\/\"]}]},{\"@type\":\"ImageObject\",\"inLanguage\":\"fr-FR\",\"@id\":\"https:\/\/www.duboischemicals.com\/manufacturing\/fr\/products\/metal-finishing\/black-oxide\/#primaryimage\",\"url\":\"https:\/\/www.duboischemicals.com\/manufacturing\/wp-content\/uploads\/sites\/2\/2018\/10\/Metal-Finising-4.jpg\",\"contentUrl\":\"https:\/\/www.duboischemicals.com\/manufacturing\/wp-content\/uploads\/sites\/2\/2018\/10\/Metal-Finising-4.jpg\",\"width\":454,\"height\":450},{\"@type\":\"BreadcrumbList\",\"@id\":\"https:\/\/www.duboischemicals.com\/manufacturing\/fr\/products\/metal-finishing\/black-oxide\/#breadcrumb\",\"itemListElement\":[{\"@type\":\"ListItem\",\"position\":1,\"name\":\"Home\",\"item\":\"https:\/\/www.duboischemicals.com\/manufacturing\/fr\/\"},{\"@type\":\"ListItem\",\"position\":2,\"name\":\"Produits\",\"item\":\"https:\/\/www.duboischemicals.com\/manufacturing\/fr\/products\/\"},{\"@type\":\"ListItem\",\"position\":3,\"name\":\"Finition des m\u00e9taux\",\"item\":\"https:\/\/www.duboischemicals.com\/manufacturing\/fr\/products\/metal-finishing\/\"},{\"@type\":\"ListItem\",\"position\":4,\"name\":\"Finition noire\"}]},{\"@type\":\"WebSite\",\"@id\":\"https:\/\/www.duboischemicals.com\/manufacturing\/fr\/#website\",\"url\":\"https:\/\/www.duboischemicals.com\/manufacturing\/fr\/\",\"name\":\"Manufacturing\",\"description\":\"\",\"potentialAction\":[{\"@type\":\"SearchAction\",\"target\":{\"@type\":\"EntryPoint\",\"urlTemplate\":\"https:\/\/www.duboischemicals.com\/manufacturing\/fr\/?s={search_term_string}\"},\"query-input\":{\"@type\":\"PropertyValueSpecification\",\"valueRequired\":true,\"valueName\":\"search_term_string\"}}],\"inLanguage\":\"fr-FR\"}]}<\/script>\n<!-- \/ Yoast SEO plugin. -->","yoast_head_json":{"title":"Finition noire - Manufacturing","robots":{"index":"index","follow":"follow","max-snippet":"max-snippet:-1","max-image-preview":"max-image-preview:large","max-video-preview":"max-video-preview:-1"},"canonical":"https:\/\/www.duboischemicals.com\/manufacturing\/fr\/products\/metal-finishing\/black-oxide\/","og_locale":"fr_FR","og_type":"article","og_title":"Finition noire - Manufacturing","og_description":"DuBois propose une gamme compl\u00e8te de produits de brunissage pour obtenir le fini le plus noir qui soit, pr\u00e9sentant une r\u00e9sistance sup\u00e9rieure \u00e0 l\u2019abrasion et \u00e0 la corrosion. Nos chimistes de recherche inventifs et exp\u00e9riment\u00e9s...","og_url":"https:\/\/www.duboischemicals.com\/manufacturing\/fr\/products\/metal-finishing\/black-oxide\/","og_site_name":"Manufacturing","article_modified_time":"2021-02-17T10:04:10+00:00","og_image":[{"width":454,"height":450,"url":"https:\/\/www.duboischemicals.com\/manufacturing\/wp-content\/uploads\/sites\/2\/2018\/10\/Metal-Finising-4.jpg","type":"image\/jpeg"}],"twitter_card":"summary_large_image","twitter_misc":{"Dur\u00e9e de lecture estim\u00e9e":"1 minute"},"schema":{"@context":"https:\/\/schema.org","@graph":[{"@type":"WebPage","@id":"https:\/\/www.duboischemicals.com\/manufacturing\/fr\/products\/metal-finishing\/black-oxide\/","url":"https:\/\/www.duboischemicals.com\/manufacturing\/fr\/products\/metal-finishing\/black-oxide\/","name":"Finition noire - Manufacturing","isPartOf":{"@id":"https:\/\/www.duboischemicals.com\/manufacturing\/fr\/#website"},"primaryImageOfPage":{"@id":"https:\/\/www.duboischemicals.com\/manufacturing\/fr\/products\/metal-finishing\/black-oxide\/#primaryimage"},"image":{"@id":"https:\/\/www.duboischemicals.com\/manufacturing\/fr\/products\/metal-finishing\/black-oxide\/#primaryimage"},"thumbnailUrl":"https:\/\/www.duboischemicals.com\/manufacturing\/wp-content\/uploads\/sites\/2\/2018\/10\/Metal-Finising-4.jpg","datePublished":"2020-11-30T17:20:15+00:00","dateModified":"2021-02-17T10:04:10+00:00","breadcrumb":{"@id":"https:\/\/www.duboischemicals.com\/manufacturing\/fr\/products\/metal-finishing\/black-oxide\/#breadcrumb"},"inLanguage":"fr-FR","potentialAction":[{"@type":"ReadAction","target":["https:\/\/www.duboischemicals.com\/manufacturing\/fr\/products\/metal-finishing\/black-oxide\/"]}]},{"@type":"ImageObject","inLanguage":"fr-FR","@id":"https:\/\/www.duboischemicals.com\/manufacturing\/fr\/products\/metal-finishing\/black-oxide\/#primaryimage","url":"https:\/\/www.duboischemicals.com\/manufacturing\/wp-content\/uploads\/sites\/2\/2018\/10\/Metal-Finising-4.jpg","contentUrl":"https:\/\/www.duboischemicals.com\/manufacturing\/wp-content\/uploads\/sites\/2\/2018\/10\/Metal-Finising-4.jpg","width":454,"height":450},{"@type":"BreadcrumbList","@id":"https:\/\/www.duboischemicals.com\/manufacturing\/fr\/products\/metal-finishing\/black-oxide\/#breadcrumb","itemListElement":[{"@type":"ListItem","position":1,"name":"Home","item":"https:\/\/www.duboischemicals.com\/manufacturing\/fr\/"},{"@type":"ListItem","position":2,"name":"Produits","item":"https:\/\/www.duboischemicals.com\/manufacturing\/fr\/products\/"},{"@type":"ListItem","position":3,"name":"Finition des m\u00e9taux","item":"https:\/\/www.duboischemicals.com\/manufacturing\/fr\/products\/metal-finishing\/"},{"@type":"ListItem","position":4,"name":"Finition noire"}]},{"@type":"WebSite","@id":"https:\/\/www.duboischemicals.com\/manufacturing\/fr\/#website","url":"https:\/\/www.duboischemicals.com\/manufacturing\/fr\/","name":"Manufacturing","description":"","potentialAction":[{"@type":"SearchAction","target":{"@type":"EntryPoint","urlTemplate":"https:\/\/www.duboischemicals.com\/manufacturing\/fr\/?s={search_term_string}"},"query-input":{"@type":"PropertyValueSpecification","valueRequired":true,"valueName":"search_term_string"}}],"inLanguage":"fr-FR"}]}},"_links":{"self":[{"href":"https:\/\/www.duboischemicals.com\/manufacturing\/fr\/wp-json\/wp\/v2\/pages\/9837","targetHints":{"allow":["GET"]}}],"collection":[{"href":"https:\/\/www.duboischemicals.com\/manufacturing\/fr\/wp-json\/wp\/v2\/pages"}],"about":[{"href":"https:\/\/www.duboischemicals.com\/manufacturing\/fr\/wp-json\/wp\/v2\/types\/page"}],"author":[{"embeddable":true,"href":"https:\/\/www.duboischemicals.com\/manufacturing\/fr\/wp-json\/wp\/v2\/users\/220"}],"replies":[{"embeddable":true,"href":"https:\/\/www.duboischemicals.com\/manufacturing\/fr\/wp-json\/wp\/v2\/comments?post=9837"}],"version-history":[{"count":3,"href":"https:\/\/www.duboischemicals.com\/manufacturing\/fr\/wp-json\/wp\/v2\/pages\/9837\/revisions"}],"predecessor-version":[{"id":11548,"href":"https:\/\/www.duboischemicals.com\/manufacturing\/fr\/wp-json\/wp\/v2\/pages\/9837\/revisions\/11548"}],"up":[{"embeddable":true,"href":"https:\/\/www.duboischemicals.com\/manufacturing\/fr\/wp-json\/wp\/v2\/pages\/10725"}],"wp:featuredmedia":[{"embeddable":true,"href":"https:\/\/www.duboischemicals.com\/manufacturing\/fr\/wp-json\/wp\/v2\/media\/9838"}],"wp:attachment":[{"href":"https:\/\/www.duboischemicals.com\/manufacturing\/fr\/wp-json\/wp\/v2\/media?parent=9837"}],"curies":[{"name":"wp","href":"https:\/\/api.w.org\/{rel}","templated":true}]}}