{"id":9843,"date":"2020-11-30T12:20:15","date_gmt":"2020-11-30T17:20:15","guid":{"rendered":"https:\/\/www.duboischemicals.com\/\/manufacturing\/phosphate-conversion-coatings\/"},"modified":"2021-02-17T05:04:15","modified_gmt":"2021-02-17T10:04:15","slug":"phosphate-conversion-coatings","status":"publish","type":"page","link":"https:\/\/www.duboischemicals.com\/manufacturing\/fr\/products\/metal-finishing\/phosphate-conversion-coatings\/","title":{"rendered":"Couches de conversion au phosphate"},"content":{"rendered":"<p>DuBois propose une gamme compl\u00e8te de produits de rev\u00eatement au phosphate.  En combinant notre savoir-faire technique en s\u00e9lection de produits avec notre approche de \u00ab\u00a0responsabilit\u00e9 totale sur toute la ligne\u00a0\u00bb en ce qui a trait au service, nous sommes en mesure d\u2019offrir des couches phosphat\u00e9es de la plus haute qualit\u00e9 qui respectent ou d\u00e9passent les exigences de votre proc\u00e9d\u00e9 en mati\u00e8re de rodage, de protection contre la corrosion et d\u2019adh\u00e9rence.<\/p>\n<p>Voici un aper\u00e7u de quelques-uns des nombreux traitements au phosphate de mangan\u00e8se ou de zinc que vous trouverez parmi nos gammes d\u2019avant-garde, ainsi que des informations sur les produits suppl\u00e9mentaires utilis\u00e9s pour l\u2019affinage du grain, par exemple les enduits scellants, ou pour la production de couches de phosphate noir.<\/p>\n<ul>\n<li>Les couches de conversion lourdes au phosphate de zinc sont principalement utilis\u00e9es pour leur capacit\u00e9 \u00e0 retenir les huiles et les cires antirouille, ce qui offre une protection maximale contre la corrosion et prolonge la vie utile des composants trait\u00e9s.<\/li>\n<li>Les couches en phosphate de mangan\u00e8se sont habituellement choisies pour leur r\u00e9sistance \u00e0 l\u2019usure et leurs propri\u00e9t\u00e9s lors du rodage. Les couches en phosphate de mangan\u00e8se emp\u00eachent non seulement le contact m\u00e9tal sur m\u00e9tal entre les pi\u00e8ces mobiles, mais elles pr\u00e9sentent \u00e9galement d\u2019excellentes propri\u00e9t\u00e9s de r\u00e9tention des huiles servant au pouvoir lubrifiant et \u00e0 la protection contre la corrosion.<\/li>\n<li>Les couches en phosphate de zinc modifi\u00e9 au calcium sont g\u00e9n\u00e9ralement utilis\u00e9es comme base pour la peinture, le collage du caoutchouc, la protection contre la corrosion ou la lubrification lors du rodage. L\u2019affineur de grain int\u00e9gr\u00e9 contribue \u00e0 la formation d\u2019une structure microcristalline lisse et uniforme. Le poids des couches en phosphate de zinc modifi\u00e9 au calcium varie entre 150 et 1100\u00a0mg\/pi\u00b2 selon la formule choisie et la m\u00e9thode d\u2019application.<\/li>\n<\/ul>\n","protected":false},"excerpt":{"rendered":"<p>DuBois propose une gamme compl\u00e8te de produits de rev\u00eatement au phosphate. En combinant notre savoir-faire technique en s\u00e9lection de produits avec notre approche de \u00ab\u00a0responsabilit\u00e9 totale sur toute la ligne\u00a0\u00bb en ce qui a trait&#8230;<\/p>\n","protected":false},"author":220,"featured_media":9844,"parent":10725,"menu_order":4,"comment_status":"closed","ping_status":"closed","template":"template-prodinfo.php","meta":{"_acf_changed":false,"footnotes":""},"class_list":["post-9843","page","type-page","status-publish","has-post-thumbnail","hentry"],"acf":[],"yoast_head":"<!-- This site is optimized with the Yoast SEO plugin v26.8 - https:\/\/yoast.com\/product\/yoast-seo-wordpress\/ -->\n<title>Couches de conversion au phosphate - Manufacturing<\/title>\n<meta name=\"robots\" content=\"index, follow, max-snippet:-1, max-image-preview:large, max-video-preview:-1\" \/>\n<link rel=\"canonical\" href=\"https:\/\/www.duboischemicals.com\/manufacturing\/fr\/products\/metal-finishing\/phosphate-conversion-coatings\/\" \/>\n<meta property=\"og:locale\" content=\"fr_FR\" \/>\n<meta property=\"og:type\" content=\"article\" \/>\n<meta property=\"og:title\" content=\"Couches de conversion au phosphate - Manufacturing\" \/>\n<meta property=\"og:description\" content=\"DuBois propose une gamme compl\u00e8te de produits de rev\u00eatement au phosphate. En combinant notre savoir-faire technique en s\u00e9lection de produits avec notre approche de \u00ab\u00a0responsabilit\u00e9 totale sur toute la ligne\u00a0\u00bb en ce qui a trait...\" \/>\n<meta property=\"og:url\" content=\"https:\/\/www.duboischemicals.com\/manufacturing\/fr\/products\/metal-finishing\/phosphate-conversion-coatings\/\" \/>\n<meta property=\"og:site_name\" content=\"Manufacturing\" \/>\n<meta property=\"article:modified_time\" content=\"2021-02-17T10:04:15+00:00\" \/>\n<meta property=\"og:image\" content=\"https:\/\/www.duboischemicals.com\/manufacturing\/wp-content\/uploads\/sites\/2\/2018\/10\/Metal-Finishing-Phosphate-Conversion-Coatings.jpg\" \/>\n\t<meta property=\"og:image:width\" content=\"454\" \/>\n\t<meta property=\"og:image:height\" content=\"450\" \/>\n\t<meta property=\"og:image:type\" content=\"image\/jpeg\" \/>\n<meta name=\"twitter:card\" content=\"summary_large_image\" \/>\n<meta name=\"twitter:label1\" content=\"Dur\u00e9e de lecture estim\u00e9e\" \/>\n\t<meta name=\"twitter:data1\" content=\"2 minutes\" \/>\n<script type=\"application\/ld+json\" class=\"yoast-schema-graph\">{\"@context\":\"https:\/\/schema.org\",\"@graph\":[{\"@type\":\"WebPage\",\"@id\":\"https:\/\/www.duboischemicals.com\/manufacturing\/fr\/products\/metal-finishing\/phosphate-conversion-coatings\/\",\"url\":\"https:\/\/www.duboischemicals.com\/manufacturing\/fr\/products\/metal-finishing\/phosphate-conversion-coatings\/\",\"name\":\"Couches de conversion au phosphate - Manufacturing\",\"isPartOf\":{\"@id\":\"https:\/\/www.duboischemicals.com\/manufacturing\/fr\/#website\"},\"primaryImageOfPage\":{\"@id\":\"https:\/\/www.duboischemicals.com\/manufacturing\/fr\/products\/metal-finishing\/phosphate-conversion-coatings\/#primaryimage\"},\"image\":{\"@id\":\"https:\/\/www.duboischemicals.com\/manufacturing\/fr\/products\/metal-finishing\/phosphate-conversion-coatings\/#primaryimage\"},\"thumbnailUrl\":\"https:\/\/www.duboischemicals.com\/manufacturing\/wp-content\/uploads\/sites\/2\/2018\/10\/Metal-Finishing-Phosphate-Conversion-Coatings.jpg\",\"datePublished\":\"2020-11-30T17:20:15+00:00\",\"dateModified\":\"2021-02-17T10:04:15+00:00\",\"breadcrumb\":{\"@id\":\"https:\/\/www.duboischemicals.com\/manufacturing\/fr\/products\/metal-finishing\/phosphate-conversion-coatings\/#breadcrumb\"},\"inLanguage\":\"fr-FR\",\"potentialAction\":[{\"@type\":\"ReadAction\",\"target\":[\"https:\/\/www.duboischemicals.com\/manufacturing\/fr\/products\/metal-finishing\/phosphate-conversion-coatings\/\"]}]},{\"@type\":\"ImageObject\",\"inLanguage\":\"fr-FR\",\"@id\":\"https:\/\/www.duboischemicals.com\/manufacturing\/fr\/products\/metal-finishing\/phosphate-conversion-coatings\/#primaryimage\",\"url\":\"https:\/\/www.duboischemicals.com\/manufacturing\/wp-content\/uploads\/sites\/2\/2018\/10\/Metal-Finishing-Phosphate-Conversion-Coatings.jpg\",\"contentUrl\":\"https:\/\/www.duboischemicals.com\/manufacturing\/wp-content\/uploads\/sites\/2\/2018\/10\/Metal-Finishing-Phosphate-Conversion-Coatings.jpg\",\"width\":454,\"height\":450},{\"@type\":\"BreadcrumbList\",\"@id\":\"https:\/\/www.duboischemicals.com\/manufacturing\/fr\/products\/metal-finishing\/phosphate-conversion-coatings\/#breadcrumb\",\"itemListElement\":[{\"@type\":\"ListItem\",\"position\":1,\"name\":\"Home\",\"item\":\"https:\/\/www.duboischemicals.com\/manufacturing\/fr\/\"},{\"@type\":\"ListItem\",\"position\":2,\"name\":\"Produits\",\"item\":\"https:\/\/www.duboischemicals.com\/manufacturing\/fr\/products\/\"},{\"@type\":\"ListItem\",\"position\":3,\"name\":\"Finition des m\u00e9taux\",\"item\":\"https:\/\/www.duboischemicals.com\/manufacturing\/fr\/products\/metal-finishing\/\"},{\"@type\":\"ListItem\",\"position\":4,\"name\":\"Couches de conversion au phosphate\"}]},{\"@type\":\"WebSite\",\"@id\":\"https:\/\/www.duboischemicals.com\/manufacturing\/fr\/#website\",\"url\":\"https:\/\/www.duboischemicals.com\/manufacturing\/fr\/\",\"name\":\"Manufacturing\",\"description\":\"\",\"potentialAction\":[{\"@type\":\"SearchAction\",\"target\":{\"@type\":\"EntryPoint\",\"urlTemplate\":\"https:\/\/www.duboischemicals.com\/manufacturing\/fr\/?s={search_term_string}\"},\"query-input\":{\"@type\":\"PropertyValueSpecification\",\"valueRequired\":true,\"valueName\":\"search_term_string\"}}],\"inLanguage\":\"fr-FR\"}]}<\/script>\n<!-- \/ Yoast SEO plugin. -->","yoast_head_json":{"title":"Couches de conversion au phosphate - Manufacturing","robots":{"index":"index","follow":"follow","max-snippet":"max-snippet:-1","max-image-preview":"max-image-preview:large","max-video-preview":"max-video-preview:-1"},"canonical":"https:\/\/www.duboischemicals.com\/manufacturing\/fr\/products\/metal-finishing\/phosphate-conversion-coatings\/","og_locale":"fr_FR","og_type":"article","og_title":"Couches de conversion au phosphate - Manufacturing","og_description":"DuBois propose une gamme compl\u00e8te de produits de rev\u00eatement au phosphate. En combinant notre savoir-faire technique en s\u00e9lection de produits avec notre approche de \u00ab\u00a0responsabilit\u00e9 totale sur toute la ligne\u00a0\u00bb en ce qui a trait...","og_url":"https:\/\/www.duboischemicals.com\/manufacturing\/fr\/products\/metal-finishing\/phosphate-conversion-coatings\/","og_site_name":"Manufacturing","article_modified_time":"2021-02-17T10:04:15+00:00","og_image":[{"width":454,"height":450,"url":"https:\/\/www.duboischemicals.com\/manufacturing\/wp-content\/uploads\/sites\/2\/2018\/10\/Metal-Finishing-Phosphate-Conversion-Coatings.jpg","type":"image\/jpeg"}],"twitter_card":"summary_large_image","twitter_misc":{"Dur\u00e9e de lecture estim\u00e9e":"2 minutes"},"schema":{"@context":"https:\/\/schema.org","@graph":[{"@type":"WebPage","@id":"https:\/\/www.duboischemicals.com\/manufacturing\/fr\/products\/metal-finishing\/phosphate-conversion-coatings\/","url":"https:\/\/www.duboischemicals.com\/manufacturing\/fr\/products\/metal-finishing\/phosphate-conversion-coatings\/","name":"Couches de conversion au phosphate - Manufacturing","isPartOf":{"@id":"https:\/\/www.duboischemicals.com\/manufacturing\/fr\/#website"},"primaryImageOfPage":{"@id":"https:\/\/www.duboischemicals.com\/manufacturing\/fr\/products\/metal-finishing\/phosphate-conversion-coatings\/#primaryimage"},"image":{"@id":"https:\/\/www.duboischemicals.com\/manufacturing\/fr\/products\/metal-finishing\/phosphate-conversion-coatings\/#primaryimage"},"thumbnailUrl":"https:\/\/www.duboischemicals.com\/manufacturing\/wp-content\/uploads\/sites\/2\/2018\/10\/Metal-Finishing-Phosphate-Conversion-Coatings.jpg","datePublished":"2020-11-30T17:20:15+00:00","dateModified":"2021-02-17T10:04:15+00:00","breadcrumb":{"@id":"https:\/\/www.duboischemicals.com\/manufacturing\/fr\/products\/metal-finishing\/phosphate-conversion-coatings\/#breadcrumb"},"inLanguage":"fr-FR","potentialAction":[{"@type":"ReadAction","target":["https:\/\/www.duboischemicals.com\/manufacturing\/fr\/products\/metal-finishing\/phosphate-conversion-coatings\/"]}]},{"@type":"ImageObject","inLanguage":"fr-FR","@id":"https:\/\/www.duboischemicals.com\/manufacturing\/fr\/products\/metal-finishing\/phosphate-conversion-coatings\/#primaryimage","url":"https:\/\/www.duboischemicals.com\/manufacturing\/wp-content\/uploads\/sites\/2\/2018\/10\/Metal-Finishing-Phosphate-Conversion-Coatings.jpg","contentUrl":"https:\/\/www.duboischemicals.com\/manufacturing\/wp-content\/uploads\/sites\/2\/2018\/10\/Metal-Finishing-Phosphate-Conversion-Coatings.jpg","width":454,"height":450},{"@type":"BreadcrumbList","@id":"https:\/\/www.duboischemicals.com\/manufacturing\/fr\/products\/metal-finishing\/phosphate-conversion-coatings\/#breadcrumb","itemListElement":[{"@type":"ListItem","position":1,"name":"Home","item":"https:\/\/www.duboischemicals.com\/manufacturing\/fr\/"},{"@type":"ListItem","position":2,"name":"Produits","item":"https:\/\/www.duboischemicals.com\/manufacturing\/fr\/products\/"},{"@type":"ListItem","position":3,"name":"Finition des m\u00e9taux","item":"https:\/\/www.duboischemicals.com\/manufacturing\/fr\/products\/metal-finishing\/"},{"@type":"ListItem","position":4,"name":"Couches de conversion au phosphate"}]},{"@type":"WebSite","@id":"https:\/\/www.duboischemicals.com\/manufacturing\/fr\/#website","url":"https:\/\/www.duboischemicals.com\/manufacturing\/fr\/","name":"Manufacturing","description":"","potentialAction":[{"@type":"SearchAction","target":{"@type":"EntryPoint","urlTemplate":"https:\/\/www.duboischemicals.com\/manufacturing\/fr\/?s={search_term_string}"},"query-input":{"@type":"PropertyValueSpecification","valueRequired":true,"valueName":"search_term_string"}}],"inLanguage":"fr-FR"}]}},"_links":{"self":[{"href":"https:\/\/www.duboischemicals.com\/manufacturing\/fr\/wp-json\/wp\/v2\/pages\/9843","targetHints":{"allow":["GET"]}}],"collection":[{"href":"https:\/\/www.duboischemicals.com\/manufacturing\/fr\/wp-json\/wp\/v2\/pages"}],"about":[{"href":"https:\/\/www.duboischemicals.com\/manufacturing\/fr\/wp-json\/wp\/v2\/types\/page"}],"author":[{"embeddable":true,"href":"https:\/\/www.duboischemicals.com\/manufacturing\/fr\/wp-json\/wp\/v2\/users\/220"}],"replies":[{"embeddable":true,"href":"https:\/\/www.duboischemicals.com\/manufacturing\/fr\/wp-json\/wp\/v2\/comments?post=9843"}],"version-history":[{"count":3,"href":"https:\/\/www.duboischemicals.com\/manufacturing\/fr\/wp-json\/wp\/v2\/pages\/9843\/revisions"}],"predecessor-version":[{"id":11558,"href":"https:\/\/www.duboischemicals.com\/manufacturing\/fr\/wp-json\/wp\/v2\/pages\/9843\/revisions\/11558"}],"up":[{"embeddable":true,"href":"https:\/\/www.duboischemicals.com\/manufacturing\/fr\/wp-json\/wp\/v2\/pages\/10725"}],"wp:featuredmedia":[{"embeddable":true,"href":"https:\/\/www.duboischemicals.com\/manufacturing\/fr\/wp-json\/wp\/v2\/media\/9844"}],"wp:attachment":[{"href":"https:\/\/www.duboischemicals.com\/manufacturing\/fr\/wp-json\/wp\/v2\/media?parent=9843"}],"curies":[{"name":"wp","href":"https:\/\/api.w.org\/{rel}","templated":true}]}}