{"id":9846,"date":"2020-11-30T12:20:16","date_gmt":"2020-11-30T17:20:16","guid":{"rendered":"https:\/\/www.duboischemicals.com\/\/manufacturing\/electroless-nickel-plating\/"},"modified":"2021-02-17T05:04:22","modified_gmt":"2021-02-17T10:04:22","slug":"electroless-nickel-plating","status":"publish","type":"page","link":"https:\/\/www.duboischemicals.com\/manufacturing\/fr\/products\/metal-finishing\/electroless-nickel-plating\/","title":{"rendered":"Nickelage chimique"},"content":{"rendered":"<p>DuBois propose une gamme compl\u00e8te de syst\u00e8mes exclusifs de nickelage chimique afin de r\u00e9pondre \u00e0 toutes vos exigences en mati\u00e8re de couches fonctionnelles et d\u00e9coratives. Nos produits de nickelage chimique sont fabriqu\u00e9s \u00e0 partir des mat\u00e9riaux les plus purs, m\u00e9lang\u00e9s dans des \u00e9quipements de pointe sp\u00e9cialis\u00e9s, et soumis \u00e0 des essais rigoureux de contr\u00f4le de la qualit\u00e9 afin de garantir \u00e0 nos clients des produits de la plus haute qualit\u00e9.<\/p>\n<p>Les produits de nickelage chimique DuBois se d\u00e9clinent en plusieurs options et pr\u00e9sentent de nombreux avantages, notamment les suivants\u00a0:<\/p>\n<ul>\n<li>Options \u00e0 haute teneur en phosphore permettant d\u2019obtenir des couches de qualit\u00e9 sup\u00e9rieure non magn\u00e9tiques et r\u00e9sistantes \u00e0 la corrosion conformes aux directives europ\u00e9ennes VHU et LdSD.<\/li>\n<li>Options \u00e0 moyenne teneur en phosphore donnant un nickelage brillant, caract\u00e9ris\u00e9 par sa duret\u00e9 ainsi que sa r\u00e9sistance \u00e0 la corrosion et \u00e0 l\u2019usure.<\/li>\n<li>Produits \u00e0 faible teneur en phosphore, reconnus pour la duret\u00e9 \u00e9lev\u00e9e du placage et leur r\u00e9sistance \u00e0 l\u2019usure. Ils pr\u00e9sentent \u00e9galement une meilleure aptitude au brasage, une protection accrue contre la corrosion dans les environnements alcalins, ainsi qu\u2019une meilleure r\u00e9sistance aux fortes temp\u00e9ratures.<\/li>\n<li>Proc\u00e9d\u00e9s sans cadmium et sans plomb.<\/li>\n<\/ul>\n","protected":false},"excerpt":{"rendered":"<p>DuBois propose une gamme compl\u00e8te de syst\u00e8mes exclusifs de nickelage chimique afin de r\u00e9pondre \u00e0 toutes vos exigences en mati\u00e8re de couches fonctionnelles et d\u00e9coratives. Nos produits de nickelage chimique sont fabriqu\u00e9s \u00e0 partir des&#8230;<\/p>\n","protected":false},"author":220,"featured_media":9847,"parent":10725,"menu_order":5,"comment_status":"closed","ping_status":"closed","template":"template-prodinfo.php","meta":{"_acf_changed":false,"footnotes":""},"class_list":["post-9846","page","type-page","status-publish","has-post-thumbnail","hentry"],"acf":[],"yoast_head":"<!-- This site is optimized with the Yoast SEO plugin v26.8 - https:\/\/yoast.com\/product\/yoast-seo-wordpress\/ -->\n<title>Nickelage chimique - Manufacturing<\/title>\n<meta name=\"robots\" content=\"index, follow, max-snippet:-1, max-image-preview:large, max-video-preview:-1\" \/>\n<link rel=\"canonical\" href=\"https:\/\/www.duboischemicals.com\/manufacturing\/fr\/products\/metal-finishing\/electroless-nickel-plating\/\" \/>\n<meta property=\"og:locale\" content=\"fr_FR\" \/>\n<meta property=\"og:type\" content=\"article\" \/>\n<meta property=\"og:title\" content=\"Nickelage chimique - Manufacturing\" \/>\n<meta property=\"og:description\" content=\"DuBois propose une gamme compl\u00e8te de syst\u00e8mes exclusifs de nickelage chimique afin de r\u00e9pondre \u00e0 toutes vos exigences en mati\u00e8re de couches fonctionnelles et d\u00e9coratives. Nos produits de nickelage chimique sont fabriqu\u00e9s \u00e0 partir des...\" \/>\n<meta property=\"og:url\" content=\"https:\/\/www.duboischemicals.com\/manufacturing\/fr\/products\/metal-finishing\/electroless-nickel-plating\/\" \/>\n<meta property=\"og:site_name\" content=\"Manufacturing\" \/>\n<meta property=\"article:modified_time\" content=\"2021-02-17T10:04:22+00:00\" \/>\n<meta property=\"og:image\" content=\"https:\/\/www.duboischemicals.com\/manufacturing\/wp-content\/uploads\/sites\/2\/2018\/10\/iStock-500480682-Electroless-Nickel-Plating.jpg\" \/>\n\t<meta property=\"og:image:width\" content=\"454\" \/>\n\t<meta property=\"og:image:height\" content=\"450\" \/>\n\t<meta property=\"og:image:type\" content=\"image\/jpeg\" \/>\n<meta name=\"twitter:card\" content=\"summary_large_image\" \/>\n<meta name=\"twitter:label1\" content=\"Dur\u00e9e de lecture estim\u00e9e\" \/>\n\t<meta name=\"twitter:data1\" content=\"1 minute\" \/>\n<script type=\"application\/ld+json\" class=\"yoast-schema-graph\">{\"@context\":\"https:\/\/schema.org\",\"@graph\":[{\"@type\":\"WebPage\",\"@id\":\"https:\/\/www.duboischemicals.com\/manufacturing\/fr\/products\/metal-finishing\/electroless-nickel-plating\/\",\"url\":\"https:\/\/www.duboischemicals.com\/manufacturing\/fr\/products\/metal-finishing\/electroless-nickel-plating\/\",\"name\":\"Nickelage chimique - Manufacturing\",\"isPartOf\":{\"@id\":\"https:\/\/www.duboischemicals.com\/manufacturing\/fr\/#website\"},\"primaryImageOfPage\":{\"@id\":\"https:\/\/www.duboischemicals.com\/manufacturing\/fr\/products\/metal-finishing\/electroless-nickel-plating\/#primaryimage\"},\"image\":{\"@id\":\"https:\/\/www.duboischemicals.com\/manufacturing\/fr\/products\/metal-finishing\/electroless-nickel-plating\/#primaryimage\"},\"thumbnailUrl\":\"https:\/\/www.duboischemicals.com\/manufacturing\/wp-content\/uploads\/sites\/2\/2018\/10\/iStock-500480682-Electroless-Nickel-Plating.jpg\",\"datePublished\":\"2020-11-30T17:20:16+00:00\",\"dateModified\":\"2021-02-17T10:04:22+00:00\",\"breadcrumb\":{\"@id\":\"https:\/\/www.duboischemicals.com\/manufacturing\/fr\/products\/metal-finishing\/electroless-nickel-plating\/#breadcrumb\"},\"inLanguage\":\"fr-FR\",\"potentialAction\":[{\"@type\":\"ReadAction\",\"target\":[\"https:\/\/www.duboischemicals.com\/manufacturing\/fr\/products\/metal-finishing\/electroless-nickel-plating\/\"]}]},{\"@type\":\"ImageObject\",\"inLanguage\":\"fr-FR\",\"@id\":\"https:\/\/www.duboischemicals.com\/manufacturing\/fr\/products\/metal-finishing\/electroless-nickel-plating\/#primaryimage\",\"url\":\"https:\/\/www.duboischemicals.com\/manufacturing\/wp-content\/uploads\/sites\/2\/2018\/10\/iStock-500480682-Electroless-Nickel-Plating.jpg\",\"contentUrl\":\"https:\/\/www.duboischemicals.com\/manufacturing\/wp-content\/uploads\/sites\/2\/2018\/10\/iStock-500480682-Electroless-Nickel-Plating.jpg\",\"width\":454,\"height\":450},{\"@type\":\"BreadcrumbList\",\"@id\":\"https:\/\/www.duboischemicals.com\/manufacturing\/fr\/products\/metal-finishing\/electroless-nickel-plating\/#breadcrumb\",\"itemListElement\":[{\"@type\":\"ListItem\",\"position\":1,\"name\":\"Home\",\"item\":\"https:\/\/www.duboischemicals.com\/manufacturing\/fr\/\"},{\"@type\":\"ListItem\",\"position\":2,\"name\":\"Produits\",\"item\":\"https:\/\/www.duboischemicals.com\/manufacturing\/fr\/products\/\"},{\"@type\":\"ListItem\",\"position\":3,\"name\":\"Finition des m\u00e9taux\",\"item\":\"https:\/\/www.duboischemicals.com\/manufacturing\/fr\/products\/metal-finishing\/\"},{\"@type\":\"ListItem\",\"position\":4,\"name\":\"Nickelage chimique\"}]},{\"@type\":\"WebSite\",\"@id\":\"https:\/\/www.duboischemicals.com\/manufacturing\/fr\/#website\",\"url\":\"https:\/\/www.duboischemicals.com\/manufacturing\/fr\/\",\"name\":\"Manufacturing\",\"description\":\"\",\"potentialAction\":[{\"@type\":\"SearchAction\",\"target\":{\"@type\":\"EntryPoint\",\"urlTemplate\":\"https:\/\/www.duboischemicals.com\/manufacturing\/fr\/?s={search_term_string}\"},\"query-input\":{\"@type\":\"PropertyValueSpecification\",\"valueRequired\":true,\"valueName\":\"search_term_string\"}}],\"inLanguage\":\"fr-FR\"}]}<\/script>\n<!-- \/ Yoast SEO plugin. -->","yoast_head_json":{"title":"Nickelage chimique - Manufacturing","robots":{"index":"index","follow":"follow","max-snippet":"max-snippet:-1","max-image-preview":"max-image-preview:large","max-video-preview":"max-video-preview:-1"},"canonical":"https:\/\/www.duboischemicals.com\/manufacturing\/fr\/products\/metal-finishing\/electroless-nickel-plating\/","og_locale":"fr_FR","og_type":"article","og_title":"Nickelage chimique - Manufacturing","og_description":"DuBois propose une gamme compl\u00e8te de syst\u00e8mes exclusifs de nickelage chimique afin de r\u00e9pondre \u00e0 toutes vos exigences en mati\u00e8re de couches fonctionnelles et d\u00e9coratives. Nos produits de nickelage chimique sont fabriqu\u00e9s \u00e0 partir des...","og_url":"https:\/\/www.duboischemicals.com\/manufacturing\/fr\/products\/metal-finishing\/electroless-nickel-plating\/","og_site_name":"Manufacturing","article_modified_time":"2021-02-17T10:04:22+00:00","og_image":[{"width":454,"height":450,"url":"https:\/\/www.duboischemicals.com\/manufacturing\/wp-content\/uploads\/sites\/2\/2018\/10\/iStock-500480682-Electroless-Nickel-Plating.jpg","type":"image\/jpeg"}],"twitter_card":"summary_large_image","twitter_misc":{"Dur\u00e9e de lecture estim\u00e9e":"1 minute"},"schema":{"@context":"https:\/\/schema.org","@graph":[{"@type":"WebPage","@id":"https:\/\/www.duboischemicals.com\/manufacturing\/fr\/products\/metal-finishing\/electroless-nickel-plating\/","url":"https:\/\/www.duboischemicals.com\/manufacturing\/fr\/products\/metal-finishing\/electroless-nickel-plating\/","name":"Nickelage chimique - Manufacturing","isPartOf":{"@id":"https:\/\/www.duboischemicals.com\/manufacturing\/fr\/#website"},"primaryImageOfPage":{"@id":"https:\/\/www.duboischemicals.com\/manufacturing\/fr\/products\/metal-finishing\/electroless-nickel-plating\/#primaryimage"},"image":{"@id":"https:\/\/www.duboischemicals.com\/manufacturing\/fr\/products\/metal-finishing\/electroless-nickel-plating\/#primaryimage"},"thumbnailUrl":"https:\/\/www.duboischemicals.com\/manufacturing\/wp-content\/uploads\/sites\/2\/2018\/10\/iStock-500480682-Electroless-Nickel-Plating.jpg","datePublished":"2020-11-30T17:20:16+00:00","dateModified":"2021-02-17T10:04:22+00:00","breadcrumb":{"@id":"https:\/\/www.duboischemicals.com\/manufacturing\/fr\/products\/metal-finishing\/electroless-nickel-plating\/#breadcrumb"},"inLanguage":"fr-FR","potentialAction":[{"@type":"ReadAction","target":["https:\/\/www.duboischemicals.com\/manufacturing\/fr\/products\/metal-finishing\/electroless-nickel-plating\/"]}]},{"@type":"ImageObject","inLanguage":"fr-FR","@id":"https:\/\/www.duboischemicals.com\/manufacturing\/fr\/products\/metal-finishing\/electroless-nickel-plating\/#primaryimage","url":"https:\/\/www.duboischemicals.com\/manufacturing\/wp-content\/uploads\/sites\/2\/2018\/10\/iStock-500480682-Electroless-Nickel-Plating.jpg","contentUrl":"https:\/\/www.duboischemicals.com\/manufacturing\/wp-content\/uploads\/sites\/2\/2018\/10\/iStock-500480682-Electroless-Nickel-Plating.jpg","width":454,"height":450},{"@type":"BreadcrumbList","@id":"https:\/\/www.duboischemicals.com\/manufacturing\/fr\/products\/metal-finishing\/electroless-nickel-plating\/#breadcrumb","itemListElement":[{"@type":"ListItem","position":1,"name":"Home","item":"https:\/\/www.duboischemicals.com\/manufacturing\/fr\/"},{"@type":"ListItem","position":2,"name":"Produits","item":"https:\/\/www.duboischemicals.com\/manufacturing\/fr\/products\/"},{"@type":"ListItem","position":3,"name":"Finition des m\u00e9taux","item":"https:\/\/www.duboischemicals.com\/manufacturing\/fr\/products\/metal-finishing\/"},{"@type":"ListItem","position":4,"name":"Nickelage chimique"}]},{"@type":"WebSite","@id":"https:\/\/www.duboischemicals.com\/manufacturing\/fr\/#website","url":"https:\/\/www.duboischemicals.com\/manufacturing\/fr\/","name":"Manufacturing","description":"","potentialAction":[{"@type":"SearchAction","target":{"@type":"EntryPoint","urlTemplate":"https:\/\/www.duboischemicals.com\/manufacturing\/fr\/?s={search_term_string}"},"query-input":{"@type":"PropertyValueSpecification","valueRequired":true,"valueName":"search_term_string"}}],"inLanguage":"fr-FR"}]}},"_links":{"self":[{"href":"https:\/\/www.duboischemicals.com\/manufacturing\/fr\/wp-json\/wp\/v2\/pages\/9846","targetHints":{"allow":["GET"]}}],"collection":[{"href":"https:\/\/www.duboischemicals.com\/manufacturing\/fr\/wp-json\/wp\/v2\/pages"}],"about":[{"href":"https:\/\/www.duboischemicals.com\/manufacturing\/fr\/wp-json\/wp\/v2\/types\/page"}],"author":[{"embeddable":true,"href":"https:\/\/www.duboischemicals.com\/manufacturing\/fr\/wp-json\/wp\/v2\/users\/220"}],"replies":[{"embeddable":true,"href":"https:\/\/www.duboischemicals.com\/manufacturing\/fr\/wp-json\/wp\/v2\/comments?post=9846"}],"version-history":[{"count":3,"href":"https:\/\/www.duboischemicals.com\/manufacturing\/fr\/wp-json\/wp\/v2\/pages\/9846\/revisions"}],"predecessor-version":[{"id":11577,"href":"https:\/\/www.duboischemicals.com\/manufacturing\/fr\/wp-json\/wp\/v2\/pages\/9846\/revisions\/11577"}],"up":[{"embeddable":true,"href":"https:\/\/www.duboischemicals.com\/manufacturing\/fr\/wp-json\/wp\/v2\/pages\/10725"}],"wp:featuredmedia":[{"embeddable":true,"href":"https:\/\/www.duboischemicals.com\/manufacturing\/fr\/wp-json\/wp\/v2\/media\/9847"}],"wp:attachment":[{"href":"https:\/\/www.duboischemicals.com\/manufacturing\/fr\/wp-json\/wp\/v2\/media?parent=9846"}],"curies":[{"name":"wp","href":"https:\/\/api.w.org\/{rel}","templated":true}]}}