{"id":9849,"date":"2018-10-23T16:36:37","date_gmt":"2018-10-23T20:36:37","guid":{"rendered":"https:\/\/www.duboischemicals.com\/\/manufacturing\/zinc-plating-brighteners\/"},"modified":"2021-02-26T04:42:42","modified_gmt":"2021-02-26T09:42:42","slug":"zinc-plating-brighteners","status":"publish","type":"page","link":"https:\/\/www.duboischemicals.com\/manufacturing\/fr\/products\/metal-finishing\/zinc-plating-brighteners\/","title":{"rendered":"Brillanteurs pour placage au zinc"},"content":{"rendered":"<p>DuBois propose une gamme \u00e9tendue de brillanteurs hautement performants pour le placage au zinc effectu\u00e9 \u00e0 l\u2019aide de bains au cyanure, sans cyanure, au chlorure d\u2019acide et au chlorure mixte. Ces produits sont utilis\u00e9s dans les applications en baril et sur support, ainsi que dans les cha\u00eenes manuelles et automatiques. Nos solutions produisent des d\u00e9p\u00f4ts de zinc brillant directement \u00e0 partir du bain de placage. Nos brillanteurs pour placage au zinc pr\u00e9sentent un excellent pouvoir de p\u00e9n\u00e9tration ainsi qu\u2019une excellente adh\u00e9rence, une stabilit\u00e9 \u00e9lev\u00e9e, une solubilit\u00e9 compl\u00e8te, une faible consommation, une longue vie utile et un faible co\u00fbt.<\/p>\n<p>Les produits de placage au zinc DuBois se d\u00e9clinent en plusieurs options et pr\u00e9sentent de nombreux avantages, notamment les suivants\u00a0:<\/p>\n<ul>\n<li>Options alcalines, au chlorure d\u2019acide et au chlorure mixte<\/li>\n<li>Excellente r\u00e9partition du placage<\/li>\n<li>Capacit\u00e9 de plaquer des pi\u00e8ces avec des creux profonds<\/li>\n<li>Capacit\u00e9 de plaquer sur une large plage de densit\u00e9s de courant<\/li>\n<li>Tol\u00e8re la contamination organique et par le fer<\/li>\n<\/ul>\n","protected":false},"excerpt":{"rendered":"<p>DuBois propose une gamme \u00e9tendue de brillanteurs hautement performants pour le placage au zinc effectu\u00e9 \u00e0 l\u2019aide de bains au cyanure, sans cyanure, au chlorure d\u2019acide et au chlorure mixte. Ces produits sont utilis\u00e9s dans&#8230;<\/p>\n","protected":false},"author":220,"featured_media":9850,"parent":10725,"menu_order":6,"comment_status":"closed","ping_status":"closed","template":"template-prodinfo.php","meta":{"_acf_changed":false,"footnotes":""},"class_list":["post-9849","page","type-page","status-publish","has-post-thumbnail","hentry"],"acf":[],"yoast_head":"<!-- This site is optimized with the Yoast SEO plugin v26.8 - https:\/\/yoast.com\/product\/yoast-seo-wordpress\/ -->\n<title>Brillanteurs pour placage au zinc - Manufacturing<\/title>\n<meta name=\"robots\" content=\"index, follow, max-snippet:-1, max-image-preview:large, max-video-preview:-1\" \/>\n<link rel=\"canonical\" href=\"https:\/\/www.duboischemicals.com\/manufacturing\/fr\/products\/metal-finishing\/zinc-plating-brighteners\/\" \/>\n<meta property=\"og:locale\" content=\"fr_FR\" \/>\n<meta property=\"og:type\" content=\"article\" \/>\n<meta property=\"og:title\" content=\"Brillanteurs pour placage au zinc - Manufacturing\" \/>\n<meta property=\"og:description\" content=\"DuBois propose une gamme \u00e9tendue de brillanteurs hautement performants pour le placage au zinc effectu\u00e9 \u00e0 l\u2019aide de bains au cyanure, sans cyanure, au chlorure d\u2019acide et au chlorure mixte. Ces produits sont utilis\u00e9s dans...\" \/>\n<meta property=\"og:url\" content=\"https:\/\/www.duboischemicals.com\/manufacturing\/fr\/products\/metal-finishing\/zinc-plating-brighteners\/\" \/>\n<meta property=\"og:site_name\" content=\"Manufacturing\" \/>\n<meta property=\"article:modified_time\" content=\"2021-02-26T09:42:42+00:00\" \/>\n<meta property=\"og:image\" content=\"https:\/\/www.duboischemicals.com\/manufacturing\/wp-content\/uploads\/sites\/2\/2018\/10\/iStock-518326218-Zinc-Plating-Brighteners.jpg\" \/>\n\t<meta property=\"og:image:width\" content=\"454\" \/>\n\t<meta property=\"og:image:height\" content=\"450\" \/>\n\t<meta property=\"og:image:type\" content=\"image\/jpeg\" \/>\n<meta name=\"twitter:card\" content=\"summary_large_image\" \/>\n<meta name=\"twitter:label1\" content=\"Dur\u00e9e de lecture estim\u00e9e\" \/>\n\t<meta name=\"twitter:data1\" content=\"1 minute\" \/>\n<script type=\"application\/ld+json\" class=\"yoast-schema-graph\">{\"@context\":\"https:\/\/schema.org\",\"@graph\":[{\"@type\":\"WebPage\",\"@id\":\"https:\/\/www.duboischemicals.com\/manufacturing\/fr\/products\/metal-finishing\/zinc-plating-brighteners\/\",\"url\":\"https:\/\/www.duboischemicals.com\/manufacturing\/fr\/products\/metal-finishing\/zinc-plating-brighteners\/\",\"name\":\"Brillanteurs pour placage au zinc - Manufacturing\",\"isPartOf\":{\"@id\":\"https:\/\/www.duboischemicals.com\/manufacturing\/fr\/#website\"},\"primaryImageOfPage\":{\"@id\":\"https:\/\/www.duboischemicals.com\/manufacturing\/fr\/products\/metal-finishing\/zinc-plating-brighteners\/#primaryimage\"},\"image\":{\"@id\":\"https:\/\/www.duboischemicals.com\/manufacturing\/fr\/products\/metal-finishing\/zinc-plating-brighteners\/#primaryimage\"},\"thumbnailUrl\":\"https:\/\/www.duboischemicals.com\/manufacturing\/wp-content\/uploads\/sites\/2\/2018\/10\/iStock-518326218-Zinc-Plating-Brighteners.jpg\",\"datePublished\":\"2018-10-23T20:36:37+00:00\",\"dateModified\":\"2021-02-26T09:42:42+00:00\",\"breadcrumb\":{\"@id\":\"https:\/\/www.duboischemicals.com\/manufacturing\/fr\/products\/metal-finishing\/zinc-plating-brighteners\/#breadcrumb\"},\"inLanguage\":\"fr-FR\",\"potentialAction\":[{\"@type\":\"ReadAction\",\"target\":[\"https:\/\/www.duboischemicals.com\/manufacturing\/fr\/products\/metal-finishing\/zinc-plating-brighteners\/\"]}]},{\"@type\":\"ImageObject\",\"inLanguage\":\"fr-FR\",\"@id\":\"https:\/\/www.duboischemicals.com\/manufacturing\/fr\/products\/metal-finishing\/zinc-plating-brighteners\/#primaryimage\",\"url\":\"https:\/\/www.duboischemicals.com\/manufacturing\/wp-content\/uploads\/sites\/2\/2018\/10\/iStock-518326218-Zinc-Plating-Brighteners.jpg\",\"contentUrl\":\"https:\/\/www.duboischemicals.com\/manufacturing\/wp-content\/uploads\/sites\/2\/2018\/10\/iStock-518326218-Zinc-Plating-Brighteners.jpg\",\"width\":454,\"height\":450},{\"@type\":\"BreadcrumbList\",\"@id\":\"https:\/\/www.duboischemicals.com\/manufacturing\/fr\/products\/metal-finishing\/zinc-plating-brighteners\/#breadcrumb\",\"itemListElement\":[{\"@type\":\"ListItem\",\"position\":1,\"name\":\"Home\",\"item\":\"https:\/\/www.duboischemicals.com\/manufacturing\/fr\/\"},{\"@type\":\"ListItem\",\"position\":2,\"name\":\"Produits\",\"item\":\"https:\/\/www.duboischemicals.com\/manufacturing\/fr\/products\/\"},{\"@type\":\"ListItem\",\"position\":3,\"name\":\"Finition des m\u00e9taux\",\"item\":\"https:\/\/www.duboischemicals.com\/manufacturing\/fr\/products\/metal-finishing\/\"},{\"@type\":\"ListItem\",\"position\":4,\"name\":\"Brillanteurs pour placage au zinc\"}]},{\"@type\":\"WebSite\",\"@id\":\"https:\/\/www.duboischemicals.com\/manufacturing\/fr\/#website\",\"url\":\"https:\/\/www.duboischemicals.com\/manufacturing\/fr\/\",\"name\":\"Manufacturing\",\"description\":\"\",\"potentialAction\":[{\"@type\":\"SearchAction\",\"target\":{\"@type\":\"EntryPoint\",\"urlTemplate\":\"https:\/\/www.duboischemicals.com\/manufacturing\/fr\/?s={search_term_string}\"},\"query-input\":{\"@type\":\"PropertyValueSpecification\",\"valueRequired\":true,\"valueName\":\"search_term_string\"}}],\"inLanguage\":\"fr-FR\"}]}<\/script>\n<!-- \/ Yoast SEO plugin. -->","yoast_head_json":{"title":"Brillanteurs pour placage au zinc - Manufacturing","robots":{"index":"index","follow":"follow","max-snippet":"max-snippet:-1","max-image-preview":"max-image-preview:large","max-video-preview":"max-video-preview:-1"},"canonical":"https:\/\/www.duboischemicals.com\/manufacturing\/fr\/products\/metal-finishing\/zinc-plating-brighteners\/","og_locale":"fr_FR","og_type":"article","og_title":"Brillanteurs pour placage au zinc - Manufacturing","og_description":"DuBois propose une gamme \u00e9tendue de brillanteurs hautement performants pour le placage au zinc effectu\u00e9 \u00e0 l\u2019aide de bains au cyanure, sans cyanure, au chlorure d\u2019acide et au chlorure mixte. Ces produits sont utilis\u00e9s dans...","og_url":"https:\/\/www.duboischemicals.com\/manufacturing\/fr\/products\/metal-finishing\/zinc-plating-brighteners\/","og_site_name":"Manufacturing","article_modified_time":"2021-02-26T09:42:42+00:00","og_image":[{"width":454,"height":450,"url":"https:\/\/www.duboischemicals.com\/manufacturing\/wp-content\/uploads\/sites\/2\/2018\/10\/iStock-518326218-Zinc-Plating-Brighteners.jpg","type":"image\/jpeg"}],"twitter_card":"summary_large_image","twitter_misc":{"Dur\u00e9e de lecture estim\u00e9e":"1 minute"},"schema":{"@context":"https:\/\/schema.org","@graph":[{"@type":"WebPage","@id":"https:\/\/www.duboischemicals.com\/manufacturing\/fr\/products\/metal-finishing\/zinc-plating-brighteners\/","url":"https:\/\/www.duboischemicals.com\/manufacturing\/fr\/products\/metal-finishing\/zinc-plating-brighteners\/","name":"Brillanteurs pour placage au zinc - Manufacturing","isPartOf":{"@id":"https:\/\/www.duboischemicals.com\/manufacturing\/fr\/#website"},"primaryImageOfPage":{"@id":"https:\/\/www.duboischemicals.com\/manufacturing\/fr\/products\/metal-finishing\/zinc-plating-brighteners\/#primaryimage"},"image":{"@id":"https:\/\/www.duboischemicals.com\/manufacturing\/fr\/products\/metal-finishing\/zinc-plating-brighteners\/#primaryimage"},"thumbnailUrl":"https:\/\/www.duboischemicals.com\/manufacturing\/wp-content\/uploads\/sites\/2\/2018\/10\/iStock-518326218-Zinc-Plating-Brighteners.jpg","datePublished":"2018-10-23T20:36:37+00:00","dateModified":"2021-02-26T09:42:42+00:00","breadcrumb":{"@id":"https:\/\/www.duboischemicals.com\/manufacturing\/fr\/products\/metal-finishing\/zinc-plating-brighteners\/#breadcrumb"},"inLanguage":"fr-FR","potentialAction":[{"@type":"ReadAction","target":["https:\/\/www.duboischemicals.com\/manufacturing\/fr\/products\/metal-finishing\/zinc-plating-brighteners\/"]}]},{"@type":"ImageObject","inLanguage":"fr-FR","@id":"https:\/\/www.duboischemicals.com\/manufacturing\/fr\/products\/metal-finishing\/zinc-plating-brighteners\/#primaryimage","url":"https:\/\/www.duboischemicals.com\/manufacturing\/wp-content\/uploads\/sites\/2\/2018\/10\/iStock-518326218-Zinc-Plating-Brighteners.jpg","contentUrl":"https:\/\/www.duboischemicals.com\/manufacturing\/wp-content\/uploads\/sites\/2\/2018\/10\/iStock-518326218-Zinc-Plating-Brighteners.jpg","width":454,"height":450},{"@type":"BreadcrumbList","@id":"https:\/\/www.duboischemicals.com\/manufacturing\/fr\/products\/metal-finishing\/zinc-plating-brighteners\/#breadcrumb","itemListElement":[{"@type":"ListItem","position":1,"name":"Home","item":"https:\/\/www.duboischemicals.com\/manufacturing\/fr\/"},{"@type":"ListItem","position":2,"name":"Produits","item":"https:\/\/www.duboischemicals.com\/manufacturing\/fr\/products\/"},{"@type":"ListItem","position":3,"name":"Finition des m\u00e9taux","item":"https:\/\/www.duboischemicals.com\/manufacturing\/fr\/products\/metal-finishing\/"},{"@type":"ListItem","position":4,"name":"Brillanteurs pour placage au zinc"}]},{"@type":"WebSite","@id":"https:\/\/www.duboischemicals.com\/manufacturing\/fr\/#website","url":"https:\/\/www.duboischemicals.com\/manufacturing\/fr\/","name":"Manufacturing","description":"","potentialAction":[{"@type":"SearchAction","target":{"@type":"EntryPoint","urlTemplate":"https:\/\/www.duboischemicals.com\/manufacturing\/fr\/?s={search_term_string}"},"query-input":{"@type":"PropertyValueSpecification","valueRequired":true,"valueName":"search_term_string"}}],"inLanguage":"fr-FR"}]}},"_links":{"self":[{"href":"https:\/\/www.duboischemicals.com\/manufacturing\/fr\/wp-json\/wp\/v2\/pages\/9849","targetHints":{"allow":["GET"]}}],"collection":[{"href":"https:\/\/www.duboischemicals.com\/manufacturing\/fr\/wp-json\/wp\/v2\/pages"}],"about":[{"href":"https:\/\/www.duboischemicals.com\/manufacturing\/fr\/wp-json\/wp\/v2\/types\/page"}],"author":[{"embeddable":true,"href":"https:\/\/www.duboischemicals.com\/manufacturing\/fr\/wp-json\/wp\/v2\/users\/220"}],"replies":[{"embeddable":true,"href":"https:\/\/www.duboischemicals.com\/manufacturing\/fr\/wp-json\/wp\/v2\/comments?post=9849"}],"version-history":[{"count":4,"href":"https:\/\/www.duboischemicals.com\/manufacturing\/fr\/wp-json\/wp\/v2\/pages\/9849\/revisions"}],"predecessor-version":[{"id":11772,"href":"https:\/\/www.duboischemicals.com\/manufacturing\/fr\/wp-json\/wp\/v2\/pages\/9849\/revisions\/11772"}],"up":[{"embeddable":true,"href":"https:\/\/www.duboischemicals.com\/manufacturing\/fr\/wp-json\/wp\/v2\/pages\/10725"}],"wp:featuredmedia":[{"embeddable":true,"href":"https:\/\/www.duboischemicals.com\/manufacturing\/fr\/wp-json\/wp\/v2\/media\/9850"}],"wp:attachment":[{"href":"https:\/\/www.duboischemicals.com\/manufacturing\/fr\/wp-json\/wp\/v2\/media?parent=9849"}],"curies":[{"name":"wp","href":"https:\/\/api.w.org\/{rel}","templated":true}]}}