{"id":10174,"date":"2020-11-23T14:37:19","date_gmt":"2020-11-23T19:37:19","guid":{"rendered":"https:\/\/www.duboischemicals.com\/\/paper-pulp\/equipment\/product-feed-control\/"},"modified":"2021-02-26T04:32:42","modified_gmt":"2021-02-26T09:32:42","slug":"product-feed-control","status":"publish","type":"page","link":"https:\/\/www.duboischemicals.com\/paper-pulp\/fr\/equipment\/product-feed-control\/","title":{"rendered":"Alimentation en produits chimiques et contr\u00f4le"},"content":{"rendered":"<h2>Alimentation en produits chimiques et contr\u00f4le<\/h2>\n<p>Le succ\u00e8s ultime de toute application chimique d\u00e9pend en grande partie de la combinaison d&rsquo;un \u00e9quipement d&rsquo;alimentation et de contr\u00f4le avec des produits chimiques de pointe.<\/p>\n<p>DuBois a beaucoup investi dans le d\u00e9veloppement de solutions sur mesure, pour soutenir la s\u00e9curit\u00e9, la fiabilit\u00e9 et la performance de toutes nos applications chimiques. DuBois peut \u00e9galement fournir des bacs de base, des syst\u00e8mes de confinement et des tuyaux flexibles blind\u00e9s haute pression en acier inoxydable pour distribuer les produits chimiques en toute s\u00e9curit\u00e9 depuis les lieux de pompage jusqu&rsquo;au point d&rsquo;utilisation.<\/p>\n<p><strong>Technologies cl\u00e9s\u00a0:<\/strong><\/p>\n<p>Syst\u00e8me d&rsquo;alimentation DuPulse<sup>\u00ae<\/sup><\/p>\n<ul>\n<li>Syst\u00e8me personnalis\u00e9 DuBois pour l&rsquo;alimentation et le contr\u00f4le des applications de nettoyage des feutres de presse<\/li>\n<li>\u00c9v\u00e9nements d&rsquo;alimentation automatis\u00e9s et programm\u00e9s<\/li>\n<li>Interface du syst\u00e8me de contr\u00f4le pour le contr\u00f4le ou le fonctionnement en mode permissif<\/li>\n<\/ul>\n<p>Syst\u00e8me Micro\u00a0Pulse\u2122<\/p>\n<ul>\n<li>Une version plus petite de notre plateforme de nettoyage de toile sur mesure<\/li>\n<li>Installation rapide et facile sans c\u00e2blage, avec contr\u00f4leur \u00e0 accrocher sur un bac<\/li>\n<li>Id\u00e9al pour les essais ou les petites machines \u00e0 papier<\/li>\n<\/ul>\n<p>Syst\u00e8me de pompage \u00ab\u00a0s\u00fbr et pr\u00e9cis\u00a0\u00bb DuBois<\/p>\n<ul>\n<li>Le bo\u00eetier est con\u00e7u pour prot\u00e9ger vos travailleurs contre les d\u00e9versements ou les pulv\u00e9risations<\/li>\n<li>La pompe est con\u00e7ue pour le dosage direct r\u00e9glable, la pr\u00e9cision, les strat\u00e9gies d&rsquo;alimentation multiples et la compensation automatique des changements de pression<\/li>\n<li>Convient \u00e0 l&rsquo;alimentation et au contr\u00f4le des programmes de traitement des toiles et des cylindres, ainsi qu&rsquo;aux programmes relatifs \u00e0 la poix, aux r\u00e9sidus collants, au tartre et au contr\u00f4le biologique<\/li>\n<\/ul>\n<p>Chariot \u00e0 mousse DuBlast 150<\/p>\n<ul>\n<li>Chariot \u00e0 mousse sur mesure DuBois de qualit\u00e9 sup\u00e9rieure pour les grandes applications<\/li>\n<li>Mousse \u00e0 haut volume avec une port\u00e9e de 15\u00a0m (50 pi)<\/li>\n<li>Construction en acier inoxydable<\/li>\n<li>Comprend l&rsquo;enrouleur, les pompes, les tuyaux, le r\u00e9gulateur, l&rsquo;ensemble de buses<\/li>\n<\/ul>\n","protected":false},"excerpt":{"rendered":"<p>Alimentation en produits chimiques et contr\u00f4le Le succ\u00e8s ultime de toute application chimique d\u00e9pend en grande partie de la combinaison d&rsquo;un \u00e9quipement d&rsquo;alimentation et de contr\u00f4le avec des produits chimiques de pointe. DuBois a beaucoup&#8230;<\/p>\n","protected":false},"author":219,"featured_media":0,"parent":10164,"menu_order":1,"comment_status":"closed","ping_status":"closed","template":"","meta":{"_acf_changed":false,"footnotes":""},"class_list":["post-10174","page","type-page","status-publish","hentry"],"acf":[],"yoast_head":"<!-- This site is optimized with the Yoast SEO plugin v26.8 - https:\/\/yoast.com\/product\/yoast-seo-wordpress\/ -->\n<title>Alimentation en produits chimiques et contr\u00f4le - P\u00e2tes et papiers<\/title>\n<meta name=\"robots\" content=\"index, follow, max-snippet:-1, max-image-preview:large, max-video-preview:-1\" \/>\n<link rel=\"canonical\" href=\"https:\/\/www.duboischemicals.com\/paper-pulp\/fr\/equipment\/product-feed-control\/\" \/>\n<meta property=\"og:locale\" content=\"fr_FR\" \/>\n<meta property=\"og:type\" content=\"article\" \/>\n<meta property=\"og:title\" content=\"Alimentation en produits chimiques et contr\u00f4le - P\u00e2tes et papiers\" \/>\n<meta property=\"og:description\" content=\"Alimentation en produits chimiques et contr\u00f4le Le succ\u00e8s ultime de toute application chimique d\u00e9pend en grande partie de la combinaison d&rsquo;un \u00e9quipement d&rsquo;alimentation et de contr\u00f4le avec des produits chimiques de pointe. DuBois a beaucoup...\" \/>\n<meta property=\"og:url\" content=\"https:\/\/www.duboischemicals.com\/paper-pulp\/fr\/equipment\/product-feed-control\/\" \/>\n<meta property=\"og:site_name\" content=\"P\u00e2tes et papiers\" \/>\n<meta property=\"article:modified_time\" content=\"2021-02-26T09:32:42+00:00\" \/>\n<meta name=\"twitter:card\" content=\"summary_large_image\" \/>\n<meta name=\"twitter:label1\" content=\"Dur\u00e9e de lecture estim\u00e9e\" \/>\n\t<meta name=\"twitter:data1\" content=\"2 minutes\" \/>\n<script type=\"application\/ld+json\" class=\"yoast-schema-graph\">{\"@context\":\"https:\/\/schema.org\",\"@graph\":[{\"@type\":\"WebPage\",\"@id\":\"https:\/\/www.duboischemicals.com\/paper-pulp\/fr\/equipment\/product-feed-control\/\",\"url\":\"https:\/\/www.duboischemicals.com\/paper-pulp\/fr\/equipment\/product-feed-control\/\",\"name\":\"Alimentation en produits chimiques et contr\u00f4le - P\u00e2tes et papiers\",\"isPartOf\":{\"@id\":\"https:\/\/www.duboischemicals.com\/paper-pulp\/fr\/#website\"},\"datePublished\":\"2020-11-23T19:37:19+00:00\",\"dateModified\":\"2021-02-26T09:32:42+00:00\",\"breadcrumb\":{\"@id\":\"https:\/\/www.duboischemicals.com\/paper-pulp\/fr\/equipment\/product-feed-control\/#breadcrumb\"},\"inLanguage\":\"fr-FR\",\"potentialAction\":[{\"@type\":\"ReadAction\",\"target\":[\"https:\/\/www.duboischemicals.com\/paper-pulp\/fr\/equipment\/product-feed-control\/\"]}]},{\"@type\":\"BreadcrumbList\",\"@id\":\"https:\/\/www.duboischemicals.com\/paper-pulp\/fr\/equipment\/product-feed-control\/#breadcrumb\",\"itemListElement\":[{\"@type\":\"ListItem\",\"position\":1,\"name\":\"Accueil\",\"item\":\"https:\/\/www.duboischemicals.com\/paper-pulp\/fr\/\"},{\"@type\":\"ListItem\",\"position\":2,\"name\":\"\u00c9quipement\",\"item\":\"https:\/\/www.duboischemicals.com\/paper-pulp\/fr\/equipment\/\"},{\"@type\":\"ListItem\",\"position\":3,\"name\":\"Alimentation en produits chimiques et contr\u00f4le\"}]},{\"@type\":\"WebSite\",\"@id\":\"https:\/\/www.duboischemicals.com\/paper-pulp\/fr\/#website\",\"url\":\"https:\/\/www.duboischemicals.com\/paper-pulp\/fr\/\",\"name\":\"P\u00e2tes et papiers\",\"description\":\"\",\"potentialAction\":[{\"@type\":\"SearchAction\",\"target\":{\"@type\":\"EntryPoint\",\"urlTemplate\":\"https:\/\/www.duboischemicals.com\/paper-pulp\/fr\/?s={search_term_string}\"},\"query-input\":{\"@type\":\"PropertyValueSpecification\",\"valueRequired\":true,\"valueName\":\"search_term_string\"}}],\"inLanguage\":\"fr-FR\"}]}<\/script>\n<!-- \/ Yoast SEO plugin. -->","yoast_head_json":{"title":"Alimentation en produits chimiques et contr\u00f4le - P\u00e2tes et papiers","robots":{"index":"index","follow":"follow","max-snippet":"max-snippet:-1","max-image-preview":"max-image-preview:large","max-video-preview":"max-video-preview:-1"},"canonical":"https:\/\/www.duboischemicals.com\/paper-pulp\/fr\/equipment\/product-feed-control\/","og_locale":"fr_FR","og_type":"article","og_title":"Alimentation en produits chimiques et contr\u00f4le - P\u00e2tes et papiers","og_description":"Alimentation en produits chimiques et contr\u00f4le Le succ\u00e8s ultime de toute application chimique d\u00e9pend en grande partie de la combinaison d&rsquo;un \u00e9quipement d&rsquo;alimentation et de contr\u00f4le avec des produits chimiques de pointe. DuBois a beaucoup...","og_url":"https:\/\/www.duboischemicals.com\/paper-pulp\/fr\/equipment\/product-feed-control\/","og_site_name":"P\u00e2tes et papiers","article_modified_time":"2021-02-26T09:32:42+00:00","twitter_card":"summary_large_image","twitter_misc":{"Dur\u00e9e de lecture estim\u00e9e":"2 minutes"},"schema":{"@context":"https:\/\/schema.org","@graph":[{"@type":"WebPage","@id":"https:\/\/www.duboischemicals.com\/paper-pulp\/fr\/equipment\/product-feed-control\/","url":"https:\/\/www.duboischemicals.com\/paper-pulp\/fr\/equipment\/product-feed-control\/","name":"Alimentation en produits chimiques et contr\u00f4le - P\u00e2tes et papiers","isPartOf":{"@id":"https:\/\/www.duboischemicals.com\/paper-pulp\/fr\/#website"},"datePublished":"2020-11-23T19:37:19+00:00","dateModified":"2021-02-26T09:32:42+00:00","breadcrumb":{"@id":"https:\/\/www.duboischemicals.com\/paper-pulp\/fr\/equipment\/product-feed-control\/#breadcrumb"},"inLanguage":"fr-FR","potentialAction":[{"@type":"ReadAction","target":["https:\/\/www.duboischemicals.com\/paper-pulp\/fr\/equipment\/product-feed-control\/"]}]},{"@type":"BreadcrumbList","@id":"https:\/\/www.duboischemicals.com\/paper-pulp\/fr\/equipment\/product-feed-control\/#breadcrumb","itemListElement":[{"@type":"ListItem","position":1,"name":"Accueil","item":"https:\/\/www.duboischemicals.com\/paper-pulp\/fr\/"},{"@type":"ListItem","position":2,"name":"\u00c9quipement","item":"https:\/\/www.duboischemicals.com\/paper-pulp\/fr\/equipment\/"},{"@type":"ListItem","position":3,"name":"Alimentation en produits chimiques et contr\u00f4le"}]},{"@type":"WebSite","@id":"https:\/\/www.duboischemicals.com\/paper-pulp\/fr\/#website","url":"https:\/\/www.duboischemicals.com\/paper-pulp\/fr\/","name":"P\u00e2tes et papiers","description":"","potentialAction":[{"@type":"SearchAction","target":{"@type":"EntryPoint","urlTemplate":"https:\/\/www.duboischemicals.com\/paper-pulp\/fr\/?s={search_term_string}"},"query-input":{"@type":"PropertyValueSpecification","valueRequired":true,"valueName":"search_term_string"}}],"inLanguage":"fr-FR"}]}},"_links":{"self":[{"href":"https:\/\/www.duboischemicals.com\/paper-pulp\/fr\/wp-json\/wp\/v2\/pages\/10174","targetHints":{"allow":["GET"]}}],"collection":[{"href":"https:\/\/www.duboischemicals.com\/paper-pulp\/fr\/wp-json\/wp\/v2\/pages"}],"about":[{"href":"https:\/\/www.duboischemicals.com\/paper-pulp\/fr\/wp-json\/wp\/v2\/types\/page"}],"author":[{"embeddable":true,"href":"https:\/\/www.duboischemicals.com\/paper-pulp\/fr\/wp-json\/wp\/v2\/users\/219"}],"replies":[{"embeddable":true,"href":"https:\/\/www.duboischemicals.com\/paper-pulp\/fr\/wp-json\/wp\/v2\/comments?post=10174"}],"version-history":[{"count":3,"href":"https:\/\/www.duboischemicals.com\/paper-pulp\/fr\/wp-json\/wp\/v2\/pages\/10174\/revisions"}],"predecessor-version":[{"id":10701,"href":"https:\/\/www.duboischemicals.com\/paper-pulp\/fr\/wp-json\/wp\/v2\/pages\/10174\/revisions\/10701"}],"up":[{"embeddable":true,"href":"https:\/\/www.duboischemicals.com\/paper-pulp\/fr\/wp-json\/wp\/v2\/pages\/10164"}],"wp:attachment":[{"href":"https:\/\/www.duboischemicals.com\/paper-pulp\/fr\/wp-json\/wp\/v2\/media?parent=10174"}],"curies":[{"name":"wp","href":"https:\/\/api.w.org\/{rel}","templated":true}]}}