{"id":10185,"date":"2020-11-23T14:37:22","date_gmt":"2020-11-23T19:37:22","guid":{"rendered":"https:\/\/www.duboischemicals.com\/\/paper-pulp\/equipment\/process-monitoring\/"},"modified":"2021-02-26T04:32:57","modified_gmt":"2021-02-26T09:32:57","slug":"process-monitoring","status":"publish","type":"page","link":"https:\/\/www.duboischemicals.com\/paper-pulp\/fr\/equipment\/process-monitoring\/","title":{"rendered":"Contr\u00f4le des proc\u00e9d\u00e9s"},"content":{"rendered":"<h2>Contr\u00f4le des proc\u00e9d\u00e9s<\/h2>\n<p><strong>Contr\u00f4le des effluents de la presse<\/strong><\/p>\n<p>Afin de mieux mesurer l&rsquo;efficacit\u00e9 des applications de nettoyage des feutres de presse, DuBois a d\u00e9velopp\u00e9 des solutions de mesure variable des effluents des presses pour analyser les changements des effluents de la section presse avant, pendant et apr\u00e8s les nettoyages chimiques. Ces donn\u00e9es permettent \u00e0 DuBois de s\u00e9lectionner les produits chimiques de nettoyage et d&rsquo;optimiser les variables du programme d&rsquo;application.<\/p>\n<p>Nous mesurons couramment les param\u00e8tres des effluents de presse tels que le pH, la conductivit\u00e9, les mati\u00e8res dissoutes totales, le potentiel d&rsquo;oxydor\u00e9duction, la duret\u00e9, la temp\u00e9rature et la turbidit\u00e9 en mode en ligne et hors ligne.<\/p>\n<p>Cela permet aux sp\u00e9cialistes des applications de DuBois d&rsquo;utiliser ces donn\u00e9es pour mieux d\u00e9terminer la m\u00e9thode optimale d&rsquo;application des \u00e9v\u00e9nements de nettoyage, les concentrations, les fr\u00e9quences et les dur\u00e9es afin de mieux r\u00e9pondre aux exigences uniques de contr\u00f4le des d\u00e9p\u00f4ts de chaque feutre de presse.<\/p>\n<p><strong>Contr\u00f4le de la partie humide<\/strong><\/p>\n<p>DuBois peut fournir des \u00e9quipements de contr\u00f4le de la partie humide pour surveiller des param\u00e8tres tels que le pH, la conductivit\u00e9, les mati\u00e8res dissoutes totales, le potentiel d&rsquo;oxydor\u00e9duction, la duret\u00e9, la temp\u00e9rature et la turbidit\u00e9. DuBois a facilement install\u00e9 des syst\u00e8mes pour des projets \u00e0 court terme ainsi que des syst\u00e8mes permanents.<\/p>\n","protected":false},"excerpt":{"rendered":"<p>Contr\u00f4le des proc\u00e9d\u00e9s Contr\u00f4le des effluents de la presse Afin de mieux mesurer l&rsquo;efficacit\u00e9 des applications de nettoyage des feutres de presse, DuBois a d\u00e9velopp\u00e9 des solutions de mesure variable des effluents des presses pour&#8230;<\/p>\n","protected":false},"author":219,"featured_media":0,"parent":10164,"menu_order":2,"comment_status":"closed","ping_status":"closed","template":"","meta":{"_acf_changed":false,"footnotes":""},"class_list":["post-10185","page","type-page","status-publish","hentry"],"acf":[],"yoast_head":"<!-- This site is optimized with the Yoast SEO plugin v26.8 - https:\/\/yoast.com\/product\/yoast-seo-wordpress\/ -->\n<title>Contr\u00f4le des proc\u00e9d\u00e9s - P\u00e2tes et papiers<\/title>\n<meta name=\"robots\" content=\"index, follow, max-snippet:-1, max-image-preview:large, max-video-preview:-1\" \/>\n<link rel=\"canonical\" href=\"https:\/\/www.duboischemicals.com\/paper-pulp\/fr\/equipment\/process-monitoring\/\" \/>\n<meta property=\"og:locale\" content=\"fr_FR\" \/>\n<meta property=\"og:type\" content=\"article\" \/>\n<meta property=\"og:title\" content=\"Contr\u00f4le des proc\u00e9d\u00e9s - P\u00e2tes et papiers\" \/>\n<meta property=\"og:description\" content=\"Contr\u00f4le des proc\u00e9d\u00e9s Contr\u00f4le des effluents de la presse Afin de mieux mesurer l&rsquo;efficacit\u00e9 des applications de nettoyage des feutres de presse, DuBois a d\u00e9velopp\u00e9 des solutions de mesure variable des effluents des presses pour...\" \/>\n<meta property=\"og:url\" content=\"https:\/\/www.duboischemicals.com\/paper-pulp\/fr\/equipment\/process-monitoring\/\" \/>\n<meta property=\"og:site_name\" content=\"P\u00e2tes et papiers\" \/>\n<meta property=\"article:modified_time\" content=\"2021-02-26T09:32:57+00:00\" \/>\n<meta name=\"twitter:card\" content=\"summary_large_image\" \/>\n<meta name=\"twitter:label1\" content=\"Dur\u00e9e de lecture estim\u00e9e\" \/>\n\t<meta name=\"twitter:data1\" content=\"1 minute\" \/>\n<script type=\"application\/ld+json\" class=\"yoast-schema-graph\">{\"@context\":\"https:\/\/schema.org\",\"@graph\":[{\"@type\":\"WebPage\",\"@id\":\"https:\/\/www.duboischemicals.com\/paper-pulp\/fr\/equipment\/process-monitoring\/\",\"url\":\"https:\/\/www.duboischemicals.com\/paper-pulp\/fr\/equipment\/process-monitoring\/\",\"name\":\"Contr\u00f4le des proc\u00e9d\u00e9s - P\u00e2tes et papiers\",\"isPartOf\":{\"@id\":\"https:\/\/www.duboischemicals.com\/paper-pulp\/fr\/#website\"},\"datePublished\":\"2020-11-23T19:37:22+00:00\",\"dateModified\":\"2021-02-26T09:32:57+00:00\",\"breadcrumb\":{\"@id\":\"https:\/\/www.duboischemicals.com\/paper-pulp\/fr\/equipment\/process-monitoring\/#breadcrumb\"},\"inLanguage\":\"fr-FR\",\"potentialAction\":[{\"@type\":\"ReadAction\",\"target\":[\"https:\/\/www.duboischemicals.com\/paper-pulp\/fr\/equipment\/process-monitoring\/\"]}]},{\"@type\":\"BreadcrumbList\",\"@id\":\"https:\/\/www.duboischemicals.com\/paper-pulp\/fr\/equipment\/process-monitoring\/#breadcrumb\",\"itemListElement\":[{\"@type\":\"ListItem\",\"position\":1,\"name\":\"Accueil\",\"item\":\"https:\/\/www.duboischemicals.com\/paper-pulp\/fr\/\"},{\"@type\":\"ListItem\",\"position\":2,\"name\":\"\u00c9quipement\",\"item\":\"https:\/\/www.duboischemicals.com\/paper-pulp\/fr\/equipment\/\"},{\"@type\":\"ListItem\",\"position\":3,\"name\":\"Contr\u00f4le des proc\u00e9d\u00e9s\"}]},{\"@type\":\"WebSite\",\"@id\":\"https:\/\/www.duboischemicals.com\/paper-pulp\/fr\/#website\",\"url\":\"https:\/\/www.duboischemicals.com\/paper-pulp\/fr\/\",\"name\":\"P\u00e2tes et papiers\",\"description\":\"\",\"potentialAction\":[{\"@type\":\"SearchAction\",\"target\":{\"@type\":\"EntryPoint\",\"urlTemplate\":\"https:\/\/www.duboischemicals.com\/paper-pulp\/fr\/?s={search_term_string}\"},\"query-input\":{\"@type\":\"PropertyValueSpecification\",\"valueRequired\":true,\"valueName\":\"search_term_string\"}}],\"inLanguage\":\"fr-FR\"}]}<\/script>\n<!-- \/ Yoast SEO plugin. -->","yoast_head_json":{"title":"Contr\u00f4le des proc\u00e9d\u00e9s - P\u00e2tes et papiers","robots":{"index":"index","follow":"follow","max-snippet":"max-snippet:-1","max-image-preview":"max-image-preview:large","max-video-preview":"max-video-preview:-1"},"canonical":"https:\/\/www.duboischemicals.com\/paper-pulp\/fr\/equipment\/process-monitoring\/","og_locale":"fr_FR","og_type":"article","og_title":"Contr\u00f4le des proc\u00e9d\u00e9s - P\u00e2tes et papiers","og_description":"Contr\u00f4le des proc\u00e9d\u00e9s Contr\u00f4le des effluents de la presse Afin de mieux mesurer l&rsquo;efficacit\u00e9 des applications de nettoyage des feutres de presse, DuBois a d\u00e9velopp\u00e9 des solutions de mesure variable des effluents des presses pour...","og_url":"https:\/\/www.duboischemicals.com\/paper-pulp\/fr\/equipment\/process-monitoring\/","og_site_name":"P\u00e2tes et papiers","article_modified_time":"2021-02-26T09:32:57+00:00","twitter_card":"summary_large_image","twitter_misc":{"Dur\u00e9e de lecture estim\u00e9e":"1 minute"},"schema":{"@context":"https:\/\/schema.org","@graph":[{"@type":"WebPage","@id":"https:\/\/www.duboischemicals.com\/paper-pulp\/fr\/equipment\/process-monitoring\/","url":"https:\/\/www.duboischemicals.com\/paper-pulp\/fr\/equipment\/process-monitoring\/","name":"Contr\u00f4le des proc\u00e9d\u00e9s - P\u00e2tes et papiers","isPartOf":{"@id":"https:\/\/www.duboischemicals.com\/paper-pulp\/fr\/#website"},"datePublished":"2020-11-23T19:37:22+00:00","dateModified":"2021-02-26T09:32:57+00:00","breadcrumb":{"@id":"https:\/\/www.duboischemicals.com\/paper-pulp\/fr\/equipment\/process-monitoring\/#breadcrumb"},"inLanguage":"fr-FR","potentialAction":[{"@type":"ReadAction","target":["https:\/\/www.duboischemicals.com\/paper-pulp\/fr\/equipment\/process-monitoring\/"]}]},{"@type":"BreadcrumbList","@id":"https:\/\/www.duboischemicals.com\/paper-pulp\/fr\/equipment\/process-monitoring\/#breadcrumb","itemListElement":[{"@type":"ListItem","position":1,"name":"Accueil","item":"https:\/\/www.duboischemicals.com\/paper-pulp\/fr\/"},{"@type":"ListItem","position":2,"name":"\u00c9quipement","item":"https:\/\/www.duboischemicals.com\/paper-pulp\/fr\/equipment\/"},{"@type":"ListItem","position":3,"name":"Contr\u00f4le des proc\u00e9d\u00e9s"}]},{"@type":"WebSite","@id":"https:\/\/www.duboischemicals.com\/paper-pulp\/fr\/#website","url":"https:\/\/www.duboischemicals.com\/paper-pulp\/fr\/","name":"P\u00e2tes et papiers","description":"","potentialAction":[{"@type":"SearchAction","target":{"@type":"EntryPoint","urlTemplate":"https:\/\/www.duboischemicals.com\/paper-pulp\/fr\/?s={search_term_string}"},"query-input":{"@type":"PropertyValueSpecification","valueRequired":true,"valueName":"search_term_string"}}],"inLanguage":"fr-FR"}]}},"_links":{"self":[{"href":"https:\/\/www.duboischemicals.com\/paper-pulp\/fr\/wp-json\/wp\/v2\/pages\/10185","targetHints":{"allow":["GET"]}}],"collection":[{"href":"https:\/\/www.duboischemicals.com\/paper-pulp\/fr\/wp-json\/wp\/v2\/pages"}],"about":[{"href":"https:\/\/www.duboischemicals.com\/paper-pulp\/fr\/wp-json\/wp\/v2\/types\/page"}],"author":[{"embeddable":true,"href":"https:\/\/www.duboischemicals.com\/paper-pulp\/fr\/wp-json\/wp\/v2\/users\/219"}],"replies":[{"embeddable":true,"href":"https:\/\/www.duboischemicals.com\/paper-pulp\/fr\/wp-json\/wp\/v2\/comments?post=10185"}],"version-history":[{"count":3,"href":"https:\/\/www.duboischemicals.com\/paper-pulp\/fr\/wp-json\/wp\/v2\/pages\/10185\/revisions"}],"predecessor-version":[{"id":10692,"href":"https:\/\/www.duboischemicals.com\/paper-pulp\/fr\/wp-json\/wp\/v2\/pages\/10185\/revisions\/10692"}],"up":[{"embeddable":true,"href":"https:\/\/www.duboischemicals.com\/paper-pulp\/fr\/wp-json\/wp\/v2\/pages\/10164"}],"wp:attachment":[{"href":"https:\/\/www.duboischemicals.com\/paper-pulp\/fr\/wp-json\/wp\/v2\/media?parent=10185"}],"curies":[{"name":"wp","href":"https:\/\/api.w.org\/{rel}","templated":true}]}}