{"id":10218,"date":"2020-11-23T14:37:29","date_gmt":"2020-11-23T19:37:29","guid":{"rendered":"https:\/\/www.duboischemicals.com\/\/paper-pulp\/service-support\/mill-site-support\/"},"modified":"2021-03-05T13:11:32","modified_gmt":"2021-03-05T18:11:32","slug":"mill-site-support","status":"publish","type":"page","link":"https:\/\/www.duboischemicals.com\/paper-pulp\/fr\/service-support\/mill-site-support\/","title":{"rendered":"Assistance sur place aux usines"},"content":{"rendered":"<h2>Assistance sur place aux usines<\/h2>\n<p>Le soutien technique d&rsquo;un repr\u00e9sentant bien inform\u00e9 d\u2019un fournisseur de produits chimiques peut avoir un impact important sur la rentabilit\u00e9 d&rsquo;une usine. DuBois est un fournisseur de produits chimiques offrant une gamme compl\u00e8te de services et ayant des repr\u00e9sentants dans toute l&rsquo;Am\u00e9rique du Nord. Nos collaborateurs sont des sp\u00e9cialistes, et non des g\u00e9n\u00e9ralistes, qui ont une connaissance approfondie du contr\u00f4le des d\u00e9p\u00f4ts dans les papeteries.<\/p>\n<p><strong>Les services habituels comprennent les suivants\u00a0:<\/strong><\/p>\n<ul>\n<li>V\u00e9rification des sections de presse<\/li>\n<li>Suivi des performances des toiles de presse<\/li>\n<li>\u00c9tudes chimiques de la partie humide<\/li>\n<li>V\u00e9rification de la gestion des mati\u00e8res collantes et de la poix<\/li>\n<li>\u00c9tudes de contr\u00f4le biologique<\/li>\n<li>Contr\u00f4le des performances de la toile de la presse pendant la dur\u00e9e de vie du feutre<\/li>\n<li>Soutien \u00e0 la client\u00e8le continu sur place<\/li>\n<li>\u00c9valuation du retour sur investissement de tous les programmes<\/li>\n<\/ul>\n","protected":false},"excerpt":{"rendered":"<p>Assistance sur place aux usines Le soutien technique d&rsquo;un repr\u00e9sentant bien inform\u00e9 d\u2019un fournisseur de produits chimiques peut avoir un impact important sur la rentabilit\u00e9 d&rsquo;une usine. DuBois est un fournisseur de produits chimiques offrant&#8230;<\/p>\n","protected":false},"author":219,"featured_media":0,"parent":10196,"menu_order":2,"comment_status":"closed","ping_status":"closed","template":"","meta":{"_acf_changed":false,"footnotes":""},"class_list":["post-10218","page","type-page","status-publish","hentry"],"acf":[],"yoast_head":"<!-- This site is optimized with the Yoast SEO plugin v26.8 - https:\/\/yoast.com\/product\/yoast-seo-wordpress\/ -->\n<title>Assistance sur place aux usines - P\u00e2tes et papiers<\/title>\n<meta name=\"robots\" content=\"index, follow, max-snippet:-1, max-image-preview:large, max-video-preview:-1\" \/>\n<link rel=\"canonical\" href=\"https:\/\/www.duboischemicals.com\/paper-pulp\/fr\/service-support\/mill-site-support\/\" \/>\n<meta property=\"og:locale\" content=\"fr_FR\" \/>\n<meta property=\"og:type\" content=\"article\" \/>\n<meta property=\"og:title\" content=\"Assistance sur place aux usines - P\u00e2tes et papiers\" \/>\n<meta property=\"og:description\" content=\"Assistance sur place aux usines Le soutien technique d&rsquo;un repr\u00e9sentant bien inform\u00e9 d\u2019un fournisseur de produits chimiques peut avoir un impact important sur la rentabilit\u00e9 d&rsquo;une usine. DuBois est un fournisseur de produits chimiques offrant...\" \/>\n<meta property=\"og:url\" content=\"https:\/\/www.duboischemicals.com\/paper-pulp\/fr\/service-support\/mill-site-support\/\" \/>\n<meta property=\"og:site_name\" content=\"P\u00e2tes et papiers\" \/>\n<meta property=\"article:modified_time\" content=\"2021-03-05T18:11:32+00:00\" \/>\n<meta name=\"twitter:card\" content=\"summary_large_image\" \/>\n<meta name=\"twitter:label1\" content=\"Dur\u00e9e de lecture estim\u00e9e\" \/>\n\t<meta name=\"twitter:data1\" content=\"1 minute\" \/>\n<script type=\"application\/ld+json\" class=\"yoast-schema-graph\">{\"@context\":\"https:\/\/schema.org\",\"@graph\":[{\"@type\":\"WebPage\",\"@id\":\"https:\/\/www.duboischemicals.com\/paper-pulp\/fr\/service-support\/mill-site-support\/\",\"url\":\"https:\/\/www.duboischemicals.com\/paper-pulp\/fr\/service-support\/mill-site-support\/\",\"name\":\"Assistance sur place aux usines - P\u00e2tes et papiers\",\"isPartOf\":{\"@id\":\"https:\/\/www.duboischemicals.com\/paper-pulp\/fr\/#website\"},\"datePublished\":\"2020-11-23T19:37:29+00:00\",\"dateModified\":\"2021-03-05T18:11:32+00:00\",\"breadcrumb\":{\"@id\":\"https:\/\/www.duboischemicals.com\/paper-pulp\/fr\/service-support\/mill-site-support\/#breadcrumb\"},\"inLanguage\":\"fr-FR\",\"potentialAction\":[{\"@type\":\"ReadAction\",\"target\":[\"https:\/\/www.duboischemicals.com\/paper-pulp\/fr\/service-support\/mill-site-support\/\"]}]},{\"@type\":\"BreadcrumbList\",\"@id\":\"https:\/\/www.duboischemicals.com\/paper-pulp\/fr\/service-support\/mill-site-support\/#breadcrumb\",\"itemListElement\":[{\"@type\":\"ListItem\",\"position\":1,\"name\":\"Accueil\",\"item\":\"https:\/\/www.duboischemicals.com\/paper-pulp\/fr\/\"},{\"@type\":\"ListItem\",\"position\":2,\"name\":\"Service et soutien\",\"item\":\"https:\/\/www.duboischemicals.com\/paper-pulp\/fr\/service-support\/\"},{\"@type\":\"ListItem\",\"position\":3,\"name\":\"Assistance sur place aux usines\"}]},{\"@type\":\"WebSite\",\"@id\":\"https:\/\/www.duboischemicals.com\/paper-pulp\/fr\/#website\",\"url\":\"https:\/\/www.duboischemicals.com\/paper-pulp\/fr\/\",\"name\":\"P\u00e2tes et papiers\",\"description\":\"\",\"potentialAction\":[{\"@type\":\"SearchAction\",\"target\":{\"@type\":\"EntryPoint\",\"urlTemplate\":\"https:\/\/www.duboischemicals.com\/paper-pulp\/fr\/?s={search_term_string}\"},\"query-input\":{\"@type\":\"PropertyValueSpecification\",\"valueRequired\":true,\"valueName\":\"search_term_string\"}}],\"inLanguage\":\"fr-FR\"}]}<\/script>\n<!-- \/ Yoast SEO plugin. -->","yoast_head_json":{"title":"Assistance sur place aux usines - P\u00e2tes et papiers","robots":{"index":"index","follow":"follow","max-snippet":"max-snippet:-1","max-image-preview":"max-image-preview:large","max-video-preview":"max-video-preview:-1"},"canonical":"https:\/\/www.duboischemicals.com\/paper-pulp\/fr\/service-support\/mill-site-support\/","og_locale":"fr_FR","og_type":"article","og_title":"Assistance sur place aux usines - P\u00e2tes et papiers","og_description":"Assistance sur place aux usines Le soutien technique d&rsquo;un repr\u00e9sentant bien inform\u00e9 d\u2019un fournisseur de produits chimiques peut avoir un impact important sur la rentabilit\u00e9 d&rsquo;une usine. DuBois est un fournisseur de produits chimiques offrant...","og_url":"https:\/\/www.duboischemicals.com\/paper-pulp\/fr\/service-support\/mill-site-support\/","og_site_name":"P\u00e2tes et papiers","article_modified_time":"2021-03-05T18:11:32+00:00","twitter_card":"summary_large_image","twitter_misc":{"Dur\u00e9e de lecture estim\u00e9e":"1 minute"},"schema":{"@context":"https:\/\/schema.org","@graph":[{"@type":"WebPage","@id":"https:\/\/www.duboischemicals.com\/paper-pulp\/fr\/service-support\/mill-site-support\/","url":"https:\/\/www.duboischemicals.com\/paper-pulp\/fr\/service-support\/mill-site-support\/","name":"Assistance sur place aux usines - P\u00e2tes et papiers","isPartOf":{"@id":"https:\/\/www.duboischemicals.com\/paper-pulp\/fr\/#website"},"datePublished":"2020-11-23T19:37:29+00:00","dateModified":"2021-03-05T18:11:32+00:00","breadcrumb":{"@id":"https:\/\/www.duboischemicals.com\/paper-pulp\/fr\/service-support\/mill-site-support\/#breadcrumb"},"inLanguage":"fr-FR","potentialAction":[{"@type":"ReadAction","target":["https:\/\/www.duboischemicals.com\/paper-pulp\/fr\/service-support\/mill-site-support\/"]}]},{"@type":"BreadcrumbList","@id":"https:\/\/www.duboischemicals.com\/paper-pulp\/fr\/service-support\/mill-site-support\/#breadcrumb","itemListElement":[{"@type":"ListItem","position":1,"name":"Accueil","item":"https:\/\/www.duboischemicals.com\/paper-pulp\/fr\/"},{"@type":"ListItem","position":2,"name":"Service et soutien","item":"https:\/\/www.duboischemicals.com\/paper-pulp\/fr\/service-support\/"},{"@type":"ListItem","position":3,"name":"Assistance sur place aux usines"}]},{"@type":"WebSite","@id":"https:\/\/www.duboischemicals.com\/paper-pulp\/fr\/#website","url":"https:\/\/www.duboischemicals.com\/paper-pulp\/fr\/","name":"P\u00e2tes et papiers","description":"","potentialAction":[{"@type":"SearchAction","target":{"@type":"EntryPoint","urlTemplate":"https:\/\/www.duboischemicals.com\/paper-pulp\/fr\/?s={search_term_string}"},"query-input":{"@type":"PropertyValueSpecification","valueRequired":true,"valueName":"search_term_string"}}],"inLanguage":"fr-FR"}]}},"_links":{"self":[{"href":"https:\/\/www.duboischemicals.com\/paper-pulp\/fr\/wp-json\/wp\/v2\/pages\/10218","targetHints":{"allow":["GET"]}}],"collection":[{"href":"https:\/\/www.duboischemicals.com\/paper-pulp\/fr\/wp-json\/wp\/v2\/pages"}],"about":[{"href":"https:\/\/www.duboischemicals.com\/paper-pulp\/fr\/wp-json\/wp\/v2\/types\/page"}],"author":[{"embeddable":true,"href":"https:\/\/www.duboischemicals.com\/paper-pulp\/fr\/wp-json\/wp\/v2\/users\/219"}],"replies":[{"embeddable":true,"href":"https:\/\/www.duboischemicals.com\/paper-pulp\/fr\/wp-json\/wp\/v2\/comments?post=10218"}],"version-history":[{"count":3,"href":"https:\/\/www.duboischemicals.com\/paper-pulp\/fr\/wp-json\/wp\/v2\/pages\/10218\/revisions"}],"predecessor-version":[{"id":10879,"href":"https:\/\/www.duboischemicals.com\/paper-pulp\/fr\/wp-json\/wp\/v2\/pages\/10218\/revisions\/10879"}],"up":[{"embeddable":true,"href":"https:\/\/www.duboischemicals.com\/paper-pulp\/fr\/wp-json\/wp\/v2\/pages\/10196"}],"wp:attachment":[{"href":"https:\/\/www.duboischemicals.com\/paper-pulp\/fr\/wp-json\/wp\/v2\/media?parent=10218"}],"curies":[{"name":"wp","href":"https:\/\/api.w.org\/{rel}","templated":true}]}}