{"id":10229,"date":"2020-11-23T14:37:32","date_gmt":"2020-11-23T19:37:32","guid":{"rendered":"https:\/\/www.duboischemicals.com\/\/paper-pulp\/service-support\/laboratory-analytical-support\/"},"modified":"2021-02-26T04:33:06","modified_gmt":"2021-02-26T09:33:06","slug":"laboratory-analytical-support","status":"publish","type":"page","link":"https:\/\/www.duboischemicals.com\/paper-pulp\/fr\/service-support\/laboratory-analytical-support\/","title":{"rendered":"Laboratoire et soutien analytique"},"content":{"rendered":"<h2>Laboratoire et soutien analytique<\/h2>\n<p>Notre succ\u00e8s est bas\u00e9 sur les capacit\u00e9s de soutien analytique de DuBois pour l&rsquo;industrie du papier. DuBois fournit de nombreux services de soutien analytique \u00e0 ses clients.<\/p>\n<p><strong>Les capacit\u00e9s inclues\u00a0:<\/strong><\/p>\n<ul>\n<li>Analyse des toiles de presse hors service\n<ul>\n<li>Quantification et identification des souillures, y compris les fines et souillures g\u00e9lifi\u00e9es<\/li>\n<li>Caract\u00e9ristiques physiques (macroporosit\u00e9, traction, calibre, poids, analyse microscopique)<\/li>\n<li>Analyse du rin\u00e7age<\/li>\n<\/ul>\n<\/li>\n<li>Analyse de toile \u00e0 s\u00e9chage \u00e0 air traversant hors service, de toile de formation et de toile de s\u00e9choir\n<ul>\n<li>Analyse des souillures<\/li>\n<li>Quantification de l&rsquo;usure<\/li>\n<\/ul>\n<\/li>\n<li>Analyse des d\u00e9p\u00f4ts<\/li>\n<li>\u00c9tudes sur le nettoyage des tissus et des d\u00e9p\u00f4ts<\/li>\n<li>Analyse des d\u00e9fauts et de la composition des feuilles<\/li>\n<li>\u00c9valuations du programme de contr\u00f4le des r\u00e9sidus collants et de la poix<\/li>\n<li>\u00c9valuation des performances des agents antimousse<\/li>\n<li>\u00c9tudes des contr\u00f4les biologiques<\/li>\n<\/ul>\n","protected":false},"excerpt":{"rendered":"<p>Laboratoire et soutien analytique Notre succ\u00e8s est bas\u00e9 sur les capacit\u00e9s de soutien analytique de DuBois pour l&rsquo;industrie du papier. DuBois fournit de nombreux services de soutien analytique \u00e0 ses clients. Les capacit\u00e9s inclues\u00a0: Analyse&#8230;<\/p>\n","protected":false},"author":219,"featured_media":0,"parent":10196,"menu_order":3,"comment_status":"closed","ping_status":"closed","template":"","meta":{"_acf_changed":false,"footnotes":""},"class_list":["post-10229","page","type-page","status-publish","hentry"],"acf":[],"yoast_head":"<!-- This site is optimized with the Yoast SEO plugin v26.8 - https:\/\/yoast.com\/product\/yoast-seo-wordpress\/ -->\n<title>Laboratoire et soutien analytique - P\u00e2tes et papiers<\/title>\n<meta name=\"robots\" content=\"index, follow, max-snippet:-1, max-image-preview:large, max-video-preview:-1\" \/>\n<link rel=\"canonical\" href=\"https:\/\/www.duboischemicals.com\/paper-pulp\/fr\/service-support\/laboratory-analytical-support\/\" \/>\n<meta property=\"og:locale\" content=\"fr_FR\" \/>\n<meta property=\"og:type\" content=\"article\" \/>\n<meta property=\"og:title\" content=\"Laboratoire et soutien analytique - P\u00e2tes et papiers\" \/>\n<meta property=\"og:description\" content=\"Laboratoire et soutien analytique Notre succ\u00e8s est bas\u00e9 sur les capacit\u00e9s de soutien analytique de DuBois pour l&rsquo;industrie du papier. DuBois fournit de nombreux services de soutien analytique \u00e0 ses clients. Les capacit\u00e9s inclues\u00a0: Analyse...\" \/>\n<meta property=\"og:url\" content=\"https:\/\/www.duboischemicals.com\/paper-pulp\/fr\/service-support\/laboratory-analytical-support\/\" \/>\n<meta property=\"og:site_name\" content=\"P\u00e2tes et papiers\" \/>\n<meta property=\"article:modified_time\" content=\"2021-02-26T09:33:06+00:00\" \/>\n<meta name=\"twitter:card\" content=\"summary_large_image\" \/>\n<meta name=\"twitter:label1\" content=\"Dur\u00e9e de lecture estim\u00e9e\" \/>\n\t<meta name=\"twitter:data1\" content=\"1 minute\" \/>\n<script type=\"application\/ld+json\" class=\"yoast-schema-graph\">{\"@context\":\"https:\/\/schema.org\",\"@graph\":[{\"@type\":\"WebPage\",\"@id\":\"https:\/\/www.duboischemicals.com\/paper-pulp\/fr\/service-support\/laboratory-analytical-support\/\",\"url\":\"https:\/\/www.duboischemicals.com\/paper-pulp\/fr\/service-support\/laboratory-analytical-support\/\",\"name\":\"Laboratoire et soutien analytique - P\u00e2tes et papiers\",\"isPartOf\":{\"@id\":\"https:\/\/www.duboischemicals.com\/paper-pulp\/fr\/#website\"},\"datePublished\":\"2020-11-23T19:37:32+00:00\",\"dateModified\":\"2021-02-26T09:33:06+00:00\",\"breadcrumb\":{\"@id\":\"https:\/\/www.duboischemicals.com\/paper-pulp\/fr\/service-support\/laboratory-analytical-support\/#breadcrumb\"},\"inLanguage\":\"fr-FR\",\"potentialAction\":[{\"@type\":\"ReadAction\",\"target\":[\"https:\/\/www.duboischemicals.com\/paper-pulp\/fr\/service-support\/laboratory-analytical-support\/\"]}]},{\"@type\":\"BreadcrumbList\",\"@id\":\"https:\/\/www.duboischemicals.com\/paper-pulp\/fr\/service-support\/laboratory-analytical-support\/#breadcrumb\",\"itemListElement\":[{\"@type\":\"ListItem\",\"position\":1,\"name\":\"Accueil\",\"item\":\"https:\/\/www.duboischemicals.com\/paper-pulp\/fr\/\"},{\"@type\":\"ListItem\",\"position\":2,\"name\":\"Service et soutien\",\"item\":\"https:\/\/www.duboischemicals.com\/paper-pulp\/fr\/service-support\/\"},{\"@type\":\"ListItem\",\"position\":3,\"name\":\"Laboratoire et soutien analytique\"}]},{\"@type\":\"WebSite\",\"@id\":\"https:\/\/www.duboischemicals.com\/paper-pulp\/fr\/#website\",\"url\":\"https:\/\/www.duboischemicals.com\/paper-pulp\/fr\/\",\"name\":\"P\u00e2tes et papiers\",\"description\":\"\",\"potentialAction\":[{\"@type\":\"SearchAction\",\"target\":{\"@type\":\"EntryPoint\",\"urlTemplate\":\"https:\/\/www.duboischemicals.com\/paper-pulp\/fr\/?s={search_term_string}\"},\"query-input\":{\"@type\":\"PropertyValueSpecification\",\"valueRequired\":true,\"valueName\":\"search_term_string\"}}],\"inLanguage\":\"fr-FR\"}]}<\/script>\n<!-- \/ Yoast SEO plugin. -->","yoast_head_json":{"title":"Laboratoire et soutien analytique - P\u00e2tes et papiers","robots":{"index":"index","follow":"follow","max-snippet":"max-snippet:-1","max-image-preview":"max-image-preview:large","max-video-preview":"max-video-preview:-1"},"canonical":"https:\/\/www.duboischemicals.com\/paper-pulp\/fr\/service-support\/laboratory-analytical-support\/","og_locale":"fr_FR","og_type":"article","og_title":"Laboratoire et soutien analytique - P\u00e2tes et papiers","og_description":"Laboratoire et soutien analytique Notre succ\u00e8s est bas\u00e9 sur les capacit\u00e9s de soutien analytique de DuBois pour l&rsquo;industrie du papier. DuBois fournit de nombreux services de soutien analytique \u00e0 ses clients. Les capacit\u00e9s inclues\u00a0: Analyse...","og_url":"https:\/\/www.duboischemicals.com\/paper-pulp\/fr\/service-support\/laboratory-analytical-support\/","og_site_name":"P\u00e2tes et papiers","article_modified_time":"2021-02-26T09:33:06+00:00","twitter_card":"summary_large_image","twitter_misc":{"Dur\u00e9e de lecture estim\u00e9e":"1 minute"},"schema":{"@context":"https:\/\/schema.org","@graph":[{"@type":"WebPage","@id":"https:\/\/www.duboischemicals.com\/paper-pulp\/fr\/service-support\/laboratory-analytical-support\/","url":"https:\/\/www.duboischemicals.com\/paper-pulp\/fr\/service-support\/laboratory-analytical-support\/","name":"Laboratoire et soutien analytique - P\u00e2tes et papiers","isPartOf":{"@id":"https:\/\/www.duboischemicals.com\/paper-pulp\/fr\/#website"},"datePublished":"2020-11-23T19:37:32+00:00","dateModified":"2021-02-26T09:33:06+00:00","breadcrumb":{"@id":"https:\/\/www.duboischemicals.com\/paper-pulp\/fr\/service-support\/laboratory-analytical-support\/#breadcrumb"},"inLanguage":"fr-FR","potentialAction":[{"@type":"ReadAction","target":["https:\/\/www.duboischemicals.com\/paper-pulp\/fr\/service-support\/laboratory-analytical-support\/"]}]},{"@type":"BreadcrumbList","@id":"https:\/\/www.duboischemicals.com\/paper-pulp\/fr\/service-support\/laboratory-analytical-support\/#breadcrumb","itemListElement":[{"@type":"ListItem","position":1,"name":"Accueil","item":"https:\/\/www.duboischemicals.com\/paper-pulp\/fr\/"},{"@type":"ListItem","position":2,"name":"Service et soutien","item":"https:\/\/www.duboischemicals.com\/paper-pulp\/fr\/service-support\/"},{"@type":"ListItem","position":3,"name":"Laboratoire et soutien analytique"}]},{"@type":"WebSite","@id":"https:\/\/www.duboischemicals.com\/paper-pulp\/fr\/#website","url":"https:\/\/www.duboischemicals.com\/paper-pulp\/fr\/","name":"P\u00e2tes et papiers","description":"","potentialAction":[{"@type":"SearchAction","target":{"@type":"EntryPoint","urlTemplate":"https:\/\/www.duboischemicals.com\/paper-pulp\/fr\/?s={search_term_string}"},"query-input":{"@type":"PropertyValueSpecification","valueRequired":true,"valueName":"search_term_string"}}],"inLanguage":"fr-FR"}]}},"_links":{"self":[{"href":"https:\/\/www.duboischemicals.com\/paper-pulp\/fr\/wp-json\/wp\/v2\/pages\/10229","targetHints":{"allow":["GET"]}}],"collection":[{"href":"https:\/\/www.duboischemicals.com\/paper-pulp\/fr\/wp-json\/wp\/v2\/pages"}],"about":[{"href":"https:\/\/www.duboischemicals.com\/paper-pulp\/fr\/wp-json\/wp\/v2\/types\/page"}],"author":[{"embeddable":true,"href":"https:\/\/www.duboischemicals.com\/paper-pulp\/fr\/wp-json\/wp\/v2\/users\/219"}],"replies":[{"embeddable":true,"href":"https:\/\/www.duboischemicals.com\/paper-pulp\/fr\/wp-json\/wp\/v2\/comments?post=10229"}],"version-history":[{"count":2,"href":"https:\/\/www.duboischemicals.com\/paper-pulp\/fr\/wp-json\/wp\/v2\/pages\/10229\/revisions"}],"predecessor-version":[{"id":10564,"href":"https:\/\/www.duboischemicals.com\/paper-pulp\/fr\/wp-json\/wp\/v2\/pages\/10229\/revisions\/10564"}],"up":[{"embeddable":true,"href":"https:\/\/www.duboischemicals.com\/paper-pulp\/fr\/wp-json\/wp\/v2\/pages\/10196"}],"wp:attachment":[{"href":"https:\/\/www.duboischemicals.com\/paper-pulp\/fr\/wp-json\/wp\/v2\/media?parent=10229"}],"curies":[{"name":"wp","href":"https:\/\/api.w.org\/{rel}","templated":true}]}}