{"id":10232,"date":"2019-01-27T09:59:12","date_gmt":"2019-01-27T14:59:12","guid":{"rendered":"https:\/\/www.duboischemicals.com\/\/paper-pulp\/pulping\/"},"modified":"2021-03-05T13:11:33","modified_gmt":"2021-03-05T18:11:33","slug":"pulping","status":"publish","type":"page","link":"https:\/\/www.duboischemicals.com\/paper-pulp\/fr\/industries\/pulping\/","title":{"rendered":"R\u00e9duction du bois en p\u00e2te"},"content":{"rendered":"<p>Qu\u2019est-ce que nos livres, nos emballages, nos couches, notre papier de toilette, nos v\u00eatements en rayonne, nos encres, nos savons, nos parfums et notre dentifrice ont en commun? Dans bien des cas, ces mat\u00e9riaux sont issus de la r\u00e9duction du bois en p\u00e2te.<\/p>\n<p>Les usines de p\u00e2te g\u00e9n\u00e8rent du papier et d\u2019autres produits que nous utilisons plusieurs fois par jour. Les usines de p\u00e2te de l\u2019Am\u00e9rique du Nord tirent surtout leurs mati\u00e8res premi\u00e8res de plantations et de for\u00eats naturelles g\u00e9r\u00e9es de fa\u00e7on durable.\u00a0 Plus de 60\u00a0% des produits en papier fabriqu\u00e9s en Am\u00e9rique du Nord finissent par \u00eatre recycl\u00e9s, et plus de 35\u00a0% des nouveaux produits proviennent de fibres recycl\u00e9es.<\/p>\n<p>DuBois fabrique des produits chimiques de sp\u00e9cialit\u00e9 pour la fabrication de p\u00e2tes de fibres vierges et recycl\u00e9es.<\/p>\n<p><strong>Nos technologies incluent les suivantes\u00a0:<\/strong><\/p>\n<ul>\n<li>Une gamme compl\u00e8te de produits antitartre<\/li>\n<li>Des solutions uniques de contr\u00f4le de la poix et des mati\u00e8res collantes de fibres recycl\u00e9es.<\/li>\n<li>Des solutions pour augmenter le rendement et la qualit\u00e9, notamment des adjuvants de lessivage et des produits de sp\u00e9cialit\u00e9 destin\u00e9s \u00e0 la p\u00e2te pour transformation chimique.<\/li>\n<li>Des additifs pour carburant qui am\u00e9liorent la combustion dans les chaudi\u00e8res \u00e0 biomasse et les chaudi\u00e8res de r\u00e9cup\u00e9ration du sulfite\/de la liqueur noire.<\/li>\n<li>Des produits de contr\u00f4le du H<sub>2<\/sub>S et des odeurs pour \u00e9liminer les gaz dangereux tels que le sulfure d\u2019hydrog\u00e8ne et les autres substances odorantes \u00e0 base de soufre.<\/li>\n<li>Des produits antigel qui assurent le fonctionnement efficace des convoyeurs, des goulottes et d\u2019autres surfaces dans des conditions hivernales rudes.<\/li>\n<\/ul>\n<p><strong>Produits et technologies\u00a0:<\/strong><\/p>\n<ul>\n<li><a href=\"https:\/\/www.duboischemicals.com\/paper-pulp\/products\/deposit-control\/scale-control\/\">Contr\u00f4le du tartre<\/a><\/li>\n<li><a href=\"https:\/\/www.duboischemicals.com\/paper-pulp\/products\/deposit-control\/stickies-and-wood-pitch-control\/\">Contr\u00f4le des mati\u00e8res collantes et de la poix de bois<\/a><\/li>\n<li><a href=\"https:\/\/www.duboischemicals.com\/paper-pulp\/products\/pulping\/digester-aids-and-dissolving-pulp\/\">Adjuvants de lessivage et produits de sp\u00e9cialit\u00e9 destin\u00e9s \u00e0 la p\u00e2te pour transformation chimique<\/a><\/li>\n<li><a href=\"https:\/\/www.duboischemicals.com\/paper-pulp\/products\/pulping\/fireside-additives\/\">Additifs pour carburant<\/a><\/li>\n<li><a href=\"https:\/\/www.duboischemicals.com\/paper-pulp\/products\/pulping\/hydrogen-sulfite-and-odor-control\/\">Produits de contr\u00f4le des odeurs et du sulfure d\u2019hydrog\u00e8ne (H<sub>2<\/sub>S)<\/a><\/li>\n<li><a href=\"https:\/\/www.duboischemicals.com\/paper-pulp\/products\/pulping\/freeze-control\/\">Produits antigel<\/a><\/li>\n<\/ul>\n","protected":false},"excerpt":{"rendered":"<p>Qu\u2019est-ce que nos livres, nos emballages, nos couches, notre papier de toilette, nos v\u00eatements en rayonne, nos encres, nos savons, nos parfums et notre dentifrice ont en commun? Dans bien des cas, ces mat\u00e9riaux sont&#8230;<\/p>\n","protected":false},"author":11,"featured_media":0,"parent":10303,"menu_order":4,"comment_status":"closed","ping_status":"closed","template":"","meta":{"_acf_changed":false,"footnotes":""},"class_list":["post-10232","page","type-page","status-publish","hentry"],"acf":[],"yoast_head":"<!-- This site is optimized with the Yoast SEO plugin v26.8 - https:\/\/yoast.com\/product\/yoast-seo-wordpress\/ -->\n<title>R\u00e9duction du bois en p\u00e2te - P\u00e2tes et papiers<\/title>\n<meta name=\"robots\" content=\"index, follow, max-snippet:-1, max-image-preview:large, max-video-preview:-1\" \/>\n<link rel=\"canonical\" href=\"https:\/\/www.duboischemicals.com\/paper-pulp\/fr\/industries\/pulping\/\" \/>\n<meta property=\"og:locale\" content=\"fr_FR\" \/>\n<meta property=\"og:type\" content=\"article\" \/>\n<meta property=\"og:title\" content=\"R\u00e9duction du bois en p\u00e2te - P\u00e2tes et papiers\" \/>\n<meta property=\"og:description\" content=\"Qu\u2019est-ce que nos livres, nos emballages, nos couches, notre papier de toilette, nos v\u00eatements en rayonne, nos encres, nos savons, nos parfums et notre dentifrice ont en commun? Dans bien des cas, ces mat\u00e9riaux sont...\" \/>\n<meta property=\"og:url\" content=\"https:\/\/www.duboischemicals.com\/paper-pulp\/fr\/industries\/pulping\/\" \/>\n<meta property=\"og:site_name\" content=\"P\u00e2tes et papiers\" \/>\n<meta property=\"article:modified_time\" content=\"2021-03-05T18:11:33+00:00\" \/>\n<meta name=\"twitter:card\" content=\"summary_large_image\" \/>\n<meta name=\"twitter:label1\" content=\"Dur\u00e9e de lecture estim\u00e9e\" \/>\n\t<meta name=\"twitter:data1\" content=\"2 minutes\" \/>\n<script type=\"application\/ld+json\" class=\"yoast-schema-graph\">{\"@context\":\"https:\/\/schema.org\",\"@graph\":[{\"@type\":\"WebPage\",\"@id\":\"https:\/\/www.duboischemicals.com\/paper-pulp\/fr\/industries\/pulping\/\",\"url\":\"https:\/\/www.duboischemicals.com\/paper-pulp\/fr\/industries\/pulping\/\",\"name\":\"R\u00e9duction du bois en p\u00e2te - P\u00e2tes et papiers\",\"isPartOf\":{\"@id\":\"https:\/\/www.duboischemicals.com\/paper-pulp\/fr\/#website\"},\"datePublished\":\"2019-01-27T14:59:12+00:00\",\"dateModified\":\"2021-03-05T18:11:33+00:00\",\"breadcrumb\":{\"@id\":\"https:\/\/www.duboischemicals.com\/paper-pulp\/fr\/industries\/pulping\/#breadcrumb\"},\"inLanguage\":\"fr-FR\",\"potentialAction\":[{\"@type\":\"ReadAction\",\"target\":[\"https:\/\/www.duboischemicals.com\/paper-pulp\/fr\/industries\/pulping\/\"]}]},{\"@type\":\"BreadcrumbList\",\"@id\":\"https:\/\/www.duboischemicals.com\/paper-pulp\/fr\/industries\/pulping\/#breadcrumb\",\"itemListElement\":[{\"@type\":\"ListItem\",\"position\":1,\"name\":\"Accueil\",\"item\":\"https:\/\/www.duboischemicals.com\/paper-pulp\/fr\/\"},{\"@type\":\"ListItem\",\"position\":2,\"name\":\"Industries\",\"item\":\"https:\/\/www.duboischemicals.com\/paper-pulp\/fr\/industries\/\"},{\"@type\":\"ListItem\",\"position\":3,\"name\":\"R\u00e9duction du bois en p\u00e2te\"}]},{\"@type\":\"WebSite\",\"@id\":\"https:\/\/www.duboischemicals.com\/paper-pulp\/fr\/#website\",\"url\":\"https:\/\/www.duboischemicals.com\/paper-pulp\/fr\/\",\"name\":\"P\u00e2tes et papiers\",\"description\":\"\",\"potentialAction\":[{\"@type\":\"SearchAction\",\"target\":{\"@type\":\"EntryPoint\",\"urlTemplate\":\"https:\/\/www.duboischemicals.com\/paper-pulp\/fr\/?s={search_term_string}\"},\"query-input\":{\"@type\":\"PropertyValueSpecification\",\"valueRequired\":true,\"valueName\":\"search_term_string\"}}],\"inLanguage\":\"fr-FR\"}]}<\/script>\n<!-- \/ Yoast SEO plugin. -->","yoast_head_json":{"title":"R\u00e9duction du bois en p\u00e2te - P\u00e2tes et papiers","robots":{"index":"index","follow":"follow","max-snippet":"max-snippet:-1","max-image-preview":"max-image-preview:large","max-video-preview":"max-video-preview:-1"},"canonical":"https:\/\/www.duboischemicals.com\/paper-pulp\/fr\/industries\/pulping\/","og_locale":"fr_FR","og_type":"article","og_title":"R\u00e9duction du bois en p\u00e2te - P\u00e2tes et papiers","og_description":"Qu\u2019est-ce que nos livres, nos emballages, nos couches, notre papier de toilette, nos v\u00eatements en rayonne, nos encres, nos savons, nos parfums et notre dentifrice ont en commun? Dans bien des cas, ces mat\u00e9riaux sont...","og_url":"https:\/\/www.duboischemicals.com\/paper-pulp\/fr\/industries\/pulping\/","og_site_name":"P\u00e2tes et papiers","article_modified_time":"2021-03-05T18:11:33+00:00","twitter_card":"summary_large_image","twitter_misc":{"Dur\u00e9e de lecture estim\u00e9e":"2 minutes"},"schema":{"@context":"https:\/\/schema.org","@graph":[{"@type":"WebPage","@id":"https:\/\/www.duboischemicals.com\/paper-pulp\/fr\/industries\/pulping\/","url":"https:\/\/www.duboischemicals.com\/paper-pulp\/fr\/industries\/pulping\/","name":"R\u00e9duction du bois en p\u00e2te - P\u00e2tes et papiers","isPartOf":{"@id":"https:\/\/www.duboischemicals.com\/paper-pulp\/fr\/#website"},"datePublished":"2019-01-27T14:59:12+00:00","dateModified":"2021-03-05T18:11:33+00:00","breadcrumb":{"@id":"https:\/\/www.duboischemicals.com\/paper-pulp\/fr\/industries\/pulping\/#breadcrumb"},"inLanguage":"fr-FR","potentialAction":[{"@type":"ReadAction","target":["https:\/\/www.duboischemicals.com\/paper-pulp\/fr\/industries\/pulping\/"]}]},{"@type":"BreadcrumbList","@id":"https:\/\/www.duboischemicals.com\/paper-pulp\/fr\/industries\/pulping\/#breadcrumb","itemListElement":[{"@type":"ListItem","position":1,"name":"Accueil","item":"https:\/\/www.duboischemicals.com\/paper-pulp\/fr\/"},{"@type":"ListItem","position":2,"name":"Industries","item":"https:\/\/www.duboischemicals.com\/paper-pulp\/fr\/industries\/"},{"@type":"ListItem","position":3,"name":"R\u00e9duction du bois en p\u00e2te"}]},{"@type":"WebSite","@id":"https:\/\/www.duboischemicals.com\/paper-pulp\/fr\/#website","url":"https:\/\/www.duboischemicals.com\/paper-pulp\/fr\/","name":"P\u00e2tes et papiers","description":"","potentialAction":[{"@type":"SearchAction","target":{"@type":"EntryPoint","urlTemplate":"https:\/\/www.duboischemicals.com\/paper-pulp\/fr\/?s={search_term_string}"},"query-input":{"@type":"PropertyValueSpecification","valueRequired":true,"valueName":"search_term_string"}}],"inLanguage":"fr-FR"}]}},"_links":{"self":[{"href":"https:\/\/www.duboischemicals.com\/paper-pulp\/fr\/wp-json\/wp\/v2\/pages\/10232","targetHints":{"allow":["GET"]}}],"collection":[{"href":"https:\/\/www.duboischemicals.com\/paper-pulp\/fr\/wp-json\/wp\/v2\/pages"}],"about":[{"href":"https:\/\/www.duboischemicals.com\/paper-pulp\/fr\/wp-json\/wp\/v2\/types\/page"}],"author":[{"embeddable":true,"href":"https:\/\/www.duboischemicals.com\/paper-pulp\/fr\/wp-json\/wp\/v2\/users\/11"}],"replies":[{"embeddable":true,"href":"https:\/\/www.duboischemicals.com\/paper-pulp\/fr\/wp-json\/wp\/v2\/comments?post=10232"}],"version-history":[{"count":6,"href":"https:\/\/www.duboischemicals.com\/paper-pulp\/fr\/wp-json\/wp\/v2\/pages\/10232\/revisions"}],"predecessor-version":[{"id":10880,"href":"https:\/\/www.duboischemicals.com\/paper-pulp\/fr\/wp-json\/wp\/v2\/pages\/10232\/revisions\/10880"}],"up":[{"embeddable":true,"href":"https:\/\/www.duboischemicals.com\/paper-pulp\/fr\/wp-json\/wp\/v2\/pages\/10303"}],"wp:attachment":[{"href":"https:\/\/www.duboischemicals.com\/paper-pulp\/fr\/wp-json\/wp\/v2\/media?parent=10232"}],"curies":[{"name":"wp","href":"https:\/\/api.w.org\/{rel}","templated":true}]}}