{"id":10242,"date":"2019-01-27T10:49:48","date_gmt":"2019-01-27T15:49:48","guid":{"rendered":"https:\/\/www.duboischemicals.com\/\/paper-pulp\/pulping-solutions\/"},"modified":"2021-02-26T04:33:11","modified_gmt":"2021-02-26T09:33:11","slug":"pulping-solutions","status":"publish","type":"page","link":"https:\/\/www.duboischemicals.com\/paper-pulp\/fr\/products\/pulping-solutions\/","title":{"rendered":"Solutions de r\u00e9duction du bois en p\u00e2te"},"content":{"rendered":"<p>DuBois fabrique des produits chimiques de sp\u00e9cialit\u00e9 pour la fabrication de p\u00e2tes de fibres vierges et recycl\u00e9es.<\/p>\n<p><strong>Nos technologies incluent les suivantes\u00a0:<\/strong><\/p>\n<ul>\n<li>Une gamme compl\u00e8te de produits antitartre<\/li>\n<li>Des solutions uniques de contr\u00f4le de la poix et des r\u00e9sidus collants de fibres recycl\u00e9es.<\/li>\n<li>Des solutions pour augmenter le rendement et la qualit\u00e9, notamment des adjuvants de lessivage et des produits de sp\u00e9cialit\u00e9 destin\u00e9s \u00e0 la p\u00e2te pour transformation chimique.<\/li>\n<li>Des additifs pour carburant qui am\u00e9liorent la combustion dans les chaudi\u00e8res \u00e0 biomasse et les chaudi\u00e8res de r\u00e9cup\u00e9ration du sulfite\/de la liqueur noire.<\/li>\n<li>Des produits de contr\u00f4le du H<sub>2<\/sub>S et des odeurs pour \u00e9liminer les gaz dangereux tels que le sulfure d\u2019hydrog\u00e8ne et les autres substances odorantes \u00e0 base de soufre.<\/li>\n<li>Des produits antigel qui assurent le fonctionnement efficace des convoyeurs, des goulottes et d\u2019autres surfaces dans des conditions hivernales rudes.<\/li>\n<\/ul>\n","protected":false},"excerpt":{"rendered":"<p>DuBois fabrique des produits chimiques de sp\u00e9cialit\u00e9 pour la fabrication de p\u00e2tes de fibres vierges et recycl\u00e9es. Nos technologies incluent les suivantes\u00a0: Une gamme compl\u00e8te de produits antitartre Des solutions uniques de contr\u00f4le de la&#8230;<\/p>\n","protected":false},"author":11,"featured_media":10977,"parent":10273,"menu_order":6,"comment_status":"closed","ping_status":"closed","template":"template-prodinfo.php","meta":{"_acf_changed":false,"footnotes":""},"class_list":["post-10242","page","type-page","status-publish","has-post-thumbnail","hentry"],"acf":[],"yoast_head":"<!-- This site is optimized with the Yoast SEO plugin v26.8 - https:\/\/yoast.com\/product\/yoast-seo-wordpress\/ -->\n<title>Solutions de r\u00e9duction du bois en p\u00e2te - P\u00e2tes et papiers<\/title>\n<meta name=\"robots\" content=\"index, follow, max-snippet:-1, max-image-preview:large, max-video-preview:-1\" \/>\n<link rel=\"canonical\" href=\"https:\/\/www.duboischemicals.com\/paper-pulp\/fr\/products\/pulping-solutions\/\" \/>\n<meta property=\"og:locale\" content=\"fr_FR\" \/>\n<meta property=\"og:type\" content=\"article\" \/>\n<meta property=\"og:title\" content=\"Solutions de r\u00e9duction du bois en p\u00e2te - P\u00e2tes et papiers\" \/>\n<meta property=\"og:description\" content=\"DuBois fabrique des produits chimiques de sp\u00e9cialit\u00e9 pour la fabrication de p\u00e2tes de fibres vierges et recycl\u00e9es. Nos technologies incluent les suivantes\u00a0: Une gamme compl\u00e8te de produits antitartre Des solutions uniques de contr\u00f4le de la...\" \/>\n<meta property=\"og:url\" content=\"https:\/\/www.duboischemicals.com\/paper-pulp\/fr\/products\/pulping-solutions\/\" \/>\n<meta property=\"og:site_name\" content=\"P\u00e2tes et papiers\" \/>\n<meta property=\"article:modified_time\" content=\"2021-02-26T09:33:11+00:00\" \/>\n<meta name=\"twitter:card\" content=\"summary_large_image\" \/>\n<meta name=\"twitter:label1\" content=\"Dur\u00e9e de lecture estim\u00e9e\" \/>\n\t<meta name=\"twitter:data1\" content=\"1 minute\" \/>\n<script type=\"application\/ld+json\" class=\"yoast-schema-graph\">{\"@context\":\"https:\/\/schema.org\",\"@graph\":[{\"@type\":\"WebPage\",\"@id\":\"https:\/\/www.duboischemicals.com\/paper-pulp\/fr\/products\/pulping-solutions\/\",\"url\":\"https:\/\/www.duboischemicals.com\/paper-pulp\/fr\/products\/pulping-solutions\/\",\"name\":\"Solutions de r\u00e9duction du bois en p\u00e2te - P\u00e2tes et papiers\",\"isPartOf\":{\"@id\":\"https:\/\/www.duboischemicals.com\/paper-pulp\/fr\/#website\"},\"primaryImageOfPage\":{\"@id\":\"https:\/\/www.duboischemicals.com\/paper-pulp\/fr\/products\/pulping-solutions\/#primaryimage\"},\"image\":{\"@id\":\"https:\/\/www.duboischemicals.com\/paper-pulp\/fr\/products\/pulping-solutions\/#primaryimage\"},\"thumbnailUrl\":\"https:\/\/www.duboischemicals.com\/paper-pulp\/wp-content\/uploads\/sites\/4\/2023\/06\/152.png\",\"datePublished\":\"2019-01-27T15:49:48+00:00\",\"dateModified\":\"2021-02-26T09:33:11+00:00\",\"breadcrumb\":{\"@id\":\"https:\/\/www.duboischemicals.com\/paper-pulp\/fr\/products\/pulping-solutions\/#breadcrumb\"},\"inLanguage\":\"fr-FR\",\"potentialAction\":[{\"@type\":\"ReadAction\",\"target\":[\"https:\/\/www.duboischemicals.com\/paper-pulp\/fr\/products\/pulping-solutions\/\"]}]},{\"@type\":\"ImageObject\",\"inLanguage\":\"fr-FR\",\"@id\":\"https:\/\/www.duboischemicals.com\/paper-pulp\/fr\/products\/pulping-solutions\/#primaryimage\",\"url\":\"https:\/\/www.duboischemicals.com\/paper-pulp\/wp-content\/uploads\/sites\/4\/2023\/06\/152.png\",\"contentUrl\":\"https:\/\/www.duboischemicals.com\/paper-pulp\/wp-content\/uploads\/sites\/4\/2023\/06\/152.png\",\"width\":450,\"height\":450,\"caption\":\"Pulping Icon\"},{\"@type\":\"BreadcrumbList\",\"@id\":\"https:\/\/www.duboischemicals.com\/paper-pulp\/fr\/products\/pulping-solutions\/#breadcrumb\",\"itemListElement\":[{\"@type\":\"ListItem\",\"position\":1,\"name\":\"Accueil\",\"item\":\"https:\/\/www.duboischemicals.com\/paper-pulp\/fr\/\"},{\"@type\":\"ListItem\",\"position\":2,\"name\":\"Produits\",\"item\":\"https:\/\/www.duboischemicals.com\/paper-pulp\/fr\/products\/\"},{\"@type\":\"ListItem\",\"position\":3,\"name\":\"Solutions de r\u00e9duction du bois en p\u00e2te\"}]},{\"@type\":\"WebSite\",\"@id\":\"https:\/\/www.duboischemicals.com\/paper-pulp\/fr\/#website\",\"url\":\"https:\/\/www.duboischemicals.com\/paper-pulp\/fr\/\",\"name\":\"P\u00e2tes et papiers\",\"description\":\"\",\"potentialAction\":[{\"@type\":\"SearchAction\",\"target\":{\"@type\":\"EntryPoint\",\"urlTemplate\":\"https:\/\/www.duboischemicals.com\/paper-pulp\/fr\/?s={search_term_string}\"},\"query-input\":{\"@type\":\"PropertyValueSpecification\",\"valueRequired\":true,\"valueName\":\"search_term_string\"}}],\"inLanguage\":\"fr-FR\"}]}<\/script>\n<!-- \/ Yoast SEO plugin. -->","yoast_head_json":{"title":"Solutions de r\u00e9duction du bois en p\u00e2te - P\u00e2tes et papiers","robots":{"index":"index","follow":"follow","max-snippet":"max-snippet:-1","max-image-preview":"max-image-preview:large","max-video-preview":"max-video-preview:-1"},"canonical":"https:\/\/www.duboischemicals.com\/paper-pulp\/fr\/products\/pulping-solutions\/","og_locale":"fr_FR","og_type":"article","og_title":"Solutions de r\u00e9duction du bois en p\u00e2te - P\u00e2tes et papiers","og_description":"DuBois fabrique des produits chimiques de sp\u00e9cialit\u00e9 pour la fabrication de p\u00e2tes de fibres vierges et recycl\u00e9es. Nos technologies incluent les suivantes\u00a0: Une gamme compl\u00e8te de produits antitartre Des solutions uniques de contr\u00f4le de la...","og_url":"https:\/\/www.duboischemicals.com\/paper-pulp\/fr\/products\/pulping-solutions\/","og_site_name":"P\u00e2tes et papiers","article_modified_time":"2021-02-26T09:33:11+00:00","twitter_card":"summary_large_image","twitter_misc":{"Dur\u00e9e de lecture estim\u00e9e":"1 minute"},"schema":{"@context":"https:\/\/schema.org","@graph":[{"@type":"WebPage","@id":"https:\/\/www.duboischemicals.com\/paper-pulp\/fr\/products\/pulping-solutions\/","url":"https:\/\/www.duboischemicals.com\/paper-pulp\/fr\/products\/pulping-solutions\/","name":"Solutions de r\u00e9duction du bois en p\u00e2te - P\u00e2tes et papiers","isPartOf":{"@id":"https:\/\/www.duboischemicals.com\/paper-pulp\/fr\/#website"},"primaryImageOfPage":{"@id":"https:\/\/www.duboischemicals.com\/paper-pulp\/fr\/products\/pulping-solutions\/#primaryimage"},"image":{"@id":"https:\/\/www.duboischemicals.com\/paper-pulp\/fr\/products\/pulping-solutions\/#primaryimage"},"thumbnailUrl":"https:\/\/www.duboischemicals.com\/paper-pulp\/wp-content\/uploads\/sites\/4\/2023\/06\/152.png","datePublished":"2019-01-27T15:49:48+00:00","dateModified":"2021-02-26T09:33:11+00:00","breadcrumb":{"@id":"https:\/\/www.duboischemicals.com\/paper-pulp\/fr\/products\/pulping-solutions\/#breadcrumb"},"inLanguage":"fr-FR","potentialAction":[{"@type":"ReadAction","target":["https:\/\/www.duboischemicals.com\/paper-pulp\/fr\/products\/pulping-solutions\/"]}]},{"@type":"ImageObject","inLanguage":"fr-FR","@id":"https:\/\/www.duboischemicals.com\/paper-pulp\/fr\/products\/pulping-solutions\/#primaryimage","url":"https:\/\/www.duboischemicals.com\/paper-pulp\/wp-content\/uploads\/sites\/4\/2023\/06\/152.png","contentUrl":"https:\/\/www.duboischemicals.com\/paper-pulp\/wp-content\/uploads\/sites\/4\/2023\/06\/152.png","width":450,"height":450,"caption":"Pulping Icon"},{"@type":"BreadcrumbList","@id":"https:\/\/www.duboischemicals.com\/paper-pulp\/fr\/products\/pulping-solutions\/#breadcrumb","itemListElement":[{"@type":"ListItem","position":1,"name":"Accueil","item":"https:\/\/www.duboischemicals.com\/paper-pulp\/fr\/"},{"@type":"ListItem","position":2,"name":"Produits","item":"https:\/\/www.duboischemicals.com\/paper-pulp\/fr\/products\/"},{"@type":"ListItem","position":3,"name":"Solutions de r\u00e9duction du bois en p\u00e2te"}]},{"@type":"WebSite","@id":"https:\/\/www.duboischemicals.com\/paper-pulp\/fr\/#website","url":"https:\/\/www.duboischemicals.com\/paper-pulp\/fr\/","name":"P\u00e2tes et papiers","description":"","potentialAction":[{"@type":"SearchAction","target":{"@type":"EntryPoint","urlTemplate":"https:\/\/www.duboischemicals.com\/paper-pulp\/fr\/?s={search_term_string}"},"query-input":{"@type":"PropertyValueSpecification","valueRequired":true,"valueName":"search_term_string"}}],"inLanguage":"fr-FR"}]}},"_links":{"self":[{"href":"https:\/\/www.duboischemicals.com\/paper-pulp\/fr\/wp-json\/wp\/v2\/pages\/10242","targetHints":{"allow":["GET"]}}],"collection":[{"href":"https:\/\/www.duboischemicals.com\/paper-pulp\/fr\/wp-json\/wp\/v2\/pages"}],"about":[{"href":"https:\/\/www.duboischemicals.com\/paper-pulp\/fr\/wp-json\/wp\/v2\/types\/page"}],"author":[{"embeddable":true,"href":"https:\/\/www.duboischemicals.com\/paper-pulp\/fr\/wp-json\/wp\/v2\/users\/11"}],"replies":[{"embeddable":true,"href":"https:\/\/www.duboischemicals.com\/paper-pulp\/fr\/wp-json\/wp\/v2\/comments?post=10242"}],"version-history":[{"count":4,"href":"https:\/\/www.duboischemicals.com\/paper-pulp\/fr\/wp-json\/wp\/v2\/pages\/10242\/revisions"}],"predecessor-version":[{"id":10807,"href":"https:\/\/www.duboischemicals.com\/paper-pulp\/fr\/wp-json\/wp\/v2\/pages\/10242\/revisions\/10807"}],"up":[{"embeddable":true,"href":"https:\/\/www.duboischemicals.com\/paper-pulp\/fr\/wp-json\/wp\/v2\/pages\/10273"}],"wp:featuredmedia":[{"embeddable":true,"href":"https:\/\/www.duboischemicals.com\/paper-pulp\/fr\/wp-json\/wp\/v2\/media\/10977"}],"wp:attachment":[{"href":"https:\/\/www.duboischemicals.com\/paper-pulp\/fr\/wp-json\/wp\/v2\/media?parent=10242"}],"curies":[{"name":"wp","href":"https:\/\/api.w.org\/{rel}","templated":true}]}}