{"id":10244,"date":"2019-01-27T11:52:19","date_gmt":"2019-01-27T16:52:19","guid":{"rendered":"https:\/\/www.duboischemicals.com\/\/paper-pulp\/pulping-solutions\/digester-aids-and-dissolving-pulp\/"},"modified":"2021-02-26T04:33:12","modified_gmt":"2021-02-26T09:33:12","slug":"digester-aids-and-dissolving-pulp","status":"publish","type":"page","link":"https:\/\/www.duboischemicals.com\/paper-pulp\/fr\/products\/pulping-solutions\/digester-aids-and-dissolving-pulp\/","title":{"rendered":"Adjuvants de lessivage et p\u00e2te pour transformation chimique"},"content":{"rendered":"<p>La maximisation du rendement de la p\u00e2te et le respect des normes de qualit\u00e9 sont les cl\u00e9s d&rsquo;un fonctionnement efficace de l&rsquo;usine de p\u00e2te. Les adjuvants de lessivage peuvent aider \u00e0 la p\u00e9n\u00e9tration de la liqueur et am\u00e9liorer l&rsquo;efficacit\u00e9 et la coh\u00e9rence de la cuisson.<\/p>\n<p>Les fabricants de diff\u00e9rentes qualit\u00e9s de p\u00e2te pour transformation chimique doivent pr\u00e9server la cellulose des fibres tout en respectant des normes strictes pour la teneur finale en mati\u00e8res extractibles.<\/p>\n<p>DuBois travaillera en collaboration avec votre usine de p\u00e2te pour comprendre votre proc\u00e9d\u00e9 et d\u00e9velopper des solutions r\u00e9pondant pr\u00e9cis\u00e9ment \u00e0 vos besoins.<\/p>\n<p><strong><u>Technologies cl\u00e9s<\/u>\u00a0:<\/strong><\/p>\n<ul>\n<li>Produits con\u00e7us pour augmenter la p\u00e9n\u00e9tration de la liqueur<\/li>\n<li>Produits pour augmenter l&rsquo;\u00e9limination de la r\u00e9sine dans les p\u00e2tes pour transformation chimique<\/li>\n<li>Produits d&rsquo;aide \u00e0 la xanthation pour les fabricants de p\u00e2te pour transformation chimique<\/li>\n<\/ul>\n","protected":false},"excerpt":{"rendered":"<p>La maximisation du rendement de la p\u00e2te et le respect des normes de qualit\u00e9 sont les cl\u00e9s d&rsquo;un fonctionnement efficace de l&rsquo;usine de p\u00e2te. Les adjuvants de lessivage peuvent aider \u00e0 la p\u00e9n\u00e9tration de la&#8230;<\/p>\n","protected":false},"author":11,"featured_media":9268,"parent":10242,"menu_order":1,"comment_status":"closed","ping_status":"closed","template":"template-prodinfo.php","meta":{"_acf_changed":false,"footnotes":""},"class_list":["post-10244","page","type-page","status-publish","has-post-thumbnail","hentry"],"acf":[],"yoast_head":"<!-- This site is optimized with the Yoast SEO plugin v26.8 - https:\/\/yoast.com\/product\/yoast-seo-wordpress\/ -->\n<title>Adjuvants de lessivage et p\u00e2te pour transformation chimique - P\u00e2tes et papiers<\/title>\n<meta name=\"robots\" content=\"index, follow, max-snippet:-1, max-image-preview:large, max-video-preview:-1\" \/>\n<link rel=\"canonical\" href=\"https:\/\/www.duboischemicals.com\/paper-pulp\/fr\/products\/pulping-solutions\/digester-aids-and-dissolving-pulp\/\" \/>\n<meta property=\"og:locale\" content=\"fr_FR\" \/>\n<meta property=\"og:type\" content=\"article\" \/>\n<meta property=\"og:title\" content=\"Adjuvants de lessivage et p\u00e2te pour transformation chimique - P\u00e2tes et papiers\" \/>\n<meta property=\"og:description\" content=\"La maximisation du rendement de la p\u00e2te et le respect des normes de qualit\u00e9 sont les cl\u00e9s d&rsquo;un fonctionnement efficace de l&rsquo;usine de p\u00e2te. Les adjuvants de lessivage peuvent aider \u00e0 la p\u00e9n\u00e9tration de la...\" \/>\n<meta property=\"og:url\" content=\"https:\/\/www.duboischemicals.com\/paper-pulp\/fr\/products\/pulping-solutions\/digester-aids-and-dissolving-pulp\/\" \/>\n<meta property=\"og:site_name\" content=\"P\u00e2tes et papiers\" \/>\n<meta property=\"article:modified_time\" content=\"2021-02-26T09:33:12+00:00\" \/>\n<meta property=\"og:image\" content=\"https:\/\/www.duboischemicals.com\/paper-pulp\/wp-content\/uploads\/sites\/4\/2019\/01\/Paper-Kraftmillfrom-distance.jpg\" \/>\n\t<meta property=\"og:image:width\" content=\"2312\" \/>\n\t<meta property=\"og:image:height\" content=\"1526\" \/>\n\t<meta property=\"og:image:type\" content=\"image\/jpeg\" \/>\n<meta name=\"twitter:card\" content=\"summary_large_image\" \/>\n<meta name=\"twitter:label1\" content=\"Dur\u00e9e de lecture estim\u00e9e\" \/>\n\t<meta name=\"twitter:data1\" content=\"1 minute\" \/>\n<script type=\"application\/ld+json\" class=\"yoast-schema-graph\">{\"@context\":\"https:\/\/schema.org\",\"@graph\":[{\"@type\":\"WebPage\",\"@id\":\"https:\/\/www.duboischemicals.com\/paper-pulp\/fr\/products\/pulping-solutions\/digester-aids-and-dissolving-pulp\/\",\"url\":\"https:\/\/www.duboischemicals.com\/paper-pulp\/fr\/products\/pulping-solutions\/digester-aids-and-dissolving-pulp\/\",\"name\":\"Adjuvants de lessivage et p\u00e2te pour transformation chimique - P\u00e2tes et papiers\",\"isPartOf\":{\"@id\":\"https:\/\/www.duboischemicals.com\/paper-pulp\/fr\/#website\"},\"primaryImageOfPage\":{\"@id\":\"https:\/\/www.duboischemicals.com\/paper-pulp\/fr\/products\/pulping-solutions\/digester-aids-and-dissolving-pulp\/#primaryimage\"},\"image\":{\"@id\":\"https:\/\/www.duboischemicals.com\/paper-pulp\/fr\/products\/pulping-solutions\/digester-aids-and-dissolving-pulp\/#primaryimage\"},\"thumbnailUrl\":\"https:\/\/www.duboischemicals.com\/paper-pulp\/wp-content\/uploads\/sites\/4\/2019\/01\/Paper-Kraftmillfrom-distance.jpg\",\"datePublished\":\"2019-01-27T16:52:19+00:00\",\"dateModified\":\"2021-02-26T09:33:12+00:00\",\"breadcrumb\":{\"@id\":\"https:\/\/www.duboischemicals.com\/paper-pulp\/fr\/products\/pulping-solutions\/digester-aids-and-dissolving-pulp\/#breadcrumb\"},\"inLanguage\":\"fr-FR\",\"potentialAction\":[{\"@type\":\"ReadAction\",\"target\":[\"https:\/\/www.duboischemicals.com\/paper-pulp\/fr\/products\/pulping-solutions\/digester-aids-and-dissolving-pulp\/\"]}]},{\"@type\":\"ImageObject\",\"inLanguage\":\"fr-FR\",\"@id\":\"https:\/\/www.duboischemicals.com\/paper-pulp\/fr\/products\/pulping-solutions\/digester-aids-and-dissolving-pulp\/#primaryimage\",\"url\":\"https:\/\/www.duboischemicals.com\/paper-pulp\/wp-content\/uploads\/sites\/4\/2019\/01\/Paper-Kraftmillfrom-distance.jpg\",\"contentUrl\":\"https:\/\/www.duboischemicals.com\/paper-pulp\/wp-content\/uploads\/sites\/4\/2019\/01\/Paper-Kraftmillfrom-distance.jpg\",\"width\":2312,\"height\":1526},{\"@type\":\"BreadcrumbList\",\"@id\":\"https:\/\/www.duboischemicals.com\/paper-pulp\/fr\/products\/pulping-solutions\/digester-aids-and-dissolving-pulp\/#breadcrumb\",\"itemListElement\":[{\"@type\":\"ListItem\",\"position\":1,\"name\":\"Accueil\",\"item\":\"https:\/\/www.duboischemicals.com\/paper-pulp\/fr\/\"},{\"@type\":\"ListItem\",\"position\":2,\"name\":\"Produits\",\"item\":\"https:\/\/www.duboischemicals.com\/paper-pulp\/fr\/products\/\"},{\"@type\":\"ListItem\",\"position\":3,\"name\":\"Solutions de r\u00e9duction du bois en p\u00e2te\",\"item\":\"https:\/\/www.duboischemicals.com\/paper-pulp\/fr\/products\/pulping-solutions\/\"},{\"@type\":\"ListItem\",\"position\":4,\"name\":\"Adjuvants de lessivage et p\u00e2te pour transformation chimique\"}]},{\"@type\":\"WebSite\",\"@id\":\"https:\/\/www.duboischemicals.com\/paper-pulp\/fr\/#website\",\"url\":\"https:\/\/www.duboischemicals.com\/paper-pulp\/fr\/\",\"name\":\"P\u00e2tes et papiers\",\"description\":\"\",\"potentialAction\":[{\"@type\":\"SearchAction\",\"target\":{\"@type\":\"EntryPoint\",\"urlTemplate\":\"https:\/\/www.duboischemicals.com\/paper-pulp\/fr\/?s={search_term_string}\"},\"query-input\":{\"@type\":\"PropertyValueSpecification\",\"valueRequired\":true,\"valueName\":\"search_term_string\"}}],\"inLanguage\":\"fr-FR\"}]}<\/script>\n<!-- \/ Yoast SEO plugin. -->","yoast_head_json":{"title":"Adjuvants de lessivage et p\u00e2te pour transformation chimique - P\u00e2tes et papiers","robots":{"index":"index","follow":"follow","max-snippet":"max-snippet:-1","max-image-preview":"max-image-preview:large","max-video-preview":"max-video-preview:-1"},"canonical":"https:\/\/www.duboischemicals.com\/paper-pulp\/fr\/products\/pulping-solutions\/digester-aids-and-dissolving-pulp\/","og_locale":"fr_FR","og_type":"article","og_title":"Adjuvants de lessivage et p\u00e2te pour transformation chimique - P\u00e2tes et papiers","og_description":"La maximisation du rendement de la p\u00e2te et le respect des normes de qualit\u00e9 sont les cl\u00e9s d&rsquo;un fonctionnement efficace de l&rsquo;usine de p\u00e2te. Les adjuvants de lessivage peuvent aider \u00e0 la p\u00e9n\u00e9tration de la...","og_url":"https:\/\/www.duboischemicals.com\/paper-pulp\/fr\/products\/pulping-solutions\/digester-aids-and-dissolving-pulp\/","og_site_name":"P\u00e2tes et papiers","article_modified_time":"2021-02-26T09:33:12+00:00","og_image":[{"width":2312,"height":1526,"url":"https:\/\/www.duboischemicals.com\/paper-pulp\/wp-content\/uploads\/sites\/4\/2019\/01\/Paper-Kraftmillfrom-distance.jpg","type":"image\/jpeg"}],"twitter_card":"summary_large_image","twitter_misc":{"Dur\u00e9e de lecture estim\u00e9e":"1 minute"},"schema":{"@context":"https:\/\/schema.org","@graph":[{"@type":"WebPage","@id":"https:\/\/www.duboischemicals.com\/paper-pulp\/fr\/products\/pulping-solutions\/digester-aids-and-dissolving-pulp\/","url":"https:\/\/www.duboischemicals.com\/paper-pulp\/fr\/products\/pulping-solutions\/digester-aids-and-dissolving-pulp\/","name":"Adjuvants de lessivage et p\u00e2te pour transformation chimique - P\u00e2tes et papiers","isPartOf":{"@id":"https:\/\/www.duboischemicals.com\/paper-pulp\/fr\/#website"},"primaryImageOfPage":{"@id":"https:\/\/www.duboischemicals.com\/paper-pulp\/fr\/products\/pulping-solutions\/digester-aids-and-dissolving-pulp\/#primaryimage"},"image":{"@id":"https:\/\/www.duboischemicals.com\/paper-pulp\/fr\/products\/pulping-solutions\/digester-aids-and-dissolving-pulp\/#primaryimage"},"thumbnailUrl":"https:\/\/www.duboischemicals.com\/paper-pulp\/wp-content\/uploads\/sites\/4\/2019\/01\/Paper-Kraftmillfrom-distance.jpg","datePublished":"2019-01-27T16:52:19+00:00","dateModified":"2021-02-26T09:33:12+00:00","breadcrumb":{"@id":"https:\/\/www.duboischemicals.com\/paper-pulp\/fr\/products\/pulping-solutions\/digester-aids-and-dissolving-pulp\/#breadcrumb"},"inLanguage":"fr-FR","potentialAction":[{"@type":"ReadAction","target":["https:\/\/www.duboischemicals.com\/paper-pulp\/fr\/products\/pulping-solutions\/digester-aids-and-dissolving-pulp\/"]}]},{"@type":"ImageObject","inLanguage":"fr-FR","@id":"https:\/\/www.duboischemicals.com\/paper-pulp\/fr\/products\/pulping-solutions\/digester-aids-and-dissolving-pulp\/#primaryimage","url":"https:\/\/www.duboischemicals.com\/paper-pulp\/wp-content\/uploads\/sites\/4\/2019\/01\/Paper-Kraftmillfrom-distance.jpg","contentUrl":"https:\/\/www.duboischemicals.com\/paper-pulp\/wp-content\/uploads\/sites\/4\/2019\/01\/Paper-Kraftmillfrom-distance.jpg","width":2312,"height":1526},{"@type":"BreadcrumbList","@id":"https:\/\/www.duboischemicals.com\/paper-pulp\/fr\/products\/pulping-solutions\/digester-aids-and-dissolving-pulp\/#breadcrumb","itemListElement":[{"@type":"ListItem","position":1,"name":"Accueil","item":"https:\/\/www.duboischemicals.com\/paper-pulp\/fr\/"},{"@type":"ListItem","position":2,"name":"Produits","item":"https:\/\/www.duboischemicals.com\/paper-pulp\/fr\/products\/"},{"@type":"ListItem","position":3,"name":"Solutions de r\u00e9duction du bois en p\u00e2te","item":"https:\/\/www.duboischemicals.com\/paper-pulp\/fr\/products\/pulping-solutions\/"},{"@type":"ListItem","position":4,"name":"Adjuvants de lessivage et p\u00e2te pour transformation chimique"}]},{"@type":"WebSite","@id":"https:\/\/www.duboischemicals.com\/paper-pulp\/fr\/#website","url":"https:\/\/www.duboischemicals.com\/paper-pulp\/fr\/","name":"P\u00e2tes et papiers","description":"","potentialAction":[{"@type":"SearchAction","target":{"@type":"EntryPoint","urlTemplate":"https:\/\/www.duboischemicals.com\/paper-pulp\/fr\/?s={search_term_string}"},"query-input":{"@type":"PropertyValueSpecification","valueRequired":true,"valueName":"search_term_string"}}],"inLanguage":"fr-FR"}]}},"_links":{"self":[{"href":"https:\/\/www.duboischemicals.com\/paper-pulp\/fr\/wp-json\/wp\/v2\/pages\/10244","targetHints":{"allow":["GET"]}}],"collection":[{"href":"https:\/\/www.duboischemicals.com\/paper-pulp\/fr\/wp-json\/wp\/v2\/pages"}],"about":[{"href":"https:\/\/www.duboischemicals.com\/paper-pulp\/fr\/wp-json\/wp\/v2\/types\/page"}],"author":[{"embeddable":true,"href":"https:\/\/www.duboischemicals.com\/paper-pulp\/fr\/wp-json\/wp\/v2\/users\/11"}],"replies":[{"embeddable":true,"href":"https:\/\/www.duboischemicals.com\/paper-pulp\/fr\/wp-json\/wp\/v2\/comments?post=10244"}],"version-history":[{"count":4,"href":"https:\/\/www.duboischemicals.com\/paper-pulp\/fr\/wp-json\/wp\/v2\/pages\/10244\/revisions"}],"predecessor-version":[{"id":10811,"href":"https:\/\/www.duboischemicals.com\/paper-pulp\/fr\/wp-json\/wp\/v2\/pages\/10244\/revisions\/10811"}],"up":[{"embeddable":true,"href":"https:\/\/www.duboischemicals.com\/paper-pulp\/fr\/wp-json\/wp\/v2\/pages\/10242"}],"wp:featuredmedia":[{"embeddable":true,"href":"https:\/\/www.duboischemicals.com\/paper-pulp\/fr\/wp-json\/wp\/v2\/media\/9268"}],"wp:attachment":[{"href":"https:\/\/www.duboischemicals.com\/paper-pulp\/fr\/wp-json\/wp\/v2\/media?parent=10244"}],"curies":[{"name":"wp","href":"https:\/\/api.w.org\/{rel}","templated":true}]}}