{"id":10245,"date":"2019-01-27T11:58:50","date_gmt":"2019-01-27T16:58:50","guid":{"rendered":"https:\/\/www.duboischemicals.com\/\/paper-pulp\/pulping-solutions\/fireside-additives\/"},"modified":"2021-02-26T04:33:27","modified_gmt":"2021-02-26T09:33:27","slug":"fireside-additives","status":"publish","type":"page","link":"https:\/\/www.duboischemicals.com\/paper-pulp\/fr\/products\/pulping-solutions\/fireside-additives\/","title":{"rendered":"Additifs pour la combustion"},"content":{"rendered":"<p>Les produits liquides et en poudre exclusifs de DuBois fournissent \u00e0 la fois une r\u00e9duction des d\u00e9p\u00f4ts et une combustion catalytique pour am\u00e9liorer les caract\u00e9ristiques de combustion d&rsquo;une grande vari\u00e9t\u00e9 de mat\u00e9riaux.\u00a0La biomasse, la combustion des d\u00e9chets et les chaudi\u00e8res de r\u00e9cup\u00e9ration du sulfite et de la liqueur noire ont toutes \u00e9t\u00e9 trait\u00e9es avec succ\u00e8s. Les avantages d\u2019utiliser des produits Powerlite et Powercat comprennent une dur\u00e9e de fonctionnement am\u00e9lior\u00e9e, un temps d&rsquo;arr\u00eat r\u00e9duit, des grilles plus molles et donc, un temps de nettoyage r\u00e9duit, une efficacit\u00e9 de combustion et d&rsquo;\u00e9limination d&rsquo;\u00e9nergie am\u00e9lior\u00e9e et une fiabilit\u00e9 op\u00e9rationnelle am\u00e9lior\u00e9e.<\/p>\n<p><span style=\"text-decoration: underline;\">Technologies cl\u00e9s<\/span>\u00a0:<\/p>\n<p><strong>Powerlite\u00a0<\/strong><\/p>\n<ul>\n<li>Des produits en poudre formul\u00e9s sur mesure pour fournir le contr\u00f4le le plus rentable des d\u00e9p\u00f4ts de combustion et de la combustion catalytique dans les chaudi\u00e8res de r\u00e9cup\u00e9ration.<\/li>\n<li>Peuvent aider \u00e0 \u00e9liminer la chaudi\u00e8re de r\u00e9cup\u00e9ration en tant que goulot d&rsquo;\u00e9tranglement possible dans le processus de fabrication de p\u00e2te.<\/li>\n<li>L\u2019application se fait \u00e0 l&rsquo;aide de chargeuses automatiques Powerlite con\u00e7ues sur mesure pour assurer l\u2019alimentation mains libres, continuellement ou suivant un horaire pr\u00e9programm\u00e9.<\/li>\n<\/ul>\n<p><strong>Powercat\u00a0<\/strong><\/p>\n<ul>\n<li>Fournit le contr\u00f4le le plus rentable des d\u00e9p\u00f4ts et de la combustion dans les applications de d\u00e9chets et de biomasse.<\/li>\n<li>Ce sont des solutions \u00e0 base d\u2019eau exclusives et fortement concentr\u00e9es de modificateurs de r\u00e9sidus de combustion, de catalyseurs de combustion ou des deux.<\/li>\n<li>Elles fournissent des capacit\u00e9s uniques pour les applications de combustion li\u00e9es aux d\u00e9chets et \u00e0 la biomasse.<\/li>\n<li>L\u2019application se fait directement sur le substrat avant l\u2019allumage avec des syst\u00e8mes de dosage simples et efficaces.<\/li>\n<\/ul>\n","protected":false},"excerpt":{"rendered":"<p>Les produits liquides et en poudre exclusifs de DuBois fournissent \u00e0 la fois une r\u00e9duction des d\u00e9p\u00f4ts et une combustion catalytique pour am\u00e9liorer les caract\u00e9ristiques de combustion d&rsquo;une grande vari\u00e9t\u00e9 de mat\u00e9riaux.\u00a0La biomasse, la combustion&#8230;<\/p>\n","protected":false},"author":11,"featured_media":9269,"parent":10242,"menu_order":2,"comment_status":"closed","ping_status":"closed","template":"template-prodinfo.php","meta":{"_acf_changed":false,"footnotes":""},"class_list":["post-10245","page","type-page","status-publish","has-post-thumbnail","hentry"],"acf":[],"yoast_head":"<!-- This site is optimized with the Yoast SEO plugin v26.8 - https:\/\/yoast.com\/product\/yoast-seo-wordpress\/ -->\n<title>Additifs pour la combustion - P\u00e2tes et papiers<\/title>\n<meta name=\"robots\" content=\"index, follow, max-snippet:-1, max-image-preview:large, max-video-preview:-1\" \/>\n<link rel=\"canonical\" href=\"https:\/\/www.duboischemicals.com\/paper-pulp\/fr\/products\/pulping-solutions\/fireside-additives\/\" \/>\n<meta property=\"og:locale\" content=\"fr_FR\" \/>\n<meta property=\"og:type\" content=\"article\" \/>\n<meta property=\"og:title\" content=\"Additifs pour la combustion - P\u00e2tes et papiers\" \/>\n<meta property=\"og:description\" content=\"Les produits liquides et en poudre exclusifs de DuBois fournissent \u00e0 la fois une r\u00e9duction des d\u00e9p\u00f4ts et une combustion catalytique pour am\u00e9liorer les caract\u00e9ristiques de combustion d&rsquo;une grande vari\u00e9t\u00e9 de mat\u00e9riaux.\u00a0La biomasse, la combustion...\" \/>\n<meta property=\"og:url\" content=\"https:\/\/www.duboischemicals.com\/paper-pulp\/fr\/products\/pulping-solutions\/fireside-additives\/\" \/>\n<meta property=\"og:site_name\" content=\"P\u00e2tes et papiers\" \/>\n<meta property=\"article:modified_time\" content=\"2021-02-26T09:33:27+00:00\" \/>\n<meta property=\"og:image\" content=\"https:\/\/www.duboischemicals.com\/paper-pulp\/wp-content\/uploads\/sites\/4\/2019\/01\/shutterstock_24517471-3.jpg\" \/>\n\t<meta property=\"og:image:width\" content=\"1000\" \/>\n\t<meta property=\"og:image:height\" content=\"667\" \/>\n\t<meta property=\"og:image:type\" content=\"image\/jpeg\" \/>\n<meta name=\"twitter:card\" content=\"summary_large_image\" \/>\n<meta name=\"twitter:label1\" content=\"Dur\u00e9e de lecture estim\u00e9e\" \/>\n\t<meta name=\"twitter:data1\" content=\"2 minutes\" \/>\n<script type=\"application\/ld+json\" class=\"yoast-schema-graph\">{\"@context\":\"https:\/\/schema.org\",\"@graph\":[{\"@type\":\"WebPage\",\"@id\":\"https:\/\/www.duboischemicals.com\/paper-pulp\/fr\/products\/pulping-solutions\/fireside-additives\/\",\"url\":\"https:\/\/www.duboischemicals.com\/paper-pulp\/fr\/products\/pulping-solutions\/fireside-additives\/\",\"name\":\"Additifs pour la combustion - P\u00e2tes et papiers\",\"isPartOf\":{\"@id\":\"https:\/\/www.duboischemicals.com\/paper-pulp\/fr\/#website\"},\"primaryImageOfPage\":{\"@id\":\"https:\/\/www.duboischemicals.com\/paper-pulp\/fr\/products\/pulping-solutions\/fireside-additives\/#primaryimage\"},\"image\":{\"@id\":\"https:\/\/www.duboischemicals.com\/paper-pulp\/fr\/products\/pulping-solutions\/fireside-additives\/#primaryimage\"},\"thumbnailUrl\":\"https:\/\/www.duboischemicals.com\/paper-pulp\/wp-content\/uploads\/sites\/4\/2019\/01\/shutterstock_24517471-3.jpg\",\"datePublished\":\"2019-01-27T16:58:50+00:00\",\"dateModified\":\"2021-02-26T09:33:27+00:00\",\"breadcrumb\":{\"@id\":\"https:\/\/www.duboischemicals.com\/paper-pulp\/fr\/products\/pulping-solutions\/fireside-additives\/#breadcrumb\"},\"inLanguage\":\"fr-FR\",\"potentialAction\":[{\"@type\":\"ReadAction\",\"target\":[\"https:\/\/www.duboischemicals.com\/paper-pulp\/fr\/products\/pulping-solutions\/fireside-additives\/\"]}]},{\"@type\":\"ImageObject\",\"inLanguage\":\"fr-FR\",\"@id\":\"https:\/\/www.duboischemicals.com\/paper-pulp\/fr\/products\/pulping-solutions\/fireside-additives\/#primaryimage\",\"url\":\"https:\/\/www.duboischemicals.com\/paper-pulp\/wp-content\/uploads\/sites\/4\/2019\/01\/shutterstock_24517471-3.jpg\",\"contentUrl\":\"https:\/\/www.duboischemicals.com\/paper-pulp\/wp-content\/uploads\/sites\/4\/2019\/01\/shutterstock_24517471-3.jpg\",\"width\":1000,\"height\":667},{\"@type\":\"BreadcrumbList\",\"@id\":\"https:\/\/www.duboischemicals.com\/paper-pulp\/fr\/products\/pulping-solutions\/fireside-additives\/#breadcrumb\",\"itemListElement\":[{\"@type\":\"ListItem\",\"position\":1,\"name\":\"Accueil\",\"item\":\"https:\/\/www.duboischemicals.com\/paper-pulp\/fr\/\"},{\"@type\":\"ListItem\",\"position\":2,\"name\":\"Produits\",\"item\":\"https:\/\/www.duboischemicals.com\/paper-pulp\/fr\/products\/\"},{\"@type\":\"ListItem\",\"position\":3,\"name\":\"Solutions de r\u00e9duction du bois en p\u00e2te\",\"item\":\"https:\/\/www.duboischemicals.com\/paper-pulp\/fr\/products\/pulping-solutions\/\"},{\"@type\":\"ListItem\",\"position\":4,\"name\":\"Additifs pour la combustion\"}]},{\"@type\":\"WebSite\",\"@id\":\"https:\/\/www.duboischemicals.com\/paper-pulp\/fr\/#website\",\"url\":\"https:\/\/www.duboischemicals.com\/paper-pulp\/fr\/\",\"name\":\"P\u00e2tes et papiers\",\"description\":\"\",\"potentialAction\":[{\"@type\":\"SearchAction\",\"target\":{\"@type\":\"EntryPoint\",\"urlTemplate\":\"https:\/\/www.duboischemicals.com\/paper-pulp\/fr\/?s={search_term_string}\"},\"query-input\":{\"@type\":\"PropertyValueSpecification\",\"valueRequired\":true,\"valueName\":\"search_term_string\"}}],\"inLanguage\":\"fr-FR\"}]}<\/script>\n<!-- \/ Yoast SEO plugin. -->","yoast_head_json":{"title":"Additifs pour la combustion - P\u00e2tes et papiers","robots":{"index":"index","follow":"follow","max-snippet":"max-snippet:-1","max-image-preview":"max-image-preview:large","max-video-preview":"max-video-preview:-1"},"canonical":"https:\/\/www.duboischemicals.com\/paper-pulp\/fr\/products\/pulping-solutions\/fireside-additives\/","og_locale":"fr_FR","og_type":"article","og_title":"Additifs pour la combustion - P\u00e2tes et papiers","og_description":"Les produits liquides et en poudre exclusifs de DuBois fournissent \u00e0 la fois une r\u00e9duction des d\u00e9p\u00f4ts et une combustion catalytique pour am\u00e9liorer les caract\u00e9ristiques de combustion d&rsquo;une grande vari\u00e9t\u00e9 de mat\u00e9riaux.\u00a0La biomasse, la combustion...","og_url":"https:\/\/www.duboischemicals.com\/paper-pulp\/fr\/products\/pulping-solutions\/fireside-additives\/","og_site_name":"P\u00e2tes et papiers","article_modified_time":"2021-02-26T09:33:27+00:00","og_image":[{"width":1000,"height":667,"url":"https:\/\/www.duboischemicals.com\/paper-pulp\/wp-content\/uploads\/sites\/4\/2019\/01\/shutterstock_24517471-3.jpg","type":"image\/jpeg"}],"twitter_card":"summary_large_image","twitter_misc":{"Dur\u00e9e de lecture estim\u00e9e":"2 minutes"},"schema":{"@context":"https:\/\/schema.org","@graph":[{"@type":"WebPage","@id":"https:\/\/www.duboischemicals.com\/paper-pulp\/fr\/products\/pulping-solutions\/fireside-additives\/","url":"https:\/\/www.duboischemicals.com\/paper-pulp\/fr\/products\/pulping-solutions\/fireside-additives\/","name":"Additifs pour la combustion - P\u00e2tes et papiers","isPartOf":{"@id":"https:\/\/www.duboischemicals.com\/paper-pulp\/fr\/#website"},"primaryImageOfPage":{"@id":"https:\/\/www.duboischemicals.com\/paper-pulp\/fr\/products\/pulping-solutions\/fireside-additives\/#primaryimage"},"image":{"@id":"https:\/\/www.duboischemicals.com\/paper-pulp\/fr\/products\/pulping-solutions\/fireside-additives\/#primaryimage"},"thumbnailUrl":"https:\/\/www.duboischemicals.com\/paper-pulp\/wp-content\/uploads\/sites\/4\/2019\/01\/shutterstock_24517471-3.jpg","datePublished":"2019-01-27T16:58:50+00:00","dateModified":"2021-02-26T09:33:27+00:00","breadcrumb":{"@id":"https:\/\/www.duboischemicals.com\/paper-pulp\/fr\/products\/pulping-solutions\/fireside-additives\/#breadcrumb"},"inLanguage":"fr-FR","potentialAction":[{"@type":"ReadAction","target":["https:\/\/www.duboischemicals.com\/paper-pulp\/fr\/products\/pulping-solutions\/fireside-additives\/"]}]},{"@type":"ImageObject","inLanguage":"fr-FR","@id":"https:\/\/www.duboischemicals.com\/paper-pulp\/fr\/products\/pulping-solutions\/fireside-additives\/#primaryimage","url":"https:\/\/www.duboischemicals.com\/paper-pulp\/wp-content\/uploads\/sites\/4\/2019\/01\/shutterstock_24517471-3.jpg","contentUrl":"https:\/\/www.duboischemicals.com\/paper-pulp\/wp-content\/uploads\/sites\/4\/2019\/01\/shutterstock_24517471-3.jpg","width":1000,"height":667},{"@type":"BreadcrumbList","@id":"https:\/\/www.duboischemicals.com\/paper-pulp\/fr\/products\/pulping-solutions\/fireside-additives\/#breadcrumb","itemListElement":[{"@type":"ListItem","position":1,"name":"Accueil","item":"https:\/\/www.duboischemicals.com\/paper-pulp\/fr\/"},{"@type":"ListItem","position":2,"name":"Produits","item":"https:\/\/www.duboischemicals.com\/paper-pulp\/fr\/products\/"},{"@type":"ListItem","position":3,"name":"Solutions de r\u00e9duction du bois en p\u00e2te","item":"https:\/\/www.duboischemicals.com\/paper-pulp\/fr\/products\/pulping-solutions\/"},{"@type":"ListItem","position":4,"name":"Additifs pour la combustion"}]},{"@type":"WebSite","@id":"https:\/\/www.duboischemicals.com\/paper-pulp\/fr\/#website","url":"https:\/\/www.duboischemicals.com\/paper-pulp\/fr\/","name":"P\u00e2tes et papiers","description":"","potentialAction":[{"@type":"SearchAction","target":{"@type":"EntryPoint","urlTemplate":"https:\/\/www.duboischemicals.com\/paper-pulp\/fr\/?s={search_term_string}"},"query-input":{"@type":"PropertyValueSpecification","valueRequired":true,"valueName":"search_term_string"}}],"inLanguage":"fr-FR"}]}},"_links":{"self":[{"href":"https:\/\/www.duboischemicals.com\/paper-pulp\/fr\/wp-json\/wp\/v2\/pages\/10245","targetHints":{"allow":["GET"]}}],"collection":[{"href":"https:\/\/www.duboischemicals.com\/paper-pulp\/fr\/wp-json\/wp\/v2\/pages"}],"about":[{"href":"https:\/\/www.duboischemicals.com\/paper-pulp\/fr\/wp-json\/wp\/v2\/types\/page"}],"author":[{"embeddable":true,"href":"https:\/\/www.duboischemicals.com\/paper-pulp\/fr\/wp-json\/wp\/v2\/users\/11"}],"replies":[{"embeddable":true,"href":"https:\/\/www.duboischemicals.com\/paper-pulp\/fr\/wp-json\/wp\/v2\/comments?post=10245"}],"version-history":[{"count":3,"href":"https:\/\/www.duboischemicals.com\/paper-pulp\/fr\/wp-json\/wp\/v2\/pages\/10245\/revisions"}],"predecessor-version":[{"id":10676,"href":"https:\/\/www.duboischemicals.com\/paper-pulp\/fr\/wp-json\/wp\/v2\/pages\/10245\/revisions\/10676"}],"up":[{"embeddable":true,"href":"https:\/\/www.duboischemicals.com\/paper-pulp\/fr\/wp-json\/wp\/v2\/pages\/10242"}],"wp:featuredmedia":[{"embeddable":true,"href":"https:\/\/www.duboischemicals.com\/paper-pulp\/fr\/wp-json\/wp\/v2\/media\/9269"}],"wp:attachment":[{"href":"https:\/\/www.duboischemicals.com\/paper-pulp\/fr\/wp-json\/wp\/v2\/media?parent=10245"}],"curies":[{"name":"wp","href":"https:\/\/api.w.org\/{rel}","templated":true}]}}