{"id":10246,"date":"2019-01-27T12:11:05","date_gmt":"2019-01-27T17:11:05","guid":{"rendered":"https:\/\/www.duboischemicals.com\/\/paper-pulp\/pulping-solutions\/hydrogen-sulfite-and-odor-control\/"},"modified":"2021-02-26T04:33:18","modified_gmt":"2021-02-26T09:33:18","slug":"hydrogen-sulfite-and-odor-control","status":"publish","type":"page","link":"https:\/\/www.duboischemicals.com\/paper-pulp\/fr\/products\/pulping-solutions\/hydrogen-sulfite-and-odor-control\/","title":{"rendered":"Contr\u00f4le des odeurs et du sulfite d\u2019hydrog\u00e8ne"},"content":{"rendered":"<p>La gamme de produits exclusifs DuBois comprend des r\u00e9actifs d\u2019\u00e9puration efficaces pour les mati\u00e8res dangereuses, comme le sulfite d&rsquo;hydrog\u00e8ne, le thiol et d&rsquo;autres produits chimiques odorants \u00e0 base de soufre, ainsi que des mat\u00e9riaux st\u00e9rilisants pour un contr\u00f4le microbiocide efficace des mati\u00e8res \u00e0 l&rsquo;origine des odeurs.<\/p>\n<p><strong>Enviroscrub et Powerscrub<\/strong><\/p>\n<ul>\n<li>Des produits d\u2019\u00e9puration \u00e0 base d&rsquo;eau, s\u00e9curitaires et faciles \u00e0 appliquer, qui permettent un nettoyage rapide et efficace de l&rsquo;\u00e9quipement de traitement, y compris les cuves de traitement, les colonnes d\u2019\u00e9puisement, les r\u00e9servoirs de stockage de t\u00e9r\u00e9benthine, les syst\u00e8mes de gaz non condensables, les \u00e9gouts et les d\u00e9poussi\u00e9reurs de four \u00e0 chaux et les zones isol\u00e9es.<\/li>\n<li>R\u00e9agissent rapidement et de mani\u00e8re irr\u00e9versible avec le sulfite d&rsquo;hydrog\u00e8ne et les thiols.<\/li>\n<li>Contrairement aux oxydants courants, ces produits r\u00e9agissent s\u00e9lectivement avec le sulfite d&rsquo;hydrog\u00e8ne et les thiols.<\/li>\n<li>Formul\u00e9s pour les applications en ext\u00e9rieur toute l&rsquo;ann\u00e9e (r\u00e9sistants au gel) et en int\u00e9rieur, ainsi que pour les conditions particuli\u00e8res de chaque domaine d&rsquo;application.<\/li>\n<li>Peuvent servir \u00e0 \u00e9purer les gaz non condensables avant la mise \u00e0 l\u2019air et \u00e0 ramener les taux de H2S et de thiols dans les syst\u00e8mes de condensat de r\u00e9extraction \u00e0 un niveau s\u00e9curitaire avant l\u2019entr\u00e9e.<\/li>\n<\/ul>\n","protected":false},"excerpt":{"rendered":"<p>La gamme de produits exclusifs DuBois comprend des r\u00e9actifs d\u2019\u00e9puration efficaces pour les mati\u00e8res dangereuses, comme le sulfite d&rsquo;hydrog\u00e8ne, le thiol et d&rsquo;autres produits chimiques odorants \u00e0 base de soufre, ainsi que des mat\u00e9riaux st\u00e9rilisants&#8230;<\/p>\n","protected":false},"author":11,"featured_media":9270,"parent":10242,"menu_order":3,"comment_status":"closed","ping_status":"closed","template":"template-prodinfo.php","meta":{"_acf_changed":false,"footnotes":""},"class_list":["post-10246","page","type-page","status-publish","has-post-thumbnail","hentry"],"acf":[],"yoast_head":"<!-- This site is optimized with the Yoast SEO plugin v26.8 - https:\/\/yoast.com\/product\/yoast-seo-wordpress\/ -->\n<title>Contr\u00f4le des odeurs et du sulfite d\u2019hydrog\u00e8ne - P\u00e2tes et papiers<\/title>\n<meta name=\"robots\" content=\"index, follow, max-snippet:-1, max-image-preview:large, max-video-preview:-1\" \/>\n<link rel=\"canonical\" href=\"https:\/\/www.duboischemicals.com\/paper-pulp\/fr\/products\/pulping-solutions\/hydrogen-sulfite-and-odor-control\/\" \/>\n<meta property=\"og:locale\" content=\"fr_FR\" \/>\n<meta property=\"og:type\" content=\"article\" \/>\n<meta property=\"og:title\" content=\"Contr\u00f4le des odeurs et du sulfite d\u2019hydrog\u00e8ne - P\u00e2tes et papiers\" \/>\n<meta property=\"og:description\" content=\"La gamme de produits exclusifs DuBois comprend des r\u00e9actifs d\u2019\u00e9puration efficaces pour les mati\u00e8res dangereuses, comme le sulfite d&rsquo;hydrog\u00e8ne, le thiol et d&rsquo;autres produits chimiques odorants \u00e0 base de soufre, ainsi que des mat\u00e9riaux st\u00e9rilisants...\" \/>\n<meta property=\"og:url\" content=\"https:\/\/www.duboischemicals.com\/paper-pulp\/fr\/products\/pulping-solutions\/hydrogen-sulfite-and-odor-control\/\" \/>\n<meta property=\"og:site_name\" content=\"P\u00e2tes et papiers\" \/>\n<meta property=\"article:modified_time\" content=\"2021-02-26T09:33:18+00:00\" \/>\n<meta property=\"og:image\" content=\"https:\/\/www.duboischemicals.com\/paper-pulp\/wp-content\/uploads\/sites\/4\/2019\/01\/Pulp-Odor-Control-Vacuum-Tank-Inspection-1.jpg\" \/>\n\t<meta property=\"og:image:width\" content=\"448\" \/>\n\t<meta property=\"og:image:height\" content=\"299\" \/>\n\t<meta property=\"og:image:type\" content=\"image\/jpeg\" \/>\n<meta name=\"twitter:card\" content=\"summary_large_image\" \/>\n<meta name=\"twitter:label1\" content=\"Dur\u00e9e de lecture estim\u00e9e\" \/>\n\t<meta name=\"twitter:data1\" content=\"1 minute\" \/>\n<script type=\"application\/ld+json\" class=\"yoast-schema-graph\">{\"@context\":\"https:\/\/schema.org\",\"@graph\":[{\"@type\":\"WebPage\",\"@id\":\"https:\/\/www.duboischemicals.com\/paper-pulp\/fr\/products\/pulping-solutions\/hydrogen-sulfite-and-odor-control\/\",\"url\":\"https:\/\/www.duboischemicals.com\/paper-pulp\/fr\/products\/pulping-solutions\/hydrogen-sulfite-and-odor-control\/\",\"name\":\"Contr\u00f4le des odeurs et du sulfite d\u2019hydrog\u00e8ne - P\u00e2tes et papiers\",\"isPartOf\":{\"@id\":\"https:\/\/www.duboischemicals.com\/paper-pulp\/fr\/#website\"},\"primaryImageOfPage\":{\"@id\":\"https:\/\/www.duboischemicals.com\/paper-pulp\/fr\/products\/pulping-solutions\/hydrogen-sulfite-and-odor-control\/#primaryimage\"},\"image\":{\"@id\":\"https:\/\/www.duboischemicals.com\/paper-pulp\/fr\/products\/pulping-solutions\/hydrogen-sulfite-and-odor-control\/#primaryimage\"},\"thumbnailUrl\":\"https:\/\/www.duboischemicals.com\/paper-pulp\/wp-content\/uploads\/sites\/4\/2019\/01\/Pulp-Odor-Control-Vacuum-Tank-Inspection-1.jpg\",\"datePublished\":\"2019-01-27T17:11:05+00:00\",\"dateModified\":\"2021-02-26T09:33:18+00:00\",\"breadcrumb\":{\"@id\":\"https:\/\/www.duboischemicals.com\/paper-pulp\/fr\/products\/pulping-solutions\/hydrogen-sulfite-and-odor-control\/#breadcrumb\"},\"inLanguage\":\"fr-FR\",\"potentialAction\":[{\"@type\":\"ReadAction\",\"target\":[\"https:\/\/www.duboischemicals.com\/paper-pulp\/fr\/products\/pulping-solutions\/hydrogen-sulfite-and-odor-control\/\"]}]},{\"@type\":\"ImageObject\",\"inLanguage\":\"fr-FR\",\"@id\":\"https:\/\/www.duboischemicals.com\/paper-pulp\/fr\/products\/pulping-solutions\/hydrogen-sulfite-and-odor-control\/#primaryimage\",\"url\":\"https:\/\/www.duboischemicals.com\/paper-pulp\/wp-content\/uploads\/sites\/4\/2019\/01\/Pulp-Odor-Control-Vacuum-Tank-Inspection-1.jpg\",\"contentUrl\":\"https:\/\/www.duboischemicals.com\/paper-pulp\/wp-content\/uploads\/sites\/4\/2019\/01\/Pulp-Odor-Control-Vacuum-Tank-Inspection-1.jpg\",\"width\":448,\"height\":299},{\"@type\":\"BreadcrumbList\",\"@id\":\"https:\/\/www.duboischemicals.com\/paper-pulp\/fr\/products\/pulping-solutions\/hydrogen-sulfite-and-odor-control\/#breadcrumb\",\"itemListElement\":[{\"@type\":\"ListItem\",\"position\":1,\"name\":\"Accueil\",\"item\":\"https:\/\/www.duboischemicals.com\/paper-pulp\/fr\/\"},{\"@type\":\"ListItem\",\"position\":2,\"name\":\"Produits\",\"item\":\"https:\/\/www.duboischemicals.com\/paper-pulp\/fr\/products\/\"},{\"@type\":\"ListItem\",\"position\":3,\"name\":\"Solutions de r\u00e9duction du bois en p\u00e2te\",\"item\":\"https:\/\/www.duboischemicals.com\/paper-pulp\/fr\/products\/pulping-solutions\/\"},{\"@type\":\"ListItem\",\"position\":4,\"name\":\"Contr\u00f4le des odeurs et du sulfite d\u2019hydrog\u00e8ne\"}]},{\"@type\":\"WebSite\",\"@id\":\"https:\/\/www.duboischemicals.com\/paper-pulp\/fr\/#website\",\"url\":\"https:\/\/www.duboischemicals.com\/paper-pulp\/fr\/\",\"name\":\"P\u00e2tes et papiers\",\"description\":\"\",\"potentialAction\":[{\"@type\":\"SearchAction\",\"target\":{\"@type\":\"EntryPoint\",\"urlTemplate\":\"https:\/\/www.duboischemicals.com\/paper-pulp\/fr\/?s={search_term_string}\"},\"query-input\":{\"@type\":\"PropertyValueSpecification\",\"valueRequired\":true,\"valueName\":\"search_term_string\"}}],\"inLanguage\":\"fr-FR\"}]}<\/script>\n<!-- \/ Yoast SEO plugin. -->","yoast_head_json":{"title":"Contr\u00f4le des odeurs et du sulfite d\u2019hydrog\u00e8ne - P\u00e2tes et papiers","robots":{"index":"index","follow":"follow","max-snippet":"max-snippet:-1","max-image-preview":"max-image-preview:large","max-video-preview":"max-video-preview:-1"},"canonical":"https:\/\/www.duboischemicals.com\/paper-pulp\/fr\/products\/pulping-solutions\/hydrogen-sulfite-and-odor-control\/","og_locale":"fr_FR","og_type":"article","og_title":"Contr\u00f4le des odeurs et du sulfite d\u2019hydrog\u00e8ne - P\u00e2tes et papiers","og_description":"La gamme de produits exclusifs DuBois comprend des r\u00e9actifs d\u2019\u00e9puration efficaces pour les mati\u00e8res dangereuses, comme le sulfite d&rsquo;hydrog\u00e8ne, le thiol et d&rsquo;autres produits chimiques odorants \u00e0 base de soufre, ainsi que des mat\u00e9riaux st\u00e9rilisants...","og_url":"https:\/\/www.duboischemicals.com\/paper-pulp\/fr\/products\/pulping-solutions\/hydrogen-sulfite-and-odor-control\/","og_site_name":"P\u00e2tes et papiers","article_modified_time":"2021-02-26T09:33:18+00:00","og_image":[{"width":448,"height":299,"url":"https:\/\/www.duboischemicals.com\/paper-pulp\/wp-content\/uploads\/sites\/4\/2019\/01\/Pulp-Odor-Control-Vacuum-Tank-Inspection-1.jpg","type":"image\/jpeg"}],"twitter_card":"summary_large_image","twitter_misc":{"Dur\u00e9e de lecture estim\u00e9e":"1 minute"},"schema":{"@context":"https:\/\/schema.org","@graph":[{"@type":"WebPage","@id":"https:\/\/www.duboischemicals.com\/paper-pulp\/fr\/products\/pulping-solutions\/hydrogen-sulfite-and-odor-control\/","url":"https:\/\/www.duboischemicals.com\/paper-pulp\/fr\/products\/pulping-solutions\/hydrogen-sulfite-and-odor-control\/","name":"Contr\u00f4le des odeurs et du sulfite d\u2019hydrog\u00e8ne - P\u00e2tes et papiers","isPartOf":{"@id":"https:\/\/www.duboischemicals.com\/paper-pulp\/fr\/#website"},"primaryImageOfPage":{"@id":"https:\/\/www.duboischemicals.com\/paper-pulp\/fr\/products\/pulping-solutions\/hydrogen-sulfite-and-odor-control\/#primaryimage"},"image":{"@id":"https:\/\/www.duboischemicals.com\/paper-pulp\/fr\/products\/pulping-solutions\/hydrogen-sulfite-and-odor-control\/#primaryimage"},"thumbnailUrl":"https:\/\/www.duboischemicals.com\/paper-pulp\/wp-content\/uploads\/sites\/4\/2019\/01\/Pulp-Odor-Control-Vacuum-Tank-Inspection-1.jpg","datePublished":"2019-01-27T17:11:05+00:00","dateModified":"2021-02-26T09:33:18+00:00","breadcrumb":{"@id":"https:\/\/www.duboischemicals.com\/paper-pulp\/fr\/products\/pulping-solutions\/hydrogen-sulfite-and-odor-control\/#breadcrumb"},"inLanguage":"fr-FR","potentialAction":[{"@type":"ReadAction","target":["https:\/\/www.duboischemicals.com\/paper-pulp\/fr\/products\/pulping-solutions\/hydrogen-sulfite-and-odor-control\/"]}]},{"@type":"ImageObject","inLanguage":"fr-FR","@id":"https:\/\/www.duboischemicals.com\/paper-pulp\/fr\/products\/pulping-solutions\/hydrogen-sulfite-and-odor-control\/#primaryimage","url":"https:\/\/www.duboischemicals.com\/paper-pulp\/wp-content\/uploads\/sites\/4\/2019\/01\/Pulp-Odor-Control-Vacuum-Tank-Inspection-1.jpg","contentUrl":"https:\/\/www.duboischemicals.com\/paper-pulp\/wp-content\/uploads\/sites\/4\/2019\/01\/Pulp-Odor-Control-Vacuum-Tank-Inspection-1.jpg","width":448,"height":299},{"@type":"BreadcrumbList","@id":"https:\/\/www.duboischemicals.com\/paper-pulp\/fr\/products\/pulping-solutions\/hydrogen-sulfite-and-odor-control\/#breadcrumb","itemListElement":[{"@type":"ListItem","position":1,"name":"Accueil","item":"https:\/\/www.duboischemicals.com\/paper-pulp\/fr\/"},{"@type":"ListItem","position":2,"name":"Produits","item":"https:\/\/www.duboischemicals.com\/paper-pulp\/fr\/products\/"},{"@type":"ListItem","position":3,"name":"Solutions de r\u00e9duction du bois en p\u00e2te","item":"https:\/\/www.duboischemicals.com\/paper-pulp\/fr\/products\/pulping-solutions\/"},{"@type":"ListItem","position":4,"name":"Contr\u00f4le des odeurs et du sulfite d\u2019hydrog\u00e8ne"}]},{"@type":"WebSite","@id":"https:\/\/www.duboischemicals.com\/paper-pulp\/fr\/#website","url":"https:\/\/www.duboischemicals.com\/paper-pulp\/fr\/","name":"P\u00e2tes et papiers","description":"","potentialAction":[{"@type":"SearchAction","target":{"@type":"EntryPoint","urlTemplate":"https:\/\/www.duboischemicals.com\/paper-pulp\/fr\/?s={search_term_string}"},"query-input":{"@type":"PropertyValueSpecification","valueRequired":true,"valueName":"search_term_string"}}],"inLanguage":"fr-FR"}]}},"_links":{"self":[{"href":"https:\/\/www.duboischemicals.com\/paper-pulp\/fr\/wp-json\/wp\/v2\/pages\/10246","targetHints":{"allow":["GET"]}}],"collection":[{"href":"https:\/\/www.duboischemicals.com\/paper-pulp\/fr\/wp-json\/wp\/v2\/pages"}],"about":[{"href":"https:\/\/www.duboischemicals.com\/paper-pulp\/fr\/wp-json\/wp\/v2\/types\/page"}],"author":[{"embeddable":true,"href":"https:\/\/www.duboischemicals.com\/paper-pulp\/fr\/wp-json\/wp\/v2\/users\/11"}],"replies":[{"embeddable":true,"href":"https:\/\/www.duboischemicals.com\/paper-pulp\/fr\/wp-json\/wp\/v2\/comments?post=10246"}],"version-history":[{"count":2,"href":"https:\/\/www.duboischemicals.com\/paper-pulp\/fr\/wp-json\/wp\/v2\/pages\/10246\/revisions"}],"predecessor-version":[{"id":10622,"href":"https:\/\/www.duboischemicals.com\/paper-pulp\/fr\/wp-json\/wp\/v2\/pages\/10246\/revisions\/10622"}],"up":[{"embeddable":true,"href":"https:\/\/www.duboischemicals.com\/paper-pulp\/fr\/wp-json\/wp\/v2\/pages\/10242"}],"wp:featuredmedia":[{"embeddable":true,"href":"https:\/\/www.duboischemicals.com\/paper-pulp\/fr\/wp-json\/wp\/v2\/media\/9270"}],"wp:attachment":[{"href":"https:\/\/www.duboischemicals.com\/paper-pulp\/fr\/wp-json\/wp\/v2\/media?parent=10246"}],"curies":[{"name":"wp","href":"https:\/\/api.w.org\/{rel}","templated":true}]}}