{"id":10247,"date":"2019-01-27T12:21:05","date_gmt":"2019-01-27T17:21:05","guid":{"rendered":"https:\/\/www.duboischemicals.com\/\/paper-pulp\/pulping-solutions\/freeze-control\/"},"modified":"2021-02-26T04:33:30","modified_gmt":"2021-02-26T09:33:30","slug":"freeze-control","status":"publish","type":"page","link":"https:\/\/www.duboischemicals.com\/paper-pulp\/fr\/products\/pulping-solutions\/freeze-control\/","title":{"rendered":"Contr\u00f4le du gel"},"content":{"rendered":"<p>Les produits de contr\u00f4le du gel DuBois offrent des capacit\u00e9s antigel uniques pour les convoyeurs, les goulottes, les wagons, les plateformes de camions et d\u2019autres surfaces o\u00f9 la glace a tendance \u00e0 s&rsquo;accumuler, ainsi que les mat\u00e9riaux en vrac \u00e0 grande \u00e9chelle.\u00a0\u00a0Dans des conditions hivernales rigoureuses, ces produits peuvent am\u00e9liorer la fiabilit\u00e9 des syst\u00e8mes de manutention, am\u00e9liorer la manutention des mat\u00e9riaux, r\u00e9duire les co\u00fbts d\u2019entretien, r\u00e9duire les frais de retour et am\u00e9liorer la convivialit\u00e9 des travailleurs.<\/p>\n<p><strong>Gamme Enviromelt<\/strong><\/p>\n<ul>\n<li>Maintient le fonctionnement efficace des convoyeurs \u00e0 bande, des goulottes et des wagons sous le point de cong\u00e9lation.<\/li>\n<li>Pr\u00e9vient le gel et le glissement des mat\u00e9riaux sur les convoyeurs \u00e0 bande.<\/li>\n<li>Produits non corrosifs, non toxiques et non soumis aux r\u00e8gles relatives au TMD au Canada.<\/li>\n<\/ul>\n","protected":false},"excerpt":{"rendered":"<p>Les produits de contr\u00f4le du gel DuBois offrent des capacit\u00e9s antigel uniques pour les convoyeurs, les goulottes, les wagons, les plateformes de camions et d\u2019autres surfaces o\u00f9 la glace a tendance \u00e0 s&rsquo;accumuler, ainsi que&#8230;<\/p>\n","protected":false},"author":11,"featured_media":9271,"parent":10242,"menu_order":4,"comment_status":"closed","ping_status":"closed","template":"template-prodinfo.php","meta":{"_acf_changed":false,"footnotes":""},"class_list":["post-10247","page","type-page","status-publish","has-post-thumbnail","hentry"],"acf":[],"yoast_head":"<!-- This site is optimized with the Yoast SEO plugin v26.8 - https:\/\/yoast.com\/product\/yoast-seo-wordpress\/ -->\n<title>Contr\u00f4le du gel - P\u00e2tes et papiers<\/title>\n<meta name=\"robots\" content=\"index, follow, max-snippet:-1, max-image-preview:large, max-video-preview:-1\" \/>\n<link rel=\"canonical\" href=\"https:\/\/www.duboischemicals.com\/paper-pulp\/fr\/products\/pulping-solutions\/freeze-control\/\" \/>\n<meta property=\"og:locale\" content=\"fr_FR\" \/>\n<meta property=\"og:type\" content=\"article\" \/>\n<meta property=\"og:title\" content=\"Contr\u00f4le du gel - P\u00e2tes et papiers\" \/>\n<meta property=\"og:description\" content=\"Les produits de contr\u00f4le du gel DuBois offrent des capacit\u00e9s antigel uniques pour les convoyeurs, les goulottes, les wagons, les plateformes de camions et d\u2019autres surfaces o\u00f9 la glace a tendance \u00e0 s&rsquo;accumuler, ainsi que...\" \/>\n<meta property=\"og:url\" content=\"https:\/\/www.duboischemicals.com\/paper-pulp\/fr\/products\/pulping-solutions\/freeze-control\/\" \/>\n<meta property=\"og:site_name\" content=\"P\u00e2tes et papiers\" \/>\n<meta property=\"article:modified_time\" content=\"2021-02-26T09:33:30+00:00\" \/>\n<meta property=\"og:image\" content=\"https:\/\/www.duboischemicals.com\/paper-pulp\/wp-content\/uploads\/sites\/4\/2019\/01\/Pulp-Factory-Aerial-View-on-Winter-Day-scaled.jpg\" \/>\n\t<meta property=\"og:image:width\" content=\"2560\" \/>\n\t<meta property=\"og:image:height\" content=\"1918\" \/>\n\t<meta property=\"og:image:type\" content=\"image\/jpeg\" \/>\n<meta name=\"twitter:card\" content=\"summary_large_image\" \/>\n<meta name=\"twitter:label1\" content=\"Dur\u00e9e de lecture estim\u00e9e\" \/>\n\t<meta name=\"twitter:data1\" content=\"1 minute\" \/>\n<script type=\"application\/ld+json\" class=\"yoast-schema-graph\">{\"@context\":\"https:\/\/schema.org\",\"@graph\":[{\"@type\":\"WebPage\",\"@id\":\"https:\/\/www.duboischemicals.com\/paper-pulp\/fr\/products\/pulping-solutions\/freeze-control\/\",\"url\":\"https:\/\/www.duboischemicals.com\/paper-pulp\/fr\/products\/pulping-solutions\/freeze-control\/\",\"name\":\"Contr\u00f4le du gel - P\u00e2tes et papiers\",\"isPartOf\":{\"@id\":\"https:\/\/www.duboischemicals.com\/paper-pulp\/fr\/#website\"},\"primaryImageOfPage\":{\"@id\":\"https:\/\/www.duboischemicals.com\/paper-pulp\/fr\/products\/pulping-solutions\/freeze-control\/#primaryimage\"},\"image\":{\"@id\":\"https:\/\/www.duboischemicals.com\/paper-pulp\/fr\/products\/pulping-solutions\/freeze-control\/#primaryimage\"},\"thumbnailUrl\":\"https:\/\/www.duboischemicals.com\/paper-pulp\/wp-content\/uploads\/sites\/4\/2019\/01\/Pulp-Factory-Aerial-View-on-Winter-Day-scaled.jpg\",\"datePublished\":\"2019-01-27T17:21:05+00:00\",\"dateModified\":\"2021-02-26T09:33:30+00:00\",\"breadcrumb\":{\"@id\":\"https:\/\/www.duboischemicals.com\/paper-pulp\/fr\/products\/pulping-solutions\/freeze-control\/#breadcrumb\"},\"inLanguage\":\"fr-FR\",\"potentialAction\":[{\"@type\":\"ReadAction\",\"target\":[\"https:\/\/www.duboischemicals.com\/paper-pulp\/fr\/products\/pulping-solutions\/freeze-control\/\"]}]},{\"@type\":\"ImageObject\",\"inLanguage\":\"fr-FR\",\"@id\":\"https:\/\/www.duboischemicals.com\/paper-pulp\/fr\/products\/pulping-solutions\/freeze-control\/#primaryimage\",\"url\":\"https:\/\/www.duboischemicals.com\/paper-pulp\/wp-content\/uploads\/sites\/4\/2019\/01\/Pulp-Factory-Aerial-View-on-Winter-Day-scaled.jpg\",\"contentUrl\":\"https:\/\/www.duboischemicals.com\/paper-pulp\/wp-content\/uploads\/sites\/4\/2019\/01\/Pulp-Factory-Aerial-View-on-Winter-Day-scaled.jpg\",\"width\":2560,\"height\":1918},{\"@type\":\"BreadcrumbList\",\"@id\":\"https:\/\/www.duboischemicals.com\/paper-pulp\/fr\/products\/pulping-solutions\/freeze-control\/#breadcrumb\",\"itemListElement\":[{\"@type\":\"ListItem\",\"position\":1,\"name\":\"Accueil\",\"item\":\"https:\/\/www.duboischemicals.com\/paper-pulp\/fr\/\"},{\"@type\":\"ListItem\",\"position\":2,\"name\":\"Produits\",\"item\":\"https:\/\/www.duboischemicals.com\/paper-pulp\/fr\/products\/\"},{\"@type\":\"ListItem\",\"position\":3,\"name\":\"Solutions de r\u00e9duction du bois en p\u00e2te\",\"item\":\"https:\/\/www.duboischemicals.com\/paper-pulp\/fr\/products\/pulping-solutions\/\"},{\"@type\":\"ListItem\",\"position\":4,\"name\":\"Contr\u00f4le du gel\"}]},{\"@type\":\"WebSite\",\"@id\":\"https:\/\/www.duboischemicals.com\/paper-pulp\/fr\/#website\",\"url\":\"https:\/\/www.duboischemicals.com\/paper-pulp\/fr\/\",\"name\":\"P\u00e2tes et papiers\",\"description\":\"\",\"potentialAction\":[{\"@type\":\"SearchAction\",\"target\":{\"@type\":\"EntryPoint\",\"urlTemplate\":\"https:\/\/www.duboischemicals.com\/paper-pulp\/fr\/?s={search_term_string}\"},\"query-input\":{\"@type\":\"PropertyValueSpecification\",\"valueRequired\":true,\"valueName\":\"search_term_string\"}}],\"inLanguage\":\"fr-FR\"}]}<\/script>\n<!-- \/ Yoast SEO plugin. -->","yoast_head_json":{"title":"Contr\u00f4le du gel - P\u00e2tes et papiers","robots":{"index":"index","follow":"follow","max-snippet":"max-snippet:-1","max-image-preview":"max-image-preview:large","max-video-preview":"max-video-preview:-1"},"canonical":"https:\/\/www.duboischemicals.com\/paper-pulp\/fr\/products\/pulping-solutions\/freeze-control\/","og_locale":"fr_FR","og_type":"article","og_title":"Contr\u00f4le du gel - P\u00e2tes et papiers","og_description":"Les produits de contr\u00f4le du gel DuBois offrent des capacit\u00e9s antigel uniques pour les convoyeurs, les goulottes, les wagons, les plateformes de camions et d\u2019autres surfaces o\u00f9 la glace a tendance \u00e0 s&rsquo;accumuler, ainsi que...","og_url":"https:\/\/www.duboischemicals.com\/paper-pulp\/fr\/products\/pulping-solutions\/freeze-control\/","og_site_name":"P\u00e2tes et papiers","article_modified_time":"2021-02-26T09:33:30+00:00","og_image":[{"width":2560,"height":1918,"url":"https:\/\/www.duboischemicals.com\/paper-pulp\/wp-content\/uploads\/sites\/4\/2019\/01\/Pulp-Factory-Aerial-View-on-Winter-Day-scaled.jpg","type":"image\/jpeg"}],"twitter_card":"summary_large_image","twitter_misc":{"Dur\u00e9e de lecture estim\u00e9e":"1 minute"},"schema":{"@context":"https:\/\/schema.org","@graph":[{"@type":"WebPage","@id":"https:\/\/www.duboischemicals.com\/paper-pulp\/fr\/products\/pulping-solutions\/freeze-control\/","url":"https:\/\/www.duboischemicals.com\/paper-pulp\/fr\/products\/pulping-solutions\/freeze-control\/","name":"Contr\u00f4le du gel - P\u00e2tes et papiers","isPartOf":{"@id":"https:\/\/www.duboischemicals.com\/paper-pulp\/fr\/#website"},"primaryImageOfPage":{"@id":"https:\/\/www.duboischemicals.com\/paper-pulp\/fr\/products\/pulping-solutions\/freeze-control\/#primaryimage"},"image":{"@id":"https:\/\/www.duboischemicals.com\/paper-pulp\/fr\/products\/pulping-solutions\/freeze-control\/#primaryimage"},"thumbnailUrl":"https:\/\/www.duboischemicals.com\/paper-pulp\/wp-content\/uploads\/sites\/4\/2019\/01\/Pulp-Factory-Aerial-View-on-Winter-Day-scaled.jpg","datePublished":"2019-01-27T17:21:05+00:00","dateModified":"2021-02-26T09:33:30+00:00","breadcrumb":{"@id":"https:\/\/www.duboischemicals.com\/paper-pulp\/fr\/products\/pulping-solutions\/freeze-control\/#breadcrumb"},"inLanguage":"fr-FR","potentialAction":[{"@type":"ReadAction","target":["https:\/\/www.duboischemicals.com\/paper-pulp\/fr\/products\/pulping-solutions\/freeze-control\/"]}]},{"@type":"ImageObject","inLanguage":"fr-FR","@id":"https:\/\/www.duboischemicals.com\/paper-pulp\/fr\/products\/pulping-solutions\/freeze-control\/#primaryimage","url":"https:\/\/www.duboischemicals.com\/paper-pulp\/wp-content\/uploads\/sites\/4\/2019\/01\/Pulp-Factory-Aerial-View-on-Winter-Day-scaled.jpg","contentUrl":"https:\/\/www.duboischemicals.com\/paper-pulp\/wp-content\/uploads\/sites\/4\/2019\/01\/Pulp-Factory-Aerial-View-on-Winter-Day-scaled.jpg","width":2560,"height":1918},{"@type":"BreadcrumbList","@id":"https:\/\/www.duboischemicals.com\/paper-pulp\/fr\/products\/pulping-solutions\/freeze-control\/#breadcrumb","itemListElement":[{"@type":"ListItem","position":1,"name":"Accueil","item":"https:\/\/www.duboischemicals.com\/paper-pulp\/fr\/"},{"@type":"ListItem","position":2,"name":"Produits","item":"https:\/\/www.duboischemicals.com\/paper-pulp\/fr\/products\/"},{"@type":"ListItem","position":3,"name":"Solutions de r\u00e9duction du bois en p\u00e2te","item":"https:\/\/www.duboischemicals.com\/paper-pulp\/fr\/products\/pulping-solutions\/"},{"@type":"ListItem","position":4,"name":"Contr\u00f4le du gel"}]},{"@type":"WebSite","@id":"https:\/\/www.duboischemicals.com\/paper-pulp\/fr\/#website","url":"https:\/\/www.duboischemicals.com\/paper-pulp\/fr\/","name":"P\u00e2tes et papiers","description":"","potentialAction":[{"@type":"SearchAction","target":{"@type":"EntryPoint","urlTemplate":"https:\/\/www.duboischemicals.com\/paper-pulp\/fr\/?s={search_term_string}"},"query-input":{"@type":"PropertyValueSpecification","valueRequired":true,"valueName":"search_term_string"}}],"inLanguage":"fr-FR"}]}},"_links":{"self":[{"href":"https:\/\/www.duboischemicals.com\/paper-pulp\/fr\/wp-json\/wp\/v2\/pages\/10247","targetHints":{"allow":["GET"]}}],"collection":[{"href":"https:\/\/www.duboischemicals.com\/paper-pulp\/fr\/wp-json\/wp\/v2\/pages"}],"about":[{"href":"https:\/\/www.duboischemicals.com\/paper-pulp\/fr\/wp-json\/wp\/v2\/types\/page"}],"author":[{"embeddable":true,"href":"https:\/\/www.duboischemicals.com\/paper-pulp\/fr\/wp-json\/wp\/v2\/users\/11"}],"replies":[{"embeddable":true,"href":"https:\/\/www.duboischemicals.com\/paper-pulp\/fr\/wp-json\/wp\/v2\/comments?post=10247"}],"version-history":[{"count":2,"href":"https:\/\/www.duboischemicals.com\/paper-pulp\/fr\/wp-json\/wp\/v2\/pages\/10247\/revisions"}],"predecessor-version":[{"id":10638,"href":"https:\/\/www.duboischemicals.com\/paper-pulp\/fr\/wp-json\/wp\/v2\/pages\/10247\/revisions\/10638"}],"up":[{"embeddable":true,"href":"https:\/\/www.duboischemicals.com\/paper-pulp\/fr\/wp-json\/wp\/v2\/pages\/10242"}],"wp:featuredmedia":[{"embeddable":true,"href":"https:\/\/www.duboischemicals.com\/paper-pulp\/fr\/wp-json\/wp\/v2\/media\/9271"}],"wp:attachment":[{"href":"https:\/\/www.duboischemicals.com\/paper-pulp\/fr\/wp-json\/wp\/v2\/media?parent=10247"}],"curies":[{"name":"wp","href":"https:\/\/api.w.org\/{rel}","templated":true}]}}