{"id":10301,"date":"2018-10-15T17:46:12","date_gmt":"2018-10-15T21:46:12","guid":{"rendered":"https:\/\/www.duboischemicals.com\/\/paper-pulp\/products\/deposit-control\/"},"modified":"2021-03-05T13:11:34","modified_gmt":"2021-03-05T18:11:34","slug":"deposit-control","status":"publish","type":"page","link":"https:\/\/www.duboischemicals.com\/paper-pulp\/fr\/products\/deposit-control\/","title":{"rendered":"Contr\u00f4le des d\u00e9p\u00f4ts"},"content":{"rendered":"<p>DuBois est une entreprise sp\u00e9cialis\u00e9e dans le contr\u00f4le des d\u00e9p\u00f4ts. Nos technologies comprennent des produits visant \u00e0 \u00e9liminer les probl\u00e8mes li\u00e9s aux d\u00e9p\u00f4ts de mati\u00e8res collantes attribuables aux contaminants des fibres recycl\u00e9es, aux cass\u00e9s de conversion des usines de papier et aux cass\u00e9s rev\u00eatus des usines. Notre gamme de produits comprend \u00e9galement des technologies visant \u00e0 \u00e9liminer les probl\u00e8mes li\u00e9s \u00e0 la formation de tartre et \u00e0 la prolif\u00e9ration des microorganismes.<\/p>\n","protected":false},"excerpt":{"rendered":"<p>DuBois est une entreprise sp\u00e9cialis\u00e9e dans le contr\u00f4le des d\u00e9p\u00f4ts. Nos technologies comprennent des produits visant \u00e0 \u00e9liminer les probl\u00e8mes li\u00e9s aux d\u00e9p\u00f4ts de mati\u00e8res collantes attribuables aux contaminants des fibres recycl\u00e9es, aux cass\u00e9s de&#8230;<\/p>\n","protected":false},"author":219,"featured_media":10960,"parent":10273,"menu_order":2,"comment_status":"closed","ping_status":"closed","template":"template-prodinfo.php","meta":{"_acf_changed":false,"footnotes":""},"class_list":["post-10301","page","type-page","status-publish","has-post-thumbnail","hentry"],"acf":[],"yoast_head":"<!-- This site is optimized with the Yoast SEO plugin v26.8 - https:\/\/yoast.com\/product\/yoast-seo-wordpress\/ -->\n<title>Contr\u00f4le des d\u00e9p\u00f4ts - P\u00e2tes et papiers<\/title>\n<meta name=\"robots\" content=\"index, follow, max-snippet:-1, max-image-preview:large, max-video-preview:-1\" \/>\n<link rel=\"canonical\" href=\"https:\/\/www.duboischemicals.com\/paper-pulp\/fr\/products\/deposit-control\/\" \/>\n<meta property=\"og:locale\" content=\"fr_FR\" \/>\n<meta property=\"og:type\" content=\"article\" \/>\n<meta property=\"og:title\" content=\"Contr\u00f4le des d\u00e9p\u00f4ts - P\u00e2tes et papiers\" \/>\n<meta property=\"og:description\" content=\"DuBois est une entreprise sp\u00e9cialis\u00e9e dans le contr\u00f4le des d\u00e9p\u00f4ts. Nos technologies comprennent des produits visant \u00e0 \u00e9liminer les probl\u00e8mes li\u00e9s aux d\u00e9p\u00f4ts de mati\u00e8res collantes attribuables aux contaminants des fibres recycl\u00e9es, aux cass\u00e9s de...\" \/>\n<meta property=\"og:url\" content=\"https:\/\/www.duboischemicals.com\/paper-pulp\/fr\/products\/deposit-control\/\" \/>\n<meta property=\"og:site_name\" content=\"P\u00e2tes et papiers\" \/>\n<meta property=\"article:modified_time\" content=\"2021-03-05T18:11:34+00:00\" \/>\n<meta property=\"og:image\" content=\"https:\/\/www.duboischemicals.com\/paper-pulp\/wp-content\/uploads\/sites\/4\/2018\/10\/ShutterStock-512967826-Pulp-and-Paper-Products-Deposit-Control.jpg\" \/>\n\t<meta property=\"og:image:width\" content=\"454\" \/>\n\t<meta property=\"og:image:height\" content=\"450\" \/>\n\t<meta property=\"og:image:type\" content=\"image\/jpeg\" \/>\n<meta name=\"twitter:card\" content=\"summary_large_image\" \/>\n<script type=\"application\/ld+json\" class=\"yoast-schema-graph\">{\"@context\":\"https:\/\/schema.org\",\"@graph\":[{\"@type\":\"WebPage\",\"@id\":\"https:\/\/www.duboischemicals.com\/paper-pulp\/fr\/products\/deposit-control\/\",\"url\":\"https:\/\/www.duboischemicals.com\/paper-pulp\/fr\/products\/deposit-control\/\",\"name\":\"Contr\u00f4le des d\u00e9p\u00f4ts - P\u00e2tes et papiers\",\"isPartOf\":{\"@id\":\"https:\/\/www.duboischemicals.com\/paper-pulp\/fr\/#website\"},\"primaryImageOfPage\":{\"@id\":\"https:\/\/www.duboischemicals.com\/paper-pulp\/fr\/products\/deposit-control\/#primaryimage\"},\"image\":{\"@id\":\"https:\/\/www.duboischemicals.com\/paper-pulp\/fr\/products\/deposit-control\/#primaryimage\"},\"thumbnailUrl\":\"https:\/\/www.duboischemicals.com\/paper-pulp\/wp-content\/uploads\/sites\/4\/2023\/06\/153.png\",\"datePublished\":\"2018-10-15T21:46:12+00:00\",\"dateModified\":\"2021-03-05T18:11:34+00:00\",\"breadcrumb\":{\"@id\":\"https:\/\/www.duboischemicals.com\/paper-pulp\/fr\/products\/deposit-control\/#breadcrumb\"},\"inLanguage\":\"fr-FR\",\"potentialAction\":[{\"@type\":\"ReadAction\",\"target\":[\"https:\/\/www.duboischemicals.com\/paper-pulp\/fr\/products\/deposit-control\/\"]}]},{\"@type\":\"ImageObject\",\"inLanguage\":\"fr-FR\",\"@id\":\"https:\/\/www.duboischemicals.com\/paper-pulp\/fr\/products\/deposit-control\/#primaryimage\",\"url\":\"https:\/\/www.duboischemicals.com\/paper-pulp\/wp-content\/uploads\/sites\/4\/2023\/06\/153.png\",\"contentUrl\":\"https:\/\/www.duboischemicals.com\/paper-pulp\/wp-content\/uploads\/sites\/4\/2023\/06\/153.png\",\"width\":450,\"height\":450,\"caption\":\"Deposit Cleaning Icon\"},{\"@type\":\"BreadcrumbList\",\"@id\":\"https:\/\/www.duboischemicals.com\/paper-pulp\/fr\/products\/deposit-control\/#breadcrumb\",\"itemListElement\":[{\"@type\":\"ListItem\",\"position\":1,\"name\":\"Accueil\",\"item\":\"https:\/\/www.duboischemicals.com\/paper-pulp\/fr\/\"},{\"@type\":\"ListItem\",\"position\":2,\"name\":\"Produits\",\"item\":\"https:\/\/www.duboischemicals.com\/paper-pulp\/fr\/products\/\"},{\"@type\":\"ListItem\",\"position\":3,\"name\":\"Contr\u00f4le des d\u00e9p\u00f4ts\"}]},{\"@type\":\"WebSite\",\"@id\":\"https:\/\/www.duboischemicals.com\/paper-pulp\/fr\/#website\",\"url\":\"https:\/\/www.duboischemicals.com\/paper-pulp\/fr\/\",\"name\":\"P\u00e2tes et papiers\",\"description\":\"\",\"potentialAction\":[{\"@type\":\"SearchAction\",\"target\":{\"@type\":\"EntryPoint\",\"urlTemplate\":\"https:\/\/www.duboischemicals.com\/paper-pulp\/fr\/?s={search_term_string}\"},\"query-input\":{\"@type\":\"PropertyValueSpecification\",\"valueRequired\":true,\"valueName\":\"search_term_string\"}}],\"inLanguage\":\"fr-FR\"}]}<\/script>\n<!-- \/ Yoast SEO plugin. -->","yoast_head_json":{"title":"Contr\u00f4le des d\u00e9p\u00f4ts - P\u00e2tes et papiers","robots":{"index":"index","follow":"follow","max-snippet":"max-snippet:-1","max-image-preview":"max-image-preview:large","max-video-preview":"max-video-preview:-1"},"canonical":"https:\/\/www.duboischemicals.com\/paper-pulp\/fr\/products\/deposit-control\/","og_locale":"fr_FR","og_type":"article","og_title":"Contr\u00f4le des d\u00e9p\u00f4ts - P\u00e2tes et papiers","og_description":"DuBois est une entreprise sp\u00e9cialis\u00e9e dans le contr\u00f4le des d\u00e9p\u00f4ts. Nos technologies comprennent des produits visant \u00e0 \u00e9liminer les probl\u00e8mes li\u00e9s aux d\u00e9p\u00f4ts de mati\u00e8res collantes attribuables aux contaminants des fibres recycl\u00e9es, aux cass\u00e9s de...","og_url":"https:\/\/www.duboischemicals.com\/paper-pulp\/fr\/products\/deposit-control\/","og_site_name":"P\u00e2tes et papiers","article_modified_time":"2021-03-05T18:11:34+00:00","og_image":[{"width":454,"height":450,"url":"https:\/\/www.duboischemicals.com\/paper-pulp\/wp-content\/uploads\/sites\/4\/2018\/10\/ShutterStock-512967826-Pulp-and-Paper-Products-Deposit-Control.jpg","type":"image\/jpeg"}],"twitter_card":"summary_large_image","schema":{"@context":"https:\/\/schema.org","@graph":[{"@type":"WebPage","@id":"https:\/\/www.duboischemicals.com\/paper-pulp\/fr\/products\/deposit-control\/","url":"https:\/\/www.duboischemicals.com\/paper-pulp\/fr\/products\/deposit-control\/","name":"Contr\u00f4le des d\u00e9p\u00f4ts - P\u00e2tes et papiers","isPartOf":{"@id":"https:\/\/www.duboischemicals.com\/paper-pulp\/fr\/#website"},"primaryImageOfPage":{"@id":"https:\/\/www.duboischemicals.com\/paper-pulp\/fr\/products\/deposit-control\/#primaryimage"},"image":{"@id":"https:\/\/www.duboischemicals.com\/paper-pulp\/fr\/products\/deposit-control\/#primaryimage"},"thumbnailUrl":"https:\/\/www.duboischemicals.com\/paper-pulp\/wp-content\/uploads\/sites\/4\/2023\/06\/153.png","datePublished":"2018-10-15T21:46:12+00:00","dateModified":"2021-03-05T18:11:34+00:00","breadcrumb":{"@id":"https:\/\/www.duboischemicals.com\/paper-pulp\/fr\/products\/deposit-control\/#breadcrumb"},"inLanguage":"fr-FR","potentialAction":[{"@type":"ReadAction","target":["https:\/\/www.duboischemicals.com\/paper-pulp\/fr\/products\/deposit-control\/"]}]},{"@type":"ImageObject","inLanguage":"fr-FR","@id":"https:\/\/www.duboischemicals.com\/paper-pulp\/fr\/products\/deposit-control\/#primaryimage","url":"https:\/\/www.duboischemicals.com\/paper-pulp\/wp-content\/uploads\/sites\/4\/2023\/06\/153.png","contentUrl":"https:\/\/www.duboischemicals.com\/paper-pulp\/wp-content\/uploads\/sites\/4\/2023\/06\/153.png","width":450,"height":450,"caption":"Deposit Cleaning Icon"},{"@type":"BreadcrumbList","@id":"https:\/\/www.duboischemicals.com\/paper-pulp\/fr\/products\/deposit-control\/#breadcrumb","itemListElement":[{"@type":"ListItem","position":1,"name":"Accueil","item":"https:\/\/www.duboischemicals.com\/paper-pulp\/fr\/"},{"@type":"ListItem","position":2,"name":"Produits","item":"https:\/\/www.duboischemicals.com\/paper-pulp\/fr\/products\/"},{"@type":"ListItem","position":3,"name":"Contr\u00f4le des d\u00e9p\u00f4ts"}]},{"@type":"WebSite","@id":"https:\/\/www.duboischemicals.com\/paper-pulp\/fr\/#website","url":"https:\/\/www.duboischemicals.com\/paper-pulp\/fr\/","name":"P\u00e2tes et papiers","description":"","potentialAction":[{"@type":"SearchAction","target":{"@type":"EntryPoint","urlTemplate":"https:\/\/www.duboischemicals.com\/paper-pulp\/fr\/?s={search_term_string}"},"query-input":{"@type":"PropertyValueSpecification","valueRequired":true,"valueName":"search_term_string"}}],"inLanguage":"fr-FR"}]}},"_links":{"self":[{"href":"https:\/\/www.duboischemicals.com\/paper-pulp\/fr\/wp-json\/wp\/v2\/pages\/10301","targetHints":{"allow":["GET"]}}],"collection":[{"href":"https:\/\/www.duboischemicals.com\/paper-pulp\/fr\/wp-json\/wp\/v2\/pages"}],"about":[{"href":"https:\/\/www.duboischemicals.com\/paper-pulp\/fr\/wp-json\/wp\/v2\/types\/page"}],"author":[{"embeddable":true,"href":"https:\/\/www.duboischemicals.com\/paper-pulp\/fr\/wp-json\/wp\/v2\/users\/219"}],"replies":[{"embeddable":true,"href":"https:\/\/www.duboischemicals.com\/paper-pulp\/fr\/wp-json\/wp\/v2\/comments?post=10301"}],"version-history":[{"count":3,"href":"https:\/\/www.duboischemicals.com\/paper-pulp\/fr\/wp-json\/wp\/v2\/pages\/10301\/revisions"}],"predecessor-version":[{"id":10885,"href":"https:\/\/www.duboischemicals.com\/paper-pulp\/fr\/wp-json\/wp\/v2\/pages\/10301\/revisions\/10885"}],"up":[{"embeddable":true,"href":"https:\/\/www.duboischemicals.com\/paper-pulp\/fr\/wp-json\/wp\/v2\/pages\/10273"}],"wp:featuredmedia":[{"embeddable":true,"href":"https:\/\/www.duboischemicals.com\/paper-pulp\/fr\/wp-json\/wp\/v2\/media\/10960"}],"wp:attachment":[{"href":"https:\/\/www.duboischemicals.com\/paper-pulp\/fr\/wp-json\/wp\/v2\/media?parent=10301"}],"curies":[{"name":"wp","href":"https:\/\/api.w.org\/{rel}","templated":true}]}}