{"id":10304,"date":"2018-10-15T17:46:32","date_gmt":"2018-10-15T21:46:32","guid":{"rendered":"https:\/\/www.duboischemicals.com\/\/paper-pulp\/products\/roll-treatment\/"},"modified":"2021-02-26T04:33:11","modified_gmt":"2021-02-26T09:33:11","slug":"roll-treatment","status":"publish","type":"page","link":"https:\/\/www.duboischemicals.com\/paper-pulp\/fr\/products\/roll-treatment\/","title":{"rendered":"Traitement des rouleaux"},"content":{"rendered":"<p>Le d\u00e9collement des feuilles des rouleaux de presse est essentiel afin d\u2019assurer l\u2019aptitude au passage sur la section des presses et l\u2019int\u00e9grit\u00e9 des feuilles qui quittent la presse. DuBois propose un large \u00e9ventail de produits con\u00e7us pour am\u00e9liorer le d\u00e9collement des feuilles. L\u2019approche de DuBois en ce qui a trait au d\u00e9collement des rouleaux repose sur une approche holistique visant \u00e0 assurer la bonne performance des rouleaux de presse. Les experts en applications de DuBois proc\u00e8dent \u00e0 une v\u00e9rification compl\u00e8te de la section des presses avant de recommander un programme de traitement. Notre gamme de produits NEXUS<sup>\u00ae<\/sup> peut am\u00e9liorer la r\u00e9sistance aux d\u00e9p\u00f4ts, \u00e9liminer les d\u00e9p\u00f4ts existants et garder la surface des cylindres propre pour assurer une lib\u00e9ration id\u00e9ale des feuilles.<\/p>\n<p><strong>Technologies cl\u00e9s\u00a0:<\/strong><\/p>\n<ul>\n<li>Gamme de produits NEXUS<sup>\u00ae<\/sup><\/li>\n<li>Des produits con\u00e7us pour des configurations tr\u00e8s vari\u00e9es de rouleaux de presse et de cat\u00e9gories de papier<\/li>\n<li>Excellentes performances et compatibilit\u00e9 avec tous les rev\u00eatements de surface des rouleaux, notamment les rev\u00eatements en c\u00e9ramique, en polyur\u00e9thane et en composite<\/li>\n<li>Am\u00e9liore les performances des racles des rouleaux de presse<\/li>\n<li>Maintient les caract\u00e9ristiques hydrophiles de la surface des rouleaux, gardant ainsi la surface des rouleaux propre<\/li>\n<li>Emp\u00eache la formation de d\u00e9p\u00f4ts de contaminants tels que les anhydrides alc\u00e9nylsucciniques (ASA), les dim\u00e8res de c\u00e9t\u00e8ne alkyle (AKD), les d\u00e9p\u00f4ts collants et la poix<\/li>\n<li>Diminue le tirage et diminue le travail d\u2019adh\u00e9sion, am\u00e9liorant ainsi l\u2019enfilage des pointes<\/li>\n<li>Diminue la prise de feuilles<\/li>\n<li>Am\u00e9liore le profil de tirage en sens travers<\/li>\n<li>Diminue les ruptures de feuilles dues \u00e0 la presse<\/li>\n<\/ul>\n","protected":false},"excerpt":{"rendered":"<p>Le d\u00e9collement des feuilles des rouleaux de presse est essentiel afin d\u2019assurer l\u2019aptitude au passage sur la section des presses et l\u2019int\u00e9grit\u00e9 des feuilles qui quittent la presse. DuBois propose un large \u00e9ventail de produits&#8230;<\/p>\n","protected":false},"author":219,"featured_media":10962,"parent":10273,"menu_order":4,"comment_status":"closed","ping_status":"closed","template":"template-prodinfo.php","meta":{"_acf_changed":false,"footnotes":""},"class_list":["post-10304","page","type-page","status-publish","has-post-thumbnail","hentry"],"acf":[],"yoast_head":"<!-- This site is optimized with the Yoast SEO plugin v26.8 - https:\/\/yoast.com\/product\/yoast-seo-wordpress\/ -->\n<title>Traitement des rouleaux - P\u00e2tes et papiers<\/title>\n<meta name=\"robots\" content=\"index, follow, max-snippet:-1, max-image-preview:large, max-video-preview:-1\" \/>\n<link rel=\"canonical\" href=\"https:\/\/www.duboischemicals.com\/paper-pulp\/fr\/products\/roll-treatment\/\" \/>\n<meta property=\"og:locale\" content=\"fr_FR\" \/>\n<meta property=\"og:type\" content=\"article\" \/>\n<meta property=\"og:title\" content=\"Traitement des rouleaux - P\u00e2tes et papiers\" \/>\n<meta property=\"og:description\" content=\"Le d\u00e9collement des feuilles des rouleaux de presse est essentiel afin d\u2019assurer l\u2019aptitude au passage sur la section des presses et l\u2019int\u00e9grit\u00e9 des feuilles qui quittent la presse. DuBois propose un large \u00e9ventail de produits...\" \/>\n<meta property=\"og:url\" content=\"https:\/\/www.duboischemicals.com\/paper-pulp\/fr\/products\/roll-treatment\/\" \/>\n<meta property=\"og:site_name\" content=\"P\u00e2tes et papiers\" \/>\n<meta property=\"article:modified_time\" content=\"2021-02-26T09:33:11+00:00\" \/>\n<meta property=\"og:image\" content=\"https:\/\/www.duboischemicals.com\/paper-pulp\/wp-content\/uploads\/sites\/4\/2018\/10\/Roll-treatment.jpg\" \/>\n\t<meta property=\"og:image:width\" content=\"454\" \/>\n\t<meta property=\"og:image:height\" content=\"450\" \/>\n\t<meta property=\"og:image:type\" content=\"image\/jpeg\" \/>\n<meta name=\"twitter:card\" content=\"summary_large_image\" \/>\n<meta name=\"twitter:label1\" content=\"Dur\u00e9e de lecture estim\u00e9e\" \/>\n\t<meta name=\"twitter:data1\" content=\"1 minute\" \/>\n<script type=\"application\/ld+json\" class=\"yoast-schema-graph\">{\"@context\":\"https:\/\/schema.org\",\"@graph\":[{\"@type\":\"WebPage\",\"@id\":\"https:\/\/www.duboischemicals.com\/paper-pulp\/fr\/products\/roll-treatment\/\",\"url\":\"https:\/\/www.duboischemicals.com\/paper-pulp\/fr\/products\/roll-treatment\/\",\"name\":\"Traitement des rouleaux - P\u00e2tes et papiers\",\"isPartOf\":{\"@id\":\"https:\/\/www.duboischemicals.com\/paper-pulp\/fr\/#website\"},\"primaryImageOfPage\":{\"@id\":\"https:\/\/www.duboischemicals.com\/paper-pulp\/fr\/products\/roll-treatment\/#primaryimage\"},\"image\":{\"@id\":\"https:\/\/www.duboischemicals.com\/paper-pulp\/fr\/products\/roll-treatment\/#primaryimage\"},\"thumbnailUrl\":\"https:\/\/www.duboischemicals.com\/paper-pulp\/wp-content\/uploads\/sites\/4\/2023\/06\/156.png\",\"datePublished\":\"2018-10-15T21:46:32+00:00\",\"dateModified\":\"2021-02-26T09:33:11+00:00\",\"breadcrumb\":{\"@id\":\"https:\/\/www.duboischemicals.com\/paper-pulp\/fr\/products\/roll-treatment\/#breadcrumb\"},\"inLanguage\":\"fr-FR\",\"potentialAction\":[{\"@type\":\"ReadAction\",\"target\":[\"https:\/\/www.duboischemicals.com\/paper-pulp\/fr\/products\/roll-treatment\/\"]}]},{\"@type\":\"ImageObject\",\"inLanguage\":\"fr-FR\",\"@id\":\"https:\/\/www.duboischemicals.com\/paper-pulp\/fr\/products\/roll-treatment\/#primaryimage\",\"url\":\"https:\/\/www.duboischemicals.com\/paper-pulp\/wp-content\/uploads\/sites\/4\/2023\/06\/156.png\",\"contentUrl\":\"https:\/\/www.duboischemicals.com\/paper-pulp\/wp-content\/uploads\/sites\/4\/2023\/06\/156.png\",\"width\":450,\"height\":450,\"caption\":\"Roll Treatment Icon\"},{\"@type\":\"BreadcrumbList\",\"@id\":\"https:\/\/www.duboischemicals.com\/paper-pulp\/fr\/products\/roll-treatment\/#breadcrumb\",\"itemListElement\":[{\"@type\":\"ListItem\",\"position\":1,\"name\":\"Accueil\",\"item\":\"https:\/\/www.duboischemicals.com\/paper-pulp\/fr\/\"},{\"@type\":\"ListItem\",\"position\":2,\"name\":\"Produits\",\"item\":\"https:\/\/www.duboischemicals.com\/paper-pulp\/fr\/products\/\"},{\"@type\":\"ListItem\",\"position\":3,\"name\":\"Traitement des rouleaux\"}]},{\"@type\":\"WebSite\",\"@id\":\"https:\/\/www.duboischemicals.com\/paper-pulp\/fr\/#website\",\"url\":\"https:\/\/www.duboischemicals.com\/paper-pulp\/fr\/\",\"name\":\"P\u00e2tes et papiers\",\"description\":\"\",\"potentialAction\":[{\"@type\":\"SearchAction\",\"target\":{\"@type\":\"EntryPoint\",\"urlTemplate\":\"https:\/\/www.duboischemicals.com\/paper-pulp\/fr\/?s={search_term_string}\"},\"query-input\":{\"@type\":\"PropertyValueSpecification\",\"valueRequired\":true,\"valueName\":\"search_term_string\"}}],\"inLanguage\":\"fr-FR\"}]}<\/script>\n<!-- \/ Yoast SEO plugin. -->","yoast_head_json":{"title":"Traitement des rouleaux - P\u00e2tes et papiers","robots":{"index":"index","follow":"follow","max-snippet":"max-snippet:-1","max-image-preview":"max-image-preview:large","max-video-preview":"max-video-preview:-1"},"canonical":"https:\/\/www.duboischemicals.com\/paper-pulp\/fr\/products\/roll-treatment\/","og_locale":"fr_FR","og_type":"article","og_title":"Traitement des rouleaux - P\u00e2tes et papiers","og_description":"Le d\u00e9collement des feuilles des rouleaux de presse est essentiel afin d\u2019assurer l\u2019aptitude au passage sur la section des presses et l\u2019int\u00e9grit\u00e9 des feuilles qui quittent la presse. DuBois propose un large \u00e9ventail de produits...","og_url":"https:\/\/www.duboischemicals.com\/paper-pulp\/fr\/products\/roll-treatment\/","og_site_name":"P\u00e2tes et papiers","article_modified_time":"2021-02-26T09:33:11+00:00","og_image":[{"width":454,"height":450,"url":"https:\/\/www.duboischemicals.com\/paper-pulp\/wp-content\/uploads\/sites\/4\/2018\/10\/Roll-treatment.jpg","type":"image\/jpeg"}],"twitter_card":"summary_large_image","twitter_misc":{"Dur\u00e9e de lecture estim\u00e9e":"1 minute"},"schema":{"@context":"https:\/\/schema.org","@graph":[{"@type":"WebPage","@id":"https:\/\/www.duboischemicals.com\/paper-pulp\/fr\/products\/roll-treatment\/","url":"https:\/\/www.duboischemicals.com\/paper-pulp\/fr\/products\/roll-treatment\/","name":"Traitement des rouleaux - P\u00e2tes et papiers","isPartOf":{"@id":"https:\/\/www.duboischemicals.com\/paper-pulp\/fr\/#website"},"primaryImageOfPage":{"@id":"https:\/\/www.duboischemicals.com\/paper-pulp\/fr\/products\/roll-treatment\/#primaryimage"},"image":{"@id":"https:\/\/www.duboischemicals.com\/paper-pulp\/fr\/products\/roll-treatment\/#primaryimage"},"thumbnailUrl":"https:\/\/www.duboischemicals.com\/paper-pulp\/wp-content\/uploads\/sites\/4\/2023\/06\/156.png","datePublished":"2018-10-15T21:46:32+00:00","dateModified":"2021-02-26T09:33:11+00:00","breadcrumb":{"@id":"https:\/\/www.duboischemicals.com\/paper-pulp\/fr\/products\/roll-treatment\/#breadcrumb"},"inLanguage":"fr-FR","potentialAction":[{"@type":"ReadAction","target":["https:\/\/www.duboischemicals.com\/paper-pulp\/fr\/products\/roll-treatment\/"]}]},{"@type":"ImageObject","inLanguage":"fr-FR","@id":"https:\/\/www.duboischemicals.com\/paper-pulp\/fr\/products\/roll-treatment\/#primaryimage","url":"https:\/\/www.duboischemicals.com\/paper-pulp\/wp-content\/uploads\/sites\/4\/2023\/06\/156.png","contentUrl":"https:\/\/www.duboischemicals.com\/paper-pulp\/wp-content\/uploads\/sites\/4\/2023\/06\/156.png","width":450,"height":450,"caption":"Roll Treatment Icon"},{"@type":"BreadcrumbList","@id":"https:\/\/www.duboischemicals.com\/paper-pulp\/fr\/products\/roll-treatment\/#breadcrumb","itemListElement":[{"@type":"ListItem","position":1,"name":"Accueil","item":"https:\/\/www.duboischemicals.com\/paper-pulp\/fr\/"},{"@type":"ListItem","position":2,"name":"Produits","item":"https:\/\/www.duboischemicals.com\/paper-pulp\/fr\/products\/"},{"@type":"ListItem","position":3,"name":"Traitement des rouleaux"}]},{"@type":"WebSite","@id":"https:\/\/www.duboischemicals.com\/paper-pulp\/fr\/#website","url":"https:\/\/www.duboischemicals.com\/paper-pulp\/fr\/","name":"P\u00e2tes et papiers","description":"","potentialAction":[{"@type":"SearchAction","target":{"@type":"EntryPoint","urlTemplate":"https:\/\/www.duboischemicals.com\/paper-pulp\/fr\/?s={search_term_string}"},"query-input":{"@type":"PropertyValueSpecification","valueRequired":true,"valueName":"search_term_string"}}],"inLanguage":"fr-FR"}]}},"_links":{"self":[{"href":"https:\/\/www.duboischemicals.com\/paper-pulp\/fr\/wp-json\/wp\/v2\/pages\/10304","targetHints":{"allow":["GET"]}}],"collection":[{"href":"https:\/\/www.duboischemicals.com\/paper-pulp\/fr\/wp-json\/wp\/v2\/pages"}],"about":[{"href":"https:\/\/www.duboischemicals.com\/paper-pulp\/fr\/wp-json\/wp\/v2\/types\/page"}],"author":[{"embeddable":true,"href":"https:\/\/www.duboischemicals.com\/paper-pulp\/fr\/wp-json\/wp\/v2\/users\/219"}],"replies":[{"embeddable":true,"href":"https:\/\/www.duboischemicals.com\/paper-pulp\/fr\/wp-json\/wp\/v2\/comments?post=10304"}],"version-history":[{"count":3,"href":"https:\/\/www.duboischemicals.com\/paper-pulp\/fr\/wp-json\/wp\/v2\/pages\/10304\/revisions"}],"predecessor-version":[{"id":10809,"href":"https:\/\/www.duboischemicals.com\/paper-pulp\/fr\/wp-json\/wp\/v2\/pages\/10304\/revisions\/10809"}],"up":[{"embeddable":true,"href":"https:\/\/www.duboischemicals.com\/paper-pulp\/fr\/wp-json\/wp\/v2\/pages\/10273"}],"wp:featuredmedia":[{"embeddable":true,"href":"https:\/\/www.duboischemicals.com\/paper-pulp\/fr\/wp-json\/wp\/v2\/media\/10962"}],"wp:attachment":[{"href":"https:\/\/www.duboischemicals.com\/paper-pulp\/fr\/wp-json\/wp\/v2\/media?parent=10304"}],"curies":[{"name":"wp","href":"https:\/\/api.w.org\/{rel}","templated":true}]}}