{"id":10305,"date":"2018-10-15T17:46:43","date_gmt":"2018-10-15T21:46:43","guid":{"rendered":"https:\/\/www.duboischemicals.com\/\/paper-pulp\/products\/paper-process-solutions\/"},"modified":"2021-02-26T04:33:21","modified_gmt":"2021-02-26T09:33:21","slug":"paper-process-solutions","status":"publish","type":"page","link":"https:\/\/www.duboischemicals.com\/paper-pulp\/fr\/products\/paper-process-solutions\/","title":{"rendered":"Solutions de transformation du papier"},"content":{"rendered":"<p>DuBois est un chef de file reconnu de l\u2019industrie en mati\u00e8re de contr\u00f4le des d\u00e9p\u00f4ts et de technologies de nettoyage, et entretient une relation de comarketing avec Novel Industrial LLC. Novel et DuBois se sont associ\u00e9s afin d\u2019offrir la gamme de solutions novatrices pour la fabrication du papier la plus compl\u00e8te de l\u2019industrie. En mettant l\u2019accent sur les comp\u00e9tences fondamentales de chaque entreprise et en les conjuguant aux capacit\u00e9s techniques de l\u2019industrie papeti\u00e8re, nous sommes en mesure d\u2019offrir des solutions rentables et fiables pour le nettoyage, la pr\u00e9vention des d\u00e9p\u00f4ts, la r\u00e9sistance, la r\u00e9tention et le drainage, l\u2019encollage, etc.<\/p>\n<p><strong>Nouveaux programmes offerts\u00a0:<\/strong><\/p>\n<p>Gamme Vitesse\u2122 d\u2019adjuvants de r\u00e9tention, de drainage et de r\u00e9sistance (RDR)<\/p>\n<ul>\n<li>Technologies de r\u00e9sistance cationique offrant une capacit\u00e9 de r\u00e9sistance in\u00e9gal\u00e9e.<\/li>\n<li>Comprend la s\u00e9rie de polym\u00e8res de r\u00e9tention, de drainage et de r\u00e9sistance (RDR) V90Plus\u2122, en t\u00eate de l\u2019industrie, con\u00e7ue pour correspondre pr\u00e9cis\u00e9ment aux besoins de la machine, du d\u00e9veloppement de la r\u00e9sistance jusqu\u2019\u00e0 l\u2019\u00e9quilibrage des niveaux de r\u00e9tention et de drainage.<\/li>\n<\/ul>\n<p>Gamme Centro\u2122 d\u2019adjuvants de r\u00e9sistance<\/p>\n<ul>\n<li>Offre aux fabricants de papier modernes de puissants outils de centrage chimique capables de stabiliser la partie humide, ainsi que des additifs \u00e0 efficacit\u00e9 am\u00e9lior\u00e9e et un d\u00e9veloppement de la r\u00e9sistance infiniment sup\u00e9rieur.<\/li>\n<li>G\u00e9n\u00e8re un rendement du capital investi (RCI) significatif gr\u00e2ce \u00e0 des \u00e9conomies directes de co\u00fbts li\u00e9s aux produits chimiques, \u00e0 une production accrue et \u00e0 un papier plus r\u00e9sistant.<\/li>\n<\/ul>\n<p>Gammes d\u2019amidons sp\u00e9cialis\u00e9s DynaBond et DynaSol\u2122<\/p>\n<ul>\n<li>Amidons uniques \u00e0 poids mol\u00e9culaire \u00e9lev\u00e9 sous forme s\u00e8che et liquide, utilis\u00e9s pour un d\u00e9veloppement sup\u00e9rieur de la r\u00e9sistance \u00e0 sec.<\/li>\n<li>D\u00e9velopp\u00e9s pour maximiser le d\u00e9veloppement de la r\u00e9sistance et permettre une excellente r\u00e9tention des particules fines et un bon drainage de la machine dans les syst\u00e8mes de fabrication du papier \u00e0 haute teneur en particules fines et collo\u00efdales.<\/li>\n<\/ul>\n<p>Gamme <a href=\"http:\/\/novelindustrial.com\/\">Novel Impact\u2122<\/a> de polym\u00e8res sans COV<\/p>\n<ul>\n<li>La toute derni\u00e8re technologie d\u2019adjuvants de drainage et de r\u00e9tention pour la fabrication de tous les types de papier, notamment les papiers minces et les papiers essuie-tout, les cartons \u00e0 couverture recycl\u00e9s et vierges, la flottation \u00e0 l\u2019air dissous (FAD), la clarification des eaux blanches, le traitement des eaux us\u00e9es et les applications de d\u00e9shydratation des boues.<\/li>\n<li>Polym\u00e8res en dispersion aqueuse conformes \u00e0 la Proposition 65 de la Californie, sans compos\u00e9s organiques volatils (COV) ni demande biochimique en oxyg\u00e8ne (DBO) ni demande chimique en oxyg\u00e8ne (DCO), pr\u00e9sentant une excellente efficacit\u00e9 comparativement aux polym\u00e8res en \u00e9mulsion traditionnels.<\/li>\n<\/ul>\n<p>Gamme sizeDIRECT\u2122 de produits d\u2019encollage<\/p>\n<ul>\n<li>Offre group\u00e9e de produits d\u2019encollage et de services, con\u00e7ue pour fournir les programmes d\u2019encollage les plus rentables de l\u2019industrie ainsi que des services-conseils industriels de premier plan.<\/li>\n<li>Permet aux fabricants de papier d\u2019acheter les mat\u00e9riaux d\u2019encollage les plus couramment utilis\u00e9s directement aupr\u00e8s du fabricant, tout en ayant acc\u00e8s \u00e0 des techniciens et \u00e0 des consultants exp\u00e9riment\u00e9s en services sp\u00e9cialis\u00e9s.<\/li>\n<\/ul>\n","protected":false},"excerpt":{"rendered":"<p>DuBois est un chef de file reconnu de l\u2019industrie en mati\u00e8re de contr\u00f4le des d\u00e9p\u00f4ts et de technologies de nettoyage, et entretient une relation de comarketing avec Novel Industrial LLC. Novel et DuBois se sont&#8230;<\/p>\n","protected":false},"author":219,"featured_media":10958,"parent":10273,"menu_order":5,"comment_status":"closed","ping_status":"closed","template":"template-prodinfo.php","meta":{"_acf_changed":false,"footnotes":""},"class_list":["post-10305","page","type-page","status-publish","has-post-thumbnail","hentry"],"acf":[],"yoast_head":"<!-- This site is optimized with the Yoast SEO plugin v26.8 - https:\/\/yoast.com\/product\/yoast-seo-wordpress\/ -->\n<title>Solutions de transformation du papier - P\u00e2tes et papiers<\/title>\n<meta name=\"robots\" content=\"index, follow, max-snippet:-1, max-image-preview:large, max-video-preview:-1\" \/>\n<link rel=\"canonical\" href=\"https:\/\/www.duboischemicals.com\/paper-pulp\/fr\/products\/paper-process-solutions\/\" \/>\n<meta property=\"og:locale\" content=\"fr_FR\" \/>\n<meta property=\"og:type\" content=\"article\" \/>\n<meta property=\"og:title\" content=\"Solutions de transformation du papier - P\u00e2tes et papiers\" \/>\n<meta property=\"og:description\" content=\"DuBois est un chef de file reconnu de l\u2019industrie en mati\u00e8re de contr\u00f4le des d\u00e9p\u00f4ts et de technologies de nettoyage, et entretient une relation de comarketing avec Novel Industrial LLC. Novel et DuBois se sont...\" \/>\n<meta property=\"og:url\" content=\"https:\/\/www.duboischemicals.com\/paper-pulp\/fr\/products\/paper-process-solutions\/\" \/>\n<meta property=\"og:site_name\" content=\"P\u00e2tes et papiers\" \/>\n<meta property=\"article:modified_time\" content=\"2021-02-26T09:33:21+00:00\" \/>\n<meta property=\"og:image\" content=\"https:\/\/www.duboischemicals.com\/paper-pulp\/wp-content\/uploads\/sites\/4\/2018\/11\/Canstockphoto-2744383-Paper-Process-Solutions.jpg\" \/>\n\t<meta property=\"og:image:width\" content=\"454\" \/>\n\t<meta property=\"og:image:height\" content=\"450\" \/>\n\t<meta property=\"og:image:type\" content=\"image\/jpeg\" \/>\n<meta name=\"twitter:card\" content=\"summary_large_image\" \/>\n<meta name=\"twitter:label1\" content=\"Dur\u00e9e de lecture estim\u00e9e\" \/>\n\t<meta name=\"twitter:data1\" content=\"3 minutes\" \/>\n<script type=\"application\/ld+json\" class=\"yoast-schema-graph\">{\"@context\":\"https:\/\/schema.org\",\"@graph\":[{\"@type\":\"WebPage\",\"@id\":\"https:\/\/www.duboischemicals.com\/paper-pulp\/fr\/products\/paper-process-solutions\/\",\"url\":\"https:\/\/www.duboischemicals.com\/paper-pulp\/fr\/products\/paper-process-solutions\/\",\"name\":\"Solutions de transformation du papier - P\u00e2tes et papiers\",\"isPartOf\":{\"@id\":\"https:\/\/www.duboischemicals.com\/paper-pulp\/fr\/#website\"},\"primaryImageOfPage\":{\"@id\":\"https:\/\/www.duboischemicals.com\/paper-pulp\/fr\/products\/paper-process-solutions\/#primaryimage\"},\"image\":{\"@id\":\"https:\/\/www.duboischemicals.com\/paper-pulp\/fr\/products\/paper-process-solutions\/#primaryimage\"},\"thumbnailUrl\":\"https:\/\/www.duboischemicals.com\/paper-pulp\/wp-content\/uploads\/sites\/4\/2023\/06\/161.png\",\"datePublished\":\"2018-10-15T21:46:43+00:00\",\"dateModified\":\"2021-02-26T09:33:21+00:00\",\"breadcrumb\":{\"@id\":\"https:\/\/www.duboischemicals.com\/paper-pulp\/fr\/products\/paper-process-solutions\/#breadcrumb\"},\"inLanguage\":\"fr-FR\",\"potentialAction\":[{\"@type\":\"ReadAction\",\"target\":[\"https:\/\/www.duboischemicals.com\/paper-pulp\/fr\/products\/paper-process-solutions\/\"]}]},{\"@type\":\"ImageObject\",\"inLanguage\":\"fr-FR\",\"@id\":\"https:\/\/www.duboischemicals.com\/paper-pulp\/fr\/products\/paper-process-solutions\/#primaryimage\",\"url\":\"https:\/\/www.duboischemicals.com\/paper-pulp\/wp-content\/uploads\/sites\/4\/2023\/06\/161.png\",\"contentUrl\":\"https:\/\/www.duboischemicals.com\/paper-pulp\/wp-content\/uploads\/sites\/4\/2023\/06\/161.png\",\"width\":450,\"height\":450,\"caption\":\"Paper Process Solutions Icon\"},{\"@type\":\"BreadcrumbList\",\"@id\":\"https:\/\/www.duboischemicals.com\/paper-pulp\/fr\/products\/paper-process-solutions\/#breadcrumb\",\"itemListElement\":[{\"@type\":\"ListItem\",\"position\":1,\"name\":\"Accueil\",\"item\":\"https:\/\/www.duboischemicals.com\/paper-pulp\/fr\/\"},{\"@type\":\"ListItem\",\"position\":2,\"name\":\"Produits\",\"item\":\"https:\/\/www.duboischemicals.com\/paper-pulp\/fr\/products\/\"},{\"@type\":\"ListItem\",\"position\":3,\"name\":\"Solutions de transformation du papier\"}]},{\"@type\":\"WebSite\",\"@id\":\"https:\/\/www.duboischemicals.com\/paper-pulp\/fr\/#website\",\"url\":\"https:\/\/www.duboischemicals.com\/paper-pulp\/fr\/\",\"name\":\"P\u00e2tes et papiers\",\"description\":\"\",\"potentialAction\":[{\"@type\":\"SearchAction\",\"target\":{\"@type\":\"EntryPoint\",\"urlTemplate\":\"https:\/\/www.duboischemicals.com\/paper-pulp\/fr\/?s={search_term_string}\"},\"query-input\":{\"@type\":\"PropertyValueSpecification\",\"valueRequired\":true,\"valueName\":\"search_term_string\"}}],\"inLanguage\":\"fr-FR\"}]}<\/script>\n<!-- \/ Yoast SEO plugin. -->","yoast_head_json":{"title":"Solutions de transformation du papier - P\u00e2tes et papiers","robots":{"index":"index","follow":"follow","max-snippet":"max-snippet:-1","max-image-preview":"max-image-preview:large","max-video-preview":"max-video-preview:-1"},"canonical":"https:\/\/www.duboischemicals.com\/paper-pulp\/fr\/products\/paper-process-solutions\/","og_locale":"fr_FR","og_type":"article","og_title":"Solutions de transformation du papier - P\u00e2tes et papiers","og_description":"DuBois est un chef de file reconnu de l\u2019industrie en mati\u00e8re de contr\u00f4le des d\u00e9p\u00f4ts et de technologies de nettoyage, et entretient une relation de comarketing avec Novel Industrial LLC. Novel et DuBois se sont...","og_url":"https:\/\/www.duboischemicals.com\/paper-pulp\/fr\/products\/paper-process-solutions\/","og_site_name":"P\u00e2tes et papiers","article_modified_time":"2021-02-26T09:33:21+00:00","og_image":[{"width":454,"height":450,"url":"https:\/\/www.duboischemicals.com\/paper-pulp\/wp-content\/uploads\/sites\/4\/2018\/11\/Canstockphoto-2744383-Paper-Process-Solutions.jpg","type":"image\/jpeg"}],"twitter_card":"summary_large_image","twitter_misc":{"Dur\u00e9e de lecture estim\u00e9e":"3 minutes"},"schema":{"@context":"https:\/\/schema.org","@graph":[{"@type":"WebPage","@id":"https:\/\/www.duboischemicals.com\/paper-pulp\/fr\/products\/paper-process-solutions\/","url":"https:\/\/www.duboischemicals.com\/paper-pulp\/fr\/products\/paper-process-solutions\/","name":"Solutions de transformation du papier - P\u00e2tes et papiers","isPartOf":{"@id":"https:\/\/www.duboischemicals.com\/paper-pulp\/fr\/#website"},"primaryImageOfPage":{"@id":"https:\/\/www.duboischemicals.com\/paper-pulp\/fr\/products\/paper-process-solutions\/#primaryimage"},"image":{"@id":"https:\/\/www.duboischemicals.com\/paper-pulp\/fr\/products\/paper-process-solutions\/#primaryimage"},"thumbnailUrl":"https:\/\/www.duboischemicals.com\/paper-pulp\/wp-content\/uploads\/sites\/4\/2023\/06\/161.png","datePublished":"2018-10-15T21:46:43+00:00","dateModified":"2021-02-26T09:33:21+00:00","breadcrumb":{"@id":"https:\/\/www.duboischemicals.com\/paper-pulp\/fr\/products\/paper-process-solutions\/#breadcrumb"},"inLanguage":"fr-FR","potentialAction":[{"@type":"ReadAction","target":["https:\/\/www.duboischemicals.com\/paper-pulp\/fr\/products\/paper-process-solutions\/"]}]},{"@type":"ImageObject","inLanguage":"fr-FR","@id":"https:\/\/www.duboischemicals.com\/paper-pulp\/fr\/products\/paper-process-solutions\/#primaryimage","url":"https:\/\/www.duboischemicals.com\/paper-pulp\/wp-content\/uploads\/sites\/4\/2023\/06\/161.png","contentUrl":"https:\/\/www.duboischemicals.com\/paper-pulp\/wp-content\/uploads\/sites\/4\/2023\/06\/161.png","width":450,"height":450,"caption":"Paper Process Solutions Icon"},{"@type":"BreadcrumbList","@id":"https:\/\/www.duboischemicals.com\/paper-pulp\/fr\/products\/paper-process-solutions\/#breadcrumb","itemListElement":[{"@type":"ListItem","position":1,"name":"Accueil","item":"https:\/\/www.duboischemicals.com\/paper-pulp\/fr\/"},{"@type":"ListItem","position":2,"name":"Produits","item":"https:\/\/www.duboischemicals.com\/paper-pulp\/fr\/products\/"},{"@type":"ListItem","position":3,"name":"Solutions de transformation du papier"}]},{"@type":"WebSite","@id":"https:\/\/www.duboischemicals.com\/paper-pulp\/fr\/#website","url":"https:\/\/www.duboischemicals.com\/paper-pulp\/fr\/","name":"P\u00e2tes et papiers","description":"","potentialAction":[{"@type":"SearchAction","target":{"@type":"EntryPoint","urlTemplate":"https:\/\/www.duboischemicals.com\/paper-pulp\/fr\/?s={search_term_string}"},"query-input":{"@type":"PropertyValueSpecification","valueRequired":true,"valueName":"search_term_string"}}],"inLanguage":"fr-FR"}]}},"_links":{"self":[{"href":"https:\/\/www.duboischemicals.com\/paper-pulp\/fr\/wp-json\/wp\/v2\/pages\/10305","targetHints":{"allow":["GET"]}}],"collection":[{"href":"https:\/\/www.duboischemicals.com\/paper-pulp\/fr\/wp-json\/wp\/v2\/pages"}],"about":[{"href":"https:\/\/www.duboischemicals.com\/paper-pulp\/fr\/wp-json\/wp\/v2\/types\/page"}],"author":[{"embeddable":true,"href":"https:\/\/www.duboischemicals.com\/paper-pulp\/fr\/wp-json\/wp\/v2\/users\/219"}],"replies":[{"embeddable":true,"href":"https:\/\/www.duboischemicals.com\/paper-pulp\/fr\/wp-json\/wp\/v2\/comments?post=10305"}],"version-history":[{"count":3,"href":"https:\/\/www.duboischemicals.com\/paper-pulp\/fr\/wp-json\/wp\/v2\/pages\/10305\/revisions"}],"predecessor-version":[{"id":10818,"href":"https:\/\/www.duboischemicals.com\/paper-pulp\/fr\/wp-json\/wp\/v2\/pages\/10305\/revisions\/10818"}],"up":[{"embeddable":true,"href":"https:\/\/www.duboischemicals.com\/paper-pulp\/fr\/wp-json\/wp\/v2\/pages\/10273"}],"wp:featuredmedia":[{"embeddable":true,"href":"https:\/\/www.duboischemicals.com\/paper-pulp\/fr\/wp-json\/wp\/v2\/media\/10958"}],"wp:attachment":[{"href":"https:\/\/www.duboischemicals.com\/paper-pulp\/fr\/wp-json\/wp\/v2\/media?parent=10305"}],"curies":[{"name":"wp","href":"https:\/\/api.w.org\/{rel}","templated":true}]}}