{"id":10306,"date":"2018-10-31T14:16:16","date_gmt":"2018-10-31T18:16:16","guid":{"rendered":"https:\/\/www.duboischemicals.com\/\/paper-pulp\/products\/fabric-treatment-cleaning\/forming-wire-treatments-cleaning\/"},"modified":"2021-03-05T13:11:34","modified_gmt":"2021-03-05T18:11:34","slug":"forming-wire-treatments-cleaning","status":"publish","type":"page","link":"https:\/\/www.duboischemicals.com\/paper-pulp\/fr\/products\/fabric-treatment-cleaning\/forming-wire-treatments-cleaning\/","title":{"rendered":"Traitements et nettoyage des toiles de formation"},"content":{"rendered":"<p>DuBois propose diverses technologies pour aider \u00e0 maintenir la propret\u00e9 des toiles de formation sur toutes les qualit\u00e9s de papier. Les programmes DuBois commencent par un examen et une optimisation de la douche et des conditions de la toile, puis par l&rsquo;\u00e9laboration d&rsquo;un programme appropri\u00e9 qui convient aux conditions et r\u00e9pond aux besoins.<\/p>\n<p><strong>Technologies cl\u00e9s\u00a0:<\/strong><\/p>\n<p>Neutra Shield<\/p>\n<ul>\n<li>Fortement absorb\u00e9 par les mat\u00e9riaux hydrophobes comme les toiles de formation.<\/li>\n<li>Modifie les surfaces des tissus, les rendant r\u00e9sistantes aux d\u00e9p\u00f4ts, y compris les mati\u00e8res collantes des fibres recycl\u00e9es, les mati\u00e8res collantes de cass\u00e9s de transformation enduits et issus de la phase transformation, les colles synth\u00e9tiques, les r\u00e9sines et les cires.<\/li>\n<li>Les toiles de formation restent plus propres, et les intervalles entre les lavages peuvent \u00eatre plus longs.<\/li>\n<\/ul>\n<p>Nexus DC 2440<\/p>\n<ul>\n<li>Pr\u00e9vient les probl\u00e8mes de comportement machine li\u00e9s au d\u00e9p\u00f4t de mati\u00e8res collantes de fibres recycl\u00e9es, de mati\u00e8res collantes de cass\u00e9s de fabrication enduits et issus de la phase transformation et de colles synth\u00e9tiques.<\/li>\n<\/ul>\n<p>Gamme Neutra Solve<\/p>\n<ul>\n<li>\u00c9limine les contaminants des mati\u00e8res collantes de p\u00e2te recycl\u00e9e, des cass\u00e9s de fabrication issus de la phase de transformation des papiers minces ou des cass\u00e9s de fabrication enduits.<\/li>\n<li>M\u00e9lange brevet\u00e9 unique de solvants sp\u00e9cifiquement s\u00e9lectionn\u00e9s pour \u00eatre plus efficaces sur les mati\u00e8res collantes que les autres solvants.<\/li>\n<\/ul>\n<p>Gamme Felt Scrub<\/p>\n<ul>\n<li>Nettoyeurs alcalins con\u00e7us pour le nettoyage des toiles de formation.<\/li>\n<li>Comprend des produits dot\u00e9s de diverses caract\u00e9ristiques, con\u00e7ues pour r\u00e9pondre aux besoins de conditions de machine particuli\u00e8res.<\/li>\n<\/ul>\n","protected":false},"excerpt":{"rendered":"<p>DuBois propose diverses technologies pour aider \u00e0 maintenir la propret\u00e9 des toiles de formation sur toutes les qualit\u00e9s de papier. Les programmes DuBois commencent par un examen et une optimisation de la douche et des&#8230;<\/p>\n","protected":false},"author":219,"featured_media":9185,"parent":10300,"menu_order":1,"comment_status":"closed","ping_status":"closed","template":"template-prodinfo.php","meta":{"_acf_changed":false,"footnotes":""},"class_list":["post-10306","page","type-page","status-publish","has-post-thumbnail","hentry"],"acf":[],"yoast_head":"<!-- This site is optimized with the Yoast SEO plugin v26.8 - https:\/\/yoast.com\/product\/yoast-seo-wordpress\/ -->\n<title>Traitements et nettoyage des toiles de formation - P\u00e2tes et papiers<\/title>\n<meta name=\"robots\" content=\"index, follow, max-snippet:-1, max-image-preview:large, max-video-preview:-1\" \/>\n<link rel=\"canonical\" href=\"https:\/\/www.duboischemicals.com\/paper-pulp\/fr\/products\/fabric-treatment-cleaning\/forming-wire-treatments-cleaning\/\" \/>\n<meta property=\"og:locale\" content=\"fr_FR\" \/>\n<meta property=\"og:type\" content=\"article\" \/>\n<meta property=\"og:title\" content=\"Traitements et nettoyage des toiles de formation - P\u00e2tes et papiers\" \/>\n<meta property=\"og:description\" content=\"DuBois propose diverses technologies pour aider \u00e0 maintenir la propret\u00e9 des toiles de formation sur toutes les qualit\u00e9s de papier. Les programmes DuBois commencent par un examen et une optimisation de la douche et des...\" \/>\n<meta property=\"og:url\" content=\"https:\/\/www.duboischemicals.com\/paper-pulp\/fr\/products\/fabric-treatment-cleaning\/forming-wire-treatments-cleaning\/\" \/>\n<meta property=\"og:site_name\" content=\"P\u00e2tes et papiers\" \/>\n<meta property=\"article:modified_time\" content=\"2021-03-05T18:11:34+00:00\" \/>\n<meta property=\"og:image\" content=\"https:\/\/www.duboischemicals.com\/paper-pulp\/wp-content\/uploads\/sites\/4\/2018\/10\/forming-wire-treatment-and-cleaning.jpg\" \/>\n\t<meta property=\"og:image:width\" content=\"454\" \/>\n\t<meta property=\"og:image:height\" content=\"450\" \/>\n\t<meta property=\"og:image:type\" content=\"image\/jpeg\" \/>\n<meta name=\"twitter:card\" content=\"summary_large_image\" \/>\n<meta name=\"twitter:label1\" content=\"Dur\u00e9e de lecture estim\u00e9e\" \/>\n\t<meta name=\"twitter:data1\" content=\"1 minute\" \/>\n<script type=\"application\/ld+json\" class=\"yoast-schema-graph\">{\"@context\":\"https:\/\/schema.org\",\"@graph\":[{\"@type\":\"WebPage\",\"@id\":\"https:\/\/www.duboischemicals.com\/paper-pulp\/fr\/products\/fabric-treatment-cleaning\/forming-wire-treatments-cleaning\/\",\"url\":\"https:\/\/www.duboischemicals.com\/paper-pulp\/fr\/products\/fabric-treatment-cleaning\/forming-wire-treatments-cleaning\/\",\"name\":\"Traitements et nettoyage des toiles de formation - P\u00e2tes et papiers\",\"isPartOf\":{\"@id\":\"https:\/\/www.duboischemicals.com\/paper-pulp\/fr\/#website\"},\"primaryImageOfPage\":{\"@id\":\"https:\/\/www.duboischemicals.com\/paper-pulp\/fr\/products\/fabric-treatment-cleaning\/forming-wire-treatments-cleaning\/#primaryimage\"},\"image\":{\"@id\":\"https:\/\/www.duboischemicals.com\/paper-pulp\/fr\/products\/fabric-treatment-cleaning\/forming-wire-treatments-cleaning\/#primaryimage\"},\"thumbnailUrl\":\"https:\/\/www.duboischemicals.com\/paper-pulp\/wp-content\/uploads\/sites\/4\/2018\/10\/forming-wire-treatment-and-cleaning.jpg\",\"datePublished\":\"2018-10-31T18:16:16+00:00\",\"dateModified\":\"2021-03-05T18:11:34+00:00\",\"breadcrumb\":{\"@id\":\"https:\/\/www.duboischemicals.com\/paper-pulp\/fr\/products\/fabric-treatment-cleaning\/forming-wire-treatments-cleaning\/#breadcrumb\"},\"inLanguage\":\"fr-FR\",\"potentialAction\":[{\"@type\":\"ReadAction\",\"target\":[\"https:\/\/www.duboischemicals.com\/paper-pulp\/fr\/products\/fabric-treatment-cleaning\/forming-wire-treatments-cleaning\/\"]}]},{\"@type\":\"ImageObject\",\"inLanguage\":\"fr-FR\",\"@id\":\"https:\/\/www.duboischemicals.com\/paper-pulp\/fr\/products\/fabric-treatment-cleaning\/forming-wire-treatments-cleaning\/#primaryimage\",\"url\":\"https:\/\/www.duboischemicals.com\/paper-pulp\/wp-content\/uploads\/sites\/4\/2018\/10\/forming-wire-treatment-and-cleaning.jpg\",\"contentUrl\":\"https:\/\/www.duboischemicals.com\/paper-pulp\/wp-content\/uploads\/sites\/4\/2018\/10\/forming-wire-treatment-and-cleaning.jpg\",\"width\":454,\"height\":450},{\"@type\":\"BreadcrumbList\",\"@id\":\"https:\/\/www.duboischemicals.com\/paper-pulp\/fr\/products\/fabric-treatment-cleaning\/forming-wire-treatments-cleaning\/#breadcrumb\",\"itemListElement\":[{\"@type\":\"ListItem\",\"position\":1,\"name\":\"Accueil\",\"item\":\"https:\/\/www.duboischemicals.com\/paper-pulp\/fr\/\"},{\"@type\":\"ListItem\",\"position\":2,\"name\":\"Produits\",\"item\":\"https:\/\/www.duboischemicals.com\/paper-pulp\/fr\/products\/\"},{\"@type\":\"ListItem\",\"position\":3,\"name\":\"Traitement et nettoyage des toiles\",\"item\":\"https:\/\/www.duboischemicals.com\/paper-pulp\/fr\/products\/fabric-treatment-cleaning\/\"},{\"@type\":\"ListItem\",\"position\":4,\"name\":\"Traitements et nettoyage des toiles de formation\"}]},{\"@type\":\"WebSite\",\"@id\":\"https:\/\/www.duboischemicals.com\/paper-pulp\/fr\/#website\",\"url\":\"https:\/\/www.duboischemicals.com\/paper-pulp\/fr\/\",\"name\":\"P\u00e2tes et papiers\",\"description\":\"\",\"potentialAction\":[{\"@type\":\"SearchAction\",\"target\":{\"@type\":\"EntryPoint\",\"urlTemplate\":\"https:\/\/www.duboischemicals.com\/paper-pulp\/fr\/?s={search_term_string}\"},\"query-input\":{\"@type\":\"PropertyValueSpecification\",\"valueRequired\":true,\"valueName\":\"search_term_string\"}}],\"inLanguage\":\"fr-FR\"}]}<\/script>\n<!-- \/ Yoast SEO plugin. -->","yoast_head_json":{"title":"Traitements et nettoyage des toiles de formation - P\u00e2tes et papiers","robots":{"index":"index","follow":"follow","max-snippet":"max-snippet:-1","max-image-preview":"max-image-preview:large","max-video-preview":"max-video-preview:-1"},"canonical":"https:\/\/www.duboischemicals.com\/paper-pulp\/fr\/products\/fabric-treatment-cleaning\/forming-wire-treatments-cleaning\/","og_locale":"fr_FR","og_type":"article","og_title":"Traitements et nettoyage des toiles de formation - P\u00e2tes et papiers","og_description":"DuBois propose diverses technologies pour aider \u00e0 maintenir la propret\u00e9 des toiles de formation sur toutes les qualit\u00e9s de papier. Les programmes DuBois commencent par un examen et une optimisation de la douche et des...","og_url":"https:\/\/www.duboischemicals.com\/paper-pulp\/fr\/products\/fabric-treatment-cleaning\/forming-wire-treatments-cleaning\/","og_site_name":"P\u00e2tes et papiers","article_modified_time":"2021-03-05T18:11:34+00:00","og_image":[{"width":454,"height":450,"url":"https:\/\/www.duboischemicals.com\/paper-pulp\/wp-content\/uploads\/sites\/4\/2018\/10\/forming-wire-treatment-and-cleaning.jpg","type":"image\/jpeg"}],"twitter_card":"summary_large_image","twitter_misc":{"Dur\u00e9e de lecture estim\u00e9e":"1 minute"},"schema":{"@context":"https:\/\/schema.org","@graph":[{"@type":"WebPage","@id":"https:\/\/www.duboischemicals.com\/paper-pulp\/fr\/products\/fabric-treatment-cleaning\/forming-wire-treatments-cleaning\/","url":"https:\/\/www.duboischemicals.com\/paper-pulp\/fr\/products\/fabric-treatment-cleaning\/forming-wire-treatments-cleaning\/","name":"Traitements et nettoyage des toiles de formation - P\u00e2tes et papiers","isPartOf":{"@id":"https:\/\/www.duboischemicals.com\/paper-pulp\/fr\/#website"},"primaryImageOfPage":{"@id":"https:\/\/www.duboischemicals.com\/paper-pulp\/fr\/products\/fabric-treatment-cleaning\/forming-wire-treatments-cleaning\/#primaryimage"},"image":{"@id":"https:\/\/www.duboischemicals.com\/paper-pulp\/fr\/products\/fabric-treatment-cleaning\/forming-wire-treatments-cleaning\/#primaryimage"},"thumbnailUrl":"https:\/\/www.duboischemicals.com\/paper-pulp\/wp-content\/uploads\/sites\/4\/2018\/10\/forming-wire-treatment-and-cleaning.jpg","datePublished":"2018-10-31T18:16:16+00:00","dateModified":"2021-03-05T18:11:34+00:00","breadcrumb":{"@id":"https:\/\/www.duboischemicals.com\/paper-pulp\/fr\/products\/fabric-treatment-cleaning\/forming-wire-treatments-cleaning\/#breadcrumb"},"inLanguage":"fr-FR","potentialAction":[{"@type":"ReadAction","target":["https:\/\/www.duboischemicals.com\/paper-pulp\/fr\/products\/fabric-treatment-cleaning\/forming-wire-treatments-cleaning\/"]}]},{"@type":"ImageObject","inLanguage":"fr-FR","@id":"https:\/\/www.duboischemicals.com\/paper-pulp\/fr\/products\/fabric-treatment-cleaning\/forming-wire-treatments-cleaning\/#primaryimage","url":"https:\/\/www.duboischemicals.com\/paper-pulp\/wp-content\/uploads\/sites\/4\/2018\/10\/forming-wire-treatment-and-cleaning.jpg","contentUrl":"https:\/\/www.duboischemicals.com\/paper-pulp\/wp-content\/uploads\/sites\/4\/2018\/10\/forming-wire-treatment-and-cleaning.jpg","width":454,"height":450},{"@type":"BreadcrumbList","@id":"https:\/\/www.duboischemicals.com\/paper-pulp\/fr\/products\/fabric-treatment-cleaning\/forming-wire-treatments-cleaning\/#breadcrumb","itemListElement":[{"@type":"ListItem","position":1,"name":"Accueil","item":"https:\/\/www.duboischemicals.com\/paper-pulp\/fr\/"},{"@type":"ListItem","position":2,"name":"Produits","item":"https:\/\/www.duboischemicals.com\/paper-pulp\/fr\/products\/"},{"@type":"ListItem","position":3,"name":"Traitement et nettoyage des toiles","item":"https:\/\/www.duboischemicals.com\/paper-pulp\/fr\/products\/fabric-treatment-cleaning\/"},{"@type":"ListItem","position":4,"name":"Traitements et nettoyage des toiles de formation"}]},{"@type":"WebSite","@id":"https:\/\/www.duboischemicals.com\/paper-pulp\/fr\/#website","url":"https:\/\/www.duboischemicals.com\/paper-pulp\/fr\/","name":"P\u00e2tes et papiers","description":"","potentialAction":[{"@type":"SearchAction","target":{"@type":"EntryPoint","urlTemplate":"https:\/\/www.duboischemicals.com\/paper-pulp\/fr\/?s={search_term_string}"},"query-input":{"@type":"PropertyValueSpecification","valueRequired":true,"valueName":"search_term_string"}}],"inLanguage":"fr-FR"}]}},"_links":{"self":[{"href":"https:\/\/www.duboischemicals.com\/paper-pulp\/fr\/wp-json\/wp\/v2\/pages\/10306","targetHints":{"allow":["GET"]}}],"collection":[{"href":"https:\/\/www.duboischemicals.com\/paper-pulp\/fr\/wp-json\/wp\/v2\/pages"}],"about":[{"href":"https:\/\/www.duboischemicals.com\/paper-pulp\/fr\/wp-json\/wp\/v2\/types\/page"}],"author":[{"embeddable":true,"href":"https:\/\/www.duboischemicals.com\/paper-pulp\/fr\/wp-json\/wp\/v2\/users\/219"}],"replies":[{"embeddable":true,"href":"https:\/\/www.duboischemicals.com\/paper-pulp\/fr\/wp-json\/wp\/v2\/comments?post=10306"}],"version-history":[{"count":4,"href":"https:\/\/www.duboischemicals.com\/paper-pulp\/fr\/wp-json\/wp\/v2\/pages\/10306\/revisions"}],"predecessor-version":[{"id":10886,"href":"https:\/\/www.duboischemicals.com\/paper-pulp\/fr\/wp-json\/wp\/v2\/pages\/10306\/revisions\/10886"}],"up":[{"embeddable":true,"href":"https:\/\/www.duboischemicals.com\/paper-pulp\/fr\/wp-json\/wp\/v2\/pages\/10300"}],"wp:featuredmedia":[{"embeddable":true,"href":"https:\/\/www.duboischemicals.com\/paper-pulp\/fr\/wp-json\/wp\/v2\/media\/9185"}],"wp:attachment":[{"href":"https:\/\/www.duboischemicals.com\/paper-pulp\/fr\/wp-json\/wp\/v2\/media?parent=10306"}],"curies":[{"name":"wp","href":"https:\/\/api.w.org\/{rel}","templated":true}]}}