{"id":10307,"date":"2018-10-31T14:29:28","date_gmt":"2018-10-31T18:29:28","guid":{"rendered":"https:\/\/www.duboischemicals.com\/\/paper-pulp\/products\/fabric-treatment-cleaning\/press-felt-treatments-cleaning\/"},"modified":"2021-03-05T13:11:34","modified_gmt":"2021-03-05T18:11:34","slug":"press-felt-treatments-cleaning","status":"publish","type":"page","link":"https:\/\/www.duboischemicals.com\/paper-pulp\/fr\/products\/fabric-treatment-cleaning\/press-felt-treatments-cleaning\/","title":{"rendered":"Traitements et nettoyage des feutres de presse"},"content":{"rendered":"<p>La toile de presse est le c\u0153ur de la machine \u00e0 papier. Une section de presse efficace am\u00e9liore consid\u00e9rablement les capacit\u00e9s et l&rsquo;efficacit\u00e9 d&rsquo;une machine \u00e0 papier. DuBois dispose de plus de solutions pour am\u00e9liorer les performances des toiles de presse que tout autre fournisseur de produits chimiques pour le papier. DuBois effectuera un audit complet de la section de presse afin de d\u00e9terminer la meilleure solution pour une usine donn\u00e9e.<\/p>\n<p><strong>Technologies cl\u00e9s\u00a0:<\/strong><\/p>\n<p>M\u00e9thode d&rsquo;application du nettoyant des toiles de presse DuPulse<sup>\u00ae<\/sup><\/p>\n<ul>\n<li>Une m\u00e9thode d&rsquo;application brevet\u00e9e qui fournit une plus grande concentration de produits chimiques de nettoyage plus profond\u00e9ment dans le corps des toiles de presse.<\/li>\n<li>Permet d&rsquo;obtenir un nettoyage plus efficace que les autres m\u00e9thodes, sans utilisation suppl\u00e9mentaire de produits chimiques.<\/li>\n<\/ul>\n<p>Gamme Accel<\/p>\n<ul>\n<li>Une gamme formul\u00e9e pour \u00eatre efficace sur des machines \u00e0 vitesse \u00e9lev\u00e9e et \u00e0 de faibles concentrations.<\/li>\n<li>Contient un ensemble unique de surfactifs, con\u00e7u pour un mouillage extr\u00eamement rapide afin de maximiser le nettoyage, m\u00eame avec un temps d\u2019impr\u00e9gnation court.<\/li>\n<\/ul>\n<p>Neutra Shield<\/p>\n<ul>\n<li>Modifie les surfaces des feutres de presse, les rendant r\u00e9sistantes aux d\u00e9p\u00f4ts, y compris les mati\u00e8res collantes de fibres recycl\u00e9es, les mati\u00e8res collantes de cass\u00e9s de fabrication enduits et issus de la phase transformation, les colles synth\u00e9tiques, les r\u00e9sines et les cires.<\/li>\n<li>Les toiles restent plus propres, leur dur\u00e9e de vie augmente, et les intervalles entre les lavages peuvent \u00eatre plus longs.<\/li>\n<\/ul>\n<p>Gamme Altrox<\/p>\n<ul>\n<li>Des nettoyants qui contr\u00f4lent le colmatage de la toile de presse par des r\u00e9sines de force humide et s\u00e8che, des adh\u00e9sifs Yankee et d&rsquo;autres additifs polym\u00e8res de proc\u00e9d\u00e9.<\/li>\n<\/ul>\n<p>Gamme Sure Safe<\/p>\n<ul>\n<li>Des nettoyants con\u00e7us pour \u00eatre efficaces tout en ayant un meilleur profil de s\u00e9curit\u00e9 que de nombreux nettoyants pour toile de presse.<\/li>\n<li>Non corrosif pour la peau et les yeux.<\/li>\n<\/ul>\n<p><a href=\"https:\/\/www.youtube.com\/watch?v=5E9XYxRQbok\" target=\"_blank\" rel=\"noopener noreferrer\"><span style=\"color: #ff0000;\">Regarder la vid\u00e9o DuPulse<\/span><\/a><\/p>\n","protected":false},"excerpt":{"rendered":"<p>La toile de presse est le c\u0153ur de la machine \u00e0 papier. Une section de presse efficace am\u00e9liore consid\u00e9rablement les capacit\u00e9s et l&rsquo;efficacit\u00e9 d&rsquo;une machine \u00e0 papier. DuBois dispose de plus de solutions pour am\u00e9liorer&#8230;<\/p>\n","protected":false},"author":219,"featured_media":9187,"parent":10300,"menu_order":2,"comment_status":"closed","ping_status":"closed","template":"template-prodinfo.php","meta":{"_acf_changed":false,"footnotes":""},"class_list":["post-10307","page","type-page","status-publish","has-post-thumbnail","hentry"],"acf":[],"yoast_head":"<!-- This site is optimized with the Yoast SEO plugin v26.8 - https:\/\/yoast.com\/product\/yoast-seo-wordpress\/ -->\n<title>Traitements et nettoyage des feutres de presse - P\u00e2tes et papiers<\/title>\n<meta name=\"robots\" content=\"index, follow, max-snippet:-1, max-image-preview:large, max-video-preview:-1\" \/>\n<link rel=\"canonical\" href=\"https:\/\/www.duboischemicals.com\/paper-pulp\/fr\/products\/fabric-treatment-cleaning\/press-felt-treatments-cleaning\/\" \/>\n<meta property=\"og:locale\" content=\"fr_FR\" \/>\n<meta property=\"og:type\" content=\"article\" \/>\n<meta property=\"og:title\" content=\"Traitements et nettoyage des feutres de presse - P\u00e2tes et papiers\" \/>\n<meta property=\"og:description\" content=\"La toile de presse est le c\u0153ur de la machine \u00e0 papier. Une section de presse efficace am\u00e9liore consid\u00e9rablement les capacit\u00e9s et l&rsquo;efficacit\u00e9 d&rsquo;une machine \u00e0 papier. DuBois dispose de plus de solutions pour am\u00e9liorer...\" \/>\n<meta property=\"og:url\" content=\"https:\/\/www.duboischemicals.com\/paper-pulp\/fr\/products\/fabric-treatment-cleaning\/press-felt-treatments-cleaning\/\" \/>\n<meta property=\"og:site_name\" content=\"P\u00e2tes et papiers\" \/>\n<meta property=\"article:modified_time\" content=\"2021-03-05T18:11:34+00:00\" \/>\n<meta property=\"og:image\" content=\"https:\/\/www.duboischemicals.com\/paper-pulp\/wp-content\/uploads\/sites\/4\/2018\/10\/Press-Felt-Treatments-and-Cleaning.jpg\" \/>\n\t<meta property=\"og:image:width\" content=\"454\" \/>\n\t<meta property=\"og:image:height\" content=\"450\" \/>\n\t<meta property=\"og:image:type\" content=\"image\/jpeg\" \/>\n<meta name=\"twitter:card\" content=\"summary_large_image\" \/>\n<meta name=\"twitter:label1\" content=\"Dur\u00e9e de lecture estim\u00e9e\" \/>\n\t<meta name=\"twitter:data1\" content=\"2 minutes\" \/>\n<script type=\"application\/ld+json\" class=\"yoast-schema-graph\">{\"@context\":\"https:\/\/schema.org\",\"@graph\":[{\"@type\":\"WebPage\",\"@id\":\"https:\/\/www.duboischemicals.com\/paper-pulp\/fr\/products\/fabric-treatment-cleaning\/press-felt-treatments-cleaning\/\",\"url\":\"https:\/\/www.duboischemicals.com\/paper-pulp\/fr\/products\/fabric-treatment-cleaning\/press-felt-treatments-cleaning\/\",\"name\":\"Traitements et nettoyage des feutres de presse - P\u00e2tes et papiers\",\"isPartOf\":{\"@id\":\"https:\/\/www.duboischemicals.com\/paper-pulp\/fr\/#website\"},\"primaryImageOfPage\":{\"@id\":\"https:\/\/www.duboischemicals.com\/paper-pulp\/fr\/products\/fabric-treatment-cleaning\/press-felt-treatments-cleaning\/#primaryimage\"},\"image\":{\"@id\":\"https:\/\/www.duboischemicals.com\/paper-pulp\/fr\/products\/fabric-treatment-cleaning\/press-felt-treatments-cleaning\/#primaryimage\"},\"thumbnailUrl\":\"https:\/\/www.duboischemicals.com\/paper-pulp\/wp-content\/uploads\/sites\/4\/2018\/10\/Press-Felt-Treatments-and-Cleaning.jpg\",\"datePublished\":\"2018-10-31T18:29:28+00:00\",\"dateModified\":\"2021-03-05T18:11:34+00:00\",\"breadcrumb\":{\"@id\":\"https:\/\/www.duboischemicals.com\/paper-pulp\/fr\/products\/fabric-treatment-cleaning\/press-felt-treatments-cleaning\/#breadcrumb\"},\"inLanguage\":\"fr-FR\",\"potentialAction\":[{\"@type\":\"ReadAction\",\"target\":[\"https:\/\/www.duboischemicals.com\/paper-pulp\/fr\/products\/fabric-treatment-cleaning\/press-felt-treatments-cleaning\/\"]}]},{\"@type\":\"ImageObject\",\"inLanguage\":\"fr-FR\",\"@id\":\"https:\/\/www.duboischemicals.com\/paper-pulp\/fr\/products\/fabric-treatment-cleaning\/press-felt-treatments-cleaning\/#primaryimage\",\"url\":\"https:\/\/www.duboischemicals.com\/paper-pulp\/wp-content\/uploads\/sites\/4\/2018\/10\/Press-Felt-Treatments-and-Cleaning.jpg\",\"contentUrl\":\"https:\/\/www.duboischemicals.com\/paper-pulp\/wp-content\/uploads\/sites\/4\/2018\/10\/Press-Felt-Treatments-and-Cleaning.jpg\",\"width\":454,\"height\":450},{\"@type\":\"BreadcrumbList\",\"@id\":\"https:\/\/www.duboischemicals.com\/paper-pulp\/fr\/products\/fabric-treatment-cleaning\/press-felt-treatments-cleaning\/#breadcrumb\",\"itemListElement\":[{\"@type\":\"ListItem\",\"position\":1,\"name\":\"Accueil\",\"item\":\"https:\/\/www.duboischemicals.com\/paper-pulp\/fr\/\"},{\"@type\":\"ListItem\",\"position\":2,\"name\":\"Produits\",\"item\":\"https:\/\/www.duboischemicals.com\/paper-pulp\/fr\/products\/\"},{\"@type\":\"ListItem\",\"position\":3,\"name\":\"Traitement et nettoyage des toiles\",\"item\":\"https:\/\/www.duboischemicals.com\/paper-pulp\/fr\/products\/fabric-treatment-cleaning\/\"},{\"@type\":\"ListItem\",\"position\":4,\"name\":\"Traitements et nettoyage des feutres de presse\"}]},{\"@type\":\"WebSite\",\"@id\":\"https:\/\/www.duboischemicals.com\/paper-pulp\/fr\/#website\",\"url\":\"https:\/\/www.duboischemicals.com\/paper-pulp\/fr\/\",\"name\":\"P\u00e2tes et papiers\",\"description\":\"\",\"potentialAction\":[{\"@type\":\"SearchAction\",\"target\":{\"@type\":\"EntryPoint\",\"urlTemplate\":\"https:\/\/www.duboischemicals.com\/paper-pulp\/fr\/?s={search_term_string}\"},\"query-input\":{\"@type\":\"PropertyValueSpecification\",\"valueRequired\":true,\"valueName\":\"search_term_string\"}}],\"inLanguage\":\"fr-FR\"}]}<\/script>\n<!-- \/ Yoast SEO plugin. -->","yoast_head_json":{"title":"Traitements et nettoyage des feutres de presse - P\u00e2tes et papiers","robots":{"index":"index","follow":"follow","max-snippet":"max-snippet:-1","max-image-preview":"max-image-preview:large","max-video-preview":"max-video-preview:-1"},"canonical":"https:\/\/www.duboischemicals.com\/paper-pulp\/fr\/products\/fabric-treatment-cleaning\/press-felt-treatments-cleaning\/","og_locale":"fr_FR","og_type":"article","og_title":"Traitements et nettoyage des feutres de presse - P\u00e2tes et papiers","og_description":"La toile de presse est le c\u0153ur de la machine \u00e0 papier. Une section de presse efficace am\u00e9liore consid\u00e9rablement les capacit\u00e9s et l&rsquo;efficacit\u00e9 d&rsquo;une machine \u00e0 papier. DuBois dispose de plus de solutions pour am\u00e9liorer...","og_url":"https:\/\/www.duboischemicals.com\/paper-pulp\/fr\/products\/fabric-treatment-cleaning\/press-felt-treatments-cleaning\/","og_site_name":"P\u00e2tes et papiers","article_modified_time":"2021-03-05T18:11:34+00:00","og_image":[{"width":454,"height":450,"url":"https:\/\/www.duboischemicals.com\/paper-pulp\/wp-content\/uploads\/sites\/4\/2018\/10\/Press-Felt-Treatments-and-Cleaning.jpg","type":"image\/jpeg"}],"twitter_card":"summary_large_image","twitter_misc":{"Dur\u00e9e de lecture estim\u00e9e":"2 minutes"},"schema":{"@context":"https:\/\/schema.org","@graph":[{"@type":"WebPage","@id":"https:\/\/www.duboischemicals.com\/paper-pulp\/fr\/products\/fabric-treatment-cleaning\/press-felt-treatments-cleaning\/","url":"https:\/\/www.duboischemicals.com\/paper-pulp\/fr\/products\/fabric-treatment-cleaning\/press-felt-treatments-cleaning\/","name":"Traitements et nettoyage des feutres de presse - P\u00e2tes et papiers","isPartOf":{"@id":"https:\/\/www.duboischemicals.com\/paper-pulp\/fr\/#website"},"primaryImageOfPage":{"@id":"https:\/\/www.duboischemicals.com\/paper-pulp\/fr\/products\/fabric-treatment-cleaning\/press-felt-treatments-cleaning\/#primaryimage"},"image":{"@id":"https:\/\/www.duboischemicals.com\/paper-pulp\/fr\/products\/fabric-treatment-cleaning\/press-felt-treatments-cleaning\/#primaryimage"},"thumbnailUrl":"https:\/\/www.duboischemicals.com\/paper-pulp\/wp-content\/uploads\/sites\/4\/2018\/10\/Press-Felt-Treatments-and-Cleaning.jpg","datePublished":"2018-10-31T18:29:28+00:00","dateModified":"2021-03-05T18:11:34+00:00","breadcrumb":{"@id":"https:\/\/www.duboischemicals.com\/paper-pulp\/fr\/products\/fabric-treatment-cleaning\/press-felt-treatments-cleaning\/#breadcrumb"},"inLanguage":"fr-FR","potentialAction":[{"@type":"ReadAction","target":["https:\/\/www.duboischemicals.com\/paper-pulp\/fr\/products\/fabric-treatment-cleaning\/press-felt-treatments-cleaning\/"]}]},{"@type":"ImageObject","inLanguage":"fr-FR","@id":"https:\/\/www.duboischemicals.com\/paper-pulp\/fr\/products\/fabric-treatment-cleaning\/press-felt-treatments-cleaning\/#primaryimage","url":"https:\/\/www.duboischemicals.com\/paper-pulp\/wp-content\/uploads\/sites\/4\/2018\/10\/Press-Felt-Treatments-and-Cleaning.jpg","contentUrl":"https:\/\/www.duboischemicals.com\/paper-pulp\/wp-content\/uploads\/sites\/4\/2018\/10\/Press-Felt-Treatments-and-Cleaning.jpg","width":454,"height":450},{"@type":"BreadcrumbList","@id":"https:\/\/www.duboischemicals.com\/paper-pulp\/fr\/products\/fabric-treatment-cleaning\/press-felt-treatments-cleaning\/#breadcrumb","itemListElement":[{"@type":"ListItem","position":1,"name":"Accueil","item":"https:\/\/www.duboischemicals.com\/paper-pulp\/fr\/"},{"@type":"ListItem","position":2,"name":"Produits","item":"https:\/\/www.duboischemicals.com\/paper-pulp\/fr\/products\/"},{"@type":"ListItem","position":3,"name":"Traitement et nettoyage des toiles","item":"https:\/\/www.duboischemicals.com\/paper-pulp\/fr\/products\/fabric-treatment-cleaning\/"},{"@type":"ListItem","position":4,"name":"Traitements et nettoyage des feutres de presse"}]},{"@type":"WebSite","@id":"https:\/\/www.duboischemicals.com\/paper-pulp\/fr\/#website","url":"https:\/\/www.duboischemicals.com\/paper-pulp\/fr\/","name":"P\u00e2tes et papiers","description":"","potentialAction":[{"@type":"SearchAction","target":{"@type":"EntryPoint","urlTemplate":"https:\/\/www.duboischemicals.com\/paper-pulp\/fr\/?s={search_term_string}"},"query-input":{"@type":"PropertyValueSpecification","valueRequired":true,"valueName":"search_term_string"}}],"inLanguage":"fr-FR"}]}},"_links":{"self":[{"href":"https:\/\/www.duboischemicals.com\/paper-pulp\/fr\/wp-json\/wp\/v2\/pages\/10307","targetHints":{"allow":["GET"]}}],"collection":[{"href":"https:\/\/www.duboischemicals.com\/paper-pulp\/fr\/wp-json\/wp\/v2\/pages"}],"about":[{"href":"https:\/\/www.duboischemicals.com\/paper-pulp\/fr\/wp-json\/wp\/v2\/types\/page"}],"author":[{"embeddable":true,"href":"https:\/\/www.duboischemicals.com\/paper-pulp\/fr\/wp-json\/wp\/v2\/users\/219"}],"replies":[{"embeddable":true,"href":"https:\/\/www.duboischemicals.com\/paper-pulp\/fr\/wp-json\/wp\/v2\/comments?post=10307"}],"version-history":[{"count":4,"href":"https:\/\/www.duboischemicals.com\/paper-pulp\/fr\/wp-json\/wp\/v2\/pages\/10307\/revisions"}],"predecessor-version":[{"id":10887,"href":"https:\/\/www.duboischemicals.com\/paper-pulp\/fr\/wp-json\/wp\/v2\/pages\/10307\/revisions\/10887"}],"up":[{"embeddable":true,"href":"https:\/\/www.duboischemicals.com\/paper-pulp\/fr\/wp-json\/wp\/v2\/pages\/10300"}],"wp:featuredmedia":[{"embeddable":true,"href":"https:\/\/www.duboischemicals.com\/paper-pulp\/fr\/wp-json\/wp\/v2\/media\/9187"}],"wp:attachment":[{"href":"https:\/\/www.duboischemicals.com\/paper-pulp\/fr\/wp-json\/wp\/v2\/media?parent=10307"}],"curies":[{"name":"wp","href":"https:\/\/api.w.org\/{rel}","templated":true}]}}