{"id":10308,"date":"2018-10-31T14:33:22","date_gmt":"2018-10-31T18:33:22","guid":{"rendered":"https:\/\/www.duboischemicals.com\/\/paper-pulp\/products\/fabric-treatment-cleaning\/dryer-fabric-cleaning\/"},"modified":"2021-02-26T04:33:15","modified_gmt":"2021-02-26T09:33:15","slug":"dryer-fabric-cleaning","status":"publish","type":"page","link":"https:\/\/www.duboischemicals.com\/paper-pulp\/fr\/products\/fabric-treatment-cleaning\/dryer-fabric-cleaning\/","title":{"rendered":"Nettoyant pour toile de s\u00e9choir"},"content":{"rendered":"<p>L&rsquo;ouverture et la propret\u00e9 du tissu du s\u00e9choir ont un impact important sur l&rsquo;utilisation de la vapeur dans la section de s\u00e9chage. DuBois dispose de solutions efficaces pour le nettoyage des sections de s\u00e9chage. DuBois comprend les consid\u00e9rations de s\u00e9curit\u00e9 particuli\u00e8res associ\u00e9es au nettoyage des toiles de s\u00e9choir en raison de la temp\u00e9rature et de la pression de la vapeur des cylindres de s\u00e9chage.<\/p>\n<p><strong>Technologies cl\u00e9s\u00a0:<\/strong><\/p>\n<p>Sure Safe 430<\/p>\n<ul>\n<li>Un nettoyant efficace pour toiles de s\u00e9choir avec un meilleur profil de s\u00e9curit\u00e9 que de nombreux nettoyants courants pour les toiles.<\/li>\n<li>Non corrosif pour la peau et les yeux.<\/li>\n<\/ul>\n<p>Saf-T-Brite HS<\/p>\n<ul>\n<li>Un nettoyant alcalin pour toile de s\u00e9choir sans caustique libre.<\/li>\n<li>Nettoie en toute s\u00e9curit\u00e9 les toiles de s\u00e9choir \u00e0 haute temp\u00e9rature sans endommager les toiles ou les cylindres de s\u00e9chage.<\/li>\n<\/ul>\n<p>Neutra Solve 510<\/p>\n<ul>\n<li>Un nettoyant concentr\u00e9 \u00e0 base d&rsquo;un m\u00e9lange de solvants, sp\u00e9cialement con\u00e7u pour \u00e9liminer les contaminants de r\u00e9sidus collants de la p\u00e2te recycl\u00e9e ou des cass\u00e9s de fabrication enduits.<\/li>\n<li>Point d&rsquo;\u00e9clair sup\u00e9rieur \u00e0 93\u00a0\u00b0C (200\u00a0\u00b0F), pour une utilisation dans des zones chaudes comme les toiles de s\u00e9choir et les toiles \u00e0 s\u00e9chage \u00e0 air traversant.<\/li>\n<\/ul>\n","protected":false},"excerpt":{"rendered":"<p>L&rsquo;ouverture et la propret\u00e9 du tissu du s\u00e9choir ont un impact important sur l&rsquo;utilisation de la vapeur dans la section de s\u00e9chage. DuBois dispose de solutions efficaces pour le nettoyage des sections de s\u00e9chage. DuBois&#8230;<\/p>\n","protected":false},"author":219,"featured_media":0,"parent":10300,"menu_order":3,"comment_status":"closed","ping_status":"closed","template":"template-prodinfo.php","meta":{"_acf_changed":false,"footnotes":""},"class_list":["post-10308","page","type-page","status-publish","hentry"],"acf":[],"yoast_head":"<!-- This site is optimized with the Yoast SEO plugin v26.8 - https:\/\/yoast.com\/product\/yoast-seo-wordpress\/ -->\n<title>Nettoyant pour toile de s\u00e9choir - P\u00e2tes et papiers<\/title>\n<meta name=\"robots\" content=\"index, follow, max-snippet:-1, max-image-preview:large, max-video-preview:-1\" \/>\n<link rel=\"canonical\" href=\"https:\/\/www.duboischemicals.com\/paper-pulp\/fr\/products\/fabric-treatment-cleaning\/dryer-fabric-cleaning\/\" \/>\n<meta property=\"og:locale\" content=\"fr_FR\" \/>\n<meta property=\"og:type\" content=\"article\" \/>\n<meta property=\"og:title\" content=\"Nettoyant pour toile de s\u00e9choir - P\u00e2tes et papiers\" \/>\n<meta property=\"og:description\" content=\"L&rsquo;ouverture et la propret\u00e9 du tissu du s\u00e9choir ont un impact important sur l&rsquo;utilisation de la vapeur dans la section de s\u00e9chage. DuBois dispose de solutions efficaces pour le nettoyage des sections de s\u00e9chage. DuBois...\" \/>\n<meta property=\"og:url\" content=\"https:\/\/www.duboischemicals.com\/paper-pulp\/fr\/products\/fabric-treatment-cleaning\/dryer-fabric-cleaning\/\" \/>\n<meta property=\"og:site_name\" content=\"P\u00e2tes et papiers\" \/>\n<meta property=\"article:modified_time\" content=\"2021-02-26T09:33:15+00:00\" \/>\n<meta name=\"twitter:card\" content=\"summary_large_image\" \/>\n<meta name=\"twitter:label1\" content=\"Dur\u00e9e de lecture estim\u00e9e\" \/>\n\t<meta name=\"twitter:data1\" content=\"1 minute\" \/>\n<script type=\"application\/ld+json\" class=\"yoast-schema-graph\">{\"@context\":\"https:\/\/schema.org\",\"@graph\":[{\"@type\":\"WebPage\",\"@id\":\"https:\/\/www.duboischemicals.com\/paper-pulp\/fr\/products\/fabric-treatment-cleaning\/dryer-fabric-cleaning\/\",\"url\":\"https:\/\/www.duboischemicals.com\/paper-pulp\/fr\/products\/fabric-treatment-cleaning\/dryer-fabric-cleaning\/\",\"name\":\"Nettoyant pour toile de s\u00e9choir - P\u00e2tes et papiers\",\"isPartOf\":{\"@id\":\"https:\/\/www.duboischemicals.com\/paper-pulp\/fr\/#website\"},\"datePublished\":\"2018-10-31T18:33:22+00:00\",\"dateModified\":\"2021-02-26T09:33:15+00:00\",\"breadcrumb\":{\"@id\":\"https:\/\/www.duboischemicals.com\/paper-pulp\/fr\/products\/fabric-treatment-cleaning\/dryer-fabric-cleaning\/#breadcrumb\"},\"inLanguage\":\"fr-FR\",\"potentialAction\":[{\"@type\":\"ReadAction\",\"target\":[\"https:\/\/www.duboischemicals.com\/paper-pulp\/fr\/products\/fabric-treatment-cleaning\/dryer-fabric-cleaning\/\"]}]},{\"@type\":\"BreadcrumbList\",\"@id\":\"https:\/\/www.duboischemicals.com\/paper-pulp\/fr\/products\/fabric-treatment-cleaning\/dryer-fabric-cleaning\/#breadcrumb\",\"itemListElement\":[{\"@type\":\"ListItem\",\"position\":1,\"name\":\"Accueil\",\"item\":\"https:\/\/www.duboischemicals.com\/paper-pulp\/fr\/\"},{\"@type\":\"ListItem\",\"position\":2,\"name\":\"Produits\",\"item\":\"https:\/\/www.duboischemicals.com\/paper-pulp\/fr\/products\/\"},{\"@type\":\"ListItem\",\"position\":3,\"name\":\"Traitement et nettoyage des toiles\",\"item\":\"https:\/\/www.duboischemicals.com\/paper-pulp\/fr\/products\/fabric-treatment-cleaning\/\"},{\"@type\":\"ListItem\",\"position\":4,\"name\":\"Nettoyant pour toile de s\u00e9choir\"}]},{\"@type\":\"WebSite\",\"@id\":\"https:\/\/www.duboischemicals.com\/paper-pulp\/fr\/#website\",\"url\":\"https:\/\/www.duboischemicals.com\/paper-pulp\/fr\/\",\"name\":\"P\u00e2tes et papiers\",\"description\":\"\",\"potentialAction\":[{\"@type\":\"SearchAction\",\"target\":{\"@type\":\"EntryPoint\",\"urlTemplate\":\"https:\/\/www.duboischemicals.com\/paper-pulp\/fr\/?s={search_term_string}\"},\"query-input\":{\"@type\":\"PropertyValueSpecification\",\"valueRequired\":true,\"valueName\":\"search_term_string\"}}],\"inLanguage\":\"fr-FR\"}]}<\/script>\n<!-- \/ Yoast SEO plugin. -->","yoast_head_json":{"title":"Nettoyant pour toile de s\u00e9choir - P\u00e2tes et papiers","robots":{"index":"index","follow":"follow","max-snippet":"max-snippet:-1","max-image-preview":"max-image-preview:large","max-video-preview":"max-video-preview:-1"},"canonical":"https:\/\/www.duboischemicals.com\/paper-pulp\/fr\/products\/fabric-treatment-cleaning\/dryer-fabric-cleaning\/","og_locale":"fr_FR","og_type":"article","og_title":"Nettoyant pour toile de s\u00e9choir - P\u00e2tes et papiers","og_description":"L&rsquo;ouverture et la propret\u00e9 du tissu du s\u00e9choir ont un impact important sur l&rsquo;utilisation de la vapeur dans la section de s\u00e9chage. DuBois dispose de solutions efficaces pour le nettoyage des sections de s\u00e9chage. DuBois...","og_url":"https:\/\/www.duboischemicals.com\/paper-pulp\/fr\/products\/fabric-treatment-cleaning\/dryer-fabric-cleaning\/","og_site_name":"P\u00e2tes et papiers","article_modified_time":"2021-02-26T09:33:15+00:00","twitter_card":"summary_large_image","twitter_misc":{"Dur\u00e9e de lecture estim\u00e9e":"1 minute"},"schema":{"@context":"https:\/\/schema.org","@graph":[{"@type":"WebPage","@id":"https:\/\/www.duboischemicals.com\/paper-pulp\/fr\/products\/fabric-treatment-cleaning\/dryer-fabric-cleaning\/","url":"https:\/\/www.duboischemicals.com\/paper-pulp\/fr\/products\/fabric-treatment-cleaning\/dryer-fabric-cleaning\/","name":"Nettoyant pour toile de s\u00e9choir - P\u00e2tes et papiers","isPartOf":{"@id":"https:\/\/www.duboischemicals.com\/paper-pulp\/fr\/#website"},"datePublished":"2018-10-31T18:33:22+00:00","dateModified":"2021-02-26T09:33:15+00:00","breadcrumb":{"@id":"https:\/\/www.duboischemicals.com\/paper-pulp\/fr\/products\/fabric-treatment-cleaning\/dryer-fabric-cleaning\/#breadcrumb"},"inLanguage":"fr-FR","potentialAction":[{"@type":"ReadAction","target":["https:\/\/www.duboischemicals.com\/paper-pulp\/fr\/products\/fabric-treatment-cleaning\/dryer-fabric-cleaning\/"]}]},{"@type":"BreadcrumbList","@id":"https:\/\/www.duboischemicals.com\/paper-pulp\/fr\/products\/fabric-treatment-cleaning\/dryer-fabric-cleaning\/#breadcrumb","itemListElement":[{"@type":"ListItem","position":1,"name":"Accueil","item":"https:\/\/www.duboischemicals.com\/paper-pulp\/fr\/"},{"@type":"ListItem","position":2,"name":"Produits","item":"https:\/\/www.duboischemicals.com\/paper-pulp\/fr\/products\/"},{"@type":"ListItem","position":3,"name":"Traitement et nettoyage des toiles","item":"https:\/\/www.duboischemicals.com\/paper-pulp\/fr\/products\/fabric-treatment-cleaning\/"},{"@type":"ListItem","position":4,"name":"Nettoyant pour toile de s\u00e9choir"}]},{"@type":"WebSite","@id":"https:\/\/www.duboischemicals.com\/paper-pulp\/fr\/#website","url":"https:\/\/www.duboischemicals.com\/paper-pulp\/fr\/","name":"P\u00e2tes et papiers","description":"","potentialAction":[{"@type":"SearchAction","target":{"@type":"EntryPoint","urlTemplate":"https:\/\/www.duboischemicals.com\/paper-pulp\/fr\/?s={search_term_string}"},"query-input":{"@type":"PropertyValueSpecification","valueRequired":true,"valueName":"search_term_string"}}],"inLanguage":"fr-FR"}]}},"_links":{"self":[{"href":"https:\/\/www.duboischemicals.com\/paper-pulp\/fr\/wp-json\/wp\/v2\/pages\/10308","targetHints":{"allow":["GET"]}}],"collection":[{"href":"https:\/\/www.duboischemicals.com\/paper-pulp\/fr\/wp-json\/wp\/v2\/pages"}],"about":[{"href":"https:\/\/www.duboischemicals.com\/paper-pulp\/fr\/wp-json\/wp\/v2\/types\/page"}],"author":[{"embeddable":true,"href":"https:\/\/www.duboischemicals.com\/paper-pulp\/fr\/wp-json\/wp\/v2\/users\/219"}],"replies":[{"embeddable":true,"href":"https:\/\/www.duboischemicals.com\/paper-pulp\/fr\/wp-json\/wp\/v2\/comments?post=10308"}],"version-history":[{"count":2,"href":"https:\/\/www.duboischemicals.com\/paper-pulp\/fr\/wp-json\/wp\/v2\/pages\/10308\/revisions"}],"predecessor-version":[{"id":10493,"href":"https:\/\/www.duboischemicals.com\/paper-pulp\/fr\/wp-json\/wp\/v2\/pages\/10308\/revisions\/10493"}],"up":[{"embeddable":true,"href":"https:\/\/www.duboischemicals.com\/paper-pulp\/fr\/wp-json\/wp\/v2\/pages\/10300"}],"wp:attachment":[{"href":"https:\/\/www.duboischemicals.com\/paper-pulp\/fr\/wp-json\/wp\/v2\/media?parent=10308"}],"curies":[{"name":"wp","href":"https:\/\/api.w.org\/{rel}","templated":true}]}}