{"id":10309,"date":"2018-10-31T14:44:37","date_gmt":"2018-10-31T18:44:37","guid":{"rendered":"https:\/\/www.duboischemicals.com\/\/paper-pulp\/products\/fabric-treatment-cleaning\/through-air-drying-tad-fabric-treatments-and-cleaning\/"},"modified":"2021-02-26T04:33:29","modified_gmt":"2021-02-26T09:33:29","slug":"through-air-drying-tad-fabric-treatments-and-cleaning","status":"publish","type":"page","link":"https:\/\/www.duboischemicals.com\/paper-pulp\/fr\/products\/fabric-treatment-cleaning\/through-air-drying-tad-fabric-treatments-and-cleaning\/","title":{"rendered":"Traitements et nettoyage des toiles \u00e0 s\u00e9chage \u00e0 air traversant"},"content":{"rendered":"<p>La toile d&rsquo;une machine \u00e0 papiers minces faisant appel au s\u00e9chage \u00e0 air traversant est essentiel \u00e0 la production. Elle doit \u00eatre capable de donner \u00e0 la feuille la structure 3D souhait\u00e9e, fournir un s\u00e9chage uniforme et avoir les propri\u00e9t\u00e9s appropri\u00e9es d&rsquo;adh\u00e9rence et de lib\u00e9ration de la feuille.<\/p>\n<p>DuBois propose une gamme de produits de traitement \u00e0 s\u00e9chage \u00e0 air traversant sp\u00e9cialement con\u00e7us pour r\u00e9pondre \u00e0 ces besoins.<\/p>\n<p><strong>Technologies cl\u00e9s\u00a0:<\/strong><\/p>\n<ul>\n<li>Produits chimiques traditionnels de lib\u00e9ration des tissus \u00e0 s\u00e9chage \u00e0 air traversant<\/li>\n<li>Produits synth\u00e9tiques (sans huile) de lib\u00e9ration \u00e0 s\u00e9chage \u00e0 air traversant<\/li>\n<li>Produits de contr\u00f4le des contaminants pour \u00e9viter les d\u00e9p\u00f4ts sur les tissus \u00e0 s\u00e9chage \u00e0 air traversant et le colmatage r\u00e9sultant<\/li>\n<li>Produits de nettoyage des toiles \u00e0 s\u00e9chage \u00e0 air traversant<\/li>\n<\/ul>\n","protected":false},"excerpt":{"rendered":"<p>La toile d&rsquo;une machine \u00e0 papiers minces faisant appel au s\u00e9chage \u00e0 air traversant est essentiel \u00e0 la production. Elle doit \u00eatre capable de donner \u00e0 la feuille la structure 3D souhait\u00e9e, fournir un s\u00e9chage&#8230;<\/p>\n","protected":false},"author":219,"featured_media":9193,"parent":10300,"menu_order":4,"comment_status":"closed","ping_status":"closed","template":"template-prodinfo.php","meta":{"_acf_changed":false,"footnotes":""},"class_list":["post-10309","page","type-page","status-publish","has-post-thumbnail","hentry"],"acf":[],"yoast_head":"<!-- This site is optimized with the Yoast SEO plugin v26.8 - https:\/\/yoast.com\/product\/yoast-seo-wordpress\/ -->\n<title>Traitements et nettoyage des toiles \u00e0 s\u00e9chage \u00e0 air traversant - P\u00e2tes et papiers<\/title>\n<meta name=\"robots\" content=\"index, follow, max-snippet:-1, max-image-preview:large, max-video-preview:-1\" \/>\n<link rel=\"canonical\" href=\"https:\/\/www.duboischemicals.com\/paper-pulp\/fr\/products\/fabric-treatment-cleaning\/through-air-drying-tad-fabric-treatments-and-cleaning\/\" \/>\n<meta property=\"og:locale\" content=\"fr_FR\" \/>\n<meta property=\"og:type\" content=\"article\" \/>\n<meta property=\"og:title\" content=\"Traitements et nettoyage des toiles \u00e0 s\u00e9chage \u00e0 air traversant - P\u00e2tes et papiers\" \/>\n<meta property=\"og:description\" content=\"La toile d&rsquo;une machine \u00e0 papiers minces faisant appel au s\u00e9chage \u00e0 air traversant est essentiel \u00e0 la production. Elle doit \u00eatre capable de donner \u00e0 la feuille la structure 3D souhait\u00e9e, fournir un s\u00e9chage...\" \/>\n<meta property=\"og:url\" content=\"https:\/\/www.duboischemicals.com\/paper-pulp\/fr\/products\/fabric-treatment-cleaning\/through-air-drying-tad-fabric-treatments-and-cleaning\/\" \/>\n<meta property=\"og:site_name\" content=\"P\u00e2tes et papiers\" \/>\n<meta property=\"article:modified_time\" content=\"2021-02-26T09:33:29+00:00\" \/>\n<meta property=\"og:image\" content=\"https:\/\/www.duboischemicals.com\/paper-pulp\/wp-content\/uploads\/sites\/4\/2018\/10\/Toilet-Paper-Manufacturing.jpg\" \/>\n\t<meta property=\"og:image:width\" content=\"454\" \/>\n\t<meta property=\"og:image:height\" content=\"450\" \/>\n\t<meta property=\"og:image:type\" content=\"image\/jpeg\" \/>\n<meta name=\"twitter:card\" content=\"summary_large_image\" \/>\n<meta name=\"twitter:label1\" content=\"Dur\u00e9e de lecture estim\u00e9e\" \/>\n\t<meta name=\"twitter:data1\" content=\"1 minute\" \/>\n<script type=\"application\/ld+json\" class=\"yoast-schema-graph\">{\"@context\":\"https:\/\/schema.org\",\"@graph\":[{\"@type\":\"WebPage\",\"@id\":\"https:\/\/www.duboischemicals.com\/paper-pulp\/fr\/products\/fabric-treatment-cleaning\/through-air-drying-tad-fabric-treatments-and-cleaning\/\",\"url\":\"https:\/\/www.duboischemicals.com\/paper-pulp\/fr\/products\/fabric-treatment-cleaning\/through-air-drying-tad-fabric-treatments-and-cleaning\/\",\"name\":\"Traitements et nettoyage des toiles \u00e0 s\u00e9chage \u00e0 air traversant - P\u00e2tes et papiers\",\"isPartOf\":{\"@id\":\"https:\/\/www.duboischemicals.com\/paper-pulp\/fr\/#website\"},\"primaryImageOfPage\":{\"@id\":\"https:\/\/www.duboischemicals.com\/paper-pulp\/fr\/products\/fabric-treatment-cleaning\/through-air-drying-tad-fabric-treatments-and-cleaning\/#primaryimage\"},\"image\":{\"@id\":\"https:\/\/www.duboischemicals.com\/paper-pulp\/fr\/products\/fabric-treatment-cleaning\/through-air-drying-tad-fabric-treatments-and-cleaning\/#primaryimage\"},\"thumbnailUrl\":\"https:\/\/www.duboischemicals.com\/paper-pulp\/wp-content\/uploads\/sites\/4\/2018\/10\/Toilet-Paper-Manufacturing.jpg\",\"datePublished\":\"2018-10-31T18:44:37+00:00\",\"dateModified\":\"2021-02-26T09:33:29+00:00\",\"breadcrumb\":{\"@id\":\"https:\/\/www.duboischemicals.com\/paper-pulp\/fr\/products\/fabric-treatment-cleaning\/through-air-drying-tad-fabric-treatments-and-cleaning\/#breadcrumb\"},\"inLanguage\":\"fr-FR\",\"potentialAction\":[{\"@type\":\"ReadAction\",\"target\":[\"https:\/\/www.duboischemicals.com\/paper-pulp\/fr\/products\/fabric-treatment-cleaning\/through-air-drying-tad-fabric-treatments-and-cleaning\/\"]}]},{\"@type\":\"ImageObject\",\"inLanguage\":\"fr-FR\",\"@id\":\"https:\/\/www.duboischemicals.com\/paper-pulp\/fr\/products\/fabric-treatment-cleaning\/through-air-drying-tad-fabric-treatments-and-cleaning\/#primaryimage\",\"url\":\"https:\/\/www.duboischemicals.com\/paper-pulp\/wp-content\/uploads\/sites\/4\/2018\/10\/Toilet-Paper-Manufacturing.jpg\",\"contentUrl\":\"https:\/\/www.duboischemicals.com\/paper-pulp\/wp-content\/uploads\/sites\/4\/2018\/10\/Toilet-Paper-Manufacturing.jpg\",\"width\":454,\"height\":450},{\"@type\":\"BreadcrumbList\",\"@id\":\"https:\/\/www.duboischemicals.com\/paper-pulp\/fr\/products\/fabric-treatment-cleaning\/through-air-drying-tad-fabric-treatments-and-cleaning\/#breadcrumb\",\"itemListElement\":[{\"@type\":\"ListItem\",\"position\":1,\"name\":\"Accueil\",\"item\":\"https:\/\/www.duboischemicals.com\/paper-pulp\/fr\/\"},{\"@type\":\"ListItem\",\"position\":2,\"name\":\"Produits\",\"item\":\"https:\/\/www.duboischemicals.com\/paper-pulp\/fr\/products\/\"},{\"@type\":\"ListItem\",\"position\":3,\"name\":\"Traitement et nettoyage des toiles\",\"item\":\"https:\/\/www.duboischemicals.com\/paper-pulp\/fr\/products\/fabric-treatment-cleaning\/\"},{\"@type\":\"ListItem\",\"position\":4,\"name\":\"Traitements et nettoyage des toiles \u00e0 s\u00e9chage \u00e0 air traversant\"}]},{\"@type\":\"WebSite\",\"@id\":\"https:\/\/www.duboischemicals.com\/paper-pulp\/fr\/#website\",\"url\":\"https:\/\/www.duboischemicals.com\/paper-pulp\/fr\/\",\"name\":\"P\u00e2tes et papiers\",\"description\":\"\",\"potentialAction\":[{\"@type\":\"SearchAction\",\"target\":{\"@type\":\"EntryPoint\",\"urlTemplate\":\"https:\/\/www.duboischemicals.com\/paper-pulp\/fr\/?s={search_term_string}\"},\"query-input\":{\"@type\":\"PropertyValueSpecification\",\"valueRequired\":true,\"valueName\":\"search_term_string\"}}],\"inLanguage\":\"fr-FR\"}]}<\/script>\n<!-- \/ Yoast SEO plugin. -->","yoast_head_json":{"title":"Traitements et nettoyage des toiles \u00e0 s\u00e9chage \u00e0 air traversant - P\u00e2tes et papiers","robots":{"index":"index","follow":"follow","max-snippet":"max-snippet:-1","max-image-preview":"max-image-preview:large","max-video-preview":"max-video-preview:-1"},"canonical":"https:\/\/www.duboischemicals.com\/paper-pulp\/fr\/products\/fabric-treatment-cleaning\/through-air-drying-tad-fabric-treatments-and-cleaning\/","og_locale":"fr_FR","og_type":"article","og_title":"Traitements et nettoyage des toiles \u00e0 s\u00e9chage \u00e0 air traversant - P\u00e2tes et papiers","og_description":"La toile d&rsquo;une machine \u00e0 papiers minces faisant appel au s\u00e9chage \u00e0 air traversant est essentiel \u00e0 la production. Elle doit \u00eatre capable de donner \u00e0 la feuille la structure 3D souhait\u00e9e, fournir un s\u00e9chage...","og_url":"https:\/\/www.duboischemicals.com\/paper-pulp\/fr\/products\/fabric-treatment-cleaning\/through-air-drying-tad-fabric-treatments-and-cleaning\/","og_site_name":"P\u00e2tes et papiers","article_modified_time":"2021-02-26T09:33:29+00:00","og_image":[{"width":454,"height":450,"url":"https:\/\/www.duboischemicals.com\/paper-pulp\/wp-content\/uploads\/sites\/4\/2018\/10\/Toilet-Paper-Manufacturing.jpg","type":"image\/jpeg"}],"twitter_card":"summary_large_image","twitter_misc":{"Dur\u00e9e de lecture estim\u00e9e":"1 minute"},"schema":{"@context":"https:\/\/schema.org","@graph":[{"@type":"WebPage","@id":"https:\/\/www.duboischemicals.com\/paper-pulp\/fr\/products\/fabric-treatment-cleaning\/through-air-drying-tad-fabric-treatments-and-cleaning\/","url":"https:\/\/www.duboischemicals.com\/paper-pulp\/fr\/products\/fabric-treatment-cleaning\/through-air-drying-tad-fabric-treatments-and-cleaning\/","name":"Traitements et nettoyage des toiles \u00e0 s\u00e9chage \u00e0 air traversant - P\u00e2tes et papiers","isPartOf":{"@id":"https:\/\/www.duboischemicals.com\/paper-pulp\/fr\/#website"},"primaryImageOfPage":{"@id":"https:\/\/www.duboischemicals.com\/paper-pulp\/fr\/products\/fabric-treatment-cleaning\/through-air-drying-tad-fabric-treatments-and-cleaning\/#primaryimage"},"image":{"@id":"https:\/\/www.duboischemicals.com\/paper-pulp\/fr\/products\/fabric-treatment-cleaning\/through-air-drying-tad-fabric-treatments-and-cleaning\/#primaryimage"},"thumbnailUrl":"https:\/\/www.duboischemicals.com\/paper-pulp\/wp-content\/uploads\/sites\/4\/2018\/10\/Toilet-Paper-Manufacturing.jpg","datePublished":"2018-10-31T18:44:37+00:00","dateModified":"2021-02-26T09:33:29+00:00","breadcrumb":{"@id":"https:\/\/www.duboischemicals.com\/paper-pulp\/fr\/products\/fabric-treatment-cleaning\/through-air-drying-tad-fabric-treatments-and-cleaning\/#breadcrumb"},"inLanguage":"fr-FR","potentialAction":[{"@type":"ReadAction","target":["https:\/\/www.duboischemicals.com\/paper-pulp\/fr\/products\/fabric-treatment-cleaning\/through-air-drying-tad-fabric-treatments-and-cleaning\/"]}]},{"@type":"ImageObject","inLanguage":"fr-FR","@id":"https:\/\/www.duboischemicals.com\/paper-pulp\/fr\/products\/fabric-treatment-cleaning\/through-air-drying-tad-fabric-treatments-and-cleaning\/#primaryimage","url":"https:\/\/www.duboischemicals.com\/paper-pulp\/wp-content\/uploads\/sites\/4\/2018\/10\/Toilet-Paper-Manufacturing.jpg","contentUrl":"https:\/\/www.duboischemicals.com\/paper-pulp\/wp-content\/uploads\/sites\/4\/2018\/10\/Toilet-Paper-Manufacturing.jpg","width":454,"height":450},{"@type":"BreadcrumbList","@id":"https:\/\/www.duboischemicals.com\/paper-pulp\/fr\/products\/fabric-treatment-cleaning\/through-air-drying-tad-fabric-treatments-and-cleaning\/#breadcrumb","itemListElement":[{"@type":"ListItem","position":1,"name":"Accueil","item":"https:\/\/www.duboischemicals.com\/paper-pulp\/fr\/"},{"@type":"ListItem","position":2,"name":"Produits","item":"https:\/\/www.duboischemicals.com\/paper-pulp\/fr\/products\/"},{"@type":"ListItem","position":3,"name":"Traitement et nettoyage des toiles","item":"https:\/\/www.duboischemicals.com\/paper-pulp\/fr\/products\/fabric-treatment-cleaning\/"},{"@type":"ListItem","position":4,"name":"Traitements et nettoyage des toiles \u00e0 s\u00e9chage \u00e0 air traversant"}]},{"@type":"WebSite","@id":"https:\/\/www.duboischemicals.com\/paper-pulp\/fr\/#website","url":"https:\/\/www.duboischemicals.com\/paper-pulp\/fr\/","name":"P\u00e2tes et papiers","description":"","potentialAction":[{"@type":"SearchAction","target":{"@type":"EntryPoint","urlTemplate":"https:\/\/www.duboischemicals.com\/paper-pulp\/fr\/?s={search_term_string}"},"query-input":{"@type":"PropertyValueSpecification","valueRequired":true,"valueName":"search_term_string"}}],"inLanguage":"fr-FR"}]}},"_links":{"self":[{"href":"https:\/\/www.duboischemicals.com\/paper-pulp\/fr\/wp-json\/wp\/v2\/pages\/10309","targetHints":{"allow":["GET"]}}],"collection":[{"href":"https:\/\/www.duboischemicals.com\/paper-pulp\/fr\/wp-json\/wp\/v2\/pages"}],"about":[{"href":"https:\/\/www.duboischemicals.com\/paper-pulp\/fr\/wp-json\/wp\/v2\/types\/page"}],"author":[{"embeddable":true,"href":"https:\/\/www.duboischemicals.com\/paper-pulp\/fr\/wp-json\/wp\/v2\/users\/219"}],"replies":[{"embeddable":true,"href":"https:\/\/www.duboischemicals.com\/paper-pulp\/fr\/wp-json\/wp\/v2\/comments?post=10309"}],"version-history":[{"count":3,"href":"https:\/\/www.duboischemicals.com\/paper-pulp\/fr\/wp-json\/wp\/v2\/pages\/10309\/revisions"}],"predecessor-version":[{"id":10669,"href":"https:\/\/www.duboischemicals.com\/paper-pulp\/fr\/wp-json\/wp\/v2\/pages\/10309\/revisions\/10669"}],"up":[{"embeddable":true,"href":"https:\/\/www.duboischemicals.com\/paper-pulp\/fr\/wp-json\/wp\/v2\/pages\/10300"}],"wp:featuredmedia":[{"embeddable":true,"href":"https:\/\/www.duboischemicals.com\/paper-pulp\/fr\/wp-json\/wp\/v2\/media\/9193"}],"wp:attachment":[{"href":"https:\/\/www.duboischemicals.com\/paper-pulp\/fr\/wp-json\/wp\/v2\/media?parent=10309"}],"curies":[{"name":"wp","href":"https:\/\/api.w.org\/{rel}","templated":true}]}}