{"id":10310,"date":"2018-10-31T14:50:16","date_gmt":"2018-10-31T18:50:16","guid":{"rendered":"https:\/\/www.duboischemicals.com\/\/paper-pulp\/products\/deposit-control\/stickies-and-wood-pitch-control\/"},"modified":"2021-03-05T13:11:35","modified_gmt":"2021-03-05T18:11:35","slug":"stickies-and-wood-pitch-control","status":"publish","type":"page","link":"https:\/\/www.duboischemicals.com\/paper-pulp\/fr\/products\/deposit-control\/stickies-and-wood-pitch-control\/","title":{"rendered":"Contr\u00f4le des mati\u00e8res collantes et de la poix v\u00e9g\u00e9tale"},"content":{"rendered":"<p>DuBois propose une gamme compl\u00e8te de produits pour contr\u00f4ler les contaminants des mati\u00e8res collantes de fibres recycl\u00e9es et des d\u00e9p\u00f4ts de poix r\u00e9sineuse des bois durs et tendres. La gamme DuBois comprend des produits qui utilisent la dispersion, la r\u00e9duction de l\u2019adh\u00e9sivit\u00e9 et la fixation comme m\u00e9canismes de contr\u00f4le de ces types de contaminants. DuBois r\u00e9alisera une \u00e9tude en usine et une \u00e9valuation en laboratoire afin de recommander les meilleurs produits et strat\u00e9gies en fonction de l\u2019application.<\/p>\n<p><strong>Technologies cl\u00e9s\u00a0:<\/strong><\/p>\n<p>Gamme Nexus DC<\/p>\n<ul>\n<li>Une gamme de contr\u00f4le compl\u00e8te des mati\u00e8res collantes qui combine les m\u00e9thodes de la fixation, de la r\u00e9duction de l\u2019adh\u00e9sivit\u00e9 et de la dispersion.<\/li>\n<\/ul>\n<p>Gamme NanoShield\u2122<\/p>\n<ul>\n<li>Elle repr\u00e9sente un progr\u00e8s par rapport aux programmes de contr\u00f4le du talc, de la poix et d\u2019autres mati\u00e8res collantes et fait appel \u00e0 une technologie des nanoparticules tr\u00e8s efficace.<\/li>\n<\/ul>\n","protected":false},"excerpt":{"rendered":"<p>DuBois propose une gamme compl\u00e8te de produits pour contr\u00f4ler les contaminants des mati\u00e8res collantes de fibres recycl\u00e9es et des d\u00e9p\u00f4ts de poix r\u00e9sineuse des bois durs et tendres. La gamme DuBois comprend des produits qui&#8230;<\/p>\n","protected":false},"author":219,"featured_media":9204,"parent":10301,"menu_order":1,"comment_status":"closed","ping_status":"closed","template":"template-prodinfo.php","meta":{"_acf_changed":false,"footnotes":""},"class_list":["post-10310","page","type-page","status-publish","has-post-thumbnail","hentry"],"acf":[],"yoast_head":"<!-- This site is optimized with the Yoast SEO plugin v26.8 - https:\/\/yoast.com\/product\/yoast-seo-wordpress\/ -->\n<title>Contr\u00f4le des mati\u00e8res collantes et de la poix v\u00e9g\u00e9tale - P\u00e2tes et papiers<\/title>\n<meta name=\"robots\" content=\"index, follow, max-snippet:-1, max-image-preview:large, max-video-preview:-1\" \/>\n<link rel=\"canonical\" href=\"https:\/\/www.duboischemicals.com\/paper-pulp\/fr\/products\/deposit-control\/stickies-and-wood-pitch-control\/\" \/>\n<meta property=\"og:locale\" content=\"fr_FR\" \/>\n<meta property=\"og:type\" content=\"article\" \/>\n<meta property=\"og:title\" content=\"Contr\u00f4le des mati\u00e8res collantes et de la poix v\u00e9g\u00e9tale - P\u00e2tes et papiers\" \/>\n<meta property=\"og:description\" content=\"DuBois propose une gamme compl\u00e8te de produits pour contr\u00f4ler les contaminants des mati\u00e8res collantes de fibres recycl\u00e9es et des d\u00e9p\u00f4ts de poix r\u00e9sineuse des bois durs et tendres. La gamme DuBois comprend des produits qui...\" \/>\n<meta property=\"og:url\" content=\"https:\/\/www.duboischemicals.com\/paper-pulp\/fr\/products\/deposit-control\/stickies-and-wood-pitch-control\/\" \/>\n<meta property=\"og:site_name\" content=\"P\u00e2tes et papiers\" \/>\n<meta property=\"article:modified_time\" content=\"2021-03-05T18:11:35+00:00\" \/>\n<meta property=\"og:image\" content=\"https:\/\/www.duboischemicals.com\/paper-pulp\/wp-content\/uploads\/sites\/4\/2018\/11\/Pulp-and-Paper-Products-Stickies-and-Wood-Pitch-Control.jpg\" \/>\n\t<meta property=\"og:image:width\" content=\"454\" \/>\n\t<meta property=\"og:image:height\" content=\"450\" \/>\n\t<meta property=\"og:image:type\" content=\"image\/jpeg\" \/>\n<meta name=\"twitter:card\" content=\"summary_large_image\" \/>\n<meta name=\"twitter:label1\" content=\"Dur\u00e9e de lecture estim\u00e9e\" \/>\n\t<meta name=\"twitter:data1\" content=\"1 minute\" \/>\n<script type=\"application\/ld+json\" class=\"yoast-schema-graph\">{\"@context\":\"https:\/\/schema.org\",\"@graph\":[{\"@type\":\"WebPage\",\"@id\":\"https:\/\/www.duboischemicals.com\/paper-pulp\/fr\/products\/deposit-control\/stickies-and-wood-pitch-control\/\",\"url\":\"https:\/\/www.duboischemicals.com\/paper-pulp\/fr\/products\/deposit-control\/stickies-and-wood-pitch-control\/\",\"name\":\"Contr\u00f4le des mati\u00e8res collantes et de la poix v\u00e9g\u00e9tale - P\u00e2tes et papiers\",\"isPartOf\":{\"@id\":\"https:\/\/www.duboischemicals.com\/paper-pulp\/fr\/#website\"},\"primaryImageOfPage\":{\"@id\":\"https:\/\/www.duboischemicals.com\/paper-pulp\/fr\/products\/deposit-control\/stickies-and-wood-pitch-control\/#primaryimage\"},\"image\":{\"@id\":\"https:\/\/www.duboischemicals.com\/paper-pulp\/fr\/products\/deposit-control\/stickies-and-wood-pitch-control\/#primaryimage\"},\"thumbnailUrl\":\"https:\/\/www.duboischemicals.com\/paper-pulp\/wp-content\/uploads\/sites\/4\/2018\/11\/Pulp-and-Paper-Products-Stickies-and-Wood-Pitch-Control.jpg\",\"datePublished\":\"2018-10-31T18:50:16+00:00\",\"dateModified\":\"2021-03-05T18:11:35+00:00\",\"breadcrumb\":{\"@id\":\"https:\/\/www.duboischemicals.com\/paper-pulp\/fr\/products\/deposit-control\/stickies-and-wood-pitch-control\/#breadcrumb\"},\"inLanguage\":\"fr-FR\",\"potentialAction\":[{\"@type\":\"ReadAction\",\"target\":[\"https:\/\/www.duboischemicals.com\/paper-pulp\/fr\/products\/deposit-control\/stickies-and-wood-pitch-control\/\"]}]},{\"@type\":\"ImageObject\",\"inLanguage\":\"fr-FR\",\"@id\":\"https:\/\/www.duboischemicals.com\/paper-pulp\/fr\/products\/deposit-control\/stickies-and-wood-pitch-control\/#primaryimage\",\"url\":\"https:\/\/www.duboischemicals.com\/paper-pulp\/wp-content\/uploads\/sites\/4\/2018\/11\/Pulp-and-Paper-Products-Stickies-and-Wood-Pitch-Control.jpg\",\"contentUrl\":\"https:\/\/www.duboischemicals.com\/paper-pulp\/wp-content\/uploads\/sites\/4\/2018\/11\/Pulp-and-Paper-Products-Stickies-and-Wood-Pitch-Control.jpg\",\"width\":454,\"height\":450},{\"@type\":\"BreadcrumbList\",\"@id\":\"https:\/\/www.duboischemicals.com\/paper-pulp\/fr\/products\/deposit-control\/stickies-and-wood-pitch-control\/#breadcrumb\",\"itemListElement\":[{\"@type\":\"ListItem\",\"position\":1,\"name\":\"Accueil\",\"item\":\"https:\/\/www.duboischemicals.com\/paper-pulp\/fr\/\"},{\"@type\":\"ListItem\",\"position\":2,\"name\":\"Produits\",\"item\":\"https:\/\/www.duboischemicals.com\/paper-pulp\/fr\/products\/\"},{\"@type\":\"ListItem\",\"position\":3,\"name\":\"Contr\u00f4le des d\u00e9p\u00f4ts\",\"item\":\"https:\/\/www.duboischemicals.com\/paper-pulp\/fr\/products\/deposit-control\/\"},{\"@type\":\"ListItem\",\"position\":4,\"name\":\"Contr\u00f4le des mati\u00e8res collantes et de la poix v\u00e9g\u00e9tale\"}]},{\"@type\":\"WebSite\",\"@id\":\"https:\/\/www.duboischemicals.com\/paper-pulp\/fr\/#website\",\"url\":\"https:\/\/www.duboischemicals.com\/paper-pulp\/fr\/\",\"name\":\"P\u00e2tes et papiers\",\"description\":\"\",\"potentialAction\":[{\"@type\":\"SearchAction\",\"target\":{\"@type\":\"EntryPoint\",\"urlTemplate\":\"https:\/\/www.duboischemicals.com\/paper-pulp\/fr\/?s={search_term_string}\"},\"query-input\":{\"@type\":\"PropertyValueSpecification\",\"valueRequired\":true,\"valueName\":\"search_term_string\"}}],\"inLanguage\":\"fr-FR\"}]}<\/script>\n<!-- \/ Yoast SEO plugin. -->","yoast_head_json":{"title":"Contr\u00f4le des mati\u00e8res collantes et de la poix v\u00e9g\u00e9tale - P\u00e2tes et papiers","robots":{"index":"index","follow":"follow","max-snippet":"max-snippet:-1","max-image-preview":"max-image-preview:large","max-video-preview":"max-video-preview:-1"},"canonical":"https:\/\/www.duboischemicals.com\/paper-pulp\/fr\/products\/deposit-control\/stickies-and-wood-pitch-control\/","og_locale":"fr_FR","og_type":"article","og_title":"Contr\u00f4le des mati\u00e8res collantes et de la poix v\u00e9g\u00e9tale - P\u00e2tes et papiers","og_description":"DuBois propose une gamme compl\u00e8te de produits pour contr\u00f4ler les contaminants des mati\u00e8res collantes de fibres recycl\u00e9es et des d\u00e9p\u00f4ts de poix r\u00e9sineuse des bois durs et tendres. La gamme DuBois comprend des produits qui...","og_url":"https:\/\/www.duboischemicals.com\/paper-pulp\/fr\/products\/deposit-control\/stickies-and-wood-pitch-control\/","og_site_name":"P\u00e2tes et papiers","article_modified_time":"2021-03-05T18:11:35+00:00","og_image":[{"width":454,"height":450,"url":"https:\/\/www.duboischemicals.com\/paper-pulp\/wp-content\/uploads\/sites\/4\/2018\/11\/Pulp-and-Paper-Products-Stickies-and-Wood-Pitch-Control.jpg","type":"image\/jpeg"}],"twitter_card":"summary_large_image","twitter_misc":{"Dur\u00e9e de lecture estim\u00e9e":"1 minute"},"schema":{"@context":"https:\/\/schema.org","@graph":[{"@type":"WebPage","@id":"https:\/\/www.duboischemicals.com\/paper-pulp\/fr\/products\/deposit-control\/stickies-and-wood-pitch-control\/","url":"https:\/\/www.duboischemicals.com\/paper-pulp\/fr\/products\/deposit-control\/stickies-and-wood-pitch-control\/","name":"Contr\u00f4le des mati\u00e8res collantes et de la poix v\u00e9g\u00e9tale - P\u00e2tes et papiers","isPartOf":{"@id":"https:\/\/www.duboischemicals.com\/paper-pulp\/fr\/#website"},"primaryImageOfPage":{"@id":"https:\/\/www.duboischemicals.com\/paper-pulp\/fr\/products\/deposit-control\/stickies-and-wood-pitch-control\/#primaryimage"},"image":{"@id":"https:\/\/www.duboischemicals.com\/paper-pulp\/fr\/products\/deposit-control\/stickies-and-wood-pitch-control\/#primaryimage"},"thumbnailUrl":"https:\/\/www.duboischemicals.com\/paper-pulp\/wp-content\/uploads\/sites\/4\/2018\/11\/Pulp-and-Paper-Products-Stickies-and-Wood-Pitch-Control.jpg","datePublished":"2018-10-31T18:50:16+00:00","dateModified":"2021-03-05T18:11:35+00:00","breadcrumb":{"@id":"https:\/\/www.duboischemicals.com\/paper-pulp\/fr\/products\/deposit-control\/stickies-and-wood-pitch-control\/#breadcrumb"},"inLanguage":"fr-FR","potentialAction":[{"@type":"ReadAction","target":["https:\/\/www.duboischemicals.com\/paper-pulp\/fr\/products\/deposit-control\/stickies-and-wood-pitch-control\/"]}]},{"@type":"ImageObject","inLanguage":"fr-FR","@id":"https:\/\/www.duboischemicals.com\/paper-pulp\/fr\/products\/deposit-control\/stickies-and-wood-pitch-control\/#primaryimage","url":"https:\/\/www.duboischemicals.com\/paper-pulp\/wp-content\/uploads\/sites\/4\/2018\/11\/Pulp-and-Paper-Products-Stickies-and-Wood-Pitch-Control.jpg","contentUrl":"https:\/\/www.duboischemicals.com\/paper-pulp\/wp-content\/uploads\/sites\/4\/2018\/11\/Pulp-and-Paper-Products-Stickies-and-Wood-Pitch-Control.jpg","width":454,"height":450},{"@type":"BreadcrumbList","@id":"https:\/\/www.duboischemicals.com\/paper-pulp\/fr\/products\/deposit-control\/stickies-and-wood-pitch-control\/#breadcrumb","itemListElement":[{"@type":"ListItem","position":1,"name":"Accueil","item":"https:\/\/www.duboischemicals.com\/paper-pulp\/fr\/"},{"@type":"ListItem","position":2,"name":"Produits","item":"https:\/\/www.duboischemicals.com\/paper-pulp\/fr\/products\/"},{"@type":"ListItem","position":3,"name":"Contr\u00f4le des d\u00e9p\u00f4ts","item":"https:\/\/www.duboischemicals.com\/paper-pulp\/fr\/products\/deposit-control\/"},{"@type":"ListItem","position":4,"name":"Contr\u00f4le des mati\u00e8res collantes et de la poix v\u00e9g\u00e9tale"}]},{"@type":"WebSite","@id":"https:\/\/www.duboischemicals.com\/paper-pulp\/fr\/#website","url":"https:\/\/www.duboischemicals.com\/paper-pulp\/fr\/","name":"P\u00e2tes et papiers","description":"","potentialAction":[{"@type":"SearchAction","target":{"@type":"EntryPoint","urlTemplate":"https:\/\/www.duboischemicals.com\/paper-pulp\/fr\/?s={search_term_string}"},"query-input":{"@type":"PropertyValueSpecification","valueRequired":true,"valueName":"search_term_string"}}],"inLanguage":"fr-FR"}]}},"_links":{"self":[{"href":"https:\/\/www.duboischemicals.com\/paper-pulp\/fr\/wp-json\/wp\/v2\/pages\/10310","targetHints":{"allow":["GET"]}}],"collection":[{"href":"https:\/\/www.duboischemicals.com\/paper-pulp\/fr\/wp-json\/wp\/v2\/pages"}],"about":[{"href":"https:\/\/www.duboischemicals.com\/paper-pulp\/fr\/wp-json\/wp\/v2\/types\/page"}],"author":[{"embeddable":true,"href":"https:\/\/www.duboischemicals.com\/paper-pulp\/fr\/wp-json\/wp\/v2\/users\/219"}],"replies":[{"embeddable":true,"href":"https:\/\/www.duboischemicals.com\/paper-pulp\/fr\/wp-json\/wp\/v2\/comments?post=10310"}],"version-history":[{"count":3,"href":"https:\/\/www.duboischemicals.com\/paper-pulp\/fr\/wp-json\/wp\/v2\/pages\/10310\/revisions"}],"predecessor-version":[{"id":10888,"href":"https:\/\/www.duboischemicals.com\/paper-pulp\/fr\/wp-json\/wp\/v2\/pages\/10310\/revisions\/10888"}],"up":[{"embeddable":true,"href":"https:\/\/www.duboischemicals.com\/paper-pulp\/fr\/wp-json\/wp\/v2\/pages\/10301"}],"wp:featuredmedia":[{"embeddable":true,"href":"https:\/\/www.duboischemicals.com\/paper-pulp\/fr\/wp-json\/wp\/v2\/media\/9204"}],"wp:attachment":[{"href":"https:\/\/www.duboischemicals.com\/paper-pulp\/fr\/wp-json\/wp\/v2\/media?parent=10310"}],"curies":[{"name":"wp","href":"https:\/\/api.w.org\/{rel}","templated":true}]}}