{"id":10311,"date":"2018-10-31T14:54:26","date_gmt":"2018-10-31T18:54:26","guid":{"rendered":"https:\/\/www.duboischemicals.com\/\/paper-pulp\/products\/deposit-control\/scale-control\/"},"modified":"2021-02-26T04:33:26","modified_gmt":"2021-02-26T09:33:26","slug":"scale-control","status":"publish","type":"page","link":"https:\/\/www.duboischemicals.com\/paper-pulp\/fr\/products\/deposit-control\/scale-control\/","title":{"rendered":"Contr\u00f4le du tartre"},"content":{"rendered":"<p>Le tartre inorganique peut poser des probl\u00e8mes importants dans toutes les zones d&rsquo;une usine de p\u00e2te et de papier. Les produits DuBois aident \u00e0 pr\u00e9venir l&rsquo;accumulation de tartre sur toutes les surfaces de traitement. En outre, DuBois dispose d&rsquo;une vaste gamme de produits de nettoyage du tartre qui \u00e9liminent les d\u00e9p\u00f4ts existants.<\/p>\n<p><strong>Technologies cl\u00e9s\u00a0:<\/strong><\/p>\n<p>Gamme X-Cell<\/p>\n<ul>\n<li>Applications pour les machines \u00e0 papier\n<ul>\n<li>Caisses de t\u00eate et tuyauteries d\u2019alimentation\u00a0: am\u00e9liorez les flux de p\u00e2te et l&rsquo;uniformit\u00e9 des feuilles<\/li>\n<li>Classeurs sous pression\u00a0: r\u00e9duisez les temps d&rsquo;arr\u00eat<\/li>\n<li>Buses de conditionnement des toiles et syst\u00e8mes de douche\u00a0: am\u00e9liorez l&rsquo;uniformit\u00e9 de la douche et prolongez la dur\u00e9e de vie des buses<\/li>\n<li>Douches \u00e0 rouleaux aspirants\u00a0: am\u00e9lioration du profil de vide des rouleaux aspirants<\/li>\n<li>Ramasse-p\u00e2te\u00a0: une efficacit\u00e9 am\u00e9lior\u00e9e<\/li>\n<\/ul>\n<\/li>\n<li>Applications dans les usines de p\u00e2te\n<ul>\n<li>\u00c9vaporateurs de liqueurs\u00a0: am\u00e9lioration de l&rsquo;efficacit\u00e9 et du d\u00e9bit de liqueur<\/li>\n<li>\u00c9changeurs de chaleur\u00a0: am\u00e9lioration du transfert de chaleur et du d\u00e9bit<\/li>\n<li>Clarification de la liqueur verte\u00a0: am\u00e9lioration du d\u00e9bit et allongement des intervalles entre les nettoyage<\/li>\n<li>Lessiveur\u00a0: am\u00e9liorez la productivit\u00e9 et r\u00e9duisez les temps d&rsquo;arr\u00eat<\/li>\n<li>Installation de blanchiment\u00a0: r\u00e9duisez les co\u00fbts de maintenance et augmentez la productivit\u00e9<\/li>\n<li>D\u00e9poussi\u00e9reurs de four\u00a0: \u00e9vitez le colmatage des buses et les mauvaises performances d\u2019\u00e9poussi\u00e9reur<\/li>\n<\/ul>\n<\/li>\n<\/ul>\n","protected":false},"excerpt":{"rendered":"<p>Le tartre inorganique peut poser des probl\u00e8mes importants dans toutes les zones d&rsquo;une usine de p\u00e2te et de papier. Les produits DuBois aident \u00e0 pr\u00e9venir l&rsquo;accumulation de tartre sur toutes les surfaces de traitement. En&#8230;<\/p>\n","protected":false},"author":219,"featured_media":10930,"parent":10301,"menu_order":2,"comment_status":"closed","ping_status":"closed","template":"template-prodinfo.php","meta":{"_acf_changed":false,"footnotes":""},"class_list":["post-10311","page","type-page","status-publish","has-post-thumbnail","hentry"],"acf":[],"yoast_head":"<!-- This site is optimized with the Yoast SEO plugin v26.8 - https:\/\/yoast.com\/product\/yoast-seo-wordpress\/ -->\n<title>Contr\u00f4le du tartre - P\u00e2tes et papiers<\/title>\n<meta name=\"robots\" content=\"index, follow, max-snippet:-1, max-image-preview:large, max-video-preview:-1\" \/>\n<link rel=\"canonical\" href=\"https:\/\/www.duboischemicals.com\/paper-pulp\/fr\/products\/deposit-control\/scale-control\/\" \/>\n<meta property=\"og:locale\" content=\"fr_FR\" \/>\n<meta property=\"og:type\" content=\"article\" \/>\n<meta property=\"og:title\" content=\"Contr\u00f4le du tartre - P\u00e2tes et papiers\" \/>\n<meta property=\"og:description\" content=\"Le tartre inorganique peut poser des probl\u00e8mes importants dans toutes les zones d&rsquo;une usine de p\u00e2te et de papier. Les produits DuBois aident \u00e0 pr\u00e9venir l&rsquo;accumulation de tartre sur toutes les surfaces de traitement. En...\" \/>\n<meta property=\"og:url\" content=\"https:\/\/www.duboischemicals.com\/paper-pulp\/fr\/products\/deposit-control\/scale-control\/\" \/>\n<meta property=\"og:site_name\" content=\"P\u00e2tes et papiers\" \/>\n<meta property=\"article:modified_time\" content=\"2021-02-26T09:33:26+00:00\" \/>\n<meta property=\"og:image\" content=\"https:\/\/www.duboischemicals.com\/paper-pulp\/wp-content\/uploads\/sites\/4\/2018\/10\/ShutterStock-1073717411-Pulp-and-Paper-Products-Scale-Control.jpg\" \/>\n\t<meta property=\"og:image:width\" content=\"454\" \/>\n\t<meta property=\"og:image:height\" content=\"450\" \/>\n\t<meta property=\"og:image:type\" content=\"image\/jpeg\" \/>\n<meta name=\"twitter:card\" content=\"summary_large_image\" \/>\n<meta name=\"twitter:label1\" content=\"Dur\u00e9e de lecture estim\u00e9e\" \/>\n\t<meta name=\"twitter:data1\" content=\"1 minute\" \/>\n<script type=\"application\/ld+json\" class=\"yoast-schema-graph\">{\"@context\":\"https:\/\/schema.org\",\"@graph\":[{\"@type\":\"WebPage\",\"@id\":\"https:\/\/www.duboischemicals.com\/paper-pulp\/fr\/products\/deposit-control\/scale-control\/\",\"url\":\"https:\/\/www.duboischemicals.com\/paper-pulp\/fr\/products\/deposit-control\/scale-control\/\",\"name\":\"Contr\u00f4le du tartre - P\u00e2tes et papiers\",\"isPartOf\":{\"@id\":\"https:\/\/www.duboischemicals.com\/paper-pulp\/fr\/#website\"},\"primaryImageOfPage\":{\"@id\":\"https:\/\/www.duboischemicals.com\/paper-pulp\/fr\/products\/deposit-control\/scale-control\/#primaryimage\"},\"image\":{\"@id\":\"https:\/\/www.duboischemicals.com\/paper-pulp\/fr\/products\/deposit-control\/scale-control\/#primaryimage\"},\"thumbnailUrl\":\"https:\/\/www.duboischemicals.com\/paper-pulp\/wp-content\/uploads\/sites\/4\/2022\/12\/P1080626.jpg\",\"datePublished\":\"2018-10-31T18:54:26+00:00\",\"dateModified\":\"2021-02-26T09:33:26+00:00\",\"breadcrumb\":{\"@id\":\"https:\/\/www.duboischemicals.com\/paper-pulp\/fr\/products\/deposit-control\/scale-control\/#breadcrumb\"},\"inLanguage\":\"fr-FR\",\"potentialAction\":[{\"@type\":\"ReadAction\",\"target\":[\"https:\/\/www.duboischemicals.com\/paper-pulp\/fr\/products\/deposit-control\/scale-control\/\"]}]},{\"@type\":\"ImageObject\",\"inLanguage\":\"fr-FR\",\"@id\":\"https:\/\/www.duboischemicals.com\/paper-pulp\/fr\/products\/deposit-control\/scale-control\/#primaryimage\",\"url\":\"https:\/\/www.duboischemicals.com\/paper-pulp\/wp-content\/uploads\/sites\/4\/2022\/12\/P1080626.jpg\",\"contentUrl\":\"https:\/\/www.duboischemicals.com\/paper-pulp\/wp-content\/uploads\/sites\/4\/2022\/12\/P1080626.jpg\",\"width\":4592,\"height\":3448},{\"@type\":\"BreadcrumbList\",\"@id\":\"https:\/\/www.duboischemicals.com\/paper-pulp\/fr\/products\/deposit-control\/scale-control\/#breadcrumb\",\"itemListElement\":[{\"@type\":\"ListItem\",\"position\":1,\"name\":\"Accueil\",\"item\":\"https:\/\/www.duboischemicals.com\/paper-pulp\/fr\/\"},{\"@type\":\"ListItem\",\"position\":2,\"name\":\"Produits\",\"item\":\"https:\/\/www.duboischemicals.com\/paper-pulp\/fr\/products\/\"},{\"@type\":\"ListItem\",\"position\":3,\"name\":\"Contr\u00f4le des d\u00e9p\u00f4ts\",\"item\":\"https:\/\/www.duboischemicals.com\/paper-pulp\/fr\/products\/deposit-control\/\"},{\"@type\":\"ListItem\",\"position\":4,\"name\":\"Contr\u00f4le du tartre\"}]},{\"@type\":\"WebSite\",\"@id\":\"https:\/\/www.duboischemicals.com\/paper-pulp\/fr\/#website\",\"url\":\"https:\/\/www.duboischemicals.com\/paper-pulp\/fr\/\",\"name\":\"P\u00e2tes et papiers\",\"description\":\"\",\"potentialAction\":[{\"@type\":\"SearchAction\",\"target\":{\"@type\":\"EntryPoint\",\"urlTemplate\":\"https:\/\/www.duboischemicals.com\/paper-pulp\/fr\/?s={search_term_string}\"},\"query-input\":{\"@type\":\"PropertyValueSpecification\",\"valueRequired\":true,\"valueName\":\"search_term_string\"}}],\"inLanguage\":\"fr-FR\"}]}<\/script>\n<!-- \/ Yoast SEO plugin. -->","yoast_head_json":{"title":"Contr\u00f4le du tartre - P\u00e2tes et papiers","robots":{"index":"index","follow":"follow","max-snippet":"max-snippet:-1","max-image-preview":"max-image-preview:large","max-video-preview":"max-video-preview:-1"},"canonical":"https:\/\/www.duboischemicals.com\/paper-pulp\/fr\/products\/deposit-control\/scale-control\/","og_locale":"fr_FR","og_type":"article","og_title":"Contr\u00f4le du tartre - P\u00e2tes et papiers","og_description":"Le tartre inorganique peut poser des probl\u00e8mes importants dans toutes les zones d&rsquo;une usine de p\u00e2te et de papier. Les produits DuBois aident \u00e0 pr\u00e9venir l&rsquo;accumulation de tartre sur toutes les surfaces de traitement. En...","og_url":"https:\/\/www.duboischemicals.com\/paper-pulp\/fr\/products\/deposit-control\/scale-control\/","og_site_name":"P\u00e2tes et papiers","article_modified_time":"2021-02-26T09:33:26+00:00","og_image":[{"width":454,"height":450,"url":"https:\/\/www.duboischemicals.com\/paper-pulp\/wp-content\/uploads\/sites\/4\/2018\/10\/ShutterStock-1073717411-Pulp-and-Paper-Products-Scale-Control.jpg","type":"image\/jpeg"}],"twitter_card":"summary_large_image","twitter_misc":{"Dur\u00e9e de lecture estim\u00e9e":"1 minute"},"schema":{"@context":"https:\/\/schema.org","@graph":[{"@type":"WebPage","@id":"https:\/\/www.duboischemicals.com\/paper-pulp\/fr\/products\/deposit-control\/scale-control\/","url":"https:\/\/www.duboischemicals.com\/paper-pulp\/fr\/products\/deposit-control\/scale-control\/","name":"Contr\u00f4le du tartre - P\u00e2tes et papiers","isPartOf":{"@id":"https:\/\/www.duboischemicals.com\/paper-pulp\/fr\/#website"},"primaryImageOfPage":{"@id":"https:\/\/www.duboischemicals.com\/paper-pulp\/fr\/products\/deposit-control\/scale-control\/#primaryimage"},"image":{"@id":"https:\/\/www.duboischemicals.com\/paper-pulp\/fr\/products\/deposit-control\/scale-control\/#primaryimage"},"thumbnailUrl":"https:\/\/www.duboischemicals.com\/paper-pulp\/wp-content\/uploads\/sites\/4\/2022\/12\/P1080626.jpg","datePublished":"2018-10-31T18:54:26+00:00","dateModified":"2021-02-26T09:33:26+00:00","breadcrumb":{"@id":"https:\/\/www.duboischemicals.com\/paper-pulp\/fr\/products\/deposit-control\/scale-control\/#breadcrumb"},"inLanguage":"fr-FR","potentialAction":[{"@type":"ReadAction","target":["https:\/\/www.duboischemicals.com\/paper-pulp\/fr\/products\/deposit-control\/scale-control\/"]}]},{"@type":"ImageObject","inLanguage":"fr-FR","@id":"https:\/\/www.duboischemicals.com\/paper-pulp\/fr\/products\/deposit-control\/scale-control\/#primaryimage","url":"https:\/\/www.duboischemicals.com\/paper-pulp\/wp-content\/uploads\/sites\/4\/2022\/12\/P1080626.jpg","contentUrl":"https:\/\/www.duboischemicals.com\/paper-pulp\/wp-content\/uploads\/sites\/4\/2022\/12\/P1080626.jpg","width":4592,"height":3448},{"@type":"BreadcrumbList","@id":"https:\/\/www.duboischemicals.com\/paper-pulp\/fr\/products\/deposit-control\/scale-control\/#breadcrumb","itemListElement":[{"@type":"ListItem","position":1,"name":"Accueil","item":"https:\/\/www.duboischemicals.com\/paper-pulp\/fr\/"},{"@type":"ListItem","position":2,"name":"Produits","item":"https:\/\/www.duboischemicals.com\/paper-pulp\/fr\/products\/"},{"@type":"ListItem","position":3,"name":"Contr\u00f4le des d\u00e9p\u00f4ts","item":"https:\/\/www.duboischemicals.com\/paper-pulp\/fr\/products\/deposit-control\/"},{"@type":"ListItem","position":4,"name":"Contr\u00f4le du tartre"}]},{"@type":"WebSite","@id":"https:\/\/www.duboischemicals.com\/paper-pulp\/fr\/#website","url":"https:\/\/www.duboischemicals.com\/paper-pulp\/fr\/","name":"P\u00e2tes et papiers","description":"","potentialAction":[{"@type":"SearchAction","target":{"@type":"EntryPoint","urlTemplate":"https:\/\/www.duboischemicals.com\/paper-pulp\/fr\/?s={search_term_string}"},"query-input":{"@type":"PropertyValueSpecification","valueRequired":true,"valueName":"search_term_string"}}],"inLanguage":"fr-FR"}]}},"_links":{"self":[{"href":"https:\/\/www.duboischemicals.com\/paper-pulp\/fr\/wp-json\/wp\/v2\/pages\/10311","targetHints":{"allow":["GET"]}}],"collection":[{"href":"https:\/\/www.duboischemicals.com\/paper-pulp\/fr\/wp-json\/wp\/v2\/pages"}],"about":[{"href":"https:\/\/www.duboischemicals.com\/paper-pulp\/fr\/wp-json\/wp\/v2\/types\/page"}],"author":[{"embeddable":true,"href":"https:\/\/www.duboischemicals.com\/paper-pulp\/fr\/wp-json\/wp\/v2\/users\/219"}],"replies":[{"embeddable":true,"href":"https:\/\/www.duboischemicals.com\/paper-pulp\/fr\/wp-json\/wp\/v2\/comments?post=10311"}],"version-history":[{"count":2,"href":"https:\/\/www.duboischemicals.com\/paper-pulp\/fr\/wp-json\/wp\/v2\/pages\/10311\/revisions"}],"predecessor-version":[{"id":10522,"href":"https:\/\/www.duboischemicals.com\/paper-pulp\/fr\/wp-json\/wp\/v2\/pages\/10311\/revisions\/10522"}],"up":[{"embeddable":true,"href":"https:\/\/www.duboischemicals.com\/paper-pulp\/fr\/wp-json\/wp\/v2\/pages\/10301"}],"wp:featuredmedia":[{"embeddable":true,"href":"https:\/\/www.duboischemicals.com\/paper-pulp\/fr\/wp-json\/wp\/v2\/media\/10930"}],"wp:attachment":[{"href":"https:\/\/www.duboischemicals.com\/paper-pulp\/fr\/wp-json\/wp\/v2\/media?parent=10311"}],"curies":[{"name":"wp","href":"https:\/\/api.w.org\/{rel}","templated":true}]}}