{"id":10312,"date":"2018-10-31T14:59:57","date_gmt":"2018-10-31T18:59:57","guid":{"rendered":"https:\/\/www.duboischemicals.com\/\/paper-pulp\/products\/deposit-control\/microbiological-growth-control\/"},"modified":"2021-02-26T04:32:59","modified_gmt":"2021-02-26T09:32:59","slug":"microbiological-growth-control","status":"publish","type":"page","link":"https:\/\/www.duboischemicals.com\/paper-pulp\/fr\/products\/deposit-control\/microbiological-growth-control\/","title":{"rendered":"Contr\u00f4le de la prolif\u00e9ration des microorganismes"},"content":{"rendered":"<p>L&rsquo;environnement de fabrication du papier peut \u00eatre un lieu id\u00e9al pour la prolif\u00e9ration des microorganismes. L&rsquo;environnement chaud, humide et riche en nutriments du syst\u00e8me de machine \u00e0 papier est bien adapt\u00e9 \u00e0 la prolif\u00e9ration des microorganismes.<\/p>\n<p>Le contr\u00f4le microbiologique peut \u00eatre un aspect essentiel du contr\u00f4le des d\u00e9p\u00f4ts dans les papeteries. Les \u00e9quipements de fabrication du papier peuvent \u00eatre colonis\u00e9s par des organismes producteurs de boue, ce qui entra\u00eene des d\u00e9faillances et des d\u00e9fauts. Les bo\u00eetes \u00e0 p\u00e2te peuvent constituer un environnement id\u00e9al \u00e0 faible teneur en oxyg\u00e8ne pour les organismes ana\u00e9robies qui produisent des gaz odorants, malsains ou explosifs. Les enduits, les pigments, les charges et les autres additifs de proc\u00e9d\u00e9 peuvent \u00eatre alt\u00e9r\u00e9s par la prolif\u00e9ration des microorganismes et devenir moins efficaces.<\/p>\n<p><strong>Technologies cl\u00e9s\u00a0:<\/strong><\/p>\n<p>B.I.O. Fix 1000<\/p>\n<ul>\n<li>Un stabilisateur qui, lorsqu&rsquo;il est m\u00e9lang\u00e9 \u00e0 une source d&rsquo;halog\u00e8ne actif, contr\u00f4le la lib\u00e9ration d&rsquo;halog\u00e8ne dans les installations de fabrication du papier.<\/li>\n<li>Sert au traitement des installations d\u2019eau blanche des machines \u00e0 papier, des sources d&rsquo;eau d&rsquo;appoint des machines et de l&rsquo;eau des douches.<\/li>\n<\/ul>\n<p>B.I.O Blast Line<\/p>\n<ul>\n<li>Une gamme compl\u00e8te de biocides organiques.<\/li>\n<li>Sert au traitement des installations de machines \u00e0 papier, des sources d&rsquo;eau d&rsquo;appoint des machines et des eaux de douche, ainsi qu\u2019\u00e0 la pr\u00e9servation des additifs de proc\u00e9d\u00e9.<\/li>\n<\/ul>\n","protected":false},"excerpt":{"rendered":"<p>L&rsquo;environnement de fabrication du papier peut \u00eatre un lieu id\u00e9al pour la prolif\u00e9ration des microorganismes. L&rsquo;environnement chaud, humide et riche en nutriments du syst\u00e8me de machine \u00e0 papier est bien adapt\u00e9 \u00e0 la prolif\u00e9ration des&#8230;<\/p>\n","protected":false},"author":219,"featured_media":9189,"parent":10301,"menu_order":3,"comment_status":"closed","ping_status":"closed","template":"template-prodinfo.php","meta":{"_acf_changed":false,"footnotes":""},"class_list":["post-10312","page","type-page","status-publish","has-post-thumbnail","hentry"],"acf":[],"yoast_head":"<!-- This site is optimized with the Yoast SEO plugin v26.8 - https:\/\/yoast.com\/product\/yoast-seo-wordpress\/ -->\n<title>Contr\u00f4le de la prolif\u00e9ration des microorganismes - P\u00e2tes et papiers<\/title>\n<meta name=\"robots\" content=\"index, follow, max-snippet:-1, max-image-preview:large, max-video-preview:-1\" \/>\n<link rel=\"canonical\" href=\"https:\/\/www.duboischemicals.com\/paper-pulp\/fr\/products\/deposit-control\/microbiological-growth-control\/\" \/>\n<meta property=\"og:locale\" content=\"fr_FR\" \/>\n<meta property=\"og:type\" content=\"article\" \/>\n<meta property=\"og:title\" content=\"Contr\u00f4le de la prolif\u00e9ration des microorganismes - P\u00e2tes et papiers\" \/>\n<meta property=\"og:description\" content=\"L&rsquo;environnement de fabrication du papier peut \u00eatre un lieu id\u00e9al pour la prolif\u00e9ration des microorganismes. L&rsquo;environnement chaud, humide et riche en nutriments du syst\u00e8me de machine \u00e0 papier est bien adapt\u00e9 \u00e0 la prolif\u00e9ration des...\" \/>\n<meta property=\"og:url\" content=\"https:\/\/www.duboischemicals.com\/paper-pulp\/fr\/products\/deposit-control\/microbiological-growth-control\/\" \/>\n<meta property=\"og:site_name\" content=\"P\u00e2tes et papiers\" \/>\n<meta property=\"article:modified_time\" content=\"2021-02-26T09:32:59+00:00\" \/>\n<meta property=\"og:image\" content=\"https:\/\/www.duboischemicals.com\/paper-pulp\/wp-content\/uploads\/sites\/4\/2018\/10\/Pulp-and-Paper-Products-Microbiological-Growth-Control.jpg\" \/>\n\t<meta property=\"og:image:width\" content=\"454\" \/>\n\t<meta property=\"og:image:height\" content=\"450\" \/>\n\t<meta property=\"og:image:type\" content=\"image\/jpeg\" \/>\n<meta name=\"twitter:card\" content=\"summary_large_image\" \/>\n<meta name=\"twitter:label1\" content=\"Dur\u00e9e de lecture estim\u00e9e\" \/>\n\t<meta name=\"twitter:data1\" content=\"1 minute\" \/>\n<script type=\"application\/ld+json\" class=\"yoast-schema-graph\">{\"@context\":\"https:\/\/schema.org\",\"@graph\":[{\"@type\":\"WebPage\",\"@id\":\"https:\/\/www.duboischemicals.com\/paper-pulp\/fr\/products\/deposit-control\/microbiological-growth-control\/\",\"url\":\"https:\/\/www.duboischemicals.com\/paper-pulp\/fr\/products\/deposit-control\/microbiological-growth-control\/\",\"name\":\"Contr\u00f4le de la prolif\u00e9ration des microorganismes - P\u00e2tes et papiers\",\"isPartOf\":{\"@id\":\"https:\/\/www.duboischemicals.com\/paper-pulp\/fr\/#website\"},\"primaryImageOfPage\":{\"@id\":\"https:\/\/www.duboischemicals.com\/paper-pulp\/fr\/products\/deposit-control\/microbiological-growth-control\/#primaryimage\"},\"image\":{\"@id\":\"https:\/\/www.duboischemicals.com\/paper-pulp\/fr\/products\/deposit-control\/microbiological-growth-control\/#primaryimage\"},\"thumbnailUrl\":\"https:\/\/www.duboischemicals.com\/paper-pulp\/wp-content\/uploads\/sites\/4\/2018\/10\/Pulp-and-Paper-Products-Microbiological-Growth-Control.jpg\",\"datePublished\":\"2018-10-31T18:59:57+00:00\",\"dateModified\":\"2021-02-26T09:32:59+00:00\",\"breadcrumb\":{\"@id\":\"https:\/\/www.duboischemicals.com\/paper-pulp\/fr\/products\/deposit-control\/microbiological-growth-control\/#breadcrumb\"},\"inLanguage\":\"fr-FR\",\"potentialAction\":[{\"@type\":\"ReadAction\",\"target\":[\"https:\/\/www.duboischemicals.com\/paper-pulp\/fr\/products\/deposit-control\/microbiological-growth-control\/\"]}]},{\"@type\":\"ImageObject\",\"inLanguage\":\"fr-FR\",\"@id\":\"https:\/\/www.duboischemicals.com\/paper-pulp\/fr\/products\/deposit-control\/microbiological-growth-control\/#primaryimage\",\"url\":\"https:\/\/www.duboischemicals.com\/paper-pulp\/wp-content\/uploads\/sites\/4\/2018\/10\/Pulp-and-Paper-Products-Microbiological-Growth-Control.jpg\",\"contentUrl\":\"https:\/\/www.duboischemicals.com\/paper-pulp\/wp-content\/uploads\/sites\/4\/2018\/10\/Pulp-and-Paper-Products-Microbiological-Growth-Control.jpg\",\"width\":454,\"height\":450},{\"@type\":\"BreadcrumbList\",\"@id\":\"https:\/\/www.duboischemicals.com\/paper-pulp\/fr\/products\/deposit-control\/microbiological-growth-control\/#breadcrumb\",\"itemListElement\":[{\"@type\":\"ListItem\",\"position\":1,\"name\":\"Accueil\",\"item\":\"https:\/\/www.duboischemicals.com\/paper-pulp\/fr\/\"},{\"@type\":\"ListItem\",\"position\":2,\"name\":\"Produits\",\"item\":\"https:\/\/www.duboischemicals.com\/paper-pulp\/fr\/products\/\"},{\"@type\":\"ListItem\",\"position\":3,\"name\":\"Contr\u00f4le des d\u00e9p\u00f4ts\",\"item\":\"https:\/\/www.duboischemicals.com\/paper-pulp\/fr\/products\/deposit-control\/\"},{\"@type\":\"ListItem\",\"position\":4,\"name\":\"Contr\u00f4le de la prolif\u00e9ration des microorganismes\"}]},{\"@type\":\"WebSite\",\"@id\":\"https:\/\/www.duboischemicals.com\/paper-pulp\/fr\/#website\",\"url\":\"https:\/\/www.duboischemicals.com\/paper-pulp\/fr\/\",\"name\":\"P\u00e2tes et papiers\",\"description\":\"\",\"potentialAction\":[{\"@type\":\"SearchAction\",\"target\":{\"@type\":\"EntryPoint\",\"urlTemplate\":\"https:\/\/www.duboischemicals.com\/paper-pulp\/fr\/?s={search_term_string}\"},\"query-input\":{\"@type\":\"PropertyValueSpecification\",\"valueRequired\":true,\"valueName\":\"search_term_string\"}}],\"inLanguage\":\"fr-FR\"}]}<\/script>\n<!-- \/ Yoast SEO plugin. -->","yoast_head_json":{"title":"Contr\u00f4le de la prolif\u00e9ration des microorganismes - P\u00e2tes et papiers","robots":{"index":"index","follow":"follow","max-snippet":"max-snippet:-1","max-image-preview":"max-image-preview:large","max-video-preview":"max-video-preview:-1"},"canonical":"https:\/\/www.duboischemicals.com\/paper-pulp\/fr\/products\/deposit-control\/microbiological-growth-control\/","og_locale":"fr_FR","og_type":"article","og_title":"Contr\u00f4le de la prolif\u00e9ration des microorganismes - P\u00e2tes et papiers","og_description":"L&rsquo;environnement de fabrication du papier peut \u00eatre un lieu id\u00e9al pour la prolif\u00e9ration des microorganismes. L&rsquo;environnement chaud, humide et riche en nutriments du syst\u00e8me de machine \u00e0 papier est bien adapt\u00e9 \u00e0 la prolif\u00e9ration des...","og_url":"https:\/\/www.duboischemicals.com\/paper-pulp\/fr\/products\/deposit-control\/microbiological-growth-control\/","og_site_name":"P\u00e2tes et papiers","article_modified_time":"2021-02-26T09:32:59+00:00","og_image":[{"width":454,"height":450,"url":"https:\/\/www.duboischemicals.com\/paper-pulp\/wp-content\/uploads\/sites\/4\/2018\/10\/Pulp-and-Paper-Products-Microbiological-Growth-Control.jpg","type":"image\/jpeg"}],"twitter_card":"summary_large_image","twitter_misc":{"Dur\u00e9e de lecture estim\u00e9e":"1 minute"},"schema":{"@context":"https:\/\/schema.org","@graph":[{"@type":"WebPage","@id":"https:\/\/www.duboischemicals.com\/paper-pulp\/fr\/products\/deposit-control\/microbiological-growth-control\/","url":"https:\/\/www.duboischemicals.com\/paper-pulp\/fr\/products\/deposit-control\/microbiological-growth-control\/","name":"Contr\u00f4le de la prolif\u00e9ration des microorganismes - P\u00e2tes et papiers","isPartOf":{"@id":"https:\/\/www.duboischemicals.com\/paper-pulp\/fr\/#website"},"primaryImageOfPage":{"@id":"https:\/\/www.duboischemicals.com\/paper-pulp\/fr\/products\/deposit-control\/microbiological-growth-control\/#primaryimage"},"image":{"@id":"https:\/\/www.duboischemicals.com\/paper-pulp\/fr\/products\/deposit-control\/microbiological-growth-control\/#primaryimage"},"thumbnailUrl":"https:\/\/www.duboischemicals.com\/paper-pulp\/wp-content\/uploads\/sites\/4\/2018\/10\/Pulp-and-Paper-Products-Microbiological-Growth-Control.jpg","datePublished":"2018-10-31T18:59:57+00:00","dateModified":"2021-02-26T09:32:59+00:00","breadcrumb":{"@id":"https:\/\/www.duboischemicals.com\/paper-pulp\/fr\/products\/deposit-control\/microbiological-growth-control\/#breadcrumb"},"inLanguage":"fr-FR","potentialAction":[{"@type":"ReadAction","target":["https:\/\/www.duboischemicals.com\/paper-pulp\/fr\/products\/deposit-control\/microbiological-growth-control\/"]}]},{"@type":"ImageObject","inLanguage":"fr-FR","@id":"https:\/\/www.duboischemicals.com\/paper-pulp\/fr\/products\/deposit-control\/microbiological-growth-control\/#primaryimage","url":"https:\/\/www.duboischemicals.com\/paper-pulp\/wp-content\/uploads\/sites\/4\/2018\/10\/Pulp-and-Paper-Products-Microbiological-Growth-Control.jpg","contentUrl":"https:\/\/www.duboischemicals.com\/paper-pulp\/wp-content\/uploads\/sites\/4\/2018\/10\/Pulp-and-Paper-Products-Microbiological-Growth-Control.jpg","width":454,"height":450},{"@type":"BreadcrumbList","@id":"https:\/\/www.duboischemicals.com\/paper-pulp\/fr\/products\/deposit-control\/microbiological-growth-control\/#breadcrumb","itemListElement":[{"@type":"ListItem","position":1,"name":"Accueil","item":"https:\/\/www.duboischemicals.com\/paper-pulp\/fr\/"},{"@type":"ListItem","position":2,"name":"Produits","item":"https:\/\/www.duboischemicals.com\/paper-pulp\/fr\/products\/"},{"@type":"ListItem","position":3,"name":"Contr\u00f4le des d\u00e9p\u00f4ts","item":"https:\/\/www.duboischemicals.com\/paper-pulp\/fr\/products\/deposit-control\/"},{"@type":"ListItem","position":4,"name":"Contr\u00f4le de la prolif\u00e9ration des microorganismes"}]},{"@type":"WebSite","@id":"https:\/\/www.duboischemicals.com\/paper-pulp\/fr\/#website","url":"https:\/\/www.duboischemicals.com\/paper-pulp\/fr\/","name":"P\u00e2tes et papiers","description":"","potentialAction":[{"@type":"SearchAction","target":{"@type":"EntryPoint","urlTemplate":"https:\/\/www.duboischemicals.com\/paper-pulp\/fr\/?s={search_term_string}"},"query-input":{"@type":"PropertyValueSpecification","valueRequired":true,"valueName":"search_term_string"}}],"inLanguage":"fr-FR"}]}},"_links":{"self":[{"href":"https:\/\/www.duboischemicals.com\/paper-pulp\/fr\/wp-json\/wp\/v2\/pages\/10312","targetHints":{"allow":["GET"]}}],"collection":[{"href":"https:\/\/www.duboischemicals.com\/paper-pulp\/fr\/wp-json\/wp\/v2\/pages"}],"about":[{"href":"https:\/\/www.duboischemicals.com\/paper-pulp\/fr\/wp-json\/wp\/v2\/types\/page"}],"author":[{"embeddable":true,"href":"https:\/\/www.duboischemicals.com\/paper-pulp\/fr\/wp-json\/wp\/v2\/users\/219"}],"replies":[{"embeddable":true,"href":"https:\/\/www.duboischemicals.com\/paper-pulp\/fr\/wp-json\/wp\/v2\/comments?post=10312"}],"version-history":[{"count":4,"href":"https:\/\/www.duboischemicals.com\/paper-pulp\/fr\/wp-json\/wp\/v2\/pages\/10312\/revisions"}],"predecessor-version":[{"id":10788,"href":"https:\/\/www.duboischemicals.com\/paper-pulp\/fr\/wp-json\/wp\/v2\/pages\/10312\/revisions\/10788"}],"up":[{"embeddable":true,"href":"https:\/\/www.duboischemicals.com\/paper-pulp\/fr\/wp-json\/wp\/v2\/pages\/10301"}],"wp:featuredmedia":[{"embeddable":true,"href":"https:\/\/www.duboischemicals.com\/paper-pulp\/fr\/wp-json\/wp\/v2\/media\/9189"}],"wp:attachment":[{"href":"https:\/\/www.duboischemicals.com\/paper-pulp\/fr\/wp-json\/wp\/v2\/media?parent=10312"}],"curies":[{"name":"wp","href":"https:\/\/api.w.org\/{rel}","templated":true}]}}