{"id":10313,"date":"2018-10-31T15:04:44","date_gmt":"2018-10-31T19:04:44","guid":{"rendered":"https:\/\/www.duboischemicals.com\/\/paper-pulp\/products\/paper-mill-cleaning\/system-cleaning-solutions\/"},"modified":"2021-02-26T04:32:42","modified_gmt":"2021-02-26T09:32:42","slug":"system-cleaning-solutions","status":"publish","type":"page","link":"https:\/\/www.duboischemicals.com\/paper-pulp\/fr\/products\/paper-mill-cleaning\/system-cleaning-solutions\/","title":{"rendered":"Solutions de nettoyage des syst\u00e8mes"},"content":{"rendered":"<p>Un nettoyage \u00e0 chaud des machines \u00e0 papier et un nettoyage de syst\u00e8mes efficaces sont essentiels pour minimiser les temps d&rsquo;arr\u00eat et les d\u00e9fauts. Les produits et les proc\u00e9dures sont essentiels \u00e0 la r\u00e9ussite. Personne ne comprend mieux que DuBois les probl\u00e8mes li\u00e9s au nettoyage des papeteries.<\/p>\n<p>Avant de proc\u00e9der au nettoyage d&rsquo;un syst\u00e8me, votre repr\u00e9sentant DuBois inspectera et surveillera le syst\u00e8me afin de d\u00e9terminer la nature et le degr\u00e9 de tout d\u00e9p\u00f4t. Ce faisant, nous nous assurons que le programme, les produits et les concentrations corrects sont utilis\u00e9s pour traiter et \u00e9liminer efficacement les d\u00e9p\u00f4ts.<\/p>\n<p><strong>Technologies cl\u00e9s\u00a0:<\/strong><\/p>\n<p>Bubble-Ups<sup>\u00ae<\/sup><\/p>\n<ul>\n<li>Un proc\u00e9d\u00e9 unique d\u00e9velopp\u00e9 par DuBois pour traiter la zone de contr\u00f4le des d\u00e9p\u00f4ts la plus critique de la machine \u00e0 papier.<\/li>\n<li>Bubble-Up est un nettoyage \u00e0 la mousse interne de la tuyauterie d&rsquo;alimentation, du collecteur d&rsquo;admission, de la caisse de t\u00eate et des l\u00e8vres de la bouche de distribution, qui sont des zones o\u00f9 les probl\u00e8mes de comportement machine commencent g\u00e9n\u00e9ralement.<\/li>\n<li>Prend moins de temps qu&rsquo;un nettoyage \u00e0 chaud.<\/li>\n<li>Une concentration plus \u00e9lev\u00e9e que lors d&rsquo;un nettoyage \u00e0 chaud, ce qui r\u00e9duit l\u2019utilisation de produits chimiques.<\/li>\n<\/ul>\n<p>Gamme Altrox<\/p>\n<ul>\n<li>Il s\u2019agit d\u2019un nettoyant oxydant brevet\u00e9 con\u00e7u pour le nettoyage des installations d\u2019enduction, de machine \u00e0 papier, d\u2019amidon et de teinture.<\/li>\n<li>\u00c9limine les couches \u00e9paisses de d\u00e9p\u00f4ts et les biofilms.<\/li>\n<li>Non corrosif pour la peau en vertu de la classification SGH.<\/li>\n<\/ul>\n<p>Gamme Sure Safe<sup>\u00ae<\/sup><\/p>\n<ul>\n<li>Des nettoyants con\u00e7us pour \u00eatre efficaces tout en ayant un meilleur profil de s\u00e9curit\u00e9 que de nombreux nettoyants de papeterie.<\/li>\n<li>Non corrosif pour la peau et les yeux en vertu de la classification SGH.<\/li>\n<\/ul>\n<p>WSM-935<\/p>\n<ul>\n<li>Additif de nettoyage \u00e0 chaud hautement concentr\u00e9 formul\u00e9 pour \u00eatre utilis\u00e9 avec le caustique de l&rsquo;usine.<\/li>\n<li>Contient plus de six fois la d\u00e9tergence d&rsquo;un produit alcalin ordinaire pour le nettoyage \u00e0 chaud.<\/li>\n<\/ul>\n","protected":false},"excerpt":{"rendered":"<p>Un nettoyage \u00e0 chaud des machines \u00e0 papier et un nettoyage de syst\u00e8mes efficaces sont essentiels pour minimiser les temps d&rsquo;arr\u00eat et les d\u00e9fauts. Les produits et les proc\u00e9dures sont essentiels \u00e0 la r\u00e9ussite. Personne&#8230;<\/p>\n","protected":false},"author":219,"featured_media":9015,"parent":10302,"menu_order":1,"comment_status":"closed","ping_status":"closed","template":"template-prodinfo.php","meta":{"_acf_changed":false,"footnotes":""},"class_list":["post-10313","page","type-page","status-publish","has-post-thumbnail","hentry"],"acf":[],"yoast_head":"<!-- This site is optimized with the Yoast SEO plugin v26.8 - https:\/\/yoast.com\/product\/yoast-seo-wordpress\/ -->\n<title>Solutions de nettoyage des syst\u00e8mes - P\u00e2tes et papiers<\/title>\n<meta name=\"robots\" content=\"index, follow, max-snippet:-1, max-image-preview:large, max-video-preview:-1\" \/>\n<link rel=\"canonical\" href=\"https:\/\/www.duboischemicals.com\/paper-pulp\/fr\/products\/paper-mill-cleaning\/system-cleaning-solutions\/\" \/>\n<meta property=\"og:locale\" content=\"fr_FR\" \/>\n<meta property=\"og:type\" content=\"article\" \/>\n<meta property=\"og:title\" content=\"Solutions de nettoyage des syst\u00e8mes - P\u00e2tes et papiers\" \/>\n<meta property=\"og:description\" content=\"Un nettoyage \u00e0 chaud des machines \u00e0 papier et un nettoyage de syst\u00e8mes efficaces sont essentiels pour minimiser les temps d&rsquo;arr\u00eat et les d\u00e9fauts. Les produits et les proc\u00e9dures sont essentiels \u00e0 la r\u00e9ussite. Personne...\" \/>\n<meta property=\"og:url\" content=\"https:\/\/www.duboischemicals.com\/paper-pulp\/fr\/products\/paper-mill-cleaning\/system-cleaning-solutions\/\" \/>\n<meta property=\"og:site_name\" content=\"P\u00e2tes et papiers\" \/>\n<meta property=\"article:modified_time\" content=\"2021-02-26T09:32:42+00:00\" \/>\n<meta property=\"og:image\" content=\"https:\/\/www.duboischemicals.com\/paper-pulp\/wp-content\/uploads\/sites\/4\/2018\/10\/Pulp-Paper-2.jpg\" \/>\n\t<meta property=\"og:image:width\" content=\"454\" \/>\n\t<meta property=\"og:image:height\" content=\"450\" \/>\n\t<meta property=\"og:image:type\" content=\"image\/jpeg\" \/>\n<meta name=\"twitter:card\" content=\"summary_large_image\" \/>\n<meta name=\"twitter:label1\" content=\"Dur\u00e9e de lecture estim\u00e9e\" \/>\n\t<meta name=\"twitter:data1\" content=\"2 minutes\" \/>\n<script type=\"application\/ld+json\" class=\"yoast-schema-graph\">{\"@context\":\"https:\/\/schema.org\",\"@graph\":[{\"@type\":\"WebPage\",\"@id\":\"https:\/\/www.duboischemicals.com\/paper-pulp\/fr\/products\/paper-mill-cleaning\/system-cleaning-solutions\/\",\"url\":\"https:\/\/www.duboischemicals.com\/paper-pulp\/fr\/products\/paper-mill-cleaning\/system-cleaning-solutions\/\",\"name\":\"Solutions de nettoyage des syst\u00e8mes - P\u00e2tes et papiers\",\"isPartOf\":{\"@id\":\"https:\/\/www.duboischemicals.com\/paper-pulp\/fr\/#website\"},\"primaryImageOfPage\":{\"@id\":\"https:\/\/www.duboischemicals.com\/paper-pulp\/fr\/products\/paper-mill-cleaning\/system-cleaning-solutions\/#primaryimage\"},\"image\":{\"@id\":\"https:\/\/www.duboischemicals.com\/paper-pulp\/fr\/products\/paper-mill-cleaning\/system-cleaning-solutions\/#primaryimage\"},\"thumbnailUrl\":\"https:\/\/www.duboischemicals.com\/paper-pulp\/wp-content\/uploads\/sites\/4\/2018\/10\/Pulp-Paper-2.jpg\",\"datePublished\":\"2018-10-31T19:04:44+00:00\",\"dateModified\":\"2021-02-26T09:32:42+00:00\",\"breadcrumb\":{\"@id\":\"https:\/\/www.duboischemicals.com\/paper-pulp\/fr\/products\/paper-mill-cleaning\/system-cleaning-solutions\/#breadcrumb\"},\"inLanguage\":\"fr-FR\",\"potentialAction\":[{\"@type\":\"ReadAction\",\"target\":[\"https:\/\/www.duboischemicals.com\/paper-pulp\/fr\/products\/paper-mill-cleaning\/system-cleaning-solutions\/\"]}]},{\"@type\":\"ImageObject\",\"inLanguage\":\"fr-FR\",\"@id\":\"https:\/\/www.duboischemicals.com\/paper-pulp\/fr\/products\/paper-mill-cleaning\/system-cleaning-solutions\/#primaryimage\",\"url\":\"https:\/\/www.duboischemicals.com\/paper-pulp\/wp-content\/uploads\/sites\/4\/2018\/10\/Pulp-Paper-2.jpg\",\"contentUrl\":\"https:\/\/www.duboischemicals.com\/paper-pulp\/wp-content\/uploads\/sites\/4\/2018\/10\/Pulp-Paper-2.jpg\",\"width\":454,\"height\":450},{\"@type\":\"BreadcrumbList\",\"@id\":\"https:\/\/www.duboischemicals.com\/paper-pulp\/fr\/products\/paper-mill-cleaning\/system-cleaning-solutions\/#breadcrumb\",\"itemListElement\":[{\"@type\":\"ListItem\",\"position\":1,\"name\":\"Accueil\",\"item\":\"https:\/\/www.duboischemicals.com\/paper-pulp\/fr\/\"},{\"@type\":\"ListItem\",\"position\":2,\"name\":\"Produits\",\"item\":\"https:\/\/www.duboischemicals.com\/paper-pulp\/fr\/products\/\"},{\"@type\":\"ListItem\",\"position\":3,\"name\":\"Nettoyage des usines de papier\",\"item\":\"https:\/\/www.duboischemicals.com\/paper-pulp\/fr\/products\/paper-mill-cleaning\/\"},{\"@type\":\"ListItem\",\"position\":4,\"name\":\"Solutions de nettoyage des syst\u00e8mes\"}]},{\"@type\":\"WebSite\",\"@id\":\"https:\/\/www.duboischemicals.com\/paper-pulp\/fr\/#website\",\"url\":\"https:\/\/www.duboischemicals.com\/paper-pulp\/fr\/\",\"name\":\"P\u00e2tes et papiers\",\"description\":\"\",\"potentialAction\":[{\"@type\":\"SearchAction\",\"target\":{\"@type\":\"EntryPoint\",\"urlTemplate\":\"https:\/\/www.duboischemicals.com\/paper-pulp\/fr\/?s={search_term_string}\"},\"query-input\":{\"@type\":\"PropertyValueSpecification\",\"valueRequired\":true,\"valueName\":\"search_term_string\"}}],\"inLanguage\":\"fr-FR\"}]}<\/script>\n<!-- \/ Yoast SEO plugin. -->","yoast_head_json":{"title":"Solutions de nettoyage des syst\u00e8mes - P\u00e2tes et papiers","robots":{"index":"index","follow":"follow","max-snippet":"max-snippet:-1","max-image-preview":"max-image-preview:large","max-video-preview":"max-video-preview:-1"},"canonical":"https:\/\/www.duboischemicals.com\/paper-pulp\/fr\/products\/paper-mill-cleaning\/system-cleaning-solutions\/","og_locale":"fr_FR","og_type":"article","og_title":"Solutions de nettoyage des syst\u00e8mes - P\u00e2tes et papiers","og_description":"Un nettoyage \u00e0 chaud des machines \u00e0 papier et un nettoyage de syst\u00e8mes efficaces sont essentiels pour minimiser les temps d&rsquo;arr\u00eat et les d\u00e9fauts. Les produits et les proc\u00e9dures sont essentiels \u00e0 la r\u00e9ussite. Personne...","og_url":"https:\/\/www.duboischemicals.com\/paper-pulp\/fr\/products\/paper-mill-cleaning\/system-cleaning-solutions\/","og_site_name":"P\u00e2tes et papiers","article_modified_time":"2021-02-26T09:32:42+00:00","og_image":[{"width":454,"height":450,"url":"https:\/\/www.duboischemicals.com\/paper-pulp\/wp-content\/uploads\/sites\/4\/2018\/10\/Pulp-Paper-2.jpg","type":"image\/jpeg"}],"twitter_card":"summary_large_image","twitter_misc":{"Dur\u00e9e de lecture estim\u00e9e":"2 minutes"},"schema":{"@context":"https:\/\/schema.org","@graph":[{"@type":"WebPage","@id":"https:\/\/www.duboischemicals.com\/paper-pulp\/fr\/products\/paper-mill-cleaning\/system-cleaning-solutions\/","url":"https:\/\/www.duboischemicals.com\/paper-pulp\/fr\/products\/paper-mill-cleaning\/system-cleaning-solutions\/","name":"Solutions de nettoyage des syst\u00e8mes - P\u00e2tes et papiers","isPartOf":{"@id":"https:\/\/www.duboischemicals.com\/paper-pulp\/fr\/#website"},"primaryImageOfPage":{"@id":"https:\/\/www.duboischemicals.com\/paper-pulp\/fr\/products\/paper-mill-cleaning\/system-cleaning-solutions\/#primaryimage"},"image":{"@id":"https:\/\/www.duboischemicals.com\/paper-pulp\/fr\/products\/paper-mill-cleaning\/system-cleaning-solutions\/#primaryimage"},"thumbnailUrl":"https:\/\/www.duboischemicals.com\/paper-pulp\/wp-content\/uploads\/sites\/4\/2018\/10\/Pulp-Paper-2.jpg","datePublished":"2018-10-31T19:04:44+00:00","dateModified":"2021-02-26T09:32:42+00:00","breadcrumb":{"@id":"https:\/\/www.duboischemicals.com\/paper-pulp\/fr\/products\/paper-mill-cleaning\/system-cleaning-solutions\/#breadcrumb"},"inLanguage":"fr-FR","potentialAction":[{"@type":"ReadAction","target":["https:\/\/www.duboischemicals.com\/paper-pulp\/fr\/products\/paper-mill-cleaning\/system-cleaning-solutions\/"]}]},{"@type":"ImageObject","inLanguage":"fr-FR","@id":"https:\/\/www.duboischemicals.com\/paper-pulp\/fr\/products\/paper-mill-cleaning\/system-cleaning-solutions\/#primaryimage","url":"https:\/\/www.duboischemicals.com\/paper-pulp\/wp-content\/uploads\/sites\/4\/2018\/10\/Pulp-Paper-2.jpg","contentUrl":"https:\/\/www.duboischemicals.com\/paper-pulp\/wp-content\/uploads\/sites\/4\/2018\/10\/Pulp-Paper-2.jpg","width":454,"height":450},{"@type":"BreadcrumbList","@id":"https:\/\/www.duboischemicals.com\/paper-pulp\/fr\/products\/paper-mill-cleaning\/system-cleaning-solutions\/#breadcrumb","itemListElement":[{"@type":"ListItem","position":1,"name":"Accueil","item":"https:\/\/www.duboischemicals.com\/paper-pulp\/fr\/"},{"@type":"ListItem","position":2,"name":"Produits","item":"https:\/\/www.duboischemicals.com\/paper-pulp\/fr\/products\/"},{"@type":"ListItem","position":3,"name":"Nettoyage des usines de papier","item":"https:\/\/www.duboischemicals.com\/paper-pulp\/fr\/products\/paper-mill-cleaning\/"},{"@type":"ListItem","position":4,"name":"Solutions de nettoyage des syst\u00e8mes"}]},{"@type":"WebSite","@id":"https:\/\/www.duboischemicals.com\/paper-pulp\/fr\/#website","url":"https:\/\/www.duboischemicals.com\/paper-pulp\/fr\/","name":"P\u00e2tes et papiers","description":"","potentialAction":[{"@type":"SearchAction","target":{"@type":"EntryPoint","urlTemplate":"https:\/\/www.duboischemicals.com\/paper-pulp\/fr\/?s={search_term_string}"},"query-input":{"@type":"PropertyValueSpecification","valueRequired":true,"valueName":"search_term_string"}}],"inLanguage":"fr-FR"}]}},"_links":{"self":[{"href":"https:\/\/www.duboischemicals.com\/paper-pulp\/fr\/wp-json\/wp\/v2\/pages\/10313","targetHints":{"allow":["GET"]}}],"collection":[{"href":"https:\/\/www.duboischemicals.com\/paper-pulp\/fr\/wp-json\/wp\/v2\/pages"}],"about":[{"href":"https:\/\/www.duboischemicals.com\/paper-pulp\/fr\/wp-json\/wp\/v2\/types\/page"}],"author":[{"embeddable":true,"href":"https:\/\/www.duboischemicals.com\/paper-pulp\/fr\/wp-json\/wp\/v2\/users\/219"}],"replies":[{"embeddable":true,"href":"https:\/\/www.duboischemicals.com\/paper-pulp\/fr\/wp-json\/wp\/v2\/comments?post=10313"}],"version-history":[{"count":3,"href":"https:\/\/www.duboischemicals.com\/paper-pulp\/fr\/wp-json\/wp\/v2\/pages\/10313\/revisions"}],"predecessor-version":[{"id":10700,"href":"https:\/\/www.duboischemicals.com\/paper-pulp\/fr\/wp-json\/wp\/v2\/pages\/10313\/revisions\/10700"}],"up":[{"embeddable":true,"href":"https:\/\/www.duboischemicals.com\/paper-pulp\/fr\/wp-json\/wp\/v2\/pages\/10302"}],"wp:featuredmedia":[{"embeddable":true,"href":"https:\/\/www.duboischemicals.com\/paper-pulp\/fr\/wp-json\/wp\/v2\/media\/9015"}],"wp:attachment":[{"href":"https:\/\/www.duboischemicals.com\/paper-pulp\/fr\/wp-json\/wp\/v2\/media?parent=10313"}],"curies":[{"name":"wp","href":"https:\/\/api.w.org\/{rel}","templated":true}]}}