{"id":10314,"date":"2018-10-01T17:38:05","date_gmt":"2018-10-01T21:38:05","guid":{"rendered":"https:\/\/www.duboischemicals.com\/\/paper-pulp\/industries\/tissue-towel\/"},"modified":"2021-03-05T13:11:35","modified_gmt":"2021-03-05T18:11:35","slug":"tissue-towel","status":"publish","type":"page","link":"https:\/\/www.duboischemicals.com\/paper-pulp\/fr\/industries\/tissue-towel\/","title":{"rendered":"Papiers minces et serviettes"},"content":{"rendered":"<p>Les papiers minces concernent tout le monde. Que ce soit \u00e0 la maison ou \u00e0 l&rsquo;ext\u00e9rieur, la plupart d&rsquo;entre nous utilisent des produits en papier mince tous les jours.<\/p>\n<p>L&rsquo;industrie des papiers minces peut pr\u00e9senter de nombreux d\u00e9fis en mati\u00e8re de contr\u00f4le des d\u00e9p\u00f4ts et de performance des tissus.<\/p>\n<p>Les fabricants de papiers minces pour usage commercial sont souvent confront\u00e9s \u00e0 des probl\u00e8mes li\u00e9s \u00e0 la qualit\u00e9 et \u00e0 la variabilit\u00e9 de l&rsquo;approvisionnement en fibres recycl\u00e9es. Les producteurs de serviettes de toilette et de table luttent souvent contre le colmatage des toiles de presse par la r\u00e9sine de force humide. Les fabricants de produits fabriqu\u00e9s sur des machines \u00e0 s\u00e9chage \u00e0 l&rsquo;air traversant sont confront\u00e9s \u00e0 des probl\u00e8mes de propret\u00e9 et de lib\u00e9ration des tissus \u00e0 s\u00e9chage \u00e0 l&rsquo;air traversant.<\/p>\n<p>Les technologies DuBois sont con\u00e7ues pour r\u00e9soudre les probl\u00e8mes de contr\u00f4le des d\u00e9p\u00f4ts caus\u00e9s par les mati\u00e8res collantes de fibres recycl\u00e9es, les r\u00e9sines de force, les produits chimiques de cr\u00eapage et de lib\u00e9ration, les d\u00e9liants, la poix v\u00e9g\u00e9tale, la CMC, les fines et les autres souillures probl\u00e9matiques.<\/p>\n<p><strong>Nos technologies incluent les suivantes\u00a0:<\/strong><\/p>\n<ul>\n<li>Des produits de nettoyage des toiles en cours de marche, qui contiennent des agents mouillants uniques con\u00e7us pour les machines \u00e0 papier mince \u00e0 grande vitesse<\/li>\n<li>Des nettoyants ax\u00e9s sur la s\u00e9curit\u00e9 qui sont efficaces tout en \u00e9tant non corrosifs pour la peau et les yeux<\/li>\n<li>La m\u00e9thode DuPulse\u2122 de nettoyage des feutres de presse, qui am\u00e9liore l&rsquo;efficacit\u00e9 du nettoyage des tissus de presse<\/li>\n<li>Les traitements et les nettoyants pour toiles \u00e0 s\u00e9chage \u00e0 air traversant<\/li>\n<li>Des solutions de nettoyage et de pr\u00e9vention des colmatages par la r\u00e9sine de force humide et s\u00e8che<\/li>\n<li>Des solutions pour \u00e9liminer le besoin de nettoyage en temps d&rsquo;arr\u00eat des toiles de formation, des feutres de presse et des toiles \u00e0 s\u00e9chage \u00e0 air traversant<\/li>\n<li>Des technologies permettant d&rsquo;\u00e9viter le d\u00e9p\u00f4t de mati\u00e8res collantes sur les toiles de formation sans utiliser de couchage fonctionnel charg\u00e9<\/li>\n<li>Des additifs pour p\u00e2te, des traitements des toiles et des nettoyants pour \u00e9liminer les probl\u00e8mes li\u00e9s aux mati\u00e8res collantes de fibres issues de d\u00e9chets mixtes de bureau, aux adh\u00e9sifs de cass\u00e9s de fabrication issus de la phase transformation et au d\u00e9p\u00f4t de poix v\u00e9g\u00e9tale<\/li>\n<li>Une gamme compl\u00e8te de produits antitartre<\/li>\n<\/ul>\n<p><strong>Produits et technologies\u00a0:<\/strong><\/p>\n<ul>\n<li><a href=\"http:\/\/www.duboischemicals.com\/\/paper-pulp\/products\/fabric-treatment-cleaning\/\">Traitements et nettoyage des toiles<\/a><\/li>\n<li><a href=\"http:\/\/www.duboischemicals.com\/\/paper-pulp\/products\/deposit-control\/\">Contr\u00f4le des d\u00e9p\u00f4ts<\/a><\/li>\n<li><a href=\"http:\/\/www.duboischemicals.com\/\/paper-pulp\/products\/paper-mill-cleaning\/\">Nettoyage des usines de papier<\/a><\/li>\n<li><a href=\"http:\/\/www.duboischemicals.com\/\/paper-pulp\/products\/paper-process-solutions\/\">Solutions de transformation du papier<\/a><\/li>\n<li><a href=\"http:\/\/www.duboischemicals.com\/\/paper-pulp\/service-support\/feed-control-monitoring-solutions\/\">Solutions en mati\u00e8re d&rsquo;alimentation, de contr\u00f4le et de surveillance des produits chimiques<\/a><\/li>\n<li><a href=\"http:\/\/www.duboischemicals.com\/\/paper-pulp\/service-support\/\">Soutien \u00e0 l&rsquo;industrie du papier<\/a><\/li>\n<\/ul>\n","protected":false},"excerpt":{"rendered":"<p>Les papiers minces concernent tout le monde. Que ce soit \u00e0 la maison ou \u00e0 l&rsquo;ext\u00e9rieur, la plupart d&rsquo;entre nous utilisent des produits en papier mince tous les jours. L&rsquo;industrie des papiers minces peut pr\u00e9senter&#8230;<\/p>\n","protected":false},"author":219,"featured_media":0,"parent":10303,"menu_order":1,"comment_status":"closed","ping_status":"closed","template":"","meta":{"_acf_changed":false,"footnotes":""},"class_list":["post-10314","page","type-page","status-publish","hentry"],"acf":[],"yoast_head":"<!-- This site is optimized with the Yoast SEO plugin v26.8 - https:\/\/yoast.com\/product\/yoast-seo-wordpress\/ -->\n<title>Papiers minces et serviettes - P\u00e2tes et papiers<\/title>\n<meta name=\"robots\" content=\"index, follow, max-snippet:-1, max-image-preview:large, max-video-preview:-1\" \/>\n<link rel=\"canonical\" href=\"https:\/\/www.duboischemicals.com\/paper-pulp\/fr\/industries\/tissue-towel\/\" \/>\n<meta property=\"og:locale\" content=\"fr_FR\" \/>\n<meta property=\"og:type\" content=\"article\" \/>\n<meta property=\"og:title\" content=\"Papiers minces et serviettes - P\u00e2tes et papiers\" \/>\n<meta property=\"og:description\" content=\"Les papiers minces concernent tout le monde. Que ce soit \u00e0 la maison ou \u00e0 l&rsquo;ext\u00e9rieur, la plupart d&rsquo;entre nous utilisent des produits en papier mince tous les jours. L&rsquo;industrie des papiers minces peut pr\u00e9senter...\" \/>\n<meta property=\"og:url\" content=\"https:\/\/www.duboischemicals.com\/paper-pulp\/fr\/industries\/tissue-towel\/\" \/>\n<meta property=\"og:site_name\" content=\"P\u00e2tes et papiers\" \/>\n<meta property=\"article:modified_time\" content=\"2021-03-05T18:11:35+00:00\" \/>\n<meta name=\"twitter:card\" content=\"summary_large_image\" \/>\n<meta name=\"twitter:label1\" content=\"Dur\u00e9e de lecture estim\u00e9e\" \/>\n\t<meta name=\"twitter:data1\" content=\"2 minutes\" \/>\n<script type=\"application\/ld+json\" class=\"yoast-schema-graph\">{\"@context\":\"https:\/\/schema.org\",\"@graph\":[{\"@type\":\"WebPage\",\"@id\":\"https:\/\/www.duboischemicals.com\/paper-pulp\/fr\/industries\/tissue-towel\/\",\"url\":\"https:\/\/www.duboischemicals.com\/paper-pulp\/fr\/industries\/tissue-towel\/\",\"name\":\"Papiers minces et serviettes - P\u00e2tes et papiers\",\"isPartOf\":{\"@id\":\"https:\/\/www.duboischemicals.com\/paper-pulp\/fr\/#website\"},\"datePublished\":\"2018-10-01T21:38:05+00:00\",\"dateModified\":\"2021-03-05T18:11:35+00:00\",\"breadcrumb\":{\"@id\":\"https:\/\/www.duboischemicals.com\/paper-pulp\/fr\/industries\/tissue-towel\/#breadcrumb\"},\"inLanguage\":\"fr-FR\",\"potentialAction\":[{\"@type\":\"ReadAction\",\"target\":[\"https:\/\/www.duboischemicals.com\/paper-pulp\/fr\/industries\/tissue-towel\/\"]}]},{\"@type\":\"BreadcrumbList\",\"@id\":\"https:\/\/www.duboischemicals.com\/paper-pulp\/fr\/industries\/tissue-towel\/#breadcrumb\",\"itemListElement\":[{\"@type\":\"ListItem\",\"position\":1,\"name\":\"Accueil\",\"item\":\"https:\/\/www.duboischemicals.com\/paper-pulp\/fr\/\"},{\"@type\":\"ListItem\",\"position\":2,\"name\":\"Industries\",\"item\":\"https:\/\/www.duboischemicals.com\/paper-pulp\/fr\/industries\/\"},{\"@type\":\"ListItem\",\"position\":3,\"name\":\"Papiers minces et serviettes\"}]},{\"@type\":\"WebSite\",\"@id\":\"https:\/\/www.duboischemicals.com\/paper-pulp\/fr\/#website\",\"url\":\"https:\/\/www.duboischemicals.com\/paper-pulp\/fr\/\",\"name\":\"P\u00e2tes et papiers\",\"description\":\"\",\"potentialAction\":[{\"@type\":\"SearchAction\",\"target\":{\"@type\":\"EntryPoint\",\"urlTemplate\":\"https:\/\/www.duboischemicals.com\/paper-pulp\/fr\/?s={search_term_string}\"},\"query-input\":{\"@type\":\"PropertyValueSpecification\",\"valueRequired\":true,\"valueName\":\"search_term_string\"}}],\"inLanguage\":\"fr-FR\"}]}<\/script>\n<!-- \/ Yoast SEO plugin. -->","yoast_head_json":{"title":"Papiers minces et serviettes - P\u00e2tes et papiers","robots":{"index":"index","follow":"follow","max-snippet":"max-snippet:-1","max-image-preview":"max-image-preview:large","max-video-preview":"max-video-preview:-1"},"canonical":"https:\/\/www.duboischemicals.com\/paper-pulp\/fr\/industries\/tissue-towel\/","og_locale":"fr_FR","og_type":"article","og_title":"Papiers minces et serviettes - P\u00e2tes et papiers","og_description":"Les papiers minces concernent tout le monde. Que ce soit \u00e0 la maison ou \u00e0 l&rsquo;ext\u00e9rieur, la plupart d&rsquo;entre nous utilisent des produits en papier mince tous les jours. L&rsquo;industrie des papiers minces peut pr\u00e9senter...","og_url":"https:\/\/www.duboischemicals.com\/paper-pulp\/fr\/industries\/tissue-towel\/","og_site_name":"P\u00e2tes et papiers","article_modified_time":"2021-03-05T18:11:35+00:00","twitter_card":"summary_large_image","twitter_misc":{"Dur\u00e9e de lecture estim\u00e9e":"2 minutes"},"schema":{"@context":"https:\/\/schema.org","@graph":[{"@type":"WebPage","@id":"https:\/\/www.duboischemicals.com\/paper-pulp\/fr\/industries\/tissue-towel\/","url":"https:\/\/www.duboischemicals.com\/paper-pulp\/fr\/industries\/tissue-towel\/","name":"Papiers minces et serviettes - P\u00e2tes et papiers","isPartOf":{"@id":"https:\/\/www.duboischemicals.com\/paper-pulp\/fr\/#website"},"datePublished":"2018-10-01T21:38:05+00:00","dateModified":"2021-03-05T18:11:35+00:00","breadcrumb":{"@id":"https:\/\/www.duboischemicals.com\/paper-pulp\/fr\/industries\/tissue-towel\/#breadcrumb"},"inLanguage":"fr-FR","potentialAction":[{"@type":"ReadAction","target":["https:\/\/www.duboischemicals.com\/paper-pulp\/fr\/industries\/tissue-towel\/"]}]},{"@type":"BreadcrumbList","@id":"https:\/\/www.duboischemicals.com\/paper-pulp\/fr\/industries\/tissue-towel\/#breadcrumb","itemListElement":[{"@type":"ListItem","position":1,"name":"Accueil","item":"https:\/\/www.duboischemicals.com\/paper-pulp\/fr\/"},{"@type":"ListItem","position":2,"name":"Industries","item":"https:\/\/www.duboischemicals.com\/paper-pulp\/fr\/industries\/"},{"@type":"ListItem","position":3,"name":"Papiers minces et serviettes"}]},{"@type":"WebSite","@id":"https:\/\/www.duboischemicals.com\/paper-pulp\/fr\/#website","url":"https:\/\/www.duboischemicals.com\/paper-pulp\/fr\/","name":"P\u00e2tes et papiers","description":"","potentialAction":[{"@type":"SearchAction","target":{"@type":"EntryPoint","urlTemplate":"https:\/\/www.duboischemicals.com\/paper-pulp\/fr\/?s={search_term_string}"},"query-input":{"@type":"PropertyValueSpecification","valueRequired":true,"valueName":"search_term_string"}}],"inLanguage":"fr-FR"}]}},"_links":{"self":[{"href":"https:\/\/www.duboischemicals.com\/paper-pulp\/fr\/wp-json\/wp\/v2\/pages\/10314","targetHints":{"allow":["GET"]}}],"collection":[{"href":"https:\/\/www.duboischemicals.com\/paper-pulp\/fr\/wp-json\/wp\/v2\/pages"}],"about":[{"href":"https:\/\/www.duboischemicals.com\/paper-pulp\/fr\/wp-json\/wp\/v2\/types\/page"}],"author":[{"embeddable":true,"href":"https:\/\/www.duboischemicals.com\/paper-pulp\/fr\/wp-json\/wp\/v2\/users\/219"}],"replies":[{"embeddable":true,"href":"https:\/\/www.duboischemicals.com\/paper-pulp\/fr\/wp-json\/wp\/v2\/comments?post=10314"}],"version-history":[{"count":5,"href":"https:\/\/www.duboischemicals.com\/paper-pulp\/fr\/wp-json\/wp\/v2\/pages\/10314\/revisions"}],"predecessor-version":[{"id":10889,"href":"https:\/\/www.duboischemicals.com\/paper-pulp\/fr\/wp-json\/wp\/v2\/pages\/10314\/revisions\/10889"}],"up":[{"embeddable":true,"href":"https:\/\/www.duboischemicals.com\/paper-pulp\/fr\/wp-json\/wp\/v2\/pages\/10303"}],"wp:attachment":[{"href":"https:\/\/www.duboischemicals.com\/paper-pulp\/fr\/wp-json\/wp\/v2\/media?parent=10314"}],"curies":[{"name":"wp","href":"https:\/\/api.w.org\/{rel}","templated":true}]}}