{"id":10315,"date":"2018-10-31T15:08:52","date_gmt":"2018-10-31T19:08:52","guid":{"rendered":"https:\/\/www.duboischemicals.com\/\/paper-pulp\/products\/paper-mill-cleaning\/machine-surface-cleaning-solutions\/"},"modified":"2021-02-26T04:32:43","modified_gmt":"2021-02-26T09:32:43","slug":"machine-surface-cleaning-solutions","status":"publish","type":"page","link":"https:\/\/www.duboischemicals.com\/paper-pulp\/fr\/products\/paper-mill-cleaning\/machine-surface-cleaning-solutions\/","title":{"rendered":"Solutions de nettoyage de la surface des machines"},"content":{"rendered":"<p>Le maintien de la propret\u00e9 des surfaces des \u00e9quipements de fabrication du papier est essentiel pour faire fonctionner une machine sans d\u00e9fauts ni d\u00e9faillances. La partie humide de la machine \u00e0 papier est sujette au d\u00e9p\u00f4t de tartre, de film biologique, d&rsquo;additifs de traitement et de fibres. La section de s\u00e9chage est sujette \u00e0 une accumulation de graisse, d&rsquo;huiles et de poussi\u00e8re de papier, qui peuvent cr\u00e9er un risque d&rsquo;incendie. Les coucheuses et les presses encolleuses doivent \u00eatre propres pour \u00e9viter les d\u00e9fauts et les cassures des feuilles.<\/p>\n<p>DuBois travaillera en \u00e9troite collaboration avec vos employ\u00e9s pour s&rsquo;assurer que les proc\u00e9dures et les formations appropri\u00e9es sont \u00e9tablies pour assurer un nettoyage \u00e0 la mousse\/au gel s\u00fbr et efficace. DuBois peut \u00e9galement fournir des \u00e9quipements adapt\u00e9s \u00e0 vos besoins de nettoyage.<\/p>\n<p><strong>Technologies cl\u00e9s\u00a0:<\/strong><\/p>\n<p>Gamme DuJel<sup>\u00ae<\/sup><\/p>\n<ul>\n<li>Le nettoyage en gel consiste \u00e0 appliquer une solution chimique de nettoyage pr\u00eate \u00e0 l&#8217;emploi sous la forme d&rsquo;un gel.<\/li>\n<li>Une fine couche de gel entre en contact avec une surface pendant une p\u00e9riode prolong\u00e9e (jusqu&rsquo;\u00e0 plusieurs heures), puis se rince librement.<\/li>\n<li>Plus \u00e9conomique et plus efficace que les autres m\u00e9thodes de nettoyage.<\/li>\n<li>Diff\u00e9rents types de produits chimiques sont disponibles pour diff\u00e9rentes applications en usine.<\/li>\n<\/ul>\n<p>Gamme SAF-T-BRITE<\/p>\n<ul>\n<li>Con\u00e7ue pour les souillures difficiles, y compris les graisses et les huiles.<\/li>\n<li>Les formules moussantes permettent d&rsquo;appliquer le produit au moyen d&rsquo;un pulv\u00e9risateur de mousse et de le coller aux surfaces pendant un temps de contact prolong\u00e9.<\/li>\n<li>Les applications habituelles comprennent les sections de s\u00e9chage, les presses encolleuses, les sols et les passerelles.<\/li>\n<\/ul>\n","protected":false},"excerpt":{"rendered":"<p>Le maintien de la propret\u00e9 des surfaces des \u00e9quipements de fabrication du papier est essentiel pour faire fonctionner une machine sans d\u00e9fauts ni d\u00e9faillances. La partie humide de la machine \u00e0 papier est sujette au&#8230;<\/p>\n","protected":false},"author":219,"featured_media":9012,"parent":10302,"menu_order":2,"comment_status":"closed","ping_status":"closed","template":"template-prodinfo.php","meta":{"_acf_changed":false,"footnotes":""},"class_list":["post-10315","page","type-page","status-publish","has-post-thumbnail","hentry"],"acf":[],"yoast_head":"<!-- This site is optimized with the Yoast SEO plugin v26.8 - https:\/\/yoast.com\/product\/yoast-seo-wordpress\/ -->\n<title>Solutions de nettoyage de la surface des machines - P\u00e2tes et papiers<\/title>\n<meta name=\"robots\" content=\"index, follow, max-snippet:-1, max-image-preview:large, max-video-preview:-1\" \/>\n<link rel=\"canonical\" href=\"https:\/\/www.duboischemicals.com\/paper-pulp\/fr\/products\/paper-mill-cleaning\/machine-surface-cleaning-solutions\/\" \/>\n<meta property=\"og:locale\" content=\"fr_FR\" \/>\n<meta property=\"og:type\" content=\"article\" \/>\n<meta property=\"og:title\" content=\"Solutions de nettoyage de la surface des machines - P\u00e2tes et papiers\" \/>\n<meta property=\"og:description\" content=\"Le maintien de la propret\u00e9 des surfaces des \u00e9quipements de fabrication du papier est essentiel pour faire fonctionner une machine sans d\u00e9fauts ni d\u00e9faillances. La partie humide de la machine \u00e0 papier est sujette au...\" \/>\n<meta property=\"og:url\" content=\"https:\/\/www.duboischemicals.com\/paper-pulp\/fr\/products\/paper-mill-cleaning\/machine-surface-cleaning-solutions\/\" \/>\n<meta property=\"og:site_name\" content=\"P\u00e2tes et papiers\" \/>\n<meta property=\"article:modified_time\" content=\"2021-02-26T09:32:43+00:00\" \/>\n<meta property=\"og:image\" content=\"https:\/\/www.duboischemicals.com\/paper-pulp\/wp-content\/uploads\/sites\/4\/2018\/10\/Pulp-Paper.jpg\" \/>\n\t<meta property=\"og:image:width\" content=\"454\" \/>\n\t<meta property=\"og:image:height\" content=\"450\" \/>\n\t<meta property=\"og:image:type\" content=\"image\/jpeg\" \/>\n<meta name=\"twitter:card\" content=\"summary_large_image\" \/>\n<meta name=\"twitter:label1\" content=\"Dur\u00e9e de lecture estim\u00e9e\" \/>\n\t<meta name=\"twitter:data1\" content=\"1 minute\" \/>\n<script type=\"application\/ld+json\" class=\"yoast-schema-graph\">{\"@context\":\"https:\/\/schema.org\",\"@graph\":[{\"@type\":\"WebPage\",\"@id\":\"https:\/\/www.duboischemicals.com\/paper-pulp\/fr\/products\/paper-mill-cleaning\/machine-surface-cleaning-solutions\/\",\"url\":\"https:\/\/www.duboischemicals.com\/paper-pulp\/fr\/products\/paper-mill-cleaning\/machine-surface-cleaning-solutions\/\",\"name\":\"Solutions de nettoyage de la surface des machines - P\u00e2tes et papiers\",\"isPartOf\":{\"@id\":\"https:\/\/www.duboischemicals.com\/paper-pulp\/fr\/#website\"},\"primaryImageOfPage\":{\"@id\":\"https:\/\/www.duboischemicals.com\/paper-pulp\/fr\/products\/paper-mill-cleaning\/machine-surface-cleaning-solutions\/#primaryimage\"},\"image\":{\"@id\":\"https:\/\/www.duboischemicals.com\/paper-pulp\/fr\/products\/paper-mill-cleaning\/machine-surface-cleaning-solutions\/#primaryimage\"},\"thumbnailUrl\":\"https:\/\/www.duboischemicals.com\/paper-pulp\/wp-content\/uploads\/sites\/4\/2018\/10\/Pulp-Paper.jpg\",\"datePublished\":\"2018-10-31T19:08:52+00:00\",\"dateModified\":\"2021-02-26T09:32:43+00:00\",\"breadcrumb\":{\"@id\":\"https:\/\/www.duboischemicals.com\/paper-pulp\/fr\/products\/paper-mill-cleaning\/machine-surface-cleaning-solutions\/#breadcrumb\"},\"inLanguage\":\"fr-FR\",\"potentialAction\":[{\"@type\":\"ReadAction\",\"target\":[\"https:\/\/www.duboischemicals.com\/paper-pulp\/fr\/products\/paper-mill-cleaning\/machine-surface-cleaning-solutions\/\"]}]},{\"@type\":\"ImageObject\",\"inLanguage\":\"fr-FR\",\"@id\":\"https:\/\/www.duboischemicals.com\/paper-pulp\/fr\/products\/paper-mill-cleaning\/machine-surface-cleaning-solutions\/#primaryimage\",\"url\":\"https:\/\/www.duboischemicals.com\/paper-pulp\/wp-content\/uploads\/sites\/4\/2018\/10\/Pulp-Paper.jpg\",\"contentUrl\":\"https:\/\/www.duboischemicals.com\/paper-pulp\/wp-content\/uploads\/sites\/4\/2018\/10\/Pulp-Paper.jpg\",\"width\":454,\"height\":450},{\"@type\":\"BreadcrumbList\",\"@id\":\"https:\/\/www.duboischemicals.com\/paper-pulp\/fr\/products\/paper-mill-cleaning\/machine-surface-cleaning-solutions\/#breadcrumb\",\"itemListElement\":[{\"@type\":\"ListItem\",\"position\":1,\"name\":\"Accueil\",\"item\":\"https:\/\/www.duboischemicals.com\/paper-pulp\/fr\/\"},{\"@type\":\"ListItem\",\"position\":2,\"name\":\"Produits\",\"item\":\"https:\/\/www.duboischemicals.com\/paper-pulp\/fr\/products\/\"},{\"@type\":\"ListItem\",\"position\":3,\"name\":\"Nettoyage des usines de papier\",\"item\":\"https:\/\/www.duboischemicals.com\/paper-pulp\/fr\/products\/paper-mill-cleaning\/\"},{\"@type\":\"ListItem\",\"position\":4,\"name\":\"Solutions de nettoyage de la surface des machines\"}]},{\"@type\":\"WebSite\",\"@id\":\"https:\/\/www.duboischemicals.com\/paper-pulp\/fr\/#website\",\"url\":\"https:\/\/www.duboischemicals.com\/paper-pulp\/fr\/\",\"name\":\"P\u00e2tes et papiers\",\"description\":\"\",\"potentialAction\":[{\"@type\":\"SearchAction\",\"target\":{\"@type\":\"EntryPoint\",\"urlTemplate\":\"https:\/\/www.duboischemicals.com\/paper-pulp\/fr\/?s={search_term_string}\"},\"query-input\":{\"@type\":\"PropertyValueSpecification\",\"valueRequired\":true,\"valueName\":\"search_term_string\"}}],\"inLanguage\":\"fr-FR\"}]}<\/script>\n<!-- \/ Yoast SEO plugin. -->","yoast_head_json":{"title":"Solutions de nettoyage de la surface des machines - P\u00e2tes et papiers","robots":{"index":"index","follow":"follow","max-snippet":"max-snippet:-1","max-image-preview":"max-image-preview:large","max-video-preview":"max-video-preview:-1"},"canonical":"https:\/\/www.duboischemicals.com\/paper-pulp\/fr\/products\/paper-mill-cleaning\/machine-surface-cleaning-solutions\/","og_locale":"fr_FR","og_type":"article","og_title":"Solutions de nettoyage de la surface des machines - P\u00e2tes et papiers","og_description":"Le maintien de la propret\u00e9 des surfaces des \u00e9quipements de fabrication du papier est essentiel pour faire fonctionner une machine sans d\u00e9fauts ni d\u00e9faillances. La partie humide de la machine \u00e0 papier est sujette au...","og_url":"https:\/\/www.duboischemicals.com\/paper-pulp\/fr\/products\/paper-mill-cleaning\/machine-surface-cleaning-solutions\/","og_site_name":"P\u00e2tes et papiers","article_modified_time":"2021-02-26T09:32:43+00:00","og_image":[{"width":454,"height":450,"url":"https:\/\/www.duboischemicals.com\/paper-pulp\/wp-content\/uploads\/sites\/4\/2018\/10\/Pulp-Paper.jpg","type":"image\/jpeg"}],"twitter_card":"summary_large_image","twitter_misc":{"Dur\u00e9e de lecture estim\u00e9e":"1 minute"},"schema":{"@context":"https:\/\/schema.org","@graph":[{"@type":"WebPage","@id":"https:\/\/www.duboischemicals.com\/paper-pulp\/fr\/products\/paper-mill-cleaning\/machine-surface-cleaning-solutions\/","url":"https:\/\/www.duboischemicals.com\/paper-pulp\/fr\/products\/paper-mill-cleaning\/machine-surface-cleaning-solutions\/","name":"Solutions de nettoyage de la surface des machines - P\u00e2tes et papiers","isPartOf":{"@id":"https:\/\/www.duboischemicals.com\/paper-pulp\/fr\/#website"},"primaryImageOfPage":{"@id":"https:\/\/www.duboischemicals.com\/paper-pulp\/fr\/products\/paper-mill-cleaning\/machine-surface-cleaning-solutions\/#primaryimage"},"image":{"@id":"https:\/\/www.duboischemicals.com\/paper-pulp\/fr\/products\/paper-mill-cleaning\/machine-surface-cleaning-solutions\/#primaryimage"},"thumbnailUrl":"https:\/\/www.duboischemicals.com\/paper-pulp\/wp-content\/uploads\/sites\/4\/2018\/10\/Pulp-Paper.jpg","datePublished":"2018-10-31T19:08:52+00:00","dateModified":"2021-02-26T09:32:43+00:00","breadcrumb":{"@id":"https:\/\/www.duboischemicals.com\/paper-pulp\/fr\/products\/paper-mill-cleaning\/machine-surface-cleaning-solutions\/#breadcrumb"},"inLanguage":"fr-FR","potentialAction":[{"@type":"ReadAction","target":["https:\/\/www.duboischemicals.com\/paper-pulp\/fr\/products\/paper-mill-cleaning\/machine-surface-cleaning-solutions\/"]}]},{"@type":"ImageObject","inLanguage":"fr-FR","@id":"https:\/\/www.duboischemicals.com\/paper-pulp\/fr\/products\/paper-mill-cleaning\/machine-surface-cleaning-solutions\/#primaryimage","url":"https:\/\/www.duboischemicals.com\/paper-pulp\/wp-content\/uploads\/sites\/4\/2018\/10\/Pulp-Paper.jpg","contentUrl":"https:\/\/www.duboischemicals.com\/paper-pulp\/wp-content\/uploads\/sites\/4\/2018\/10\/Pulp-Paper.jpg","width":454,"height":450},{"@type":"BreadcrumbList","@id":"https:\/\/www.duboischemicals.com\/paper-pulp\/fr\/products\/paper-mill-cleaning\/machine-surface-cleaning-solutions\/#breadcrumb","itemListElement":[{"@type":"ListItem","position":1,"name":"Accueil","item":"https:\/\/www.duboischemicals.com\/paper-pulp\/fr\/"},{"@type":"ListItem","position":2,"name":"Produits","item":"https:\/\/www.duboischemicals.com\/paper-pulp\/fr\/products\/"},{"@type":"ListItem","position":3,"name":"Nettoyage des usines de papier","item":"https:\/\/www.duboischemicals.com\/paper-pulp\/fr\/products\/paper-mill-cleaning\/"},{"@type":"ListItem","position":4,"name":"Solutions de nettoyage de la surface des machines"}]},{"@type":"WebSite","@id":"https:\/\/www.duboischemicals.com\/paper-pulp\/fr\/#website","url":"https:\/\/www.duboischemicals.com\/paper-pulp\/fr\/","name":"P\u00e2tes et papiers","description":"","potentialAction":[{"@type":"SearchAction","target":{"@type":"EntryPoint","urlTemplate":"https:\/\/www.duboischemicals.com\/paper-pulp\/fr\/?s={search_term_string}"},"query-input":{"@type":"PropertyValueSpecification","valueRequired":true,"valueName":"search_term_string"}}],"inLanguage":"fr-FR"}]}},"_links":{"self":[{"href":"https:\/\/www.duboischemicals.com\/paper-pulp\/fr\/wp-json\/wp\/v2\/pages\/10315","targetHints":{"allow":["GET"]}}],"collection":[{"href":"https:\/\/www.duboischemicals.com\/paper-pulp\/fr\/wp-json\/wp\/v2\/pages"}],"about":[{"href":"https:\/\/www.duboischemicals.com\/paper-pulp\/fr\/wp-json\/wp\/v2\/types\/page"}],"author":[{"embeddable":true,"href":"https:\/\/www.duboischemicals.com\/paper-pulp\/fr\/wp-json\/wp\/v2\/users\/219"}],"replies":[{"embeddable":true,"href":"https:\/\/www.duboischemicals.com\/paper-pulp\/fr\/wp-json\/wp\/v2\/comments?post=10315"}],"version-history":[{"count":4,"href":"https:\/\/www.duboischemicals.com\/paper-pulp\/fr\/wp-json\/wp\/v2\/pages\/10315\/revisions"}],"predecessor-version":[{"id":10703,"href":"https:\/\/www.duboischemicals.com\/paper-pulp\/fr\/wp-json\/wp\/v2\/pages\/10315\/revisions\/10703"}],"up":[{"embeddable":true,"href":"https:\/\/www.duboischemicals.com\/paper-pulp\/fr\/wp-json\/wp\/v2\/pages\/10302"}],"wp:featuredmedia":[{"embeddable":true,"href":"https:\/\/www.duboischemicals.com\/paper-pulp\/fr\/wp-json\/wp\/v2\/media\/9012"}],"wp:attachment":[{"href":"https:\/\/www.duboischemicals.com\/paper-pulp\/fr\/wp-json\/wp\/v2\/media?parent=10315"}],"curies":[{"name":"wp","href":"https:\/\/api.w.org\/{rel}","templated":true}]}}