{"id":10325,"date":"2018-10-01T17:38:25","date_gmt":"2018-10-01T21:38:25","guid":{"rendered":"https:\/\/www.duboischemicals.com\/\/paper-pulp\/industries\/paper-board-packaging\/"},"modified":"2021-03-05T13:11:35","modified_gmt":"2021-03-05T18:11:35","slug":"paper-board-packaging","status":"publish","type":"page","link":"https:\/\/www.duboischemicals.com\/paper-pulp\/fr\/industries\/paper-board-packaging\/","title":{"rendered":"Carton et emballage"},"content":{"rendered":"<p>Les emballages en carton constituent un segment croissant et dynamique de l&rsquo;\u00e9conomie mondiale. Avec le taux de croissance de la classe moyenne mondiale et l&rsquo;acc\u00e9l\u00e9ration du commerce \u00e9lectronique, la demande de carton et d&#8217;emballages ne cesse de cro\u00eetre.<\/p>\n<p>Le carton est une option d&#8217;emballage tr\u00e8s durable. Plus de 65\u00a0% du carton am\u00e9ricain est recycl\u00e9. Les fabricants de carton doivent fabriquer des solutions d&#8217;emballage solides et l\u00e9g\u00e8res pour r\u00e9pondre \u00e0 ces demandes d&#8217;emballage. Les fabricants de carton doivent augmenter leur production tout en utilisant moins d&rsquo;eau et plus de fibres recycl\u00e9es.<\/p>\n<p>Les technologies DuBois sont con\u00e7ues pour r\u00e9soudre les probl\u00e8mes de contr\u00f4le des d\u00e9p\u00f4ts caus\u00e9s par les mati\u00e8res collantes des fibres recycl\u00e9es, la poix v\u00e9g\u00e9tale, la colle, les additifs de force, les cass\u00e9s de fabrication enduits et les autres souillures probl\u00e9matiques.<\/p>\n<p><strong>Nos technologies incluent les suivantes\u00a0:<\/strong><\/p>\n<ul>\n<li>Des nettoyants ax\u00e9s sur la s\u00e9curit\u00e9 qui sont efficaces tout en \u00e9tant non corrosifs pour la peau et les yeux<\/li>\n<li>Des produits de nettoyage des toiles en cours de marche, qui contiennent des agents mouillants uniques con\u00e7us pour les vitesses des machines \u00e0 carton modernes<\/li>\n<li>La m\u00e9thode de nettoyage DuPulse\u2122 des feutres de presse, qui am\u00e9liore l&rsquo;efficacit\u00e9 du nettoyage des toiles de presse<\/li>\n<li>Des solutions de nettoyage et de pr\u00e9vention des colmatages par la r\u00e9sine de force humide et s\u00e8che<\/li>\n<li>Des additifs pour p\u00e2te, des traitements des toiles et des nettoyants pour \u00e9liminer les probl\u00e8mes li\u00e9s aux mati\u00e8res collantes issues des papiers cannelures, aux mati\u00e8res collantes issues des cass\u00e9s de fabrication enduits et aux d\u00e9p\u00f4ts de poix v\u00e9g\u00e9tale<\/li>\n<li>Une gamme compl\u00e8te de produits antitartre<\/li>\n<li>Des technologies brevet\u00e9es pour un nettoyage efficace des syst\u00e8mes d\u2019enduction<\/li>\n<\/ul>\n<p><strong>Produits et technologies\u00a0:<\/strong><\/p>\n<ul>\n<li><a href=\"http:\/\/www.duboischemicals.com\/\/paper-pulp\/products\/fabric-treatment-cleaning\/\">Traitements et nettoyage des toiles<\/a><\/li>\n<li><a href=\"http:\/\/www.duboischemicals.com\/\/paper-pulp\/products\/deposit-control\/\">Contr\u00f4le des d\u00e9p\u00f4ts<\/a><\/li>\n<li><a href=\"http:\/\/www.duboischemicals.com\/\/paper-pulp\/products\/paper-mill-cleaning\/\">Nettoyage des usines de papier<\/a><\/li>\n<li><a href=\"http:\/\/www.duboischemicals.com\/\/paper-pulp\/products\/roll-treatment\/\">Traitement des rouleaux<\/a><\/li>\n<li><a href=\"http:\/\/www.duboischemicals.com\/\/paper-pulp\/products\/paper-process-solutions\/\">Solutions de transformation du papier<\/a><\/li>\n<li><a href=\"http:\/\/www.duboischemicals.com\/\/paper-pulp\/service-support\/feed-control-monitoring-solutions\/\">Solutions en mati\u00e8re d&rsquo;alimentation, de contr\u00f4le et de surveillance des produits chimiques<\/a><\/li>\n<li><a href=\"http:\/\/www.duboischemicals.com\/\/paper-pulp\/service-support\/\">Soutien \u00e0 l&rsquo;industrie du papier<\/a><\/li>\n<\/ul>\n","protected":false},"excerpt":{"rendered":"<p>Les emballages en carton constituent un segment croissant et dynamique de l&rsquo;\u00e9conomie mondiale. Avec le taux de croissance de la classe moyenne mondiale et l&rsquo;acc\u00e9l\u00e9ration du commerce \u00e9lectronique, la demande de carton et d&#8217;emballages ne&#8230;<\/p>\n","protected":false},"author":219,"featured_media":0,"parent":10303,"menu_order":2,"comment_status":"closed","ping_status":"closed","template":"","meta":{"_acf_changed":false,"footnotes":""},"class_list":["post-10325","page","type-page","status-publish","hentry"],"acf":[],"yoast_head":"<!-- This site is optimized with the Yoast SEO plugin v26.8 - https:\/\/yoast.com\/product\/yoast-seo-wordpress\/ -->\n<title>Carton et emballage - P\u00e2tes et papiers<\/title>\n<meta name=\"robots\" content=\"index, follow, max-snippet:-1, max-image-preview:large, max-video-preview:-1\" \/>\n<link rel=\"canonical\" href=\"https:\/\/www.duboischemicals.com\/paper-pulp\/fr\/industries\/paper-board-packaging\/\" \/>\n<meta property=\"og:locale\" content=\"fr_FR\" \/>\n<meta property=\"og:type\" content=\"article\" \/>\n<meta property=\"og:title\" content=\"Carton et emballage - P\u00e2tes et papiers\" \/>\n<meta property=\"og:description\" content=\"Les emballages en carton constituent un segment croissant et dynamique de l&rsquo;\u00e9conomie mondiale. Avec le taux de croissance de la classe moyenne mondiale et l&rsquo;acc\u00e9l\u00e9ration du commerce \u00e9lectronique, la demande de carton et d&#8217;emballages ne...\" \/>\n<meta property=\"og:url\" content=\"https:\/\/www.duboischemicals.com\/paper-pulp\/fr\/industries\/paper-board-packaging\/\" \/>\n<meta property=\"og:site_name\" content=\"P\u00e2tes et papiers\" \/>\n<meta property=\"article:modified_time\" content=\"2021-03-05T18:11:35+00:00\" \/>\n<meta name=\"twitter:card\" content=\"summary_large_image\" \/>\n<meta name=\"twitter:label1\" content=\"Dur\u00e9e de lecture estim\u00e9e\" \/>\n\t<meta name=\"twitter:data1\" content=\"2 minutes\" \/>\n<script type=\"application\/ld+json\" class=\"yoast-schema-graph\">{\"@context\":\"https:\/\/schema.org\",\"@graph\":[{\"@type\":\"WebPage\",\"@id\":\"https:\/\/www.duboischemicals.com\/paper-pulp\/fr\/industries\/paper-board-packaging\/\",\"url\":\"https:\/\/www.duboischemicals.com\/paper-pulp\/fr\/industries\/paper-board-packaging\/\",\"name\":\"Carton et emballage - P\u00e2tes et papiers\",\"isPartOf\":{\"@id\":\"https:\/\/www.duboischemicals.com\/paper-pulp\/fr\/#website\"},\"datePublished\":\"2018-10-01T21:38:25+00:00\",\"dateModified\":\"2021-03-05T18:11:35+00:00\",\"breadcrumb\":{\"@id\":\"https:\/\/www.duboischemicals.com\/paper-pulp\/fr\/industries\/paper-board-packaging\/#breadcrumb\"},\"inLanguage\":\"fr-FR\",\"potentialAction\":[{\"@type\":\"ReadAction\",\"target\":[\"https:\/\/www.duboischemicals.com\/paper-pulp\/fr\/industries\/paper-board-packaging\/\"]}]},{\"@type\":\"BreadcrumbList\",\"@id\":\"https:\/\/www.duboischemicals.com\/paper-pulp\/fr\/industries\/paper-board-packaging\/#breadcrumb\",\"itemListElement\":[{\"@type\":\"ListItem\",\"position\":1,\"name\":\"Accueil\",\"item\":\"https:\/\/www.duboischemicals.com\/paper-pulp\/fr\/\"},{\"@type\":\"ListItem\",\"position\":2,\"name\":\"Industries\",\"item\":\"https:\/\/www.duboischemicals.com\/paper-pulp\/fr\/industries\/\"},{\"@type\":\"ListItem\",\"position\":3,\"name\":\"Carton et emballage\"}]},{\"@type\":\"WebSite\",\"@id\":\"https:\/\/www.duboischemicals.com\/paper-pulp\/fr\/#website\",\"url\":\"https:\/\/www.duboischemicals.com\/paper-pulp\/fr\/\",\"name\":\"P\u00e2tes et papiers\",\"description\":\"\",\"potentialAction\":[{\"@type\":\"SearchAction\",\"target\":{\"@type\":\"EntryPoint\",\"urlTemplate\":\"https:\/\/www.duboischemicals.com\/paper-pulp\/fr\/?s={search_term_string}\"},\"query-input\":{\"@type\":\"PropertyValueSpecification\",\"valueRequired\":true,\"valueName\":\"search_term_string\"}}],\"inLanguage\":\"fr-FR\"}]}<\/script>\n<!-- \/ Yoast SEO plugin. -->","yoast_head_json":{"title":"Carton et emballage - P\u00e2tes et papiers","robots":{"index":"index","follow":"follow","max-snippet":"max-snippet:-1","max-image-preview":"max-image-preview:large","max-video-preview":"max-video-preview:-1"},"canonical":"https:\/\/www.duboischemicals.com\/paper-pulp\/fr\/industries\/paper-board-packaging\/","og_locale":"fr_FR","og_type":"article","og_title":"Carton et emballage - P\u00e2tes et papiers","og_description":"Les emballages en carton constituent un segment croissant et dynamique de l&rsquo;\u00e9conomie mondiale. Avec le taux de croissance de la classe moyenne mondiale et l&rsquo;acc\u00e9l\u00e9ration du commerce \u00e9lectronique, la demande de carton et d&#8217;emballages ne...","og_url":"https:\/\/www.duboischemicals.com\/paper-pulp\/fr\/industries\/paper-board-packaging\/","og_site_name":"P\u00e2tes et papiers","article_modified_time":"2021-03-05T18:11:35+00:00","twitter_card":"summary_large_image","twitter_misc":{"Dur\u00e9e de lecture estim\u00e9e":"2 minutes"},"schema":{"@context":"https:\/\/schema.org","@graph":[{"@type":"WebPage","@id":"https:\/\/www.duboischemicals.com\/paper-pulp\/fr\/industries\/paper-board-packaging\/","url":"https:\/\/www.duboischemicals.com\/paper-pulp\/fr\/industries\/paper-board-packaging\/","name":"Carton et emballage - P\u00e2tes et papiers","isPartOf":{"@id":"https:\/\/www.duboischemicals.com\/paper-pulp\/fr\/#website"},"datePublished":"2018-10-01T21:38:25+00:00","dateModified":"2021-03-05T18:11:35+00:00","breadcrumb":{"@id":"https:\/\/www.duboischemicals.com\/paper-pulp\/fr\/industries\/paper-board-packaging\/#breadcrumb"},"inLanguage":"fr-FR","potentialAction":[{"@type":"ReadAction","target":["https:\/\/www.duboischemicals.com\/paper-pulp\/fr\/industries\/paper-board-packaging\/"]}]},{"@type":"BreadcrumbList","@id":"https:\/\/www.duboischemicals.com\/paper-pulp\/fr\/industries\/paper-board-packaging\/#breadcrumb","itemListElement":[{"@type":"ListItem","position":1,"name":"Accueil","item":"https:\/\/www.duboischemicals.com\/paper-pulp\/fr\/"},{"@type":"ListItem","position":2,"name":"Industries","item":"https:\/\/www.duboischemicals.com\/paper-pulp\/fr\/industries\/"},{"@type":"ListItem","position":3,"name":"Carton et emballage"}]},{"@type":"WebSite","@id":"https:\/\/www.duboischemicals.com\/paper-pulp\/fr\/#website","url":"https:\/\/www.duboischemicals.com\/paper-pulp\/fr\/","name":"P\u00e2tes et papiers","description":"","potentialAction":[{"@type":"SearchAction","target":{"@type":"EntryPoint","urlTemplate":"https:\/\/www.duboischemicals.com\/paper-pulp\/fr\/?s={search_term_string}"},"query-input":{"@type":"PropertyValueSpecification","valueRequired":true,"valueName":"search_term_string"}}],"inLanguage":"fr-FR"}]}},"_links":{"self":[{"href":"https:\/\/www.duboischemicals.com\/paper-pulp\/fr\/wp-json\/wp\/v2\/pages\/10325","targetHints":{"allow":["GET"]}}],"collection":[{"href":"https:\/\/www.duboischemicals.com\/paper-pulp\/fr\/wp-json\/wp\/v2\/pages"}],"about":[{"href":"https:\/\/www.duboischemicals.com\/paper-pulp\/fr\/wp-json\/wp\/v2\/types\/page"}],"author":[{"embeddable":true,"href":"https:\/\/www.duboischemicals.com\/paper-pulp\/fr\/wp-json\/wp\/v2\/users\/219"}],"replies":[{"embeddable":true,"href":"https:\/\/www.duboischemicals.com\/paper-pulp\/fr\/wp-json\/wp\/v2\/comments?post=10325"}],"version-history":[{"count":5,"href":"https:\/\/www.duboischemicals.com\/paper-pulp\/fr\/wp-json\/wp\/v2\/pages\/10325\/revisions"}],"predecessor-version":[{"id":10891,"href":"https:\/\/www.duboischemicals.com\/paper-pulp\/fr\/wp-json\/wp\/v2\/pages\/10325\/revisions\/10891"}],"up":[{"embeddable":true,"href":"https:\/\/www.duboischemicals.com\/paper-pulp\/fr\/wp-json\/wp\/v2\/pages\/10303"}],"wp:attachment":[{"href":"https:\/\/www.duboischemicals.com\/paper-pulp\/fr\/wp-json\/wp\/v2\/media?parent=10325"}],"curies":[{"name":"wp","href":"https:\/\/api.w.org\/{rel}","templated":true}]}}