{"id":10336,"date":"2018-10-01T17:38:37","date_gmt":"2018-10-01T21:38:37","guid":{"rendered":"https:\/\/www.duboischemicals.com\/\/paper-pulp\/industries\/printing-specialty-paper\/"},"modified":"2021-02-26T04:33:09","modified_gmt":"2021-02-26T09:33:09","slug":"printing-specialty-paper","status":"publish","type":"page","link":"https:\/\/www.duboischemicals.com\/paper-pulp\/fr\/industries\/printing-specialty-paper\/","title":{"rendered":"Papiers d&rsquo;impression et de sp\u00e9cialit\u00e9"},"content":{"rendered":"<p>Le papier est l&rsquo;une des ressources les plus durables du monde. Le papier est plus recycl\u00e9 que tout autre produit, et les fibres de papier peuvent \u00eatre recycl\u00e9es jusqu&rsquo;\u00e0 sept fois.<\/p>\n<p>Malgr\u00e9 le d\u00e9veloppement des lecteurs \u00e9lectroniques, de nombreuses \u00e9tudes montrent que les gens appr\u00e9cient le plaisir de lire dans un livre imprim\u00e9 et que les \u00e9tudiants retiennent plus d&rsquo;informations avec un livre imprim\u00e9. Les artistes et les artisans appr\u00e9cient la polyvalence des couleurs, des textures et des styles d&rsquo;impression possibles avec le papier.<\/p>\n<p>Les papiers sp\u00e9ciaux peuvent se d\u00e9cliner en une vari\u00e9t\u00e9 de couleurs vives et n\u00e9cessitent l&rsquo;utilisation d&rsquo;additifs fonctionnels uniques et une forte teneur en charges.<\/p>\n<p>Pour les fabricants de papier de p\u00e2te maigre enduit et non enduit, nous avons des solutions pour maximiser le temps de fonctionnement, maintenir la dur\u00e9e de vie des toiles et pr\u00e9venir les d\u00e9fauts des coucheuses.<\/p>\n<p><strong>Nos technologies incluent les suivantes\u00a0:<\/strong><\/p>\n<ul>\n<li>Des nettoyants ax\u00e9s sur la s\u00e9curit\u00e9 qui sont efficaces tout en \u00e9tant non corrosifs pour la peau et les yeux<\/li>\n<li>Des produits de nettoyage des toiles en cours de marche, qui contiennent des agents mouillants uniques con\u00e7us pour un nettoyage efficace sans temps d&rsquo;arr\u00eat<\/li>\n<li>La m\u00e9thode de nettoyage DuPulse\u2122 des feutres de presse, qui am\u00e9liore l&rsquo;efficacit\u00e9 du nettoyage des toiles de presse<\/li>\n<li>Des technologies brevet\u00e9es pour un nettoyage efficace des syst\u00e8mes d\u2019enduction<\/li>\n<li>Des additifs pour p\u00e2te, des traitements des toiles et des nettoyants pour \u00e9liminer les probl\u00e8mes li\u00e9s aux r\u00e9sidus collants de fibres recycl\u00e9es, aux r\u00e9sidus collants de cass\u00e9s de fabrication enduits et aux d\u00e9p\u00f4ts de poix v\u00e9g\u00e9tale<\/li>\n<li>Une gamme compl\u00e8te de produits antitartre<\/li>\n<\/ul>\n<p><strong>Produits et technologies\u00a0:<\/strong><\/p>\n<ul>\n<li><a href=\"http:\/\/www.duboischemicals.com\/\/paper-pulp\/products\/fabric-treatment-cleaning\/\">Traitements et nettoyage des toiles<\/a><\/li>\n<li><a href=\"http:\/\/www.duboischemicals.com\/\/paper-pulp\/products\/deposit-control\/\">Contr\u00f4le des d\u00e9p\u00f4ts<\/a><\/li>\n<li><a href=\"http:\/\/www.duboischemicals.com\/\/paper-pulp\/products\/paper-mill-cleaning\/\">Nettoyage des usines de papier<\/a><\/li>\n<li><a href=\"http:\/\/www.duboischemicals.com\/\/paper-pulp\/products\/roll-treatment\/\">Traitement des rouleaux<\/a><\/li>\n<li><a href=\"http:\/\/www.duboischemicals.com\/\/paper-pulp\/products\/paper-process-solutions\/\">Solutions de transformation du papier<\/a><\/li>\n<li><a href=\"http:\/\/www.duboischemicals.com\/\/paper-pulp\/service-support\/feed-control-monitoring-solutions\/\">Solutions en mati\u00e8re d&rsquo;alimentation, de contr\u00f4le et de surveillance des produits chimiques<\/a><\/li>\n<li><a href=\"http:\/\/www.duboischemicals.com\/\/paper-pulp\/service-support\/\">Soutien \u00e0 l&rsquo;industrie du papier<\/a><\/li>\n<\/ul>\n","protected":false},"excerpt":{"rendered":"<p>Le papier est l&rsquo;une des ressources les plus durables du monde. Le papier est plus recycl\u00e9 que tout autre produit, et les fibres de papier peuvent \u00eatre recycl\u00e9es jusqu&rsquo;\u00e0 sept fois. Malgr\u00e9 le d\u00e9veloppement des&#8230;<\/p>\n","protected":false},"author":219,"featured_media":0,"parent":10303,"menu_order":3,"comment_status":"closed","ping_status":"closed","template":"","meta":{"_acf_changed":false,"footnotes":""},"class_list":["post-10336","page","type-page","status-publish","hentry"],"acf":[],"yoast_head":"<!-- This site is optimized with the Yoast SEO plugin v26.8 - https:\/\/yoast.com\/product\/yoast-seo-wordpress\/ -->\n<title>Papiers d&#039;impression et de sp\u00e9cialit\u00e9 - P\u00e2tes et papiers<\/title>\n<meta name=\"robots\" content=\"index, follow, max-snippet:-1, max-image-preview:large, max-video-preview:-1\" \/>\n<link rel=\"canonical\" href=\"https:\/\/www.duboischemicals.com\/paper-pulp\/fr\/industries\/printing-specialty-paper\/\" \/>\n<meta property=\"og:locale\" content=\"fr_FR\" \/>\n<meta property=\"og:type\" content=\"article\" \/>\n<meta property=\"og:title\" content=\"Papiers d&#039;impression et de sp\u00e9cialit\u00e9 - P\u00e2tes et papiers\" \/>\n<meta property=\"og:description\" content=\"Le papier est l&rsquo;une des ressources les plus durables du monde. Le papier est plus recycl\u00e9 que tout autre produit, et les fibres de papier peuvent \u00eatre recycl\u00e9es jusqu&rsquo;\u00e0 sept fois. Malgr\u00e9 le d\u00e9veloppement des...\" \/>\n<meta property=\"og:url\" content=\"https:\/\/www.duboischemicals.com\/paper-pulp\/fr\/industries\/printing-specialty-paper\/\" \/>\n<meta property=\"og:site_name\" content=\"P\u00e2tes et papiers\" \/>\n<meta property=\"article:modified_time\" content=\"2021-02-26T09:33:09+00:00\" \/>\n<meta name=\"twitter:card\" content=\"summary_large_image\" \/>\n<meta name=\"twitter:label1\" content=\"Dur\u00e9e de lecture estim\u00e9e\" \/>\n\t<meta name=\"twitter:data1\" content=\"2 minutes\" \/>\n<script type=\"application\/ld+json\" class=\"yoast-schema-graph\">{\"@context\":\"https:\/\/schema.org\",\"@graph\":[{\"@type\":\"WebPage\",\"@id\":\"https:\/\/www.duboischemicals.com\/paper-pulp\/fr\/industries\/printing-specialty-paper\/\",\"url\":\"https:\/\/www.duboischemicals.com\/paper-pulp\/fr\/industries\/printing-specialty-paper\/\",\"name\":\"Papiers d'impression et de sp\u00e9cialit\u00e9 - P\u00e2tes et papiers\",\"isPartOf\":{\"@id\":\"https:\/\/www.duboischemicals.com\/paper-pulp\/fr\/#website\"},\"datePublished\":\"2018-10-01T21:38:37+00:00\",\"dateModified\":\"2021-02-26T09:33:09+00:00\",\"breadcrumb\":{\"@id\":\"https:\/\/www.duboischemicals.com\/paper-pulp\/fr\/industries\/printing-specialty-paper\/#breadcrumb\"},\"inLanguage\":\"fr-FR\",\"potentialAction\":[{\"@type\":\"ReadAction\",\"target\":[\"https:\/\/www.duboischemicals.com\/paper-pulp\/fr\/industries\/printing-specialty-paper\/\"]}]},{\"@type\":\"BreadcrumbList\",\"@id\":\"https:\/\/www.duboischemicals.com\/paper-pulp\/fr\/industries\/printing-specialty-paper\/#breadcrumb\",\"itemListElement\":[{\"@type\":\"ListItem\",\"position\":1,\"name\":\"Accueil\",\"item\":\"https:\/\/www.duboischemicals.com\/paper-pulp\/fr\/\"},{\"@type\":\"ListItem\",\"position\":2,\"name\":\"Industries\",\"item\":\"https:\/\/www.duboischemicals.com\/paper-pulp\/fr\/industries\/\"},{\"@type\":\"ListItem\",\"position\":3,\"name\":\"Papiers d&rsquo;impression et de sp\u00e9cialit\u00e9\"}]},{\"@type\":\"WebSite\",\"@id\":\"https:\/\/www.duboischemicals.com\/paper-pulp\/fr\/#website\",\"url\":\"https:\/\/www.duboischemicals.com\/paper-pulp\/fr\/\",\"name\":\"P\u00e2tes et papiers\",\"description\":\"\",\"potentialAction\":[{\"@type\":\"SearchAction\",\"target\":{\"@type\":\"EntryPoint\",\"urlTemplate\":\"https:\/\/www.duboischemicals.com\/paper-pulp\/fr\/?s={search_term_string}\"},\"query-input\":{\"@type\":\"PropertyValueSpecification\",\"valueRequired\":true,\"valueName\":\"search_term_string\"}}],\"inLanguage\":\"fr-FR\"}]}<\/script>\n<!-- \/ Yoast SEO plugin. -->","yoast_head_json":{"title":"Papiers d'impression et de sp\u00e9cialit\u00e9 - P\u00e2tes et papiers","robots":{"index":"index","follow":"follow","max-snippet":"max-snippet:-1","max-image-preview":"max-image-preview:large","max-video-preview":"max-video-preview:-1"},"canonical":"https:\/\/www.duboischemicals.com\/paper-pulp\/fr\/industries\/printing-specialty-paper\/","og_locale":"fr_FR","og_type":"article","og_title":"Papiers d'impression et de sp\u00e9cialit\u00e9 - P\u00e2tes et papiers","og_description":"Le papier est l&rsquo;une des ressources les plus durables du monde. Le papier est plus recycl\u00e9 que tout autre produit, et les fibres de papier peuvent \u00eatre recycl\u00e9es jusqu&rsquo;\u00e0 sept fois. Malgr\u00e9 le d\u00e9veloppement des...","og_url":"https:\/\/www.duboischemicals.com\/paper-pulp\/fr\/industries\/printing-specialty-paper\/","og_site_name":"P\u00e2tes et papiers","article_modified_time":"2021-02-26T09:33:09+00:00","twitter_card":"summary_large_image","twitter_misc":{"Dur\u00e9e de lecture estim\u00e9e":"2 minutes"},"schema":{"@context":"https:\/\/schema.org","@graph":[{"@type":"WebPage","@id":"https:\/\/www.duboischemicals.com\/paper-pulp\/fr\/industries\/printing-specialty-paper\/","url":"https:\/\/www.duboischemicals.com\/paper-pulp\/fr\/industries\/printing-specialty-paper\/","name":"Papiers d'impression et de sp\u00e9cialit\u00e9 - P\u00e2tes et papiers","isPartOf":{"@id":"https:\/\/www.duboischemicals.com\/paper-pulp\/fr\/#website"},"datePublished":"2018-10-01T21:38:37+00:00","dateModified":"2021-02-26T09:33:09+00:00","breadcrumb":{"@id":"https:\/\/www.duboischemicals.com\/paper-pulp\/fr\/industries\/printing-specialty-paper\/#breadcrumb"},"inLanguage":"fr-FR","potentialAction":[{"@type":"ReadAction","target":["https:\/\/www.duboischemicals.com\/paper-pulp\/fr\/industries\/printing-specialty-paper\/"]}]},{"@type":"BreadcrumbList","@id":"https:\/\/www.duboischemicals.com\/paper-pulp\/fr\/industries\/printing-specialty-paper\/#breadcrumb","itemListElement":[{"@type":"ListItem","position":1,"name":"Accueil","item":"https:\/\/www.duboischemicals.com\/paper-pulp\/fr\/"},{"@type":"ListItem","position":2,"name":"Industries","item":"https:\/\/www.duboischemicals.com\/paper-pulp\/fr\/industries\/"},{"@type":"ListItem","position":3,"name":"Papiers d&rsquo;impression et de sp\u00e9cialit\u00e9"}]},{"@type":"WebSite","@id":"https:\/\/www.duboischemicals.com\/paper-pulp\/fr\/#website","url":"https:\/\/www.duboischemicals.com\/paper-pulp\/fr\/","name":"P\u00e2tes et papiers","description":"","potentialAction":[{"@type":"SearchAction","target":{"@type":"EntryPoint","urlTemplate":"https:\/\/www.duboischemicals.com\/paper-pulp\/fr\/?s={search_term_string}"},"query-input":{"@type":"PropertyValueSpecification","valueRequired":true,"valueName":"search_term_string"}}],"inLanguage":"fr-FR"}]}},"_links":{"self":[{"href":"https:\/\/www.duboischemicals.com\/paper-pulp\/fr\/wp-json\/wp\/v2\/pages\/10336","targetHints":{"allow":["GET"]}}],"collection":[{"href":"https:\/\/www.duboischemicals.com\/paper-pulp\/fr\/wp-json\/wp\/v2\/pages"}],"about":[{"href":"https:\/\/www.duboischemicals.com\/paper-pulp\/fr\/wp-json\/wp\/v2\/types\/page"}],"author":[{"embeddable":true,"href":"https:\/\/www.duboischemicals.com\/paper-pulp\/fr\/wp-json\/wp\/v2\/users\/219"}],"replies":[{"embeddable":true,"href":"https:\/\/www.duboischemicals.com\/paper-pulp\/fr\/wp-json\/wp\/v2\/comments?post=10336"}],"version-history":[{"count":4,"href":"https:\/\/www.duboischemicals.com\/paper-pulp\/fr\/wp-json\/wp\/v2\/pages\/10336\/revisions"}],"predecessor-version":[{"id":10802,"href":"https:\/\/www.duboischemicals.com\/paper-pulp\/fr\/wp-json\/wp\/v2\/pages\/10336\/revisions\/10802"}],"up":[{"embeddable":true,"href":"https:\/\/www.duboischemicals.com\/paper-pulp\/fr\/wp-json\/wp\/v2\/pages\/10303"}],"wp:attachment":[{"href":"https:\/\/www.duboischemicals.com\/paper-pulp\/fr\/wp-json\/wp\/v2\/media?parent=10336"}],"curies":[{"name":"wp","href":"https:\/\/api.w.org\/{rel}","templated":true}]}}