{"id":10617,"date":"2020-11-30T07:34:39","date_gmt":"2020-11-30T12:34:39","guid":{"rendered":"https:\/\/www.duboischemicals.com\/\/water-treatment\/data-centers\/"},"modified":"2021-02-03T08:36:06","modified_gmt":"2021-02-03T13:36:06","slug":"data-centers","status":"publish","type":"page","link":"https:\/\/www.duboischemicals.com\/water-treatment\/fr\/industries\/data-centers\/","title":{"rendered":"Centres de donn\u00e9es"},"content":{"rendered":"<h2>Centres de donn\u00e9es<\/h2>\n<p>Les centres de donn\u00e9es n\u00e9cessitent un savoir-faire particulier pour r\u00e9pondre \u00e0 leurs besoins en eau de refroidissement. Prot\u00e9ger des donn\u00e9es importantes et des \u00e9quipements sensibles \u00e0 la chaleur, tout en contr\u00f4lant les co\u00fbts des services publics, n\u00e9cessite un fournisseur de traitement de l&rsquo;eau qui offre un service et une exp\u00e9rience de pointe, soutenus par des solutions chimiques et d&rsquo;\u00e9quipements innovantes.<\/p>\n<p>Les solutions novatrices Monitrol et PBB de DuBois, \u00e9paul\u00e9es par des repr\u00e9sentants de commerce et de service \u00e0 la client\u00e8le exp\u00e9riment\u00e9s et hautement qualifi\u00e9s, fournissent un programme de gestion de l&rsquo;eau des centres de donn\u00e9es in\u00e9gal\u00e9 dans l&rsquo;industrie. Nous proposerons un programme qui fournira de l&rsquo;eau sans corrosion, sans tartre et sans d\u00e9veloppement des bact\u00e9ries tout en minimisant les co\u00fbts d&rsquo;\u00e9nergie, d&rsquo;eau et de produits chimiques. Les programmes de gestion de l&rsquo;eau DuBois offrent des solutions s\u00fbres et efficaces qui vous donnent la tranquillit\u00e9 d&rsquo;esprit de savoir que vos op\u00e9rations de refroidissement essentielles fonctionneront avec une efficacit\u00e9 maximale.<\/p>\n<p><strong>Produits et technologies\u00a0:<\/strong><\/p>\n<ul>\n<li><a href=\"http:\/\/www.duboischemicals.com\/\/water-treatment\/products\/cooling-water-treatment\/\">Traitement de l&rsquo;eau de refroidissement<\/a><\/li>\n<li><a href=\"http:\/\/www.duboischemicals.com\/\/water-treatment\/products\/legionella-control\/\">Lutte contre les l\u00e9gionelles<\/a><\/li>\n<li><a href=\"http:\/\/www.duboischemicals.com\/\/water-treatment\/products\/closed-loop-treatment\/\">Traitement en syst\u00e8me ferm\u00e9<\/a><\/li>\n<li><a href=\"http:\/\/www.duboischemicals.com\/\/water-treatment\/service-support\/water-management-programs\/\">Programmes de traitement des eaux<\/a><\/li>\n<li><a href=\"http:\/\/www.duboischemicals.com\/\/water-treatment\/equipment\/automation-control\/\">Automatisation et contr\u00f4le<\/a><\/li>\n<li><a href=\"http:\/\/www.duboischemicals.com\/\/water-treatment\/service-support\/data-management\/\">Gestion des donn\u00e9es DuBois<\/a><\/li>\n<li><a href=\"http:\/\/www.duboischemicals.com\/\/water-treatment\/equipment\/pbb\/\"> Poudre emball\u00e9e en format \u00ab\u00a0Bag in a Box\u00a0\u00bb<\/a><\/li>\n<\/ul>\n","protected":false},"excerpt":{"rendered":"<p>Centres de donn\u00e9es Les centres de donn\u00e9es n\u00e9cessitent un savoir-faire particulier pour r\u00e9pondre \u00e0 leurs besoins en eau de refroidissement. Prot\u00e9ger des donn\u00e9es importantes et des \u00e9quipements sensibles \u00e0 la chaleur, tout en contr\u00f4lant les&#8230;<\/p>\n","protected":false},"author":220,"featured_media":0,"parent":10909,"menu_order":8,"comment_status":"closed","ping_status":"closed","template":"","meta":{"_acf_changed":false,"footnotes":""},"class_list":["post-10617","page","type-page","status-publish","hentry"],"acf":[],"yoast_head":"<!-- This site is optimized with the Yoast SEO plugin v26.8 - https:\/\/yoast.com\/product\/yoast-seo-wordpress\/ -->\n<title>Centres de donn\u00e9es - Traitement des eaux<\/title>\n<meta name=\"robots\" content=\"index, follow, max-snippet:-1, max-image-preview:large, max-video-preview:-1\" \/>\n<link rel=\"canonical\" href=\"https:\/\/www.duboischemicals.com\/water-treatment\/fr\/industries\/data-centers\/\" \/>\n<meta property=\"og:locale\" content=\"fr_FR\" \/>\n<meta property=\"og:type\" content=\"article\" \/>\n<meta property=\"og:title\" content=\"Centres de donn\u00e9es - Traitement des eaux\" \/>\n<meta property=\"og:description\" content=\"Centres de donn\u00e9es Les centres de donn\u00e9es n\u00e9cessitent un savoir-faire particulier pour r\u00e9pondre \u00e0 leurs besoins en eau de refroidissement. Prot\u00e9ger des donn\u00e9es importantes et des \u00e9quipements sensibles \u00e0 la chaleur, tout en contr\u00f4lant les...\" \/>\n<meta property=\"og:url\" content=\"https:\/\/www.duboischemicals.com\/water-treatment\/fr\/industries\/data-centers\/\" \/>\n<meta property=\"og:site_name\" content=\"Traitement des eaux\" \/>\n<meta property=\"article:modified_time\" content=\"2021-02-03T13:36:06+00:00\" \/>\n<meta name=\"twitter:card\" content=\"summary_large_image\" \/>\n<meta name=\"twitter:label1\" content=\"Dur\u00e9e de lecture estim\u00e9e\" \/>\n\t<meta name=\"twitter:data1\" content=\"1 minute\" \/>\n<script type=\"application\/ld+json\" class=\"yoast-schema-graph\">{\"@context\":\"https:\/\/schema.org\",\"@graph\":[{\"@type\":\"WebPage\",\"@id\":\"https:\/\/www.duboischemicals.com\/water-treatment\/fr\/industries\/data-centers\/\",\"url\":\"https:\/\/www.duboischemicals.com\/water-treatment\/fr\/industries\/data-centers\/\",\"name\":\"Centres de donn\u00e9es - Traitement des eaux\",\"isPartOf\":{\"@id\":\"https:\/\/www.duboischemicals.com\/water-treatment\/fr\/#website\"},\"datePublished\":\"2020-11-30T12:34:39+00:00\",\"dateModified\":\"2021-02-03T13:36:06+00:00\",\"breadcrumb\":{\"@id\":\"https:\/\/www.duboischemicals.com\/water-treatment\/fr\/industries\/data-centers\/#breadcrumb\"},\"inLanguage\":\"fr-FR\",\"potentialAction\":[{\"@type\":\"ReadAction\",\"target\":[\"https:\/\/www.duboischemicals.com\/water-treatment\/fr\/industries\/data-centers\/\"]}]},{\"@type\":\"BreadcrumbList\",\"@id\":\"https:\/\/www.duboischemicals.com\/water-treatment\/fr\/industries\/data-centers\/#breadcrumb\",\"itemListElement\":[{\"@type\":\"ListItem\",\"position\":1,\"name\":\"Accueil\",\"item\":\"https:\/\/www.duboischemicals.com\/water-treatment\/fr\/\"},{\"@type\":\"ListItem\",\"position\":2,\"name\":\"Industries\",\"item\":\"https:\/\/www.duboischemicals.com\/water-treatment\/fr\/industries\/\"},{\"@type\":\"ListItem\",\"position\":3,\"name\":\"Centres de donn\u00e9es\"}]},{\"@type\":\"WebSite\",\"@id\":\"https:\/\/www.duboischemicals.com\/water-treatment\/fr\/#website\",\"url\":\"https:\/\/www.duboischemicals.com\/water-treatment\/fr\/\",\"name\":\"Traitement des eaux\",\"description\":\"\",\"potentialAction\":[{\"@type\":\"SearchAction\",\"target\":{\"@type\":\"EntryPoint\",\"urlTemplate\":\"https:\/\/www.duboischemicals.com\/water-treatment\/fr\/?s={search_term_string}\"},\"query-input\":{\"@type\":\"PropertyValueSpecification\",\"valueRequired\":true,\"valueName\":\"search_term_string\"}}],\"inLanguage\":\"fr-FR\"}]}<\/script>\n<!-- \/ Yoast SEO plugin. -->","yoast_head_json":{"title":"Centres de donn\u00e9es - Traitement des eaux","robots":{"index":"index","follow":"follow","max-snippet":"max-snippet:-1","max-image-preview":"max-image-preview:large","max-video-preview":"max-video-preview:-1"},"canonical":"https:\/\/www.duboischemicals.com\/water-treatment\/fr\/industries\/data-centers\/","og_locale":"fr_FR","og_type":"article","og_title":"Centres de donn\u00e9es - Traitement des eaux","og_description":"Centres de donn\u00e9es Les centres de donn\u00e9es n\u00e9cessitent un savoir-faire particulier pour r\u00e9pondre \u00e0 leurs besoins en eau de refroidissement. Prot\u00e9ger des donn\u00e9es importantes et des \u00e9quipements sensibles \u00e0 la chaleur, tout en contr\u00f4lant les...","og_url":"https:\/\/www.duboischemicals.com\/water-treatment\/fr\/industries\/data-centers\/","og_site_name":"Traitement des eaux","article_modified_time":"2021-02-03T13:36:06+00:00","twitter_card":"summary_large_image","twitter_misc":{"Dur\u00e9e de lecture estim\u00e9e":"1 minute"},"schema":{"@context":"https:\/\/schema.org","@graph":[{"@type":"WebPage","@id":"https:\/\/www.duboischemicals.com\/water-treatment\/fr\/industries\/data-centers\/","url":"https:\/\/www.duboischemicals.com\/water-treatment\/fr\/industries\/data-centers\/","name":"Centres de donn\u00e9es - Traitement des eaux","isPartOf":{"@id":"https:\/\/www.duboischemicals.com\/water-treatment\/fr\/#website"},"datePublished":"2020-11-30T12:34:39+00:00","dateModified":"2021-02-03T13:36:06+00:00","breadcrumb":{"@id":"https:\/\/www.duboischemicals.com\/water-treatment\/fr\/industries\/data-centers\/#breadcrumb"},"inLanguage":"fr-FR","potentialAction":[{"@type":"ReadAction","target":["https:\/\/www.duboischemicals.com\/water-treatment\/fr\/industries\/data-centers\/"]}]},{"@type":"BreadcrumbList","@id":"https:\/\/www.duboischemicals.com\/water-treatment\/fr\/industries\/data-centers\/#breadcrumb","itemListElement":[{"@type":"ListItem","position":1,"name":"Accueil","item":"https:\/\/www.duboischemicals.com\/water-treatment\/fr\/"},{"@type":"ListItem","position":2,"name":"Industries","item":"https:\/\/www.duboischemicals.com\/water-treatment\/fr\/industries\/"},{"@type":"ListItem","position":3,"name":"Centres de donn\u00e9es"}]},{"@type":"WebSite","@id":"https:\/\/www.duboischemicals.com\/water-treatment\/fr\/#website","url":"https:\/\/www.duboischemicals.com\/water-treatment\/fr\/","name":"Traitement des eaux","description":"","potentialAction":[{"@type":"SearchAction","target":{"@type":"EntryPoint","urlTemplate":"https:\/\/www.duboischemicals.com\/water-treatment\/fr\/?s={search_term_string}"},"query-input":{"@type":"PropertyValueSpecification","valueRequired":true,"valueName":"search_term_string"}}],"inLanguage":"fr-FR"}]}},"_links":{"self":[{"href":"https:\/\/www.duboischemicals.com\/water-treatment\/fr\/wp-json\/wp\/v2\/pages\/10617","targetHints":{"allow":["GET"]}}],"collection":[{"href":"https:\/\/www.duboischemicals.com\/water-treatment\/fr\/wp-json\/wp\/v2\/pages"}],"about":[{"href":"https:\/\/www.duboischemicals.com\/water-treatment\/fr\/wp-json\/wp\/v2\/types\/page"}],"author":[{"embeddable":true,"href":"https:\/\/www.duboischemicals.com\/water-treatment\/fr\/wp-json\/wp\/v2\/users\/220"}],"replies":[{"embeddable":true,"href":"https:\/\/www.duboischemicals.com\/water-treatment\/fr\/wp-json\/wp\/v2\/comments?post=10617"}],"version-history":[{"count":3,"href":"https:\/\/www.duboischemicals.com\/water-treatment\/fr\/wp-json\/wp\/v2\/pages\/10617\/revisions"}],"predecessor-version":[{"id":11478,"href":"https:\/\/www.duboischemicals.com\/water-treatment\/fr\/wp-json\/wp\/v2\/pages\/10617\/revisions\/11478"}],"up":[{"embeddable":true,"href":"https:\/\/www.duboischemicals.com\/water-treatment\/fr\/wp-json\/wp\/v2\/pages\/10909"}],"wp:attachment":[{"href":"https:\/\/www.duboischemicals.com\/water-treatment\/fr\/wp-json\/wp\/v2\/media?parent=10617"}],"curies":[{"name":"wp","href":"https:\/\/api.w.org\/{rel}","templated":true}]}}