{"id":10628,"date":"2020-11-30T07:34:42","date_gmt":"2020-11-30T12:34:42","guid":{"rendered":"https:\/\/www.duboischemicals.com\/\/water-treatment\/education-government\/"},"modified":"2021-02-03T08:36:17","modified_gmt":"2021-02-03T13:36:17","slug":"education-government","status":"publish","type":"page","link":"https:\/\/www.duboischemicals.com\/water-treatment\/fr\/industries\/education-government\/","title":{"rendered":"Enseignement et gouvernement"},"content":{"rendered":"<h2>Enseignement et gouvernement<\/h2>\n<p>DuBois propose des solutions innovantes de refroidissement, de chaudi\u00e8re et de traitement des eaux us\u00e9es capables de minimiser les co\u00fbts d&rsquo;\u00e9nergie et de maximiser la dur\u00e9e de vie des \u00e9quipements pour les syst\u00e8mes d&rsquo;eau couramment utilis\u00e9s dans les \u00e9tablissements d\u2019enseignement et gouvernementaux.<\/p>\n<p>Bien que les syst\u00e8mes de refroidissement et de chaudi\u00e8res pour le confort ne sont g\u00e9n\u00e9ralement pas consid\u00e9r\u00e9s comme des applications \u00ab\u00a0essentielles\u00a0\u00bb, le contr\u00f4le du climat est essentiel pour cr\u00e9er des conditions optimales d&rsquo;apprentissage dans les \u00e9coles et les universit\u00e9s. Un contr\u00f4le ad\u00e9quat de la temp\u00e9rature et de l&rsquo;humidit\u00e9 cr\u00e9e un environnement d&rsquo;apprentissage confortable. Le service d&rsquo;experts DuBois et les solutions techniques innovantes permettent de contr\u00f4ler le tartre, la corrosion et les bact\u00e9ries dans les syst\u00e8mes d&rsquo;eau, cr\u00e9ant ainsi un syst\u00e8me qui fonctionne efficacement \u00e0 un co\u00fbt minimal.<\/p>\n<p>Le gouvernement et les \u00e9tablissements d&rsquo;enseignement public font face \u00e0 des demandes croissantes de r\u00e9duction des co\u00fbts. Les programmes de gestion de l&rsquo;eau de DuBois se concentrent sur la r\u00e9duction du co\u00fbt total de propri\u00e9t\u00e9 de vos syst\u00e8mes d&rsquo;eau. L&rsquo;\u00e9limination du tartre et de la corrosion dans les syst\u00e8mes r\u00e9duit les co\u00fbts d&rsquo;\u00e9nergie tout en maximisant le cycle de vie des \u00e9quipements. Le contr\u00f4le de la croissance des bact\u00e9ries permet non seulement d&rsquo;assurer la s\u00e9curit\u00e9 des personnes, mais aussi d&rsquo;\u00e9liminer le biofilm isolant des surfaces d&rsquo;\u00e9change thermique, ce qui augmente l&rsquo;efficacit\u00e9 \u00e9nerg\u00e9tique.<\/p>\n<p>DuBois est un chef de file des solutions de gestion des l\u00e9gionelles dans toutes les industries. La gestion des l\u00e9gionelles est particuli\u00e8rement pr\u00e9occupante dans les \u00e9tablissements d&rsquo;enseignement et gouvernementaux. L&rsquo;objectif de toute \u00e9cole est d&rsquo;assurer la s\u00e9curit\u00e9 des \u00e9l\u00e8ves, et le contr\u00f4le des l\u00e9gionelles et d&rsquo;autres bact\u00e9ries nocives dans les syst\u00e8mes de chauffage, de ventilation et de climatisation contribue \u00e0 atteindre cet objectif.<\/p>\n<p>Bien que tous les b\u00e2timents gouvernementaux n\u00e9cessitent le contr\u00f4le des l\u00e9gionelles pour promouvoir la s\u00e9curit\u00e9 des employ\u00e9s et des visiteurs, il est particuli\u00e8rement important pour les soins de sant\u00e9 publics et les h\u00f4pitaux, car la maladie du l\u00e9gionnaire est plus susceptible de se d\u00e9velopper chez des patients d\u00e9j\u00e0 malades ou souffrant d&rsquo;autres conditions compromettant leur syst\u00e8me pulmonaire. DuBois propose plusieurs solutions pour aider \u00e0 minimiser les risques de l\u00e9gionelles dans les \u00e9tablissements d\u2019enseignement et gouvernementaux, y compris les h\u00f4pitaux et autres b\u00e2timents m\u00e9dicaux\u00a0:<\/p>\n<ul>\n<li>Un service de conseil pour concevoir des programmes de gestion des l\u00e9gionelles dans l&rsquo;eau qui r\u00e9pondent aux exigences de l&rsquo;ASHRAE et du gouvernement<\/li>\n<li>Des meilleures pratiques innovantes pour le traitement des tours de refroidissement afin de minimiser les risques de l\u00e9gionelles dans les syst\u00e8mes de refroidissement<\/li>\n<li>Les syst\u00e8mes chimiques et d&rsquo;\u00e9quipements de surveillance de Monitrol pour permettre \u00e0 vos syst\u00e8mes d&rsquo;eau de fonctionner selon les sp\u00e9cifications, r\u00e9duisant ainsi les risques caus\u00e9s par la formation de tartre ou la corrosion et assurant une alimentation ad\u00e9quate en biocide<\/li>\n<li>La filtration Nephros au point d\u2019utilisation propose une \u00e9limination dans les robinets, les pommes de douche et les machines \u00e0 glace<\/li>\n<li>Les g\u00e9n\u00e9rateurs de monochloramine Sanipur fournissent un moyen s\u00fbr, simple et efficace de d\u00e9sinfection secondaire dans votre syst\u00e8me d&rsquo;eau chaude<\/li>\n<\/ul>\n<p><strong>Produits et technologies\u00a0:<\/strong><\/p>\n<ul>\n<li><a href=\"http:\/\/www.duboischemicals.com\/\/water-treatment\/products\/cooling-water-treatment\/\">Traitement de l&rsquo;eau de refroidissement<\/a><\/li>\n<li><a href=\"http:\/\/www.duboischemicals.com\/\/water-treatment\/products\/legionella-control\/\">Lutte contre les l\u00e9gionelles<\/a><\/li>\n<li><a href=\"http:\/\/www.duboischemicals.com\/\/water-treatment\/products\/closed-loop-treatment\/\">Traitement en syst\u00e8me ferm\u00e9<\/a><\/li>\n<li><a href=\"http:\/\/www.duboischemicals.com\/\/water-treatment\/products\/boiler-water-treatment\/\">Traitement de l&rsquo;eau de chaudi\u00e8re<\/a><\/li>\n<li><a href=\"http:\/\/www.duboischemicals.com\/\/water-treatment\/equipment\/sanipur-monochloramine-generation\/\">G\u00e9n\u00e9ration de monochloramine de Sanipur<\/a><\/li>\n<li><a href=\"http:\/\/www.duboischemicals.com\/\/water-treatment\/equipment\/nephros-filtration\/\">Filtration Nephros<\/a><\/li>\n<li><a href=\"http:\/\/www.duboischemicals.com\/\/water-treatment\/service-support\/water-management-programs\/\">Programmes de traitement des eaux<\/a><\/li>\n<li><a href=\"http:\/\/www.duboischemicals.com\/\/water-treatment\/equipment\/automation-control\/\">Automatisation et contr\u00f4le<\/a><\/li>\n<li><a href=\"http:\/\/www.duboischemicals.com\/\/water-treatment\/service-support\/data-management\/\">Gestion des donn\u00e9es DuBois<\/a><\/li>\n<li><a href=\"http:\/\/www.duboischemicals.com\/\/water-treatment\/equipment\/pbb\/\">Poudre emball\u00e9e en format \u00ab\u00a0Bag in a Box\u00a0\u00bb<\/a><\/li>\n<\/ul>\n<p><strong>\u00c9tude de cas\u00a0:<\/strong><\/p>\n<ul>\n<li><a href=\"http:\/\/www.duboischemicals.com\/\/water-treatment\/resources\/case-studies\/legionella-management-plans-installed-across-multiple-locations-for-government-customer-in-new-york\/\">Plan de gestion de l&rsquo;eau contre les l\u00e9gionelles\u00a0\u2013 Installation gouvernementale<\/span><\/a><\/li>\n<\/ul>\n","protected":false},"excerpt":{"rendered":"<p>Enseignement et gouvernement DuBois propose des solutions innovantes de refroidissement, de chaudi\u00e8re et de traitement des eaux us\u00e9es capables de minimiser les co\u00fbts d&rsquo;\u00e9nergie et de maximiser la dur\u00e9e de vie des \u00e9quipements pour les&#8230;<\/p>\n","protected":false},"author":220,"featured_media":0,"parent":10909,"menu_order":9,"comment_status":"closed","ping_status":"closed","template":"","meta":{"_acf_changed":false,"footnotes":""},"class_list":["post-10628","page","type-page","status-publish","hentry"],"acf":[],"yoast_head":"<!-- This site is optimized with the Yoast SEO plugin v26.8 - https:\/\/yoast.com\/product\/yoast-seo-wordpress\/ -->\n<title>Enseignement et gouvernement - Traitement des eaux<\/title>\n<meta name=\"robots\" content=\"index, follow, max-snippet:-1, max-image-preview:large, max-video-preview:-1\" \/>\n<link rel=\"canonical\" href=\"https:\/\/www.duboischemicals.com\/water-treatment\/fr\/industries\/education-government\/\" \/>\n<meta property=\"og:locale\" content=\"fr_FR\" \/>\n<meta property=\"og:type\" content=\"article\" \/>\n<meta property=\"og:title\" content=\"Enseignement et gouvernement - Traitement des eaux\" \/>\n<meta property=\"og:description\" content=\"Enseignement et gouvernement DuBois propose des solutions innovantes de refroidissement, de chaudi\u00e8re et de traitement des eaux us\u00e9es capables de minimiser les co\u00fbts d&rsquo;\u00e9nergie et de maximiser la dur\u00e9e de vie des \u00e9quipements pour les...\" \/>\n<meta property=\"og:url\" content=\"https:\/\/www.duboischemicals.com\/water-treatment\/fr\/industries\/education-government\/\" \/>\n<meta property=\"og:site_name\" content=\"Traitement des eaux\" \/>\n<meta property=\"article:modified_time\" content=\"2021-02-03T13:36:17+00:00\" \/>\n<meta name=\"twitter:card\" content=\"summary_large_image\" \/>\n<meta name=\"twitter:label1\" content=\"Dur\u00e9e de lecture estim\u00e9e\" \/>\n\t<meta name=\"twitter:data1\" content=\"3 minutes\" \/>\n<script type=\"application\/ld+json\" class=\"yoast-schema-graph\">{\"@context\":\"https:\/\/schema.org\",\"@graph\":[{\"@type\":\"WebPage\",\"@id\":\"https:\/\/www.duboischemicals.com\/water-treatment\/fr\/industries\/education-government\/\",\"url\":\"https:\/\/www.duboischemicals.com\/water-treatment\/fr\/industries\/education-government\/\",\"name\":\"Enseignement et gouvernement - Traitement des eaux\",\"isPartOf\":{\"@id\":\"https:\/\/www.duboischemicals.com\/water-treatment\/fr\/#website\"},\"datePublished\":\"2020-11-30T12:34:42+00:00\",\"dateModified\":\"2021-02-03T13:36:17+00:00\",\"breadcrumb\":{\"@id\":\"https:\/\/www.duboischemicals.com\/water-treatment\/fr\/industries\/education-government\/#breadcrumb\"},\"inLanguage\":\"fr-FR\",\"potentialAction\":[{\"@type\":\"ReadAction\",\"target\":[\"https:\/\/www.duboischemicals.com\/water-treatment\/fr\/industries\/education-government\/\"]}]},{\"@type\":\"BreadcrumbList\",\"@id\":\"https:\/\/www.duboischemicals.com\/water-treatment\/fr\/industries\/education-government\/#breadcrumb\",\"itemListElement\":[{\"@type\":\"ListItem\",\"position\":1,\"name\":\"Accueil\",\"item\":\"https:\/\/www.duboischemicals.com\/water-treatment\/fr\/\"},{\"@type\":\"ListItem\",\"position\":2,\"name\":\"Industries\",\"item\":\"https:\/\/www.duboischemicals.com\/water-treatment\/fr\/industries\/\"},{\"@type\":\"ListItem\",\"position\":3,\"name\":\"Enseignement et gouvernement\"}]},{\"@type\":\"WebSite\",\"@id\":\"https:\/\/www.duboischemicals.com\/water-treatment\/fr\/#website\",\"url\":\"https:\/\/www.duboischemicals.com\/water-treatment\/fr\/\",\"name\":\"Traitement des eaux\",\"description\":\"\",\"potentialAction\":[{\"@type\":\"SearchAction\",\"target\":{\"@type\":\"EntryPoint\",\"urlTemplate\":\"https:\/\/www.duboischemicals.com\/water-treatment\/fr\/?s={search_term_string}\"},\"query-input\":{\"@type\":\"PropertyValueSpecification\",\"valueRequired\":true,\"valueName\":\"search_term_string\"}}],\"inLanguage\":\"fr-FR\"}]}<\/script>\n<!-- \/ Yoast SEO plugin. -->","yoast_head_json":{"title":"Enseignement et gouvernement - Traitement des eaux","robots":{"index":"index","follow":"follow","max-snippet":"max-snippet:-1","max-image-preview":"max-image-preview:large","max-video-preview":"max-video-preview:-1"},"canonical":"https:\/\/www.duboischemicals.com\/water-treatment\/fr\/industries\/education-government\/","og_locale":"fr_FR","og_type":"article","og_title":"Enseignement et gouvernement - Traitement des eaux","og_description":"Enseignement et gouvernement DuBois propose des solutions innovantes de refroidissement, de chaudi\u00e8re et de traitement des eaux us\u00e9es capables de minimiser les co\u00fbts d&rsquo;\u00e9nergie et de maximiser la dur\u00e9e de vie des \u00e9quipements pour les...","og_url":"https:\/\/www.duboischemicals.com\/water-treatment\/fr\/industries\/education-government\/","og_site_name":"Traitement des eaux","article_modified_time":"2021-02-03T13:36:17+00:00","twitter_card":"summary_large_image","twitter_misc":{"Dur\u00e9e de lecture estim\u00e9e":"3 minutes"},"schema":{"@context":"https:\/\/schema.org","@graph":[{"@type":"WebPage","@id":"https:\/\/www.duboischemicals.com\/water-treatment\/fr\/industries\/education-government\/","url":"https:\/\/www.duboischemicals.com\/water-treatment\/fr\/industries\/education-government\/","name":"Enseignement et gouvernement - Traitement des eaux","isPartOf":{"@id":"https:\/\/www.duboischemicals.com\/water-treatment\/fr\/#website"},"datePublished":"2020-11-30T12:34:42+00:00","dateModified":"2021-02-03T13:36:17+00:00","breadcrumb":{"@id":"https:\/\/www.duboischemicals.com\/water-treatment\/fr\/industries\/education-government\/#breadcrumb"},"inLanguage":"fr-FR","potentialAction":[{"@type":"ReadAction","target":["https:\/\/www.duboischemicals.com\/water-treatment\/fr\/industries\/education-government\/"]}]},{"@type":"BreadcrumbList","@id":"https:\/\/www.duboischemicals.com\/water-treatment\/fr\/industries\/education-government\/#breadcrumb","itemListElement":[{"@type":"ListItem","position":1,"name":"Accueil","item":"https:\/\/www.duboischemicals.com\/water-treatment\/fr\/"},{"@type":"ListItem","position":2,"name":"Industries","item":"https:\/\/www.duboischemicals.com\/water-treatment\/fr\/industries\/"},{"@type":"ListItem","position":3,"name":"Enseignement et gouvernement"}]},{"@type":"WebSite","@id":"https:\/\/www.duboischemicals.com\/water-treatment\/fr\/#website","url":"https:\/\/www.duboischemicals.com\/water-treatment\/fr\/","name":"Traitement des eaux","description":"","potentialAction":[{"@type":"SearchAction","target":{"@type":"EntryPoint","urlTemplate":"https:\/\/www.duboischemicals.com\/water-treatment\/fr\/?s={search_term_string}"},"query-input":{"@type":"PropertyValueSpecification","valueRequired":true,"valueName":"search_term_string"}}],"inLanguage":"fr-FR"}]}},"_links":{"self":[{"href":"https:\/\/www.duboischemicals.com\/water-treatment\/fr\/wp-json\/wp\/v2\/pages\/10628","targetHints":{"allow":["GET"]}}],"collection":[{"href":"https:\/\/www.duboischemicals.com\/water-treatment\/fr\/wp-json\/wp\/v2\/pages"}],"about":[{"href":"https:\/\/www.duboischemicals.com\/water-treatment\/fr\/wp-json\/wp\/v2\/types\/page"}],"author":[{"embeddable":true,"href":"https:\/\/www.duboischemicals.com\/water-treatment\/fr\/wp-json\/wp\/v2\/users\/220"}],"replies":[{"embeddable":true,"href":"https:\/\/www.duboischemicals.com\/water-treatment\/fr\/wp-json\/wp\/v2\/comments?post=10628"}],"version-history":[{"count":3,"href":"https:\/\/www.duboischemicals.com\/water-treatment\/fr\/wp-json\/wp\/v2\/pages\/10628\/revisions"}],"predecessor-version":[{"id":11502,"href":"https:\/\/www.duboischemicals.com\/water-treatment\/fr\/wp-json\/wp\/v2\/pages\/10628\/revisions\/11502"}],"up":[{"embeddable":true,"href":"https:\/\/www.duboischemicals.com\/water-treatment\/fr\/wp-json\/wp\/v2\/pages\/10909"}],"wp:attachment":[{"href":"https:\/\/www.duboischemicals.com\/water-treatment\/fr\/wp-json\/wp\/v2\/media?parent=10628"}],"curies":[{"name":"wp","href":"https:\/\/api.w.org\/{rel}","templated":true}]}}