{"id":10639,"date":"2020-11-30T07:34:44","date_gmt":"2020-11-30T12:34:44","guid":{"rendered":"https:\/\/www.duboischemicals.com\/\/water-treatment\/equipment\/"},"modified":"2021-02-11T06:55:12","modified_gmt":"2021-02-11T11:55:12","slug":"equipment","status":"publish","type":"page","link":"https:\/\/www.duboischemicals.com\/water-treatment\/fr\/equipment\/","title":{"rendered":"\u00c9quipement"},"content":{"rendered":"<h2>\u00c9quipement<\/h2>\n<p>Qu&rsquo;il s&rsquo;agisse du dosage chimique, de la surveillance des param\u00e8tres des syst\u00e8mes, du maintien des cycles de concentration ou d&rsquo;autres fonctions essentielles, l&rsquo;\u00e9quipement est un \u00e9l\u00e9ment essentiel de tout programme de traitement de l&rsquo;eau ou des eaux us\u00e9es. Le groupe DuBois Equipment est enti\u00e8rement d\u00e9di\u00e9 \u00e0 vos besoins en \u00e9quipement, du d\u00e9pannage aux nouvelles solutions d&rsquo;\u00e9quipement innovantes.<\/p>\n<p>Outre les \u00e9quipements d&rsquo;automatisation et de contr\u00f4le tels que les pompes, les contr\u00f4leurs,\u00a0etc., DuBois propose \u00e9galement plusieurs autres solutions d&rsquo;\u00e9quipement uniques et innovantes\u00a0:<\/p>\n<ul>\n<li><a href=\"http:\/\/www.duboischemicals.com\/\/water-treatment\/equipment\/pbb\/\">PBB<\/a>\u00a0: l\u2019offre PBB (Poudre emball\u00e9e en format \u00ab\u00a0Bag in a Box\u00a0\u00bb) est un programme unique de livraison de produits chimiques pour les tours de refroidissement et les syst\u00e8mes de chaudi\u00e8res. PBB propose une livraison facile et pratique des produits en poudre dans des syst\u00e8mes avec la pr\u00e9cision et l&rsquo;exactitude des produits chimiques liquides.<\/li>\n<li><a href=\"http:\/\/www.duboischemicals.com\/\/water-treatment\/equipment\/sanipur-monochloramine-generation\/\">Sanipur<\/a>\u00a0: les g\u00e9n\u00e9rateurs de monochloramine Sanipur fournissent un moyen s\u00fbr, efficace et peu couteux de d\u00e9sinfection secondaire pour les h\u00f4pitaux, les maisons de soins infirmiers, les h\u00f4tels et autres grands b\u00e2timents.<\/li>\n<li><a href=\"http:\/\/www.duboischemicals.com\/\/water-treatment\/equipment\/nephros-filtration\/\">Filtration Nephros<\/a>\u00a0: la filtration Nephros au point d\u2019utilisation contribue \u00e0 garantir que l&rsquo;eau est exempte de virus et de bact\u00e9ries nocifs, notamment de l\u00e9gionelles. Elle peut \u00eatre utilis\u00e9e dans les robinets, les pommes de douche, les appareils m\u00e9dicaux et les machines \u00e0 glace.<\/li>\n<\/ul>\n","protected":false},"excerpt":{"rendered":"<p>\u00c9quipement Qu&rsquo;il s&rsquo;agisse du dosage chimique, de la surveillance des param\u00e8tres des syst\u00e8mes, du maintien des cycles de concentration ou d&rsquo;autres fonctions essentielles, l&rsquo;\u00e9quipement est un \u00e9l\u00e9ment essentiel de tout programme de traitement de l&rsquo;eau&#8230;<\/p>\n","protected":false},"author":220,"featured_media":0,"parent":0,"menu_order":0,"comment_status":"closed","ping_status":"closed","template":"","meta":{"_acf_changed":false,"footnotes":""},"class_list":["post-10639","page","type-page","status-publish","hentry"],"acf":[],"yoast_head":"<!-- This site is optimized with the Yoast SEO plugin v26.8 - https:\/\/yoast.com\/product\/yoast-seo-wordpress\/ -->\n<title>\u00c9quipement - Traitement des eaux<\/title>\n<meta name=\"robots\" content=\"index, follow, max-snippet:-1, max-image-preview:large, max-video-preview:-1\" \/>\n<link rel=\"canonical\" href=\"https:\/\/www.duboischemicals.com\/water-treatment\/fr\/equipment\/\" \/>\n<meta property=\"og:locale\" content=\"fr_FR\" \/>\n<meta property=\"og:type\" content=\"article\" \/>\n<meta property=\"og:title\" content=\"\u00c9quipement - Traitement des eaux\" \/>\n<meta property=\"og:description\" content=\"\u00c9quipement Qu&rsquo;il s&rsquo;agisse du dosage chimique, de la surveillance des param\u00e8tres des syst\u00e8mes, du maintien des cycles de concentration ou d&rsquo;autres fonctions essentielles, l&rsquo;\u00e9quipement est un \u00e9l\u00e9ment essentiel de tout programme de traitement de l&rsquo;eau...\" \/>\n<meta property=\"og:url\" content=\"https:\/\/www.duboischemicals.com\/water-treatment\/fr\/equipment\/\" \/>\n<meta property=\"og:site_name\" content=\"Traitement des eaux\" \/>\n<meta property=\"article:modified_time\" content=\"2021-02-11T11:55:12+00:00\" \/>\n<meta name=\"twitter:card\" content=\"summary_large_image\" \/>\n<meta name=\"twitter:label1\" content=\"Dur\u00e9e de lecture estim\u00e9e\" \/>\n\t<meta name=\"twitter:data1\" content=\"1 minute\" \/>\n<script type=\"application\/ld+json\" class=\"yoast-schema-graph\">{\"@context\":\"https:\/\/schema.org\",\"@graph\":[{\"@type\":\"WebPage\",\"@id\":\"https:\/\/www.duboischemicals.com\/water-treatment\/fr\/equipment\/\",\"url\":\"https:\/\/www.duboischemicals.com\/water-treatment\/fr\/equipment\/\",\"name\":\"\u00c9quipement - Traitement des eaux\",\"isPartOf\":{\"@id\":\"https:\/\/www.duboischemicals.com\/water-treatment\/fr\/#website\"},\"datePublished\":\"2020-11-30T12:34:44+00:00\",\"dateModified\":\"2021-02-11T11:55:12+00:00\",\"breadcrumb\":{\"@id\":\"https:\/\/www.duboischemicals.com\/water-treatment\/fr\/equipment\/#breadcrumb\"},\"inLanguage\":\"fr-FR\",\"potentialAction\":[{\"@type\":\"ReadAction\",\"target\":[\"https:\/\/www.duboischemicals.com\/water-treatment\/fr\/equipment\/\"]}]},{\"@type\":\"BreadcrumbList\",\"@id\":\"https:\/\/www.duboischemicals.com\/water-treatment\/fr\/equipment\/#breadcrumb\",\"itemListElement\":[{\"@type\":\"ListItem\",\"position\":1,\"name\":\"Accueil\",\"item\":\"https:\/\/www.duboischemicals.com\/water-treatment\/fr\/\"},{\"@type\":\"ListItem\",\"position\":2,\"name\":\"\u00c9quipement\"}]},{\"@type\":\"WebSite\",\"@id\":\"https:\/\/www.duboischemicals.com\/water-treatment\/fr\/#website\",\"url\":\"https:\/\/www.duboischemicals.com\/water-treatment\/fr\/\",\"name\":\"Traitement des eaux\",\"description\":\"\",\"potentialAction\":[{\"@type\":\"SearchAction\",\"target\":{\"@type\":\"EntryPoint\",\"urlTemplate\":\"https:\/\/www.duboischemicals.com\/water-treatment\/fr\/?s={search_term_string}\"},\"query-input\":{\"@type\":\"PropertyValueSpecification\",\"valueRequired\":true,\"valueName\":\"search_term_string\"}}],\"inLanguage\":\"fr-FR\"}]}<\/script>\n<!-- \/ Yoast SEO plugin. -->","yoast_head_json":{"title":"\u00c9quipement - Traitement des eaux","robots":{"index":"index","follow":"follow","max-snippet":"max-snippet:-1","max-image-preview":"max-image-preview:large","max-video-preview":"max-video-preview:-1"},"canonical":"https:\/\/www.duboischemicals.com\/water-treatment\/fr\/equipment\/","og_locale":"fr_FR","og_type":"article","og_title":"\u00c9quipement - Traitement des eaux","og_description":"\u00c9quipement Qu&rsquo;il s&rsquo;agisse du dosage chimique, de la surveillance des param\u00e8tres des syst\u00e8mes, du maintien des cycles de concentration ou d&rsquo;autres fonctions essentielles, l&rsquo;\u00e9quipement est un \u00e9l\u00e9ment essentiel de tout programme de traitement de l&rsquo;eau...","og_url":"https:\/\/www.duboischemicals.com\/water-treatment\/fr\/equipment\/","og_site_name":"Traitement des eaux","article_modified_time":"2021-02-11T11:55:12+00:00","twitter_card":"summary_large_image","twitter_misc":{"Dur\u00e9e de lecture estim\u00e9e":"1 minute"},"schema":{"@context":"https:\/\/schema.org","@graph":[{"@type":"WebPage","@id":"https:\/\/www.duboischemicals.com\/water-treatment\/fr\/equipment\/","url":"https:\/\/www.duboischemicals.com\/water-treatment\/fr\/equipment\/","name":"\u00c9quipement - Traitement des eaux","isPartOf":{"@id":"https:\/\/www.duboischemicals.com\/water-treatment\/fr\/#website"},"datePublished":"2020-11-30T12:34:44+00:00","dateModified":"2021-02-11T11:55:12+00:00","breadcrumb":{"@id":"https:\/\/www.duboischemicals.com\/water-treatment\/fr\/equipment\/#breadcrumb"},"inLanguage":"fr-FR","potentialAction":[{"@type":"ReadAction","target":["https:\/\/www.duboischemicals.com\/water-treatment\/fr\/equipment\/"]}]},{"@type":"BreadcrumbList","@id":"https:\/\/www.duboischemicals.com\/water-treatment\/fr\/equipment\/#breadcrumb","itemListElement":[{"@type":"ListItem","position":1,"name":"Accueil","item":"https:\/\/www.duboischemicals.com\/water-treatment\/fr\/"},{"@type":"ListItem","position":2,"name":"\u00c9quipement"}]},{"@type":"WebSite","@id":"https:\/\/www.duboischemicals.com\/water-treatment\/fr\/#website","url":"https:\/\/www.duboischemicals.com\/water-treatment\/fr\/","name":"Traitement des eaux","description":"","potentialAction":[{"@type":"SearchAction","target":{"@type":"EntryPoint","urlTemplate":"https:\/\/www.duboischemicals.com\/water-treatment\/fr\/?s={search_term_string}"},"query-input":{"@type":"PropertyValueSpecification","valueRequired":true,"valueName":"search_term_string"}}],"inLanguage":"fr-FR"}]}},"_links":{"self":[{"href":"https:\/\/www.duboischemicals.com\/water-treatment\/fr\/wp-json\/wp\/v2\/pages\/10639","targetHints":{"allow":["GET"]}}],"collection":[{"href":"https:\/\/www.duboischemicals.com\/water-treatment\/fr\/wp-json\/wp\/v2\/pages"}],"about":[{"href":"https:\/\/www.duboischemicals.com\/water-treatment\/fr\/wp-json\/wp\/v2\/types\/page"}],"author":[{"embeddable":true,"href":"https:\/\/www.duboischemicals.com\/water-treatment\/fr\/wp-json\/wp\/v2\/users\/220"}],"replies":[{"embeddable":true,"href":"https:\/\/www.duboischemicals.com\/water-treatment\/fr\/wp-json\/wp\/v2\/comments?post=10639"}],"version-history":[{"count":4,"href":"https:\/\/www.duboischemicals.com\/water-treatment\/fr\/wp-json\/wp\/v2\/pages\/10639\/revisions"}],"predecessor-version":[{"id":11562,"href":"https:\/\/www.duboischemicals.com\/water-treatment\/fr\/wp-json\/wp\/v2\/pages\/10639\/revisions\/11562"}],"wp:attachment":[{"href":"https:\/\/www.duboischemicals.com\/water-treatment\/fr\/wp-json\/wp\/v2\/media?parent=10639"}],"curies":[{"name":"wp","href":"https:\/\/api.w.org\/{rel}","templated":true}]}}