{"id":10650,"date":"2020-11-30T07:34:46","date_gmt":"2020-11-30T12:34:46","guid":{"rendered":"https:\/\/www.duboischemicals.com\/\/water-treatment\/equipment\/pbb\/"},"modified":"2021-02-11T06:55:13","modified_gmt":"2021-02-11T11:55:13","slug":"pbb","status":"publish","type":"page","link":"https:\/\/www.duboischemicals.com\/water-treatment\/fr\/equipment\/pbb\/","title":{"rendered":"PBB"},"content":{"rendered":"<h2>Poudre emball\u00e9e en format \u00ab\u00a0Bag in a Box\u00a0\u00bb<\/h2>\n<p>L\u2019offre PBB (Poudre emball\u00e9e en format \u00ab\u00a0Bag in a Box\u00a0\u00bb) de DuBois est une innovation unique qui tire parti des avantages de la technologie de la poudre pour offrir le contr\u00f4le pr\u00e9cis offert par les produits liquides. Les produits PBB fournissent la poudre emball\u00e9e dans plusieurs sacs \u00e0 l&rsquo;int\u00e9rieur d&rsquo;une bo\u00eete. La poudre est facilement m\u00e9lang\u00e9e \u00e0 un liquide soluble \u00e0 l&rsquo;aide d&rsquo;un \u00e9quipement PBB. La bo\u00eete et les sacs peuvent \u00eatre recycl\u00e9s. Le produit liquide peut \u00eatre introduit et contr\u00f4l\u00e9 \u00e0 l&rsquo;aide de pompes et de r\u00e9gulateurs ordinaires.<\/p>\n<p>La plateforme PBB de DuBois offre les avantages suivants par rapport aux technologies liquides et solides concurrentes\u00a0:<\/p>\n<ul>\n<li>\u00c9limination des barils, des seaux et des bacs<\/li>\n<li>Facile et s\u00fbr \u00e0 manipuler et \u00e0 ranger<\/li>\n<li>R\u00e9duit les co\u00fbts de transport et les gaz \u00e0 effet de serre<\/li>\n<li>Pr\u00e9vient l&rsquo;entartrage et la corrosion des tours et des chaudi\u00e8res, m\u00eame dans des conditions d&rsquo;eau d&rsquo;appoint dure<\/li>\n<li>Empreinte\/espace minimum requis<\/li>\n<li>Minimisez les risques li\u00e9s \u00e0 la manipulation des mat\u00e9riaux<\/li>\n<\/ul>\n<p>Nous avons appliqu\u00e9 notre concept PBB \u00e0 notre plate-forme Monitrol. Les avantages de Monitrol en termes de fiabilit\u00e9 et de pr\u00e9visibilit\u00e9 des r\u00e9sultats peuvent d\u00e9sormais \u00eatre associ\u00e9s aux avantages de PBB en termes d&rsquo;environnement et de s\u00e9curit\u00e9.<\/p>\n<p>En plus des avantages de PBB indiqu\u00e9s ci-dessus, la plateforme Monitrol PBB offre les avantages suivants par\u00a0:<\/p>\n<ul>\n<li>La surveillance en ligne et en temps r\u00e9el des principaux param\u00e8tres du syst\u00e8me, y compris la concentration chimique<\/li>\n<li>La notification instantan\u00e9e des perturbations du syst\u00e8me<\/li>\n<li>Rapports personnalis\u00e9s et programm\u00e9s<\/li>\n<li>Les param\u00e8tres du syst\u00e8me peuvent \u00eatre surveill\u00e9s et ajust\u00e9s \u00e0 distance<\/li>\n<\/ul>\n<p><strong>\u00c9tude de cas\u00a0:<\/strong><\/p>\n<p><a href=\"https:\/\/www.duboischemicals.com\/water-treatment\/fr\/resources\/case-studies\/installation-of-monitrol-water-management-program-at-midwest-automotive-customer-results-in-80-water-and-15-chemical-usage-reductions\/\">Plan global de gestion de l&rsquo;eau\u00a0\u2013 Industrie automobile<\/a><\/p>\n","protected":false},"excerpt":{"rendered":"<p>Poudre emball\u00e9e en format \u00ab\u00a0Bag in a Box\u00a0\u00bb L\u2019offre PBB (Poudre emball\u00e9e en format \u00ab\u00a0Bag in a Box\u00a0\u00bb) de DuBois est une innovation unique qui tire parti des avantages de la technologie de la poudre&#8230;<\/p>\n","protected":false},"author":220,"featured_media":0,"parent":10639,"menu_order":1,"comment_status":"closed","ping_status":"closed","template":"","meta":{"_acf_changed":false,"footnotes":""},"class_list":["post-10650","page","type-page","status-publish","hentry"],"acf":[],"yoast_head":"<!-- This site is optimized with the Yoast SEO plugin v26.8 - https:\/\/yoast.com\/product\/yoast-seo-wordpress\/ -->\n<title>PBB - Traitement des eaux<\/title>\n<meta name=\"robots\" content=\"index, follow, max-snippet:-1, max-image-preview:large, max-video-preview:-1\" \/>\n<link rel=\"canonical\" href=\"https:\/\/www.duboischemicals.com\/water-treatment\/fr\/equipment\/pbb\/\" \/>\n<meta property=\"og:locale\" content=\"fr_FR\" \/>\n<meta property=\"og:type\" content=\"article\" \/>\n<meta property=\"og:title\" content=\"PBB - Traitement des eaux\" \/>\n<meta property=\"og:description\" content=\"Poudre emball\u00e9e en format \u00ab\u00a0Bag in a Box\u00a0\u00bb L\u2019offre PBB (Poudre emball\u00e9e en format \u00ab\u00a0Bag in a Box\u00a0\u00bb) de DuBois est une innovation unique qui tire parti des avantages de la technologie de la poudre...\" \/>\n<meta property=\"og:url\" content=\"https:\/\/www.duboischemicals.com\/water-treatment\/fr\/equipment\/pbb\/\" \/>\n<meta property=\"og:site_name\" content=\"Traitement des eaux\" \/>\n<meta property=\"article:modified_time\" content=\"2021-02-11T11:55:13+00:00\" \/>\n<meta name=\"twitter:card\" content=\"summary_large_image\" \/>\n<meta name=\"twitter:label1\" content=\"Dur\u00e9e de lecture estim\u00e9e\" \/>\n\t<meta name=\"twitter:data1\" content=\"2 minutes\" \/>\n<script type=\"application\/ld+json\" class=\"yoast-schema-graph\">{\"@context\":\"https:\/\/schema.org\",\"@graph\":[{\"@type\":\"WebPage\",\"@id\":\"https:\/\/www.duboischemicals.com\/water-treatment\/fr\/equipment\/pbb\/\",\"url\":\"https:\/\/www.duboischemicals.com\/water-treatment\/fr\/equipment\/pbb\/\",\"name\":\"PBB - Traitement des eaux\",\"isPartOf\":{\"@id\":\"https:\/\/www.duboischemicals.com\/water-treatment\/fr\/#website\"},\"datePublished\":\"2020-11-30T12:34:46+00:00\",\"dateModified\":\"2021-02-11T11:55:13+00:00\",\"breadcrumb\":{\"@id\":\"https:\/\/www.duboischemicals.com\/water-treatment\/fr\/equipment\/pbb\/#breadcrumb\"},\"inLanguage\":\"fr-FR\",\"potentialAction\":[{\"@type\":\"ReadAction\",\"target\":[\"https:\/\/www.duboischemicals.com\/water-treatment\/fr\/equipment\/pbb\/\"]}]},{\"@type\":\"BreadcrumbList\",\"@id\":\"https:\/\/www.duboischemicals.com\/water-treatment\/fr\/equipment\/pbb\/#breadcrumb\",\"itemListElement\":[{\"@type\":\"ListItem\",\"position\":1,\"name\":\"Accueil\",\"item\":\"https:\/\/www.duboischemicals.com\/water-treatment\/fr\/\"},{\"@type\":\"ListItem\",\"position\":2,\"name\":\"\u00c9quipement\",\"item\":\"https:\/\/www.duboischemicals.com\/water-treatment\/fr\/equipment\/\"},{\"@type\":\"ListItem\",\"position\":3,\"name\":\"PBB\"}]},{\"@type\":\"WebSite\",\"@id\":\"https:\/\/www.duboischemicals.com\/water-treatment\/fr\/#website\",\"url\":\"https:\/\/www.duboischemicals.com\/water-treatment\/fr\/\",\"name\":\"Traitement des eaux\",\"description\":\"\",\"potentialAction\":[{\"@type\":\"SearchAction\",\"target\":{\"@type\":\"EntryPoint\",\"urlTemplate\":\"https:\/\/www.duboischemicals.com\/water-treatment\/fr\/?s={search_term_string}\"},\"query-input\":{\"@type\":\"PropertyValueSpecification\",\"valueRequired\":true,\"valueName\":\"search_term_string\"}}],\"inLanguage\":\"fr-FR\"}]}<\/script>\n<!-- \/ Yoast SEO plugin. -->","yoast_head_json":{"title":"PBB - Traitement des eaux","robots":{"index":"index","follow":"follow","max-snippet":"max-snippet:-1","max-image-preview":"max-image-preview:large","max-video-preview":"max-video-preview:-1"},"canonical":"https:\/\/www.duboischemicals.com\/water-treatment\/fr\/equipment\/pbb\/","og_locale":"fr_FR","og_type":"article","og_title":"PBB - Traitement des eaux","og_description":"Poudre emball\u00e9e en format \u00ab\u00a0Bag in a Box\u00a0\u00bb L\u2019offre PBB (Poudre emball\u00e9e en format \u00ab\u00a0Bag in a Box\u00a0\u00bb) de DuBois est une innovation unique qui tire parti des avantages de la technologie de la poudre...","og_url":"https:\/\/www.duboischemicals.com\/water-treatment\/fr\/equipment\/pbb\/","og_site_name":"Traitement des eaux","article_modified_time":"2021-02-11T11:55:13+00:00","twitter_card":"summary_large_image","twitter_misc":{"Dur\u00e9e de lecture estim\u00e9e":"2 minutes"},"schema":{"@context":"https:\/\/schema.org","@graph":[{"@type":"WebPage","@id":"https:\/\/www.duboischemicals.com\/water-treatment\/fr\/equipment\/pbb\/","url":"https:\/\/www.duboischemicals.com\/water-treatment\/fr\/equipment\/pbb\/","name":"PBB - Traitement des eaux","isPartOf":{"@id":"https:\/\/www.duboischemicals.com\/water-treatment\/fr\/#website"},"datePublished":"2020-11-30T12:34:46+00:00","dateModified":"2021-02-11T11:55:13+00:00","breadcrumb":{"@id":"https:\/\/www.duboischemicals.com\/water-treatment\/fr\/equipment\/pbb\/#breadcrumb"},"inLanguage":"fr-FR","potentialAction":[{"@type":"ReadAction","target":["https:\/\/www.duboischemicals.com\/water-treatment\/fr\/equipment\/pbb\/"]}]},{"@type":"BreadcrumbList","@id":"https:\/\/www.duboischemicals.com\/water-treatment\/fr\/equipment\/pbb\/#breadcrumb","itemListElement":[{"@type":"ListItem","position":1,"name":"Accueil","item":"https:\/\/www.duboischemicals.com\/water-treatment\/fr\/"},{"@type":"ListItem","position":2,"name":"\u00c9quipement","item":"https:\/\/www.duboischemicals.com\/water-treatment\/fr\/equipment\/"},{"@type":"ListItem","position":3,"name":"PBB"}]},{"@type":"WebSite","@id":"https:\/\/www.duboischemicals.com\/water-treatment\/fr\/#website","url":"https:\/\/www.duboischemicals.com\/water-treatment\/fr\/","name":"Traitement des eaux","description":"","potentialAction":[{"@type":"SearchAction","target":{"@type":"EntryPoint","urlTemplate":"https:\/\/www.duboischemicals.com\/water-treatment\/fr\/?s={search_term_string}"},"query-input":{"@type":"PropertyValueSpecification","valueRequired":true,"valueName":"search_term_string"}}],"inLanguage":"fr-FR"}]}},"_links":{"self":[{"href":"https:\/\/www.duboischemicals.com\/water-treatment\/fr\/wp-json\/wp\/v2\/pages\/10650","targetHints":{"allow":["GET"]}}],"collection":[{"href":"https:\/\/www.duboischemicals.com\/water-treatment\/fr\/wp-json\/wp\/v2\/pages"}],"about":[{"href":"https:\/\/www.duboischemicals.com\/water-treatment\/fr\/wp-json\/wp\/v2\/types\/page"}],"author":[{"embeddable":true,"href":"https:\/\/www.duboischemicals.com\/water-treatment\/fr\/wp-json\/wp\/v2\/users\/220"}],"replies":[{"embeddable":true,"href":"https:\/\/www.duboischemicals.com\/water-treatment\/fr\/wp-json\/wp\/v2\/comments?post=10650"}],"version-history":[{"count":4,"href":"https:\/\/www.duboischemicals.com\/water-treatment\/fr\/wp-json\/wp\/v2\/pages\/10650\/revisions"}],"predecessor-version":[{"id":11563,"href":"https:\/\/www.duboischemicals.com\/water-treatment\/fr\/wp-json\/wp\/v2\/pages\/10650\/revisions\/11563"}],"up":[{"embeddable":true,"href":"https:\/\/www.duboischemicals.com\/water-treatment\/fr\/wp-json\/wp\/v2\/pages\/10639"}],"wp:attachment":[{"href":"https:\/\/www.duboischemicals.com\/water-treatment\/fr\/wp-json\/wp\/v2\/media?parent=10650"}],"curies":[{"name":"wp","href":"https:\/\/api.w.org\/{rel}","templated":true}]}}