{"id":10661,"date":"2020-11-30T07:34:48","date_gmt":"2020-11-30T12:34:48","guid":{"rendered":"https:\/\/www.duboischemicals.com\/\/water-treatment\/equipment\/secondary-disinfection-equipment\/"},"modified":"2021-02-11T06:55:13","modified_gmt":"2021-02-11T11:55:13","slug":"secondary-disinfection-equipment","status":"publish","type":"page","link":"https:\/\/www.duboischemicals.com\/water-treatment\/fr\/equipment\/secondary-disinfection-equipment\/","title":{"rendered":"\u00c9quipement de d\u00e9sinfection secondaire"},"content":{"rendered":"<h2><strong>Soutien \u00e0 l&rsquo;assainissement<\/strong><\/h2>\n<p><strong>Lorsqu&rsquo;une \u00e9valuation des risques appropri\u00e9e et un plan de salubrit\u00e9 des eaux \u00e9tabli l\u2019exigent<\/strong>, nous proposons des services de soutien pour de nombreuses technologies de d\u00e9sinfection secondaire, y compris\u00a0<strong>les g\u00e9n\u00e9rateurs de monochloramine, l\u2019ionisation cuivre-argent et des filtres\u00a0<\/strong><em>de l\u00e9gionelles<\/em><strong>\u00a0au point d&rsquo;utilisation<\/strong>.\u00a0Le choix de la bonne solution pour votre site n\u00e9cessite la connaissance de vos syst\u00e8mes d&rsquo;eau et du profil de risque de votre b\u00e2timent.\u00a0\u00a0<strong>Notre \u00e9quipe d&rsquo;experts en salubrit\u00e9 de l&rsquo;eau\u00a0<\/strong>fournit des conseils sur la conception du r\u00e9seau d&rsquo;eau, les contr\u00f4les de temp\u00e9rature et les mesures correctives appropri\u00e9es et peut vous aider \u00e0 \u00e9laborer les meilleures\u00a0<strong>strat\u00e9gies de traitement secondaire pour votre site<\/strong>.<\/p>\n<p>Les syst\u00e8mes d&rsquo;eau des b\u00e2timents peuvent n\u00e9cessiter une d\u00e9contamination pour diverses raisons, notamment le d\u00e9marrage de la tour de refroidissement, l&rsquo;encrassement biologique ou des r\u00e9sultats positifs des tests de l\u00e9gionelles.\u00a0 Nous fournissons une\u00a0<strong>trousse de d\u00e9contamination<\/strong>\u00a0pour faire face \u00e0 de telles situations.<\/p>\n<p><strong>Filtration au point d&rsquo;utilisation<\/strong><\/p>\n<p>Avec la publication du SC17-30 en juin 2017, le CMS a exig\u00e9 que chaque h\u00f4pital et \u00e9tablissement de soins de longue dur\u00e9e dispose d&rsquo;un plan de salubrit\u00e9 de l&rsquo;eau pour prot\u00e9ger les patients et le personnel contre les risques de pathog\u00e8nes d&rsquo;origine hydrique tels que les l\u00e9gionelles. Lorsqu&rsquo;elle est dict\u00e9e par un plan de salubrit\u00e9 de l&rsquo;eau, la filtration au point d&rsquo;utilisation est un outil pr\u00e9cieux pour minimiser l&rsquo;exposition aux l\u00e9gionelles.\u00a0 Les solutions de filtration propos\u00e9es par DuBois comprennent les suivantes\u00a0:<\/p>\n<p><strong>Des solutions pour les filtres de douche<\/strong>\u00a0&#8211; En raison du transfert de bact\u00e9ries par atomisation, les douches sont l&rsquo;une des principales sources d&rsquo;exposition des patients.<\/p>\n<p><strong>Des solutions pour les filtres d&rsquo;\u00e9vier<\/strong>\u00a0&#8211; Les \u00e9viers sont une autre source primaire d&rsquo;exposition en raison de la possibilit\u00e9 d&rsquo;atomisation. Des filtres qui peuvent \u00eatre raccord\u00e9s aux conduites existantes ou qui peuvent \u00eatre facilement fix\u00e9s aux becs des \u00e9viers.<\/p>\n<p><strong>Des solutions pour les filtres des machines \u00e0 glace<\/strong>\u00a0&#8211; Les machines \u00e0 glace sont des points de contr\u00f4le importants du plan de salubrit\u00e9 de l&rsquo;eau de tout h\u00f4pital. DuBois propose des filtres pour machines \u00e0 glace qui \u00e9liminent mieux les bact\u00e9ries et les virus nocifs et le font avec une dur\u00e9e de vie utile plus longue et un meilleur co\u00fbt d&rsquo;utilisation que la concurrence.<\/p>\n<p><strong>G\u00e9n\u00e9ration de monochloramine <\/strong><\/p>\n<p>Les g\u00e9n\u00e9rateurs de monochloramine sont utilis\u00e9s pour g\u00e9n\u00e9rer de la monochloramine pour la d\u00e9sinfection secondaire dans les syst\u00e8mes d&rsquo;eau pour le contr\u00f4le des l\u00e9gionelles et d&rsquo;autres bact\u00e9ries nocives. La monochloramine est une m\u00e9thode pr\u00e9f\u00e9r\u00e9e \u00e0 d&rsquo;autres produits chimiques de d\u00e9sinfection secondaire (tels que le chlore\/l\u2019hypochlorite et le dioxyde de chlore), car elle peut \u00eatre utilis\u00e9e sans danger sur des mat\u00e9riaux courants dans les syst\u00e8mes d&rsquo;eau tels que les plastiques de polyol\u00e9fines (qui durcissent et se fissurent sous l&rsquo;effet d&rsquo;autres oxydants), le cuivre et l&rsquo;acier galvanis\u00e9 et inoxydable.<\/p>\n<p>La monochloramine est un oxydant plus faible que le chlore, l&rsquo;hypochlorite ou le dioxyde de chlore, ce qui en fait un avantage dans les grands r\u00e9seaux d&rsquo;eau. La monochloramine durera plus longtemps en solution que ces autres oxydants, ce qui lui permettra de mieux p\u00e9n\u00e9trer le biofilm et de persister dans les longs tuyaux et les culs-de-sac, fr\u00e9quemment trouv\u00e9s dans de nombreux syst\u00e8mes d&rsquo;eau.<\/p>\n<p>Les g\u00e9n\u00e9rateurs de monochloramine propos\u00e9s par DuBois sont automatis\u00e9s, t\u00e9l\u00e9command\u00e9s et dot\u00e9s de dispositifs de s\u00e9curit\u00e9 de haut niveau. Ces g\u00e9n\u00e9rateurs produisent de la monochloramine de grande puret\u00e9 tout en limitant les sous-produits de r\u00e9action nocifs.<\/p>\n<p><strong>Avantages de la g\u00e9n\u00e9ration de monochloramine\u00a0:<\/strong><\/p>\n<ul>\n<li>Sans danger pour les mat\u00e9riaux communs aux syst\u00e8mes d&rsquo;eau tels que le poly\u00e9thyl\u00e8ne, le polypropyl\u00e8ne, le polychlorure de vinyle, l&rsquo;acier galvanis\u00e9, l&rsquo;acier inoxydable et le cuivre<\/li>\n<li>La monochloramine est plus persistante que les autres produits chimiques de d\u00e9sinfection courants, ce qui signifie une meilleure p\u00e9n\u00e9tration du biofilm et une meilleure distribution du biocide dans les culs-de-sac et les longs tuyaux<\/li>\n<li>Les g\u00e9n\u00e9rateurs sont con\u00e7us pour r\u00e9duire les sous-produits \u00e0 un niveau inf\u00e9rieur aux limites de d\u00e9tection<\/li>\n<li>Ils n&rsquo;ajoutent pas de go\u00fbt ni d&rsquo;odeur \u00e0 l&rsquo;eau<\/li>\n<li>Active avec pH alcalin<\/li>\n<li>S\u00fbre et fiable<\/li>\n<\/ul>\n","protected":false},"excerpt":{"rendered":"<p>Soutien \u00e0 l&rsquo;assainissement Lorsqu&rsquo;une \u00e9valuation des risques appropri\u00e9e et un plan de salubrit\u00e9 des eaux \u00e9tabli l\u2019exigent, nous proposons des services de soutien pour de nombreuses technologies de d\u00e9sinfection secondaire, y compris\u00a0les g\u00e9n\u00e9rateurs de monochloramine,&#8230;<\/p>\n","protected":false},"author":220,"featured_media":0,"parent":10639,"menu_order":3,"comment_status":"closed","ping_status":"closed","template":"","meta":{"_acf_changed":false,"footnotes":""},"class_list":["post-10661","page","type-page","status-publish","hentry"],"acf":[],"yoast_head":"<!-- This site is optimized with the Yoast SEO plugin v26.8 - https:\/\/yoast.com\/product\/yoast-seo-wordpress\/ -->\n<title>\u00c9quipement de d\u00e9sinfection secondaire - Traitement des eaux<\/title>\n<meta name=\"robots\" content=\"index, follow, max-snippet:-1, max-image-preview:large, max-video-preview:-1\" \/>\n<link rel=\"canonical\" href=\"https:\/\/www.duboischemicals.com\/water-treatment\/fr\/equipment\/secondary-disinfection-equipment\/\" \/>\n<meta property=\"og:locale\" content=\"fr_FR\" \/>\n<meta property=\"og:type\" content=\"article\" \/>\n<meta property=\"og:title\" content=\"\u00c9quipement de d\u00e9sinfection secondaire - Traitement des eaux\" \/>\n<meta property=\"og:description\" content=\"Soutien \u00e0 l&rsquo;assainissement Lorsqu&rsquo;une \u00e9valuation des risques appropri\u00e9e et un plan de salubrit\u00e9 des eaux \u00e9tabli l\u2019exigent, nous proposons des services de soutien pour de nombreuses technologies de d\u00e9sinfection secondaire, y compris\u00a0les g\u00e9n\u00e9rateurs de monochloramine,...\" \/>\n<meta property=\"og:url\" content=\"https:\/\/www.duboischemicals.com\/water-treatment\/fr\/equipment\/secondary-disinfection-equipment\/\" \/>\n<meta property=\"og:site_name\" content=\"Traitement des eaux\" \/>\n<meta property=\"article:modified_time\" content=\"2021-02-11T11:55:13+00:00\" \/>\n<meta name=\"twitter:card\" content=\"summary_large_image\" \/>\n<meta name=\"twitter:label1\" content=\"Dur\u00e9e de lecture estim\u00e9e\" \/>\n\t<meta name=\"twitter:data1\" content=\"4 minutes\" \/>\n<script type=\"application\/ld+json\" class=\"yoast-schema-graph\">{\"@context\":\"https:\/\/schema.org\",\"@graph\":[{\"@type\":\"WebPage\",\"@id\":\"https:\/\/www.duboischemicals.com\/water-treatment\/fr\/equipment\/secondary-disinfection-equipment\/\",\"url\":\"https:\/\/www.duboischemicals.com\/water-treatment\/fr\/equipment\/secondary-disinfection-equipment\/\",\"name\":\"\u00c9quipement de d\u00e9sinfection secondaire - Traitement des eaux\",\"isPartOf\":{\"@id\":\"https:\/\/www.duboischemicals.com\/water-treatment\/fr\/#website\"},\"datePublished\":\"2020-11-30T12:34:48+00:00\",\"dateModified\":\"2021-02-11T11:55:13+00:00\",\"breadcrumb\":{\"@id\":\"https:\/\/www.duboischemicals.com\/water-treatment\/fr\/equipment\/secondary-disinfection-equipment\/#breadcrumb\"},\"inLanguage\":\"fr-FR\",\"potentialAction\":[{\"@type\":\"ReadAction\",\"target\":[\"https:\/\/www.duboischemicals.com\/water-treatment\/fr\/equipment\/secondary-disinfection-equipment\/\"]}]},{\"@type\":\"BreadcrumbList\",\"@id\":\"https:\/\/www.duboischemicals.com\/water-treatment\/fr\/equipment\/secondary-disinfection-equipment\/#breadcrumb\",\"itemListElement\":[{\"@type\":\"ListItem\",\"position\":1,\"name\":\"Accueil\",\"item\":\"https:\/\/www.duboischemicals.com\/water-treatment\/fr\/\"},{\"@type\":\"ListItem\",\"position\":2,\"name\":\"\u00c9quipement\",\"item\":\"https:\/\/www.duboischemicals.com\/water-treatment\/fr\/equipment\/\"},{\"@type\":\"ListItem\",\"position\":3,\"name\":\"\u00c9quipement de d\u00e9sinfection secondaire\"}]},{\"@type\":\"WebSite\",\"@id\":\"https:\/\/www.duboischemicals.com\/water-treatment\/fr\/#website\",\"url\":\"https:\/\/www.duboischemicals.com\/water-treatment\/fr\/\",\"name\":\"Traitement des eaux\",\"description\":\"\",\"potentialAction\":[{\"@type\":\"SearchAction\",\"target\":{\"@type\":\"EntryPoint\",\"urlTemplate\":\"https:\/\/www.duboischemicals.com\/water-treatment\/fr\/?s={search_term_string}\"},\"query-input\":{\"@type\":\"PropertyValueSpecification\",\"valueRequired\":true,\"valueName\":\"search_term_string\"}}],\"inLanguage\":\"fr-FR\"}]}<\/script>\n<!-- \/ Yoast SEO plugin. -->","yoast_head_json":{"title":"\u00c9quipement de d\u00e9sinfection secondaire - Traitement des eaux","robots":{"index":"index","follow":"follow","max-snippet":"max-snippet:-1","max-image-preview":"max-image-preview:large","max-video-preview":"max-video-preview:-1"},"canonical":"https:\/\/www.duboischemicals.com\/water-treatment\/fr\/equipment\/secondary-disinfection-equipment\/","og_locale":"fr_FR","og_type":"article","og_title":"\u00c9quipement de d\u00e9sinfection secondaire - Traitement des eaux","og_description":"Soutien \u00e0 l&rsquo;assainissement Lorsqu&rsquo;une \u00e9valuation des risques appropri\u00e9e et un plan de salubrit\u00e9 des eaux \u00e9tabli l\u2019exigent, nous proposons des services de soutien pour de nombreuses technologies de d\u00e9sinfection secondaire, y compris\u00a0les g\u00e9n\u00e9rateurs de monochloramine,...","og_url":"https:\/\/www.duboischemicals.com\/water-treatment\/fr\/equipment\/secondary-disinfection-equipment\/","og_site_name":"Traitement des eaux","article_modified_time":"2021-02-11T11:55:13+00:00","twitter_card":"summary_large_image","twitter_misc":{"Dur\u00e9e de lecture estim\u00e9e":"4 minutes"},"schema":{"@context":"https:\/\/schema.org","@graph":[{"@type":"WebPage","@id":"https:\/\/www.duboischemicals.com\/water-treatment\/fr\/equipment\/secondary-disinfection-equipment\/","url":"https:\/\/www.duboischemicals.com\/water-treatment\/fr\/equipment\/secondary-disinfection-equipment\/","name":"\u00c9quipement de d\u00e9sinfection secondaire - Traitement des eaux","isPartOf":{"@id":"https:\/\/www.duboischemicals.com\/water-treatment\/fr\/#website"},"datePublished":"2020-11-30T12:34:48+00:00","dateModified":"2021-02-11T11:55:13+00:00","breadcrumb":{"@id":"https:\/\/www.duboischemicals.com\/water-treatment\/fr\/equipment\/secondary-disinfection-equipment\/#breadcrumb"},"inLanguage":"fr-FR","potentialAction":[{"@type":"ReadAction","target":["https:\/\/www.duboischemicals.com\/water-treatment\/fr\/equipment\/secondary-disinfection-equipment\/"]}]},{"@type":"BreadcrumbList","@id":"https:\/\/www.duboischemicals.com\/water-treatment\/fr\/equipment\/secondary-disinfection-equipment\/#breadcrumb","itemListElement":[{"@type":"ListItem","position":1,"name":"Accueil","item":"https:\/\/www.duboischemicals.com\/water-treatment\/fr\/"},{"@type":"ListItem","position":2,"name":"\u00c9quipement","item":"https:\/\/www.duboischemicals.com\/water-treatment\/fr\/equipment\/"},{"@type":"ListItem","position":3,"name":"\u00c9quipement de d\u00e9sinfection secondaire"}]},{"@type":"WebSite","@id":"https:\/\/www.duboischemicals.com\/water-treatment\/fr\/#website","url":"https:\/\/www.duboischemicals.com\/water-treatment\/fr\/","name":"Traitement des eaux","description":"","potentialAction":[{"@type":"SearchAction","target":{"@type":"EntryPoint","urlTemplate":"https:\/\/www.duboischemicals.com\/water-treatment\/fr\/?s={search_term_string}"},"query-input":{"@type":"PropertyValueSpecification","valueRequired":true,"valueName":"search_term_string"}}],"inLanguage":"fr-FR"}]}},"_links":{"self":[{"href":"https:\/\/www.duboischemicals.com\/water-treatment\/fr\/wp-json\/wp\/v2\/pages\/10661","targetHints":{"allow":["GET"]}}],"collection":[{"href":"https:\/\/www.duboischemicals.com\/water-treatment\/fr\/wp-json\/wp\/v2\/pages"}],"about":[{"href":"https:\/\/www.duboischemicals.com\/water-treatment\/fr\/wp-json\/wp\/v2\/types\/page"}],"author":[{"embeddable":true,"href":"https:\/\/www.duboischemicals.com\/water-treatment\/fr\/wp-json\/wp\/v2\/users\/220"}],"replies":[{"embeddable":true,"href":"https:\/\/www.duboischemicals.com\/water-treatment\/fr\/wp-json\/wp\/v2\/comments?post=10661"}],"version-history":[{"count":4,"href":"https:\/\/www.duboischemicals.com\/water-treatment\/fr\/wp-json\/wp\/v2\/pages\/10661\/revisions"}],"predecessor-version":[{"id":11564,"href":"https:\/\/www.duboischemicals.com\/water-treatment\/fr\/wp-json\/wp\/v2\/pages\/10661\/revisions\/11564"}],"up":[{"embeddable":true,"href":"https:\/\/www.duboischemicals.com\/water-treatment\/fr\/wp-json\/wp\/v2\/pages\/10639"}],"wp:attachment":[{"href":"https:\/\/www.duboischemicals.com\/water-treatment\/fr\/wp-json\/wp\/v2\/media?parent=10661"}],"curies":[{"name":"wp","href":"https:\/\/api.w.org\/{rel}","templated":true}]}}