{"id":10694,"date":"2020-11-30T07:34:55","date_gmt":"2020-11-30T12:34:55","guid":{"rendered":"https:\/\/www.duboischemicals.com\/\/water-treatment\/service-support\/legionella-control\/"},"modified":"2021-02-03T08:36:13","modified_gmt":"2021-02-03T13:36:13","slug":"legionella-control","status":"publish","type":"page","link":"https:\/\/www.duboischemicals.com\/water-treatment\/fr\/service-support\/legionella-control\/","title":{"rendered":"Lutte contre les l\u00e9gionelles"},"content":{"rendered":"<h2> Soutien local sur le terrain<\/h2>\n<p>La premi\u00e8re ligne de soutien de DuBois est notre personnel local sur le terrain qui a la capacit\u00e9 d&rsquo;effectuer des tests de base sur place. Avec plus de 300\u00a0repr\u00e9sentants techniques sur le terrain en Am\u00e9rique du Nord, DuBois occupe une position unique sur le march\u00e9 pour fournir un v\u00e9ritable soutien local sur le terrain. Nous nous associons \u00e0 votre \u00e9quipe pour \u00e9tudier et auditer vos processus afin d&rsquo;analyser les possibilit\u00e9s d\u2019accomplir ce qui suit\u00a0:<\/p>\n<ul>\n<li>Am\u00e9liorer l&rsquo;efficacit\u00e9<\/li>\n<li>R\u00e9duire votre consommation d&rsquo;\u00e9nergie et de produits chimiques, le temps de traitement et la main-d&rsquo;\u0153uvre<\/li>\n<li>\u00c9liminer des d\u00e9chets<\/li>\n<li>Garantir la qualit\u00e9 des produits<\/li>\n<\/ul>\n<p><strong>Visites de service standard sur site\u00a0:<\/strong><\/p>\n<ul>\n<li>Valider les param\u00e8tres du processus approuv\u00e9<\/li>\n<li>Calibrer et entretenir l\u2019\u00e9quipement d\u2019alimentation en produits chimiques et de surveillance<\/li>\n<li>D\u00e9panner tout probl\u00e8me communiqu\u00e9<\/li>\n<li>Communiquer les r\u00e9sultats \u00e0 votre \u00e9quipe<\/li>\n<li>Mener toute formation pr\u00e9vue sur place<\/li>\n<li>Assurer un suivi en fournissant de la documentation \u00e9crite<\/li>\n<\/ul>\n<p>Lorsque vous souhaitez un soutien suppl\u00e9mentaire, DuBois vous propose une assistance technique compl\u00e8te, des \u00e9quipements de laboratoire de pointe et un personnel de laboratoire qualifi\u00e9. DuBois dispose d&rsquo;une \u00e9quipe d\u00e9vou\u00e9e de sp\u00e9cialistes techniques tr\u00e8s exp\u00e9riment\u00e9s qui apportent leur soutien \u00e0 vos repr\u00e9sentants locaux de vente et de service technique. Ils travailleront avec vous dans vos installations pour\u00a0:<\/p>\n<ul>\n<li>Identifier les possibilit\u00e9s d&rsquo;am\u00e9lioration continue<\/li>\n<li>Aider \u00e0 la conversion de nouveaux produits et proc\u00e9d\u00e9s essentiels<\/li>\n<li>Permettre de r\u00e9soudre les probl\u00e8mes lorsqu&rsquo;ils surviennent<\/li>\n<li>Fournir une formation<\/li>\n<\/ul>\n","protected":false},"excerpt":{"rendered":"<p>Soutien local sur le terrain La premi\u00e8re ligne de soutien de DuBois est notre personnel local sur le terrain qui a la capacit\u00e9 d&rsquo;effectuer des tests de base sur place. Avec plus de 300\u00a0repr\u00e9sentants techniques&#8230;<\/p>\n","protected":false},"author":220,"featured_media":0,"parent":10672,"menu_order":2,"comment_status":"closed","ping_status":"closed","template":"","meta":{"_acf_changed":false,"footnotes":""},"class_list":["post-10694","page","type-page","status-publish","hentry"],"acf":[],"yoast_head":"<!-- This site is optimized with the Yoast SEO plugin v26.8 - https:\/\/yoast.com\/product\/yoast-seo-wordpress\/ -->\n<title>Lutte contre les l\u00e9gionelles - Traitement des eaux<\/title>\n<meta name=\"robots\" content=\"index, follow, max-snippet:-1, max-image-preview:large, max-video-preview:-1\" \/>\n<link rel=\"canonical\" href=\"https:\/\/www.duboischemicals.com\/water-treatment\/fr\/service-support\/legionella-control\/\" \/>\n<meta property=\"og:locale\" content=\"fr_FR\" \/>\n<meta property=\"og:type\" content=\"article\" \/>\n<meta property=\"og:title\" content=\"Lutte contre les l\u00e9gionelles - Traitement des eaux\" \/>\n<meta property=\"og:description\" content=\"Soutien local sur le terrain La premi\u00e8re ligne de soutien de DuBois est notre personnel local sur le terrain qui a la capacit\u00e9 d&rsquo;effectuer des tests de base sur place. Avec plus de 300\u00a0repr\u00e9sentants techniques...\" \/>\n<meta property=\"og:url\" content=\"https:\/\/www.duboischemicals.com\/water-treatment\/fr\/service-support\/legionella-control\/\" \/>\n<meta property=\"og:site_name\" content=\"Traitement des eaux\" \/>\n<meta property=\"article:modified_time\" content=\"2021-02-03T13:36:13+00:00\" \/>\n<meta name=\"twitter:card\" content=\"summary_large_image\" \/>\n<meta name=\"twitter:label1\" content=\"Dur\u00e9e de lecture estim\u00e9e\" \/>\n\t<meta name=\"twitter:data1\" content=\"1 minute\" \/>\n<script type=\"application\/ld+json\" class=\"yoast-schema-graph\">{\"@context\":\"https:\/\/schema.org\",\"@graph\":[{\"@type\":\"WebPage\",\"@id\":\"https:\/\/www.duboischemicals.com\/water-treatment\/fr\/service-support\/legionella-control\/\",\"url\":\"https:\/\/www.duboischemicals.com\/water-treatment\/fr\/service-support\/legionella-control\/\",\"name\":\"Lutte contre les l\u00e9gionelles - Traitement des eaux\",\"isPartOf\":{\"@id\":\"https:\/\/www.duboischemicals.com\/water-treatment\/fr\/#website\"},\"datePublished\":\"2020-11-30T12:34:55+00:00\",\"dateModified\":\"2021-02-03T13:36:13+00:00\",\"breadcrumb\":{\"@id\":\"https:\/\/www.duboischemicals.com\/water-treatment\/fr\/service-support\/legionella-control\/#breadcrumb\"},\"inLanguage\":\"fr-FR\",\"potentialAction\":[{\"@type\":\"ReadAction\",\"target\":[\"https:\/\/www.duboischemicals.com\/water-treatment\/fr\/service-support\/legionella-control\/\"]}]},{\"@type\":\"BreadcrumbList\",\"@id\":\"https:\/\/www.duboischemicals.com\/water-treatment\/fr\/service-support\/legionella-control\/#breadcrumb\",\"itemListElement\":[{\"@type\":\"ListItem\",\"position\":1,\"name\":\"Accueil\",\"item\":\"https:\/\/www.duboischemicals.com\/water-treatment\/fr\/\"},{\"@type\":\"ListItem\",\"position\":2,\"name\":\"Service et soutien\",\"item\":\"https:\/\/www.duboischemicals.com\/water-treatment\/fr\/service-support\/\"},{\"@type\":\"ListItem\",\"position\":3,\"name\":\"Lutte contre les l\u00e9gionelles\"}]},{\"@type\":\"WebSite\",\"@id\":\"https:\/\/www.duboischemicals.com\/water-treatment\/fr\/#website\",\"url\":\"https:\/\/www.duboischemicals.com\/water-treatment\/fr\/\",\"name\":\"Traitement des eaux\",\"description\":\"\",\"potentialAction\":[{\"@type\":\"SearchAction\",\"target\":{\"@type\":\"EntryPoint\",\"urlTemplate\":\"https:\/\/www.duboischemicals.com\/water-treatment\/fr\/?s={search_term_string}\"},\"query-input\":{\"@type\":\"PropertyValueSpecification\",\"valueRequired\":true,\"valueName\":\"search_term_string\"}}],\"inLanguage\":\"fr-FR\"}]}<\/script>\n<!-- \/ Yoast SEO plugin. -->","yoast_head_json":{"title":"Lutte contre les l\u00e9gionelles - Traitement des eaux","robots":{"index":"index","follow":"follow","max-snippet":"max-snippet:-1","max-image-preview":"max-image-preview:large","max-video-preview":"max-video-preview:-1"},"canonical":"https:\/\/www.duboischemicals.com\/water-treatment\/fr\/service-support\/legionella-control\/","og_locale":"fr_FR","og_type":"article","og_title":"Lutte contre les l\u00e9gionelles - Traitement des eaux","og_description":"Soutien local sur le terrain La premi\u00e8re ligne de soutien de DuBois est notre personnel local sur le terrain qui a la capacit\u00e9 d&rsquo;effectuer des tests de base sur place. Avec plus de 300\u00a0repr\u00e9sentants techniques...","og_url":"https:\/\/www.duboischemicals.com\/water-treatment\/fr\/service-support\/legionella-control\/","og_site_name":"Traitement des eaux","article_modified_time":"2021-02-03T13:36:13+00:00","twitter_card":"summary_large_image","twitter_misc":{"Dur\u00e9e de lecture estim\u00e9e":"1 minute"},"schema":{"@context":"https:\/\/schema.org","@graph":[{"@type":"WebPage","@id":"https:\/\/www.duboischemicals.com\/water-treatment\/fr\/service-support\/legionella-control\/","url":"https:\/\/www.duboischemicals.com\/water-treatment\/fr\/service-support\/legionella-control\/","name":"Lutte contre les l\u00e9gionelles - Traitement des eaux","isPartOf":{"@id":"https:\/\/www.duboischemicals.com\/water-treatment\/fr\/#website"},"datePublished":"2020-11-30T12:34:55+00:00","dateModified":"2021-02-03T13:36:13+00:00","breadcrumb":{"@id":"https:\/\/www.duboischemicals.com\/water-treatment\/fr\/service-support\/legionella-control\/#breadcrumb"},"inLanguage":"fr-FR","potentialAction":[{"@type":"ReadAction","target":["https:\/\/www.duboischemicals.com\/water-treatment\/fr\/service-support\/legionella-control\/"]}]},{"@type":"BreadcrumbList","@id":"https:\/\/www.duboischemicals.com\/water-treatment\/fr\/service-support\/legionella-control\/#breadcrumb","itemListElement":[{"@type":"ListItem","position":1,"name":"Accueil","item":"https:\/\/www.duboischemicals.com\/water-treatment\/fr\/"},{"@type":"ListItem","position":2,"name":"Service et soutien","item":"https:\/\/www.duboischemicals.com\/water-treatment\/fr\/service-support\/"},{"@type":"ListItem","position":3,"name":"Lutte contre les l\u00e9gionelles"}]},{"@type":"WebSite","@id":"https:\/\/www.duboischemicals.com\/water-treatment\/fr\/#website","url":"https:\/\/www.duboischemicals.com\/water-treatment\/fr\/","name":"Traitement des eaux","description":"","potentialAction":[{"@type":"SearchAction","target":{"@type":"EntryPoint","urlTemplate":"https:\/\/www.duboischemicals.com\/water-treatment\/fr\/?s={search_term_string}"},"query-input":{"@type":"PropertyValueSpecification","valueRequired":true,"valueName":"search_term_string"}}],"inLanguage":"fr-FR"}]}},"_links":{"self":[{"href":"https:\/\/www.duboischemicals.com\/water-treatment\/fr\/wp-json\/wp\/v2\/pages\/10694","targetHints":{"allow":["GET"]}}],"collection":[{"href":"https:\/\/www.duboischemicals.com\/water-treatment\/fr\/wp-json\/wp\/v2\/pages"}],"about":[{"href":"https:\/\/www.duboischemicals.com\/water-treatment\/fr\/wp-json\/wp\/v2\/types\/page"}],"author":[{"embeddable":true,"href":"https:\/\/www.duboischemicals.com\/water-treatment\/fr\/wp-json\/wp\/v2\/users\/220"}],"replies":[{"embeddable":true,"href":"https:\/\/www.duboischemicals.com\/water-treatment\/fr\/wp-json\/wp\/v2\/comments?post=10694"}],"version-history":[{"count":2,"href":"https:\/\/www.duboischemicals.com\/water-treatment\/fr\/wp-json\/wp\/v2\/pages\/10694\/revisions"}],"predecessor-version":[{"id":11115,"href":"https:\/\/www.duboischemicals.com\/water-treatment\/fr\/wp-json\/wp\/v2\/pages\/10694\/revisions\/11115"}],"up":[{"embeddable":true,"href":"https:\/\/www.duboischemicals.com\/water-treatment\/fr\/wp-json\/wp\/v2\/pages\/10672"}],"wp:attachment":[{"href":"https:\/\/www.duboischemicals.com\/water-treatment\/fr\/wp-json\/wp\/v2\/media?parent=10694"}],"curies":[{"name":"wp","href":"https:\/\/api.w.org\/{rel}","templated":true}]}}