{"id":10705,"date":"2020-11-30T07:34:57","date_gmt":"2020-11-30T12:34:57","guid":{"rendered":"https:\/\/www.duboischemicals.com\/\/water-treatment\/service-support\/water-management-programs\/"},"modified":"2025-05-28T10:02:08","modified_gmt":"2025-05-28T14:02:08","slug":"water-management-programs","status":"publish","type":"page","link":"https:\/\/www.duboischemicals.com\/water-treatment\/fr\/service-support\/water-management-programs\/","title":{"rendered":"Programmes de traitement des eaux"},"content":{"rendered":"<h2>Programmes de traitement des eaux<\/h2>\n<p>DuBois peut s&rsquo;occuper de tous vos besoins en mati\u00e8re de traitement de l&rsquo;eau. Des tours de refroidissement aux syst\u00e8mes de chaudi\u00e8res, des circuits ferm\u00e9s aux biocides, des syst\u00e8mes d&rsquo;alimentation des \u00e9quipements aux filtres en ligne, de la production de monochloramine au traitement des eaux us\u00e9es, de la gestion des risques li\u00e9s aux l\u00e9gionelles aux produits de nettoyage, DuBois poss\u00e8de les connaissances, les produits et l&rsquo;expertise pour r\u00e9pondre \u00e0 tous vos besoins en mati\u00e8re de traitement de l&rsquo;eau.<\/p>\n<p>Sur demande, DuBois \u00e9tudiera vos syst\u00e8mes d&rsquo;eau et \u00e9laborera un plan complet de gestion de l&rsquo;eau qui mettra l&rsquo;accent sur les \u00e9conomies d&rsquo;eau, de produits chimiques et d&rsquo;\u00e9nergie, la prolongation de la dur\u00e9e de vie des \u00e9quipements et la r\u00e9duction des risques dus \u00e0 la croissance biologique. Une fois le plan \u00e9labor\u00e9 et approuv\u00e9, DuBois le mettra en \u0153uvre en assurant la transition vers nos produits chimiques et nos \u00e9quipements avec l&rsquo;aide de nos \u00e9quipes de service locales exp\u00e9riment\u00e9es.<\/p>\n<p>Une fois le programme en cours, vous verrez le service renomm\u00e9 de DuBois prendre une place centrale lors de nos visites r\u00e9guli\u00e8res sur votre site, qui ont pour but de s&rsquo;assurer que le programme fonctionne comme pr\u00e9vu et d&rsquo;apporter les modifications n\u00e9cessaires. Notre logiciel exclusif et prim\u00e9* bas\u00e9 sur le nuage, AquaAnalytics, mesure nos performances \u00e0 chaque \u00e9tape pour atteindre ou d\u00e9passer constamment nos objectifs de qualit\u00e9. AquaAnalytics utilise une logique sophistiqu\u00e9e pour pr\u00e9venir les mauvais r\u00e9sultats en menant des actions au sein de notre service enregistr\u00e9 ISO 9001 pour corriger le probl\u00e8me. Nous effectuons r\u00e9guli\u00e8rement des visites de service pratiques et r\u00e9pondons le jour m\u00eame aux rapports de d\u00e9viations du programme.\u00a0 Renseignez-vous sur notre portail client en ligne et notre application de journal de bord des op\u00e9rateurs, qui permettent d&rsquo;acc\u00e9der facilement \u00e0 des informations regroup\u00e9es.<\/p>\n<p>Gr\u00e2ce \u00e0 l&rsquo;utilisation de <a href=\"https:\/\/aqua-analytics.com\/\" target=\"_blank\" rel=\"noopener noreferrer\">AquaAnalytics<\/a>, tous les rapports de service, les journaux des op\u00e9rateurs et les autres informations du programme sont conserv\u00e9s dans le nuage, o\u00f9 vous pouvez acc\u00e9der aux donn\u00e9es \u00e0 tout moment. Si vous le souhaitez, votre repr\u00e9sentant DuBois organisera avec vous des sessions de r\u00e9vision r\u00e9guli\u00e8res (trimestrielles, annuelles, etc.) pour vous informer sur le fonctionnement de votre syst\u00e8me d&rsquo;eau et pour vous proposer les am\u00e9liorations continues que vous pouvez mettre en \u0153uvre.<\/p>\n<p>DuBois offre \u00e0 ses clients des options flexibles de m\u00e9thodes de paiement pour ses programmes de gestion de l&rsquo;eau. Vous pouvez m\u00eame opter pour une facturation mensuelle, des contrats annuels ou pluriannuels ou des options de paiement \u00e0 l&rsquo;utilisation. Nous travaillerons avec vous pour r\u00e9pondre \u00e0 vos besoins de financement et d&rsquo;achat.<\/p>\n<p><a href=\"http:\/\/www.duboischemicals.com\/\/water-treatment\/resources\/case-studies\/legionella-management-plans-installed-across-multiple-locations-for-government-customer-in-new-york\/\">\u00c9tude de cas\u00a0:\u00a0 Plan de gestion des l\u00e9gionelles dans l\u2019eau\u00a0\u2014 secteur gouvernemental<\/a><\/p>\n","protected":false},"excerpt":{"rendered":"<p>Programmes de traitement des eaux DuBois peut s&rsquo;occuper de tous vos besoins en mati\u00e8re de traitement de l&rsquo;eau. Des tours de refroidissement aux syst\u00e8mes de chaudi\u00e8res, des circuits ferm\u00e9s aux biocides, des syst\u00e8mes d&rsquo;alimentation des&#8230;<\/p>\n","protected":false},"author":220,"featured_media":0,"parent":10672,"menu_order":3,"comment_status":"closed","ping_status":"closed","template":"","meta":{"_acf_changed":false,"footnotes":""},"class_list":["post-10705","page","type-page","status-publish","hentry"],"acf":[],"yoast_head":"<!-- This site is optimized with the Yoast SEO plugin v26.8 - https:\/\/yoast.com\/product\/yoast-seo-wordpress\/ -->\n<title>Programmes de traitement des eaux - Traitement des eaux<\/title>\n<meta name=\"robots\" content=\"index, follow, max-snippet:-1, max-image-preview:large, max-video-preview:-1\" \/>\n<link rel=\"canonical\" href=\"https:\/\/www.duboischemicals.com\/water-treatment\/fr\/service-support\/water-management-programs\/\" \/>\n<meta property=\"og:locale\" content=\"fr_FR\" \/>\n<meta property=\"og:type\" content=\"article\" \/>\n<meta property=\"og:title\" content=\"Programmes de traitement des eaux - Traitement des eaux\" \/>\n<meta property=\"og:description\" content=\"Programmes de traitement des eaux DuBois peut s&rsquo;occuper de tous vos besoins en mati\u00e8re de traitement de l&rsquo;eau. Des tours de refroidissement aux syst\u00e8mes de chaudi\u00e8res, des circuits ferm\u00e9s aux biocides, des syst\u00e8mes d&rsquo;alimentation des...\" \/>\n<meta property=\"og:url\" content=\"https:\/\/www.duboischemicals.com\/water-treatment\/fr\/service-support\/water-management-programs\/\" \/>\n<meta property=\"og:site_name\" content=\"Traitement des eaux\" \/>\n<meta property=\"article:modified_time\" content=\"2025-05-28T14:02:08+00:00\" \/>\n<meta name=\"twitter:card\" content=\"summary_large_image\" \/>\n<meta name=\"twitter:label1\" content=\"Dur\u00e9e de lecture estim\u00e9e\" \/>\n\t<meta name=\"twitter:data1\" content=\"2 minutes\" \/>\n<script type=\"application\/ld+json\" class=\"yoast-schema-graph\">{\"@context\":\"https:\/\/schema.org\",\"@graph\":[{\"@type\":\"WebPage\",\"@id\":\"https:\/\/www.duboischemicals.com\/water-treatment\/fr\/service-support\/water-management-programs\/\",\"url\":\"https:\/\/www.duboischemicals.com\/water-treatment\/fr\/service-support\/water-management-programs\/\",\"name\":\"Programmes de traitement des eaux - Traitement des eaux\",\"isPartOf\":{\"@id\":\"https:\/\/www.duboischemicals.com\/water-treatment\/fr\/#website\"},\"datePublished\":\"2020-11-30T12:34:57+00:00\",\"dateModified\":\"2025-05-28T14:02:08+00:00\",\"breadcrumb\":{\"@id\":\"https:\/\/www.duboischemicals.com\/water-treatment\/fr\/service-support\/water-management-programs\/#breadcrumb\"},\"inLanguage\":\"fr-FR\",\"potentialAction\":[{\"@type\":\"ReadAction\",\"target\":[\"https:\/\/www.duboischemicals.com\/water-treatment\/fr\/service-support\/water-management-programs\/\"]}]},{\"@type\":\"BreadcrumbList\",\"@id\":\"https:\/\/www.duboischemicals.com\/water-treatment\/fr\/service-support\/water-management-programs\/#breadcrumb\",\"itemListElement\":[{\"@type\":\"ListItem\",\"position\":1,\"name\":\"Accueil\",\"item\":\"https:\/\/www.duboischemicals.com\/water-treatment\/fr\/\"},{\"@type\":\"ListItem\",\"position\":2,\"name\":\"Service et soutien\",\"item\":\"https:\/\/www.duboischemicals.com\/water-treatment\/fr\/service-support\/\"},{\"@type\":\"ListItem\",\"position\":3,\"name\":\"Programmes de traitement des eaux\"}]},{\"@type\":\"WebSite\",\"@id\":\"https:\/\/www.duboischemicals.com\/water-treatment\/fr\/#website\",\"url\":\"https:\/\/www.duboischemicals.com\/water-treatment\/fr\/\",\"name\":\"Traitement des eaux\",\"description\":\"\",\"potentialAction\":[{\"@type\":\"SearchAction\",\"target\":{\"@type\":\"EntryPoint\",\"urlTemplate\":\"https:\/\/www.duboischemicals.com\/water-treatment\/fr\/?s={search_term_string}\"},\"query-input\":{\"@type\":\"PropertyValueSpecification\",\"valueRequired\":true,\"valueName\":\"search_term_string\"}}],\"inLanguage\":\"fr-FR\"}]}<\/script>\n<!-- \/ Yoast SEO plugin. -->","yoast_head_json":{"title":"Programmes de traitement des eaux - Traitement des eaux","robots":{"index":"index","follow":"follow","max-snippet":"max-snippet:-1","max-image-preview":"max-image-preview:large","max-video-preview":"max-video-preview:-1"},"canonical":"https:\/\/www.duboischemicals.com\/water-treatment\/fr\/service-support\/water-management-programs\/","og_locale":"fr_FR","og_type":"article","og_title":"Programmes de traitement des eaux - Traitement des eaux","og_description":"Programmes de traitement des eaux DuBois peut s&rsquo;occuper de tous vos besoins en mati\u00e8re de traitement de l&rsquo;eau. Des tours de refroidissement aux syst\u00e8mes de chaudi\u00e8res, des circuits ferm\u00e9s aux biocides, des syst\u00e8mes d&rsquo;alimentation des...","og_url":"https:\/\/www.duboischemicals.com\/water-treatment\/fr\/service-support\/water-management-programs\/","og_site_name":"Traitement des eaux","article_modified_time":"2025-05-28T14:02:08+00:00","twitter_card":"summary_large_image","twitter_misc":{"Dur\u00e9e de lecture estim\u00e9e":"2 minutes"},"schema":{"@context":"https:\/\/schema.org","@graph":[{"@type":"WebPage","@id":"https:\/\/www.duboischemicals.com\/water-treatment\/fr\/service-support\/water-management-programs\/","url":"https:\/\/www.duboischemicals.com\/water-treatment\/fr\/service-support\/water-management-programs\/","name":"Programmes de traitement des eaux - Traitement des eaux","isPartOf":{"@id":"https:\/\/www.duboischemicals.com\/water-treatment\/fr\/#website"},"datePublished":"2020-11-30T12:34:57+00:00","dateModified":"2025-05-28T14:02:08+00:00","breadcrumb":{"@id":"https:\/\/www.duboischemicals.com\/water-treatment\/fr\/service-support\/water-management-programs\/#breadcrumb"},"inLanguage":"fr-FR","potentialAction":[{"@type":"ReadAction","target":["https:\/\/www.duboischemicals.com\/water-treatment\/fr\/service-support\/water-management-programs\/"]}]},{"@type":"BreadcrumbList","@id":"https:\/\/www.duboischemicals.com\/water-treatment\/fr\/service-support\/water-management-programs\/#breadcrumb","itemListElement":[{"@type":"ListItem","position":1,"name":"Accueil","item":"https:\/\/www.duboischemicals.com\/water-treatment\/fr\/"},{"@type":"ListItem","position":2,"name":"Service et soutien","item":"https:\/\/www.duboischemicals.com\/water-treatment\/fr\/service-support\/"},{"@type":"ListItem","position":3,"name":"Programmes de traitement des eaux"}]},{"@type":"WebSite","@id":"https:\/\/www.duboischemicals.com\/water-treatment\/fr\/#website","url":"https:\/\/www.duboischemicals.com\/water-treatment\/fr\/","name":"Traitement des eaux","description":"","potentialAction":[{"@type":"SearchAction","target":{"@type":"EntryPoint","urlTemplate":"https:\/\/www.duboischemicals.com\/water-treatment\/fr\/?s={search_term_string}"},"query-input":{"@type":"PropertyValueSpecification","valueRequired":true,"valueName":"search_term_string"}}],"inLanguage":"fr-FR"}]}},"_links":{"self":[{"href":"https:\/\/www.duboischemicals.com\/water-treatment\/fr\/wp-json\/wp\/v2\/pages\/10705","targetHints":{"allow":["GET"]}}],"collection":[{"href":"https:\/\/www.duboischemicals.com\/water-treatment\/fr\/wp-json\/wp\/v2\/pages"}],"about":[{"href":"https:\/\/www.duboischemicals.com\/water-treatment\/fr\/wp-json\/wp\/v2\/types\/page"}],"author":[{"embeddable":true,"href":"https:\/\/www.duboischemicals.com\/water-treatment\/fr\/wp-json\/wp\/v2\/users\/220"}],"replies":[{"embeddable":true,"href":"https:\/\/www.duboischemicals.com\/water-treatment\/fr\/wp-json\/wp\/v2\/comments?post=10705"}],"version-history":[{"count":4,"href":"https:\/\/www.duboischemicals.com\/water-treatment\/fr\/wp-json\/wp\/v2\/pages\/10705\/revisions"}],"predecessor-version":[{"id":12539,"href":"https:\/\/www.duboischemicals.com\/water-treatment\/fr\/wp-json\/wp\/v2\/pages\/10705\/revisions\/12539"}],"up":[{"embeddable":true,"href":"https:\/\/www.duboischemicals.com\/water-treatment\/fr\/wp-json\/wp\/v2\/pages\/10672"}],"wp:attachment":[{"href":"https:\/\/www.duboischemicals.com\/water-treatment\/fr\/wp-json\/wp\/v2\/media?parent=10705"}],"curies":[{"name":"wp","href":"https:\/\/api.w.org\/{rel}","templated":true}]}}