{"id":10716,"date":"2020-11-30T07:34:59","date_gmt":"2020-11-30T12:34:59","guid":{"rendered":"https:\/\/www.duboischemicals.com\/\/water-treatment\/service-support\/consulting-services\/"},"modified":"2021-02-03T08:36:25","modified_gmt":"2021-02-03T13:36:25","slug":"consulting-services","status":"publish","type":"page","link":"https:\/\/www.duboischemicals.com\/water-treatment\/fr\/service-support\/consulting-services\/","title":{"rendered":"Services de conseil"},"content":{"rendered":"<h2>Services de conseil<\/h2>\n<p>DuBois est plus qu\u2019un fournisseur de solutions chimiques. Nos repr\u00e9sentants commerciaux et notre personnel de bureau \u00e0 domicile sont hautement qualifi\u00e9s et exp\u00e9riment\u00e9s et se consid\u00e8rent comme des partenaires dans l&rsquo;exploitation de vos syst\u00e8mes d&rsquo;eau et d&rsquo;eaux us\u00e9es. Nous nous effor\u00e7ons d&rsquo;am\u00e9liorer continuellement vos syst\u00e8mes en mettant l&rsquo;accent sur la r\u00e9duction des produits chimiques, de l&rsquo;eau et de l&rsquo;\u00e9nergie.<\/p>\n<p>Lorsque vous faites affaire avec DuBois, nous faisons plus que vous fournir des produits chimiques. Avant m\u00eame de devenir votre fournisseur de traitement de l&rsquo;eau, le personnel de DuBois effectuera une \u00e9tude et une v\u00e9rification de votre syst\u00e8me. DuBois proposera un <a href=\"http:\/\/www.duboischemicals.com\/\/water-treatment\/service-support\/water-management-programs\/\">programme complet de gestion des eaux<\/a> qui offre non seulement des am\u00e9liorations gr\u00e2ce \u00e0 des produits chimiques innovants, mais comprend \u00e9galement des recommandations pour am\u00e9liorer l&rsquo;ensemble du processus.<\/p>\n<p>Une fois que nous aurons gagn\u00e9 votre client\u00e8le, DuBois vous fournira bien plus qu\u2019un service r\u00e9gulier. Vous pourrez b\u00e9n\u00e9ficier de notre savoir-faire afin d&rsquo;am\u00e9liorer continuellement vos programmes de traitement des eaux. Gr\u00e2ce \u00e0 l&rsquo;utilisation d&rsquo;outils innovants tels que <a href=\"https:\/\/aqua-analytics.com\/\" target=\"_blank\" rel=\"noopener noreferrer\">AquaAnalytics<\/a>, DuBois saisira et analysera les donn\u00e9es et les utilisera pour d\u00e9terminer o\u00f9 des am\u00e9liorations peuvent \u00eatre apport\u00e9es.<\/p>\n<p>DuBois reconna\u00eet la confiance que les clients nous accordent lorsqu&rsquo;ils nous proposent d&rsquo;\u00eatre leur fournisseur. Nous nous effor\u00e7ons d&rsquo;\u00eatre plus qu&rsquo;un fournisseur, mais plut\u00f4t un v\u00e9ritable partenaire ayant un int\u00e9r\u00eat \u00e9gal pour le bon fonctionnement de votre processus. Nous vous consulterons pour respecter en permanence nos engagements \u00e0 atteindre les objectifs de votre programme de traitement de l&rsquo;eau tout en r\u00e9alisant des \u00e9conomies de produits chimiques, d&rsquo;\u00e9nergie et d&rsquo;eau.<\/p>\n","protected":false},"excerpt":{"rendered":"<p>Services de conseil DuBois est plus qu\u2019un fournisseur de solutions chimiques. Nos repr\u00e9sentants commerciaux et notre personnel de bureau \u00e0 domicile sont hautement qualifi\u00e9s et exp\u00e9riment\u00e9s et se consid\u00e8rent comme des partenaires dans l&rsquo;exploitation de&#8230;<\/p>\n","protected":false},"author":220,"featured_media":0,"parent":10672,"menu_order":4,"comment_status":"closed","ping_status":"closed","template":"","meta":{"_acf_changed":false,"footnotes":""},"class_list":["post-10716","page","type-page","status-publish","hentry"],"acf":[],"yoast_head":"<!-- This site is optimized with the Yoast SEO plugin v26.8 - https:\/\/yoast.com\/product\/yoast-seo-wordpress\/ -->\n<title>Services de conseil - Traitement des eaux<\/title>\n<meta name=\"robots\" content=\"index, follow, max-snippet:-1, max-image-preview:large, max-video-preview:-1\" \/>\n<link rel=\"canonical\" href=\"https:\/\/www.duboischemicals.com\/water-treatment\/fr\/service-support\/consulting-services\/\" \/>\n<meta property=\"og:locale\" content=\"fr_FR\" \/>\n<meta property=\"og:type\" content=\"article\" \/>\n<meta property=\"og:title\" content=\"Services de conseil - Traitement des eaux\" \/>\n<meta property=\"og:description\" content=\"Services de conseil DuBois est plus qu\u2019un fournisseur de solutions chimiques. Nos repr\u00e9sentants commerciaux et notre personnel de bureau \u00e0 domicile sont hautement qualifi\u00e9s et exp\u00e9riment\u00e9s et se consid\u00e8rent comme des partenaires dans l&rsquo;exploitation de...\" \/>\n<meta property=\"og:url\" content=\"https:\/\/www.duboischemicals.com\/water-treatment\/fr\/service-support\/consulting-services\/\" \/>\n<meta property=\"og:site_name\" content=\"Traitement des eaux\" \/>\n<meta property=\"article:modified_time\" content=\"2021-02-03T13:36:25+00:00\" \/>\n<meta name=\"twitter:card\" content=\"summary_large_image\" \/>\n<meta name=\"twitter:label1\" content=\"Dur\u00e9e de lecture estim\u00e9e\" \/>\n\t<meta name=\"twitter:data1\" content=\"1 minute\" \/>\n<script type=\"application\/ld+json\" class=\"yoast-schema-graph\">{\"@context\":\"https:\/\/schema.org\",\"@graph\":[{\"@type\":\"WebPage\",\"@id\":\"https:\/\/www.duboischemicals.com\/water-treatment\/fr\/service-support\/consulting-services\/\",\"url\":\"https:\/\/www.duboischemicals.com\/water-treatment\/fr\/service-support\/consulting-services\/\",\"name\":\"Services de conseil - Traitement des eaux\",\"isPartOf\":{\"@id\":\"https:\/\/www.duboischemicals.com\/water-treatment\/fr\/#website\"},\"datePublished\":\"2020-11-30T12:34:59+00:00\",\"dateModified\":\"2021-02-03T13:36:25+00:00\",\"breadcrumb\":{\"@id\":\"https:\/\/www.duboischemicals.com\/water-treatment\/fr\/service-support\/consulting-services\/#breadcrumb\"},\"inLanguage\":\"fr-FR\",\"potentialAction\":[{\"@type\":\"ReadAction\",\"target\":[\"https:\/\/www.duboischemicals.com\/water-treatment\/fr\/service-support\/consulting-services\/\"]}]},{\"@type\":\"BreadcrumbList\",\"@id\":\"https:\/\/www.duboischemicals.com\/water-treatment\/fr\/service-support\/consulting-services\/#breadcrumb\",\"itemListElement\":[{\"@type\":\"ListItem\",\"position\":1,\"name\":\"Accueil\",\"item\":\"https:\/\/www.duboischemicals.com\/water-treatment\/fr\/\"},{\"@type\":\"ListItem\",\"position\":2,\"name\":\"Service et soutien\",\"item\":\"https:\/\/www.duboischemicals.com\/water-treatment\/fr\/service-support\/\"},{\"@type\":\"ListItem\",\"position\":3,\"name\":\"Services de conseil\"}]},{\"@type\":\"WebSite\",\"@id\":\"https:\/\/www.duboischemicals.com\/water-treatment\/fr\/#website\",\"url\":\"https:\/\/www.duboischemicals.com\/water-treatment\/fr\/\",\"name\":\"Traitement des eaux\",\"description\":\"\",\"potentialAction\":[{\"@type\":\"SearchAction\",\"target\":{\"@type\":\"EntryPoint\",\"urlTemplate\":\"https:\/\/www.duboischemicals.com\/water-treatment\/fr\/?s={search_term_string}\"},\"query-input\":{\"@type\":\"PropertyValueSpecification\",\"valueRequired\":true,\"valueName\":\"search_term_string\"}}],\"inLanguage\":\"fr-FR\"}]}<\/script>\n<!-- \/ Yoast SEO plugin. -->","yoast_head_json":{"title":"Services de conseil - Traitement des eaux","robots":{"index":"index","follow":"follow","max-snippet":"max-snippet:-1","max-image-preview":"max-image-preview:large","max-video-preview":"max-video-preview:-1"},"canonical":"https:\/\/www.duboischemicals.com\/water-treatment\/fr\/service-support\/consulting-services\/","og_locale":"fr_FR","og_type":"article","og_title":"Services de conseil - Traitement des eaux","og_description":"Services de conseil DuBois est plus qu\u2019un fournisseur de solutions chimiques. Nos repr\u00e9sentants commerciaux et notre personnel de bureau \u00e0 domicile sont hautement qualifi\u00e9s et exp\u00e9riment\u00e9s et se consid\u00e8rent comme des partenaires dans l&rsquo;exploitation de...","og_url":"https:\/\/www.duboischemicals.com\/water-treatment\/fr\/service-support\/consulting-services\/","og_site_name":"Traitement des eaux","article_modified_time":"2021-02-03T13:36:25+00:00","twitter_card":"summary_large_image","twitter_misc":{"Dur\u00e9e de lecture estim\u00e9e":"1 minute"},"schema":{"@context":"https:\/\/schema.org","@graph":[{"@type":"WebPage","@id":"https:\/\/www.duboischemicals.com\/water-treatment\/fr\/service-support\/consulting-services\/","url":"https:\/\/www.duboischemicals.com\/water-treatment\/fr\/service-support\/consulting-services\/","name":"Services de conseil - Traitement des eaux","isPartOf":{"@id":"https:\/\/www.duboischemicals.com\/water-treatment\/fr\/#website"},"datePublished":"2020-11-30T12:34:59+00:00","dateModified":"2021-02-03T13:36:25+00:00","breadcrumb":{"@id":"https:\/\/www.duboischemicals.com\/water-treatment\/fr\/service-support\/consulting-services\/#breadcrumb"},"inLanguage":"fr-FR","potentialAction":[{"@type":"ReadAction","target":["https:\/\/www.duboischemicals.com\/water-treatment\/fr\/service-support\/consulting-services\/"]}]},{"@type":"BreadcrumbList","@id":"https:\/\/www.duboischemicals.com\/water-treatment\/fr\/service-support\/consulting-services\/#breadcrumb","itemListElement":[{"@type":"ListItem","position":1,"name":"Accueil","item":"https:\/\/www.duboischemicals.com\/water-treatment\/fr\/"},{"@type":"ListItem","position":2,"name":"Service et soutien","item":"https:\/\/www.duboischemicals.com\/water-treatment\/fr\/service-support\/"},{"@type":"ListItem","position":3,"name":"Services de conseil"}]},{"@type":"WebSite","@id":"https:\/\/www.duboischemicals.com\/water-treatment\/fr\/#website","url":"https:\/\/www.duboischemicals.com\/water-treatment\/fr\/","name":"Traitement des eaux","description":"","potentialAction":[{"@type":"SearchAction","target":{"@type":"EntryPoint","urlTemplate":"https:\/\/www.duboischemicals.com\/water-treatment\/fr\/?s={search_term_string}"},"query-input":{"@type":"PropertyValueSpecification","valueRequired":true,"valueName":"search_term_string"}}],"inLanguage":"fr-FR"}]}},"_links":{"self":[{"href":"https:\/\/www.duboischemicals.com\/water-treatment\/fr\/wp-json\/wp\/v2\/pages\/10716","targetHints":{"allow":["GET"]}}],"collection":[{"href":"https:\/\/www.duboischemicals.com\/water-treatment\/fr\/wp-json\/wp\/v2\/pages"}],"about":[{"href":"https:\/\/www.duboischemicals.com\/water-treatment\/fr\/wp-json\/wp\/v2\/types\/page"}],"author":[{"embeddable":true,"href":"https:\/\/www.duboischemicals.com\/water-treatment\/fr\/wp-json\/wp\/v2\/users\/220"}],"replies":[{"embeddable":true,"href":"https:\/\/www.duboischemicals.com\/water-treatment\/fr\/wp-json\/wp\/v2\/comments?post=10716"}],"version-history":[{"count":3,"href":"https:\/\/www.duboischemicals.com\/water-treatment\/fr\/wp-json\/wp\/v2\/pages\/10716\/revisions"}],"predecessor-version":[{"id":11520,"href":"https:\/\/www.duboischemicals.com\/water-treatment\/fr\/wp-json\/wp\/v2\/pages\/10716\/revisions\/11520"}],"up":[{"embeddable":true,"href":"https:\/\/www.duboischemicals.com\/water-treatment\/fr\/wp-json\/wp\/v2\/pages\/10672"}],"wp:attachment":[{"href":"https:\/\/www.duboischemicals.com\/water-treatment\/fr\/wp-json\/wp\/v2\/media?parent=10716"}],"curies":[{"name":"wp","href":"https:\/\/api.w.org\/{rel}","templated":true}]}}