{"id":10728,"date":"2020-11-30T07:35:03","date_gmt":"2020-11-30T12:35:03","guid":{"rendered":"https:\/\/www.duboischemicals.com\/\/water-treatment\/service-support\/analytical-capabilities\/"},"modified":"2021-02-11T06:55:13","modified_gmt":"2021-02-11T11:55:13","slug":"analytical-capabilities","status":"publish","type":"page","link":"https:\/\/www.duboischemicals.com\/water-treatment\/fr\/service-support\/analytical-capabilities\/","title":{"rendered":"Capacit\u00e9s analytiques"},"content":{"rendered":"<h2>Capacit\u00e9s analytiques<\/h2>\n<p>Les laboratoires d&rsquo;analyse de DuBois \u00e9valuent chaque jour des centaines de solutions, de d\u00e9p\u00f4ts et de surfaces. Nous mettons \u00e0 profit des d\u00e9cennies d&rsquo;exp\u00e9rience dans la saisie et l&rsquo;interpr\u00e9tation des donn\u00e9es pour r\u00e9soudre vos probl\u00e8mes complexes et optimiser vos processus. Nos instruments d\u2019analyse \u00e0 la fine pointe de la technologie soutiennent les t\u00e2ches suivantes\u00a0:<\/p>\n<ul>\n<li>D\u00e9pannage<\/li>\n<li>Analyse des causes profondes<\/li>\n<li>Maintenance pr\u00e9ventive<\/li>\n<li>Enqu\u00eate sur la s\u00e9lection des produits<\/li>\n<\/ul>\n<p>Les capacit\u00e9s analytiques de DuBois nous permettent de surveiller l&rsquo;int\u00e9grit\u00e9 de votre syst\u00e8me et d&rsquo;assurer des performances maximales. Cela comprend l&rsquo;analyse qualitative et quantitative d&rsquo;\u00e9chantillons individuels et de s\u00e9ries. Par exemple, l&rsquo;analyse de l&rsquo;eau d&rsquo;appoint, de l&rsquo;eau de traitement et des eaux us\u00e9es; une connaissance approfondie de la qualit\u00e9 de l&rsquo;eau tout au long de votre processus est essentielle pour assurer l&rsquo;efficacit\u00e9 et la conformit\u00e9 du processus.<\/p>\n<p>DuBois utilise ses outils pour s&rsquo;assurer que les bons produits chimiques sont s\u00e9lectionn\u00e9s pour votre application. En voici quelques exemples\u00a0:<\/p>\n<ul>\n<li>Confirmation, identification et qualification des contaminants<\/li>\n<li>Ventilation de la composition des r\u00e9sidus, des souillures et du tartre<\/li>\n<li>Test des propri\u00e9t\u00e9s des produits<\/li>\n<li>Analyse des d\u00e9p\u00f4ts de surface<\/li>\n<\/ul>\n","protected":false},"excerpt":{"rendered":"<p>Capacit\u00e9s analytiques Les laboratoires d&rsquo;analyse de DuBois \u00e9valuent chaque jour des centaines de solutions, de d\u00e9p\u00f4ts et de surfaces. Nous mettons \u00e0 profit des d\u00e9cennies d&rsquo;exp\u00e9rience dans la saisie et l&rsquo;interpr\u00e9tation des donn\u00e9es pour r\u00e9soudre&#8230;<\/p>\n","protected":false},"author":220,"featured_media":0,"parent":10672,"menu_order":5,"comment_status":"closed","ping_status":"closed","template":"","meta":{"_acf_changed":false,"footnotes":""},"class_list":["post-10728","page","type-page","status-publish","hentry"],"acf":[],"yoast_head":"<!-- This site is optimized with the Yoast SEO plugin v26.8 - https:\/\/yoast.com\/product\/yoast-seo-wordpress\/ -->\n<title>Capacit\u00e9s analytiques - Traitement des eaux<\/title>\n<meta name=\"robots\" content=\"index, follow, max-snippet:-1, max-image-preview:large, max-video-preview:-1\" \/>\n<link rel=\"canonical\" href=\"https:\/\/www.duboischemicals.com\/water-treatment\/fr\/service-support\/analytical-capabilities\/\" \/>\n<meta property=\"og:locale\" content=\"fr_FR\" \/>\n<meta property=\"og:type\" content=\"article\" \/>\n<meta property=\"og:title\" content=\"Capacit\u00e9s analytiques - Traitement des eaux\" \/>\n<meta property=\"og:description\" content=\"Capacit\u00e9s analytiques Les laboratoires d&rsquo;analyse de DuBois \u00e9valuent chaque jour des centaines de solutions, de d\u00e9p\u00f4ts et de surfaces. Nous mettons \u00e0 profit des d\u00e9cennies d&rsquo;exp\u00e9rience dans la saisie et l&rsquo;interpr\u00e9tation des donn\u00e9es pour r\u00e9soudre...\" \/>\n<meta property=\"og:url\" content=\"https:\/\/www.duboischemicals.com\/water-treatment\/fr\/service-support\/analytical-capabilities\/\" \/>\n<meta property=\"og:site_name\" content=\"Traitement des eaux\" \/>\n<meta property=\"article:modified_time\" content=\"2021-02-11T11:55:13+00:00\" \/>\n<meta name=\"twitter:card\" content=\"summary_large_image\" \/>\n<meta name=\"twitter:label1\" content=\"Dur\u00e9e de lecture estim\u00e9e\" \/>\n\t<meta name=\"twitter:data1\" content=\"1 minute\" \/>\n<script type=\"application\/ld+json\" class=\"yoast-schema-graph\">{\"@context\":\"https:\/\/schema.org\",\"@graph\":[{\"@type\":\"WebPage\",\"@id\":\"https:\/\/www.duboischemicals.com\/water-treatment\/fr\/service-support\/analytical-capabilities\/\",\"url\":\"https:\/\/www.duboischemicals.com\/water-treatment\/fr\/service-support\/analytical-capabilities\/\",\"name\":\"Capacit\u00e9s analytiques - Traitement des eaux\",\"isPartOf\":{\"@id\":\"https:\/\/www.duboischemicals.com\/water-treatment\/fr\/#website\"},\"datePublished\":\"2020-11-30T12:35:03+00:00\",\"dateModified\":\"2021-02-11T11:55:13+00:00\",\"breadcrumb\":{\"@id\":\"https:\/\/www.duboischemicals.com\/water-treatment\/fr\/service-support\/analytical-capabilities\/#breadcrumb\"},\"inLanguage\":\"fr-FR\",\"potentialAction\":[{\"@type\":\"ReadAction\",\"target\":[\"https:\/\/www.duboischemicals.com\/water-treatment\/fr\/service-support\/analytical-capabilities\/\"]}]},{\"@type\":\"BreadcrumbList\",\"@id\":\"https:\/\/www.duboischemicals.com\/water-treatment\/fr\/service-support\/analytical-capabilities\/#breadcrumb\",\"itemListElement\":[{\"@type\":\"ListItem\",\"position\":1,\"name\":\"Accueil\",\"item\":\"https:\/\/www.duboischemicals.com\/water-treatment\/fr\/\"},{\"@type\":\"ListItem\",\"position\":2,\"name\":\"Service et soutien\",\"item\":\"https:\/\/www.duboischemicals.com\/water-treatment\/fr\/service-support\/\"},{\"@type\":\"ListItem\",\"position\":3,\"name\":\"Capacit\u00e9s analytiques\"}]},{\"@type\":\"WebSite\",\"@id\":\"https:\/\/www.duboischemicals.com\/water-treatment\/fr\/#website\",\"url\":\"https:\/\/www.duboischemicals.com\/water-treatment\/fr\/\",\"name\":\"Traitement des eaux\",\"description\":\"\",\"potentialAction\":[{\"@type\":\"SearchAction\",\"target\":{\"@type\":\"EntryPoint\",\"urlTemplate\":\"https:\/\/www.duboischemicals.com\/water-treatment\/fr\/?s={search_term_string}\"},\"query-input\":{\"@type\":\"PropertyValueSpecification\",\"valueRequired\":true,\"valueName\":\"search_term_string\"}}],\"inLanguage\":\"fr-FR\"}]}<\/script>\n<!-- \/ Yoast SEO plugin. -->","yoast_head_json":{"title":"Capacit\u00e9s analytiques - Traitement des eaux","robots":{"index":"index","follow":"follow","max-snippet":"max-snippet:-1","max-image-preview":"max-image-preview:large","max-video-preview":"max-video-preview:-1"},"canonical":"https:\/\/www.duboischemicals.com\/water-treatment\/fr\/service-support\/analytical-capabilities\/","og_locale":"fr_FR","og_type":"article","og_title":"Capacit\u00e9s analytiques - Traitement des eaux","og_description":"Capacit\u00e9s analytiques Les laboratoires d&rsquo;analyse de DuBois \u00e9valuent chaque jour des centaines de solutions, de d\u00e9p\u00f4ts et de surfaces. Nous mettons \u00e0 profit des d\u00e9cennies d&rsquo;exp\u00e9rience dans la saisie et l&rsquo;interpr\u00e9tation des donn\u00e9es pour r\u00e9soudre...","og_url":"https:\/\/www.duboischemicals.com\/water-treatment\/fr\/service-support\/analytical-capabilities\/","og_site_name":"Traitement des eaux","article_modified_time":"2021-02-11T11:55:13+00:00","twitter_card":"summary_large_image","twitter_misc":{"Dur\u00e9e de lecture estim\u00e9e":"1 minute"},"schema":{"@context":"https:\/\/schema.org","@graph":[{"@type":"WebPage","@id":"https:\/\/www.duboischemicals.com\/water-treatment\/fr\/service-support\/analytical-capabilities\/","url":"https:\/\/www.duboischemicals.com\/water-treatment\/fr\/service-support\/analytical-capabilities\/","name":"Capacit\u00e9s analytiques - Traitement des eaux","isPartOf":{"@id":"https:\/\/www.duboischemicals.com\/water-treatment\/fr\/#website"},"datePublished":"2020-11-30T12:35:03+00:00","dateModified":"2021-02-11T11:55:13+00:00","breadcrumb":{"@id":"https:\/\/www.duboischemicals.com\/water-treatment\/fr\/service-support\/analytical-capabilities\/#breadcrumb"},"inLanguage":"fr-FR","potentialAction":[{"@type":"ReadAction","target":["https:\/\/www.duboischemicals.com\/water-treatment\/fr\/service-support\/analytical-capabilities\/"]}]},{"@type":"BreadcrumbList","@id":"https:\/\/www.duboischemicals.com\/water-treatment\/fr\/service-support\/analytical-capabilities\/#breadcrumb","itemListElement":[{"@type":"ListItem","position":1,"name":"Accueil","item":"https:\/\/www.duboischemicals.com\/water-treatment\/fr\/"},{"@type":"ListItem","position":2,"name":"Service et soutien","item":"https:\/\/www.duboischemicals.com\/water-treatment\/fr\/service-support\/"},{"@type":"ListItem","position":3,"name":"Capacit\u00e9s analytiques"}]},{"@type":"WebSite","@id":"https:\/\/www.duboischemicals.com\/water-treatment\/fr\/#website","url":"https:\/\/www.duboischemicals.com\/water-treatment\/fr\/","name":"Traitement des eaux","description":"","potentialAction":[{"@type":"SearchAction","target":{"@type":"EntryPoint","urlTemplate":"https:\/\/www.duboischemicals.com\/water-treatment\/fr\/?s={search_term_string}"},"query-input":{"@type":"PropertyValueSpecification","valueRequired":true,"valueName":"search_term_string"}}],"inLanguage":"fr-FR"}]}},"_links":{"self":[{"href":"https:\/\/www.duboischemicals.com\/water-treatment\/fr\/wp-json\/wp\/v2\/pages\/10728","targetHints":{"allow":["GET"]}}],"collection":[{"href":"https:\/\/www.duboischemicals.com\/water-treatment\/fr\/wp-json\/wp\/v2\/pages"}],"about":[{"href":"https:\/\/www.duboischemicals.com\/water-treatment\/fr\/wp-json\/wp\/v2\/types\/page"}],"author":[{"embeddable":true,"href":"https:\/\/www.duboischemicals.com\/water-treatment\/fr\/wp-json\/wp\/v2\/users\/220"}],"replies":[{"embeddable":true,"href":"https:\/\/www.duboischemicals.com\/water-treatment\/fr\/wp-json\/wp\/v2\/comments?post=10728"}],"version-history":[{"count":4,"href":"https:\/\/www.duboischemicals.com\/water-treatment\/fr\/wp-json\/wp\/v2\/pages\/10728\/revisions"}],"predecessor-version":[{"id":11565,"href":"https:\/\/www.duboischemicals.com\/water-treatment\/fr\/wp-json\/wp\/v2\/pages\/10728\/revisions\/11565"}],"up":[{"embeddable":true,"href":"https:\/\/www.duboischemicals.com\/water-treatment\/fr\/wp-json\/wp\/v2\/pages\/10672"}],"wp:attachment":[{"href":"https:\/\/www.duboischemicals.com\/water-treatment\/fr\/wp-json\/wp\/v2\/media?parent=10728"}],"curies":[{"name":"wp","href":"https:\/\/api.w.org\/{rel}","templated":true}]}}