{"id":10739,"date":"2020-11-30T07:35:05","date_gmt":"2020-11-30T12:35:05","guid":{"rendered":"https:\/\/www.duboischemicals.com\/\/water-treatment\/service-support\/research-development\/"},"modified":"2021-03-05T12:46:13","modified_gmt":"2021-03-05T17:46:13","slug":"research-development","status":"publish","type":"page","link":"https:\/\/www.duboischemicals.com\/water-treatment\/fr\/service-support\/research-development\/","title":{"rendered":"Recherche et D\u00e9veloppement"},"content":{"rendered":"<h2>Recherche et D\u00e9veloppement<\/h2>\n<p>Nous sommes conscients que vous \u00eates confront\u00e9s \u00e0 un environnement r\u00e9glementaire en mutation, \u00e0 l&rsquo;\u00e9volution des attentes des clients et \u00e0 la n\u00e9cessit\u00e9 d&rsquo;am\u00e9liorer la rentabilit\u00e9 de votre entreprise. Les \u00e9quipes de recherche et d\u00e9veloppement de DuBois ont vos int\u00e9r\u00eats \u00e0 c\u0153ur; nous nous concentrons sur le d\u00e9veloppement de produits et de proc\u00e9d\u00e9s qui r\u00e9pondent \u00e0 vos besoins imm\u00e9diats et \u00e0 long terme.<\/p>\n<p>DuBois d\u00e9veloppe continuellement de nouveaux produits et am\u00e9liore les produits existants afin d&rsquo;accro\u00eetre l&rsquo;efficacit\u00e9 de vos op\u00e9rations. Nos \u00e9quipes de recherche et d\u00e9veloppement aident les clients \u00e0 r\u00e9soudre les probl\u00e8mes li\u00e9s \u00e0 un produit, \u00e0 une application ou \u00e0 un processus. DuBois garde un \u0153il sur le secteur et se tient au courant des derniers d\u00e9veloppements en mati\u00e8re de nouvelles mati\u00e8res premi\u00e8res, d&rsquo;\u00e9quipements, de proc\u00e9d\u00e9s et de questions environnementales. Cela permet \u00e0 chacun d&rsquo;entre nous de rester \u00e0 la pointe de la technologie.<\/p>\n<p><strong>Une chimie orient\u00e9e vers le client<\/strong><\/p>\n<p>DuBois est sp\u00e9cialis\u00e9 dans le d\u00e9veloppement de produits sur mesure. Nous cr\u00e9ons des produits et des proc\u00e9d\u00e9s qui vous permettent de r\u00e9soudre des probl\u00e8mes pr\u00e9cis de fabrication, de nettoyage ou de traitement. Avec huit <a href=\"http:\/\/www.duboischemicals.com\/\/water-treatment\/about-us\/facility-locations\/\">centres d&rsquo;excellence technique<\/a>\u00a0en Am\u00e9rique du Nord, nous disposons de ressources \u00e0 proximit\u00e9 de votre entreprise pour faciliter la collaboration.<\/p>\n<p>Les \u00e9quipes technologiques de DuBois comprennent le concept de co\u00fbt total de possession. Nos chimistes, nos ing\u00e9nieurs et nos professionnels des ventes techniques sont form\u00e9s aux concepts d&rsquo;optimisation et s&rsquo;efforceront de r\u00e9duire l&#8217;empreinte carbone, hydrique et environnementale de vos proc\u00e9d\u00e9s. Nos ressources appliqu\u00e9es se traduisent par un retour sur investissement plus \u00e9lev\u00e9 pour vous et vos installations.<\/p>\n","protected":false},"excerpt":{"rendered":"<p>Recherche et D\u00e9veloppement Nous sommes conscients que vous \u00eates confront\u00e9s \u00e0 un environnement r\u00e9glementaire en mutation, \u00e0 l&rsquo;\u00e9volution des attentes des clients et \u00e0 la n\u00e9cessit\u00e9 d&rsquo;am\u00e9liorer la rentabilit\u00e9 de votre entreprise. Les \u00e9quipes de&#8230;<\/p>\n","protected":false},"author":220,"featured_media":0,"parent":10672,"menu_order":6,"comment_status":"closed","ping_status":"closed","template":"","meta":{"_acf_changed":false,"footnotes":""},"class_list":["post-10739","page","type-page","status-publish","hentry"],"acf":[],"yoast_head":"<!-- This site is optimized with the Yoast SEO plugin v26.8 - https:\/\/yoast.com\/product\/yoast-seo-wordpress\/ -->\n<title>Recherche et D\u00e9veloppement - Traitement des eaux<\/title>\n<meta name=\"robots\" content=\"index, follow, max-snippet:-1, max-image-preview:large, max-video-preview:-1\" \/>\n<link rel=\"canonical\" href=\"https:\/\/www.duboischemicals.com\/water-treatment\/fr\/service-support\/research-development\/\" \/>\n<meta property=\"og:locale\" content=\"fr_FR\" \/>\n<meta property=\"og:type\" content=\"article\" \/>\n<meta property=\"og:title\" content=\"Recherche et D\u00e9veloppement - Traitement des eaux\" \/>\n<meta property=\"og:description\" content=\"Recherche et D\u00e9veloppement Nous sommes conscients que vous \u00eates confront\u00e9s \u00e0 un environnement r\u00e9glementaire en mutation, \u00e0 l&rsquo;\u00e9volution des attentes des clients et \u00e0 la n\u00e9cessit\u00e9 d&rsquo;am\u00e9liorer la rentabilit\u00e9 de votre entreprise. Les \u00e9quipes de...\" \/>\n<meta property=\"og:url\" content=\"https:\/\/www.duboischemicals.com\/water-treatment\/fr\/service-support\/research-development\/\" \/>\n<meta property=\"og:site_name\" content=\"Traitement des eaux\" \/>\n<meta property=\"article:modified_time\" content=\"2021-03-05T17:46:13+00:00\" \/>\n<meta name=\"twitter:card\" content=\"summary_large_image\" \/>\n<meta name=\"twitter:label1\" content=\"Dur\u00e9e de lecture estim\u00e9e\" \/>\n\t<meta name=\"twitter:data1\" content=\"2 minutes\" \/>\n<script type=\"application\/ld+json\" class=\"yoast-schema-graph\">{\"@context\":\"https:\/\/schema.org\",\"@graph\":[{\"@type\":\"WebPage\",\"@id\":\"https:\/\/www.duboischemicals.com\/water-treatment\/fr\/service-support\/research-development\/\",\"url\":\"https:\/\/www.duboischemicals.com\/water-treatment\/fr\/service-support\/research-development\/\",\"name\":\"Recherche et D\u00e9veloppement - Traitement des eaux\",\"isPartOf\":{\"@id\":\"https:\/\/www.duboischemicals.com\/water-treatment\/fr\/#website\"},\"datePublished\":\"2020-11-30T12:35:05+00:00\",\"dateModified\":\"2021-03-05T17:46:13+00:00\",\"breadcrumb\":{\"@id\":\"https:\/\/www.duboischemicals.com\/water-treatment\/fr\/service-support\/research-development\/#breadcrumb\"},\"inLanguage\":\"fr-FR\",\"potentialAction\":[{\"@type\":\"ReadAction\",\"target\":[\"https:\/\/www.duboischemicals.com\/water-treatment\/fr\/service-support\/research-development\/\"]}]},{\"@type\":\"BreadcrumbList\",\"@id\":\"https:\/\/www.duboischemicals.com\/water-treatment\/fr\/service-support\/research-development\/#breadcrumb\",\"itemListElement\":[{\"@type\":\"ListItem\",\"position\":1,\"name\":\"Accueil\",\"item\":\"https:\/\/www.duboischemicals.com\/water-treatment\/fr\/\"},{\"@type\":\"ListItem\",\"position\":2,\"name\":\"Service et soutien\",\"item\":\"https:\/\/www.duboischemicals.com\/water-treatment\/fr\/service-support\/\"},{\"@type\":\"ListItem\",\"position\":3,\"name\":\"Recherche et D\u00e9veloppement\"}]},{\"@type\":\"WebSite\",\"@id\":\"https:\/\/www.duboischemicals.com\/water-treatment\/fr\/#website\",\"url\":\"https:\/\/www.duboischemicals.com\/water-treatment\/fr\/\",\"name\":\"Traitement des eaux\",\"description\":\"\",\"potentialAction\":[{\"@type\":\"SearchAction\",\"target\":{\"@type\":\"EntryPoint\",\"urlTemplate\":\"https:\/\/www.duboischemicals.com\/water-treatment\/fr\/?s={search_term_string}\"},\"query-input\":{\"@type\":\"PropertyValueSpecification\",\"valueRequired\":true,\"valueName\":\"search_term_string\"}}],\"inLanguage\":\"fr-FR\"}]}<\/script>\n<!-- \/ Yoast SEO plugin. -->","yoast_head_json":{"title":"Recherche et D\u00e9veloppement - Traitement des eaux","robots":{"index":"index","follow":"follow","max-snippet":"max-snippet:-1","max-image-preview":"max-image-preview:large","max-video-preview":"max-video-preview:-1"},"canonical":"https:\/\/www.duboischemicals.com\/water-treatment\/fr\/service-support\/research-development\/","og_locale":"fr_FR","og_type":"article","og_title":"Recherche et D\u00e9veloppement - Traitement des eaux","og_description":"Recherche et D\u00e9veloppement Nous sommes conscients que vous \u00eates confront\u00e9s \u00e0 un environnement r\u00e9glementaire en mutation, \u00e0 l&rsquo;\u00e9volution des attentes des clients et \u00e0 la n\u00e9cessit\u00e9 d&rsquo;am\u00e9liorer la rentabilit\u00e9 de votre entreprise. Les \u00e9quipes de...","og_url":"https:\/\/www.duboischemicals.com\/water-treatment\/fr\/service-support\/research-development\/","og_site_name":"Traitement des eaux","article_modified_time":"2021-03-05T17:46:13+00:00","twitter_card":"summary_large_image","twitter_misc":{"Dur\u00e9e de lecture estim\u00e9e":"2 minutes"},"schema":{"@context":"https:\/\/schema.org","@graph":[{"@type":"WebPage","@id":"https:\/\/www.duboischemicals.com\/water-treatment\/fr\/service-support\/research-development\/","url":"https:\/\/www.duboischemicals.com\/water-treatment\/fr\/service-support\/research-development\/","name":"Recherche et D\u00e9veloppement - Traitement des eaux","isPartOf":{"@id":"https:\/\/www.duboischemicals.com\/water-treatment\/fr\/#website"},"datePublished":"2020-11-30T12:35:05+00:00","dateModified":"2021-03-05T17:46:13+00:00","breadcrumb":{"@id":"https:\/\/www.duboischemicals.com\/water-treatment\/fr\/service-support\/research-development\/#breadcrumb"},"inLanguage":"fr-FR","potentialAction":[{"@type":"ReadAction","target":["https:\/\/www.duboischemicals.com\/water-treatment\/fr\/service-support\/research-development\/"]}]},{"@type":"BreadcrumbList","@id":"https:\/\/www.duboischemicals.com\/water-treatment\/fr\/service-support\/research-development\/#breadcrumb","itemListElement":[{"@type":"ListItem","position":1,"name":"Accueil","item":"https:\/\/www.duboischemicals.com\/water-treatment\/fr\/"},{"@type":"ListItem","position":2,"name":"Service et soutien","item":"https:\/\/www.duboischemicals.com\/water-treatment\/fr\/service-support\/"},{"@type":"ListItem","position":3,"name":"Recherche et D\u00e9veloppement"}]},{"@type":"WebSite","@id":"https:\/\/www.duboischemicals.com\/water-treatment\/fr\/#website","url":"https:\/\/www.duboischemicals.com\/water-treatment\/fr\/","name":"Traitement des eaux","description":"","potentialAction":[{"@type":"SearchAction","target":{"@type":"EntryPoint","urlTemplate":"https:\/\/www.duboischemicals.com\/water-treatment\/fr\/?s={search_term_string}"},"query-input":{"@type":"PropertyValueSpecification","valueRequired":true,"valueName":"search_term_string"}}],"inLanguage":"fr-FR"}]}},"_links":{"self":[{"href":"https:\/\/www.duboischemicals.com\/water-treatment\/fr\/wp-json\/wp\/v2\/pages\/10739","targetHints":{"allow":["GET"]}}],"collection":[{"href":"https:\/\/www.duboischemicals.com\/water-treatment\/fr\/wp-json\/wp\/v2\/pages"}],"about":[{"href":"https:\/\/www.duboischemicals.com\/water-treatment\/fr\/wp-json\/wp\/v2\/types\/page"}],"author":[{"embeddable":true,"href":"https:\/\/www.duboischemicals.com\/water-treatment\/fr\/wp-json\/wp\/v2\/users\/220"}],"replies":[{"embeddable":true,"href":"https:\/\/www.duboischemicals.com\/water-treatment\/fr\/wp-json\/wp\/v2\/comments?post=10739"}],"version-history":[{"count":5,"href":"https:\/\/www.duboischemicals.com\/water-treatment\/fr\/wp-json\/wp\/v2\/pages\/10739\/revisions"}],"predecessor-version":[{"id":11728,"href":"https:\/\/www.duboischemicals.com\/water-treatment\/fr\/wp-json\/wp\/v2\/pages\/10739\/revisions\/11728"}],"up":[{"embeddable":true,"href":"https:\/\/www.duboischemicals.com\/water-treatment\/fr\/wp-json\/wp\/v2\/pages\/10672"}],"wp:attachment":[{"href":"https:\/\/www.duboischemicals.com\/water-treatment\/fr\/wp-json\/wp\/v2\/media?parent=10739"}],"curies":[{"name":"wp","href":"https:\/\/api.w.org\/{rel}","templated":true}]}}