{"id":10861,"date":"2020-11-30T07:36:08","date_gmt":"2020-11-30T12:36:08","guid":{"rendered":"https:\/\/www.duboischemicals.com\/\/water-treatment\/contact-us\/"},"modified":"2021-02-03T08:36:01","modified_gmt":"2021-02-03T13:36:01","slug":"contact-us","status":"publish","type":"page","link":"https:\/\/www.duboischemicals.com\/water-treatment\/fr\/contact-us\/","title":{"rendered":"Contactez-nous"},"content":{"rendered":"<h2>Exp\u00e9rience, connaissance et confiance<\/h2>\n<p>L&rsquo;\u00e9quipe d&rsquo;experts de DuBois se fera un plaisir de r\u00e9pondre \u00e0 vos questions sur les produits chimiques, les \u00e9quipements et les proc\u00e9d\u00e9s.<\/p>\n","protected":false},"excerpt":{"rendered":"<p>Exp\u00e9rience, connaissance et confiance L&rsquo;\u00e9quipe d&rsquo;experts de DuBois se fera un plaisir de r\u00e9pondre \u00e0 vos questions sur les produits chimiques, les \u00e9quipements et les proc\u00e9d\u00e9s.<\/p>\n","protected":false},"author":220,"featured_media":0,"parent":0,"menu_order":0,"comment_status":"closed","ping_status":"closed","template":"","meta":{"_acf_changed":false,"footnotes":""},"class_list":["post-10861","page","type-page","status-publish","hentry"],"acf":[],"yoast_head":"<!-- This site is optimized with the Yoast SEO plugin v26.8 - https:\/\/yoast.com\/product\/yoast-seo-wordpress\/ -->\n<title>Contactez-nous - Traitement des eaux<\/title>\n<meta name=\"robots\" content=\"index, follow, max-snippet:-1, max-image-preview:large, max-video-preview:-1\" \/>\n<link rel=\"canonical\" href=\"https:\/\/www.duboischemicals.com\/water-treatment\/fr\/contact-us\/\" \/>\n<meta property=\"og:locale\" content=\"fr_FR\" \/>\n<meta property=\"og:type\" content=\"article\" \/>\n<meta property=\"og:title\" content=\"Contactez-nous - Traitement des eaux\" \/>\n<meta property=\"og:description\" content=\"Exp\u00e9rience, connaissance et confiance L&rsquo;\u00e9quipe d&rsquo;experts de DuBois se fera un plaisir de r\u00e9pondre \u00e0 vos questions sur les produits chimiques, les \u00e9quipements et les proc\u00e9d\u00e9s.\" \/>\n<meta property=\"og:url\" content=\"https:\/\/www.duboischemicals.com\/water-treatment\/fr\/contact-us\/\" \/>\n<meta property=\"og:site_name\" content=\"Traitement des eaux\" \/>\n<meta property=\"article:modified_time\" content=\"2021-02-03T13:36:01+00:00\" \/>\n<meta name=\"twitter:card\" content=\"summary_large_image\" \/>\n<script type=\"application\/ld+json\" class=\"yoast-schema-graph\">{\"@context\":\"https:\/\/schema.org\",\"@graph\":[{\"@type\":\"WebPage\",\"@id\":\"https:\/\/www.duboischemicals.com\/water-treatment\/fr\/contact-us\/\",\"url\":\"https:\/\/www.duboischemicals.com\/water-treatment\/fr\/contact-us\/\",\"name\":\"Contactez-nous - Traitement des eaux\",\"isPartOf\":{\"@id\":\"https:\/\/www.duboischemicals.com\/water-treatment\/fr\/#website\"},\"datePublished\":\"2020-11-30T12:36:08+00:00\",\"dateModified\":\"2021-02-03T13:36:01+00:00\",\"breadcrumb\":{\"@id\":\"https:\/\/www.duboischemicals.com\/water-treatment\/fr\/contact-us\/#breadcrumb\"},\"inLanguage\":\"fr-FR\",\"potentialAction\":[{\"@type\":\"ReadAction\",\"target\":[\"https:\/\/www.duboischemicals.com\/water-treatment\/fr\/contact-us\/\"]}]},{\"@type\":\"BreadcrumbList\",\"@id\":\"https:\/\/www.duboischemicals.com\/water-treatment\/fr\/contact-us\/#breadcrumb\",\"itemListElement\":[{\"@type\":\"ListItem\",\"position\":1,\"name\":\"Accueil\",\"item\":\"https:\/\/www.duboischemicals.com\/water-treatment\/fr\/\"},{\"@type\":\"ListItem\",\"position\":2,\"name\":\"Contactez-nous\"}]},{\"@type\":\"WebSite\",\"@id\":\"https:\/\/www.duboischemicals.com\/water-treatment\/fr\/#website\",\"url\":\"https:\/\/www.duboischemicals.com\/water-treatment\/fr\/\",\"name\":\"Traitement des eaux\",\"description\":\"\",\"potentialAction\":[{\"@type\":\"SearchAction\",\"target\":{\"@type\":\"EntryPoint\",\"urlTemplate\":\"https:\/\/www.duboischemicals.com\/water-treatment\/fr\/?s={search_term_string}\"},\"query-input\":{\"@type\":\"PropertyValueSpecification\",\"valueRequired\":true,\"valueName\":\"search_term_string\"}}],\"inLanguage\":\"fr-FR\"}]}<\/script>\n<!-- \/ Yoast SEO plugin. -->","yoast_head_json":{"title":"Contactez-nous - Traitement des eaux","robots":{"index":"index","follow":"follow","max-snippet":"max-snippet:-1","max-image-preview":"max-image-preview:large","max-video-preview":"max-video-preview:-1"},"canonical":"https:\/\/www.duboischemicals.com\/water-treatment\/fr\/contact-us\/","og_locale":"fr_FR","og_type":"article","og_title":"Contactez-nous - Traitement des eaux","og_description":"Exp\u00e9rience, connaissance et confiance L&rsquo;\u00e9quipe d&rsquo;experts de DuBois se fera un plaisir de r\u00e9pondre \u00e0 vos questions sur les produits chimiques, les \u00e9quipements et les proc\u00e9d\u00e9s.","og_url":"https:\/\/www.duboischemicals.com\/water-treatment\/fr\/contact-us\/","og_site_name":"Traitement des eaux","article_modified_time":"2021-02-03T13:36:01+00:00","twitter_card":"summary_large_image","schema":{"@context":"https:\/\/schema.org","@graph":[{"@type":"WebPage","@id":"https:\/\/www.duboischemicals.com\/water-treatment\/fr\/contact-us\/","url":"https:\/\/www.duboischemicals.com\/water-treatment\/fr\/contact-us\/","name":"Contactez-nous - Traitement des eaux","isPartOf":{"@id":"https:\/\/www.duboischemicals.com\/water-treatment\/fr\/#website"},"datePublished":"2020-11-30T12:36:08+00:00","dateModified":"2021-02-03T13:36:01+00:00","breadcrumb":{"@id":"https:\/\/www.duboischemicals.com\/water-treatment\/fr\/contact-us\/#breadcrumb"},"inLanguage":"fr-FR","potentialAction":[{"@type":"ReadAction","target":["https:\/\/www.duboischemicals.com\/water-treatment\/fr\/contact-us\/"]}]},{"@type":"BreadcrumbList","@id":"https:\/\/www.duboischemicals.com\/water-treatment\/fr\/contact-us\/#breadcrumb","itemListElement":[{"@type":"ListItem","position":1,"name":"Accueil","item":"https:\/\/www.duboischemicals.com\/water-treatment\/fr\/"},{"@type":"ListItem","position":2,"name":"Contactez-nous"}]},{"@type":"WebSite","@id":"https:\/\/www.duboischemicals.com\/water-treatment\/fr\/#website","url":"https:\/\/www.duboischemicals.com\/water-treatment\/fr\/","name":"Traitement des eaux","description":"","potentialAction":[{"@type":"SearchAction","target":{"@type":"EntryPoint","urlTemplate":"https:\/\/www.duboischemicals.com\/water-treatment\/fr\/?s={search_term_string}"},"query-input":{"@type":"PropertyValueSpecification","valueRequired":true,"valueName":"search_term_string"}}],"inLanguage":"fr-FR"}]}},"_links":{"self":[{"href":"https:\/\/www.duboischemicals.com\/water-treatment\/fr\/wp-json\/wp\/v2\/pages\/10861","targetHints":{"allow":["GET"]}}],"collection":[{"href":"https:\/\/www.duboischemicals.com\/water-treatment\/fr\/wp-json\/wp\/v2\/pages"}],"about":[{"href":"https:\/\/www.duboischemicals.com\/water-treatment\/fr\/wp-json\/wp\/v2\/types\/page"}],"author":[{"embeddable":true,"href":"https:\/\/www.duboischemicals.com\/water-treatment\/fr\/wp-json\/wp\/v2\/users\/220"}],"replies":[{"embeddable":true,"href":"https:\/\/www.duboischemicals.com\/water-treatment\/fr\/wp-json\/wp\/v2\/comments?post=10861"}],"version-history":[{"count":2,"href":"https:\/\/www.duboischemicals.com\/water-treatment\/fr\/wp-json\/wp\/v2\/pages\/10861\/revisions"}],"predecessor-version":[{"id":11132,"href":"https:\/\/www.duboischemicals.com\/water-treatment\/fr\/wp-json\/wp\/v2\/pages\/10861\/revisions\/11132"}],"wp:attachment":[{"href":"https:\/\/www.duboischemicals.com\/water-treatment\/fr\/wp-json\/wp\/v2\/media?parent=10861"}],"curies":[{"name":"wp","href":"https:\/\/api.w.org\/{rel}","templated":true}]}}