{"id":10872,"date":"2020-11-30T07:36:11","date_gmt":"2020-11-30T12:36:11","guid":{"rendered":"https:\/\/www.duboischemicals.com\/\/water-treatment\/transportation\/"},"modified":"2021-02-03T08:36:13","modified_gmt":"2021-02-03T13:36:13","slug":"transportation","status":"publish","type":"page","link":"https:\/\/www.duboischemicals.com\/water-treatment\/fr\/industries\/transportation\/","title":{"rendered":"Transport"},"content":{"rendered":"<h2>Transport<\/h2>\n<p>DuBois propose des solutions uniques de r\u00e9utilisation de l&rsquo;eau pour les op\u00e9rations de nettoyage dans le domaine des transports, telles que les postes de lavage des voitures et des parcs automobiles. Un traitement appropri\u00e9 des eaux de lavage recycl\u00e9es permet de continuer \u00e0 les utiliser bien plus longtemps que les eaux non trait\u00e9es. Cela permet de cr\u00e9er un syst\u00e8me de lavage \u00e9cologique qui r\u00e9duit \u00e9galement les co\u00fbts gr\u00e2ce \u00e0 l&rsquo;\u00e9conomie d&rsquo;eau.<\/p>\n<p><strong>Produits et technologies\u00a0:<\/strong><\/p>\n<ul>\n<li><a href=\"http:\/\/www.duboischemicals.com\/\/water-treatment\/products\/legionella-control\/\">Lutte contre les l\u00e9gionelles<\/a><\/li>\n<li><a href=\"http:\/\/www.duboischemicals.com\/\/water-treatment\/products\/boiler-water-treatment\/\">Traitement de l&rsquo;eau de chaudi\u00e8re<\/a><\/li>\n<li><a href=\"http:\/\/www.duboischemicals.com\/\/water-treatment\/products\/wastewater-treatment\/\">Traitement des eaux us\u00e9es<\/a><\/li>\n<li><a href=\"http:\/\/www.duboischemicals.com\/\/water-treatment\/service-support\/water-management-programs\/\">Programmes de traitement des eaux<\/a><\/li>\n<li><a href=\"http:\/\/www.duboischemicals.com\/\/water-treatment\/equipment\/automation-control\/\">Automatisation et contr\u00f4le<\/a><\/li>\n<li><a href=\"http:\/\/www.duboischemicals.com\/\/water-treatment\/service-support\/data-management\/\">Gestion des donn\u00e9es DuBois<\/a><\/li>\n<\/ul>\n","protected":false},"excerpt":{"rendered":"<p>Transport DuBois propose des solutions uniques de r\u00e9utilisation de l&rsquo;eau pour les op\u00e9rations de nettoyage dans le domaine des transports, telles que les postes de lavage des voitures et des parcs automobiles. Un traitement appropri\u00e9&#8230;<\/p>\n","protected":false},"author":220,"featured_media":0,"parent":10909,"menu_order":4,"comment_status":"closed","ping_status":"closed","template":"","meta":{"_acf_changed":false,"footnotes":""},"class_list":["post-10872","page","type-page","status-publish","hentry"],"acf":[],"yoast_head":"<!-- This site is optimized with the Yoast SEO plugin v26.8 - https:\/\/yoast.com\/product\/yoast-seo-wordpress\/ -->\n<title>Transport - Traitement des eaux<\/title>\n<meta name=\"robots\" content=\"index, follow, max-snippet:-1, max-image-preview:large, max-video-preview:-1\" \/>\n<link rel=\"canonical\" href=\"https:\/\/www.duboischemicals.com\/water-treatment\/fr\/industries\/transportation\/\" \/>\n<meta property=\"og:locale\" content=\"fr_FR\" \/>\n<meta property=\"og:type\" content=\"article\" \/>\n<meta property=\"og:title\" content=\"Transport - Traitement des eaux\" \/>\n<meta property=\"og:description\" content=\"Transport DuBois propose des solutions uniques de r\u00e9utilisation de l&rsquo;eau pour les op\u00e9rations de nettoyage dans le domaine des transports, telles que les postes de lavage des voitures et des parcs automobiles. Un traitement appropri\u00e9...\" \/>\n<meta property=\"og:url\" content=\"https:\/\/www.duboischemicals.com\/water-treatment\/fr\/industries\/transportation\/\" \/>\n<meta property=\"og:site_name\" content=\"Traitement des eaux\" \/>\n<meta property=\"article:modified_time\" content=\"2021-02-03T13:36:13+00:00\" \/>\n<meta name=\"twitter:card\" content=\"summary_large_image\" \/>\n<meta name=\"twitter:label1\" content=\"Dur\u00e9e de lecture estim\u00e9e\" \/>\n\t<meta name=\"twitter:data1\" content=\"1 minute\" \/>\n<script type=\"application\/ld+json\" class=\"yoast-schema-graph\">{\"@context\":\"https:\/\/schema.org\",\"@graph\":[{\"@type\":\"WebPage\",\"@id\":\"https:\/\/www.duboischemicals.com\/water-treatment\/fr\/industries\/transportation\/\",\"url\":\"https:\/\/www.duboischemicals.com\/water-treatment\/fr\/industries\/transportation\/\",\"name\":\"Transport - Traitement des eaux\",\"isPartOf\":{\"@id\":\"https:\/\/www.duboischemicals.com\/water-treatment\/fr\/#website\"},\"datePublished\":\"2020-11-30T12:36:11+00:00\",\"dateModified\":\"2021-02-03T13:36:13+00:00\",\"breadcrumb\":{\"@id\":\"https:\/\/www.duboischemicals.com\/water-treatment\/fr\/industries\/transportation\/#breadcrumb\"},\"inLanguage\":\"fr-FR\",\"potentialAction\":[{\"@type\":\"ReadAction\",\"target\":[\"https:\/\/www.duboischemicals.com\/water-treatment\/fr\/industries\/transportation\/\"]}]},{\"@type\":\"BreadcrumbList\",\"@id\":\"https:\/\/www.duboischemicals.com\/water-treatment\/fr\/industries\/transportation\/#breadcrumb\",\"itemListElement\":[{\"@type\":\"ListItem\",\"position\":1,\"name\":\"Accueil\",\"item\":\"https:\/\/www.duboischemicals.com\/water-treatment\/fr\/\"},{\"@type\":\"ListItem\",\"position\":2,\"name\":\"Industries\",\"item\":\"https:\/\/www.duboischemicals.com\/water-treatment\/fr\/industries\/\"},{\"@type\":\"ListItem\",\"position\":3,\"name\":\"Transport\"}]},{\"@type\":\"WebSite\",\"@id\":\"https:\/\/www.duboischemicals.com\/water-treatment\/fr\/#website\",\"url\":\"https:\/\/www.duboischemicals.com\/water-treatment\/fr\/\",\"name\":\"Traitement des eaux\",\"description\":\"\",\"potentialAction\":[{\"@type\":\"SearchAction\",\"target\":{\"@type\":\"EntryPoint\",\"urlTemplate\":\"https:\/\/www.duboischemicals.com\/water-treatment\/fr\/?s={search_term_string}\"},\"query-input\":{\"@type\":\"PropertyValueSpecification\",\"valueRequired\":true,\"valueName\":\"search_term_string\"}}],\"inLanguage\":\"fr-FR\"}]}<\/script>\n<!-- \/ Yoast SEO plugin. -->","yoast_head_json":{"title":"Transport - Traitement des eaux","robots":{"index":"index","follow":"follow","max-snippet":"max-snippet:-1","max-image-preview":"max-image-preview:large","max-video-preview":"max-video-preview:-1"},"canonical":"https:\/\/www.duboischemicals.com\/water-treatment\/fr\/industries\/transportation\/","og_locale":"fr_FR","og_type":"article","og_title":"Transport - Traitement des eaux","og_description":"Transport DuBois propose des solutions uniques de r\u00e9utilisation de l&rsquo;eau pour les op\u00e9rations de nettoyage dans le domaine des transports, telles que les postes de lavage des voitures et des parcs automobiles. Un traitement appropri\u00e9...","og_url":"https:\/\/www.duboischemicals.com\/water-treatment\/fr\/industries\/transportation\/","og_site_name":"Traitement des eaux","article_modified_time":"2021-02-03T13:36:13+00:00","twitter_card":"summary_large_image","twitter_misc":{"Dur\u00e9e de lecture estim\u00e9e":"1 minute"},"schema":{"@context":"https:\/\/schema.org","@graph":[{"@type":"WebPage","@id":"https:\/\/www.duboischemicals.com\/water-treatment\/fr\/industries\/transportation\/","url":"https:\/\/www.duboischemicals.com\/water-treatment\/fr\/industries\/transportation\/","name":"Transport - Traitement des eaux","isPartOf":{"@id":"https:\/\/www.duboischemicals.com\/water-treatment\/fr\/#website"},"datePublished":"2020-11-30T12:36:11+00:00","dateModified":"2021-02-03T13:36:13+00:00","breadcrumb":{"@id":"https:\/\/www.duboischemicals.com\/water-treatment\/fr\/industries\/transportation\/#breadcrumb"},"inLanguage":"fr-FR","potentialAction":[{"@type":"ReadAction","target":["https:\/\/www.duboischemicals.com\/water-treatment\/fr\/industries\/transportation\/"]}]},{"@type":"BreadcrumbList","@id":"https:\/\/www.duboischemicals.com\/water-treatment\/fr\/industries\/transportation\/#breadcrumb","itemListElement":[{"@type":"ListItem","position":1,"name":"Accueil","item":"https:\/\/www.duboischemicals.com\/water-treatment\/fr\/"},{"@type":"ListItem","position":2,"name":"Industries","item":"https:\/\/www.duboischemicals.com\/water-treatment\/fr\/industries\/"},{"@type":"ListItem","position":3,"name":"Transport"}]},{"@type":"WebSite","@id":"https:\/\/www.duboischemicals.com\/water-treatment\/fr\/#website","url":"https:\/\/www.duboischemicals.com\/water-treatment\/fr\/","name":"Traitement des eaux","description":"","potentialAction":[{"@type":"SearchAction","target":{"@type":"EntryPoint","urlTemplate":"https:\/\/www.duboischemicals.com\/water-treatment\/fr\/?s={search_term_string}"},"query-input":{"@type":"PropertyValueSpecification","valueRequired":true,"valueName":"search_term_string"}}],"inLanguage":"fr-FR"}]}},"_links":{"self":[{"href":"https:\/\/www.duboischemicals.com\/water-treatment\/fr\/wp-json\/wp\/v2\/pages\/10872","targetHints":{"allow":["GET"]}}],"collection":[{"href":"https:\/\/www.duboischemicals.com\/water-treatment\/fr\/wp-json\/wp\/v2\/pages"}],"about":[{"href":"https:\/\/www.duboischemicals.com\/water-treatment\/fr\/wp-json\/wp\/v2\/types\/page"}],"author":[{"embeddable":true,"href":"https:\/\/www.duboischemicals.com\/water-treatment\/fr\/wp-json\/wp\/v2\/users\/220"}],"replies":[{"embeddable":true,"href":"https:\/\/www.duboischemicals.com\/water-treatment\/fr\/wp-json\/wp\/v2\/comments?post=10872"}],"version-history":[{"count":3,"href":"https:\/\/www.duboischemicals.com\/water-treatment\/fr\/wp-json\/wp\/v2\/pages\/10872\/revisions"}],"predecessor-version":[{"id":11495,"href":"https:\/\/www.duboischemicals.com\/water-treatment\/fr\/wp-json\/wp\/v2\/pages\/10872\/revisions\/11495"}],"up":[{"embeddable":true,"href":"https:\/\/www.duboischemicals.com\/water-treatment\/fr\/wp-json\/wp\/v2\/pages\/10909"}],"wp:attachment":[{"href":"https:\/\/www.duboischemicals.com\/water-treatment\/fr\/wp-json\/wp\/v2\/media?parent=10872"}],"curies":[{"name":"wp","href":"https:\/\/api.w.org\/{rel}","templated":true}]}}