{"id":10884,"date":"2020-11-30T07:36:14","date_gmt":"2020-11-30T12:36:14","guid":{"rendered":"https:\/\/www.duboischemicals.com\/\/water-treatment\/chemical-manufacturing\/"},"modified":"2021-02-11T06:55:15","modified_gmt":"2021-02-11T11:55:15","slug":"chemical-manufacturing","status":"publish","type":"page","link":"https:\/\/www.duboischemicals.com\/water-treatment\/fr\/industries\/chemical-manufacturing\/","title":{"rendered":"Fabrication de produits chimiques"},"content":{"rendered":"<h2>Fabrication de produits chimiques<\/h2>\n<p>DuBois est depuis longtemps l&rsquo;un des principaux fournisseurs de l&rsquo;industrie chimique. Nous reconnaissons votre besoin d\u2019approvisionnement en eau et en vapeur pour le refroidissement et le chauffage de vos processus essentiels. DuBois prot\u00e8gera vos syst\u00e8mes d&rsquo;eau contre le tartre, la corrosion et l&rsquo;activit\u00e9 biologique, qui sont co\u00fbteux.<\/p>\n<p>En plus de fournir des solutions pour le refroidissement des processus et l&rsquo;eau de chaudi\u00e8re, DuBois propose des solutions pour les eaux us\u00e9es de votre usine de fabrication. DuBois s&rsquo;engage \u00e0 minimiser vos co\u00fbts en traitant vos eaux us\u00e9es afin de maximiser la r\u00e9utilisation de l&rsquo;eau et de minimiser les co\u00fbts associ\u00e9s au respect des exigences r\u00e9glementaires en mati\u00e8re d&rsquo;eau de rejet.<\/p>\n<p>DuBois propose plusieurs solutions innovantes pour servir les installations de fabrication\u00a0:<\/p>\n<ul>\n<li><a href=\"http:\/\/www.duboischemicals.com\/\/water-treatment\/equipment\/automation-control\/monitrol\/\">Les programmes de gestion des eaux Monitrol<\/a> offrent les produits chimiques les plus \u00e9volu\u00e9s et des solutions d&rsquo;\u00e9quipement de pointe. Monitrol offre \u00e0 nos clients la tranquillit\u00e9 d&rsquo;esprit, car ces derniers savent que nous leur fournissons des r\u00e9sultats fiables et pr\u00e9visibles dans leurs op\u00e9rations importantes de refroidissement et de chaudi\u00e8re.<\/li>\n<li>DuBois vous aidera \u00e0 assurer la s\u00e9curit\u00e9 de vos employ\u00e9s en vous aidant \u00e0 g\u00e9rer et \u00e0 contr\u00f4ler la l\u00e9gionelle dans vos syst\u00e8mes d&rsquo;eau.<\/li>\n<li>Des solutions et des produits chimiques pour eaux us\u00e9es innovants qui r\u00e9duisent les co\u00fbts et la consommation d&rsquo;eau.<\/li>\n<\/ul>\n<p><strong>Produits et technologies\u00a0:<\/strong><\/p>\n<ul>\n<li><a href=\"http:\/\/www.duboischemicals.com\/\/water-treatment\/products\/cooling-water-treatment\/\">Traitement de l&rsquo;eau de refroidissement<\/a><\/li>\n<li><a href=\"http:\/\/www.duboischemicals.com\/\/water-treatment\/products\/legionella-control\/\">Lutte contre les l\u00e9gionelles<\/a><\/li>\n<li><a href=\"http:\/\/www.duboischemicals.com\/\/water-treatment\/products\/closed-loop-treatment\/\">Traitement en syst\u00e8me ferm\u00e9<\/a><\/li>\n<li><a href=\"http:\/\/www.duboischemicals.com\/\/water-treatment\/products\/boiler-water-treatment\/\">Traitement de l&rsquo;eau de chaudi\u00e8re<\/a><\/li>\n<li><a href=\"http:\/\/www.duboischemicals.com\/\/water-treatment\/products\/wastewater-treatment\/\">Traitement des eaux us\u00e9es<\/a><\/li>\n<li><a href=\"http:\/\/www.duboischemicals.com\/\/water-treatment\/service-support\/water-management-programs\/\">Programmes de traitement des eaux<\/a><\/li>\n<li><a href=\"http:\/\/www.duboischemicals.com\/\/water-treatment\/equipment\/automation-control\/\">Automatisation et contr\u00f4le<\/a><\/li>\n<li><a href=\"http:\/\/www.duboischemicals.com\/\/water-treatment\/service-support\/data-management\/\">Gestion des donn\u00e9es DuBois<\/a><\/li>\n<\/ul>\n","protected":false},"excerpt":{"rendered":"<p>Fabrication de produits chimiques DuBois est depuis longtemps l&rsquo;un des principaux fournisseurs de l&rsquo;industrie chimique. Nous reconnaissons votre besoin d\u2019approvisionnement en eau et en vapeur pour le refroidissement et le chauffage de vos processus essentiels&#8230;.<\/p>\n","protected":false},"author":220,"featured_media":0,"parent":10909,"menu_order":6,"comment_status":"closed","ping_status":"closed","template":"","meta":{"_acf_changed":false,"footnotes":""},"class_list":["post-10884","page","type-page","status-publish","hentry"],"acf":[],"yoast_head":"<!-- This site is optimized with the Yoast SEO plugin v26.8 - https:\/\/yoast.com\/product\/yoast-seo-wordpress\/ -->\n<title>Fabrication de produits chimiques - Traitement des eaux<\/title>\n<meta name=\"robots\" content=\"index, follow, max-snippet:-1, max-image-preview:large, max-video-preview:-1\" \/>\n<link rel=\"canonical\" href=\"https:\/\/www.duboischemicals.com\/water-treatment\/fr\/industries\/chemical-manufacturing\/\" \/>\n<meta property=\"og:locale\" content=\"fr_FR\" \/>\n<meta property=\"og:type\" content=\"article\" \/>\n<meta property=\"og:title\" content=\"Fabrication de produits chimiques - Traitement des eaux\" \/>\n<meta property=\"og:description\" content=\"Fabrication de produits chimiques DuBois est depuis longtemps l&rsquo;un des principaux fournisseurs de l&rsquo;industrie chimique. Nous reconnaissons votre besoin d\u2019approvisionnement en eau et en vapeur pour le refroidissement et le chauffage de vos processus essentiels....\" \/>\n<meta property=\"og:url\" content=\"https:\/\/www.duboischemicals.com\/water-treatment\/fr\/industries\/chemical-manufacturing\/\" \/>\n<meta property=\"og:site_name\" content=\"Traitement des eaux\" \/>\n<meta property=\"article:modified_time\" content=\"2021-02-11T11:55:15+00:00\" \/>\n<meta name=\"twitter:card\" content=\"summary_large_image\" \/>\n<meta name=\"twitter:label1\" content=\"Dur\u00e9e de lecture estim\u00e9e\" \/>\n\t<meta name=\"twitter:data1\" content=\"1 minute\" \/>\n<script type=\"application\/ld+json\" class=\"yoast-schema-graph\">{\"@context\":\"https:\/\/schema.org\",\"@graph\":[{\"@type\":\"WebPage\",\"@id\":\"https:\/\/www.duboischemicals.com\/water-treatment\/fr\/industries\/chemical-manufacturing\/\",\"url\":\"https:\/\/www.duboischemicals.com\/water-treatment\/fr\/industries\/chemical-manufacturing\/\",\"name\":\"Fabrication de produits chimiques - Traitement des eaux\",\"isPartOf\":{\"@id\":\"https:\/\/www.duboischemicals.com\/water-treatment\/fr\/#website\"},\"datePublished\":\"2020-11-30T12:36:14+00:00\",\"dateModified\":\"2021-02-11T11:55:15+00:00\",\"breadcrumb\":{\"@id\":\"https:\/\/www.duboischemicals.com\/water-treatment\/fr\/industries\/chemical-manufacturing\/#breadcrumb\"},\"inLanguage\":\"fr-FR\",\"potentialAction\":[{\"@type\":\"ReadAction\",\"target\":[\"https:\/\/www.duboischemicals.com\/water-treatment\/fr\/industries\/chemical-manufacturing\/\"]}]},{\"@type\":\"BreadcrumbList\",\"@id\":\"https:\/\/www.duboischemicals.com\/water-treatment\/fr\/industries\/chemical-manufacturing\/#breadcrumb\",\"itemListElement\":[{\"@type\":\"ListItem\",\"position\":1,\"name\":\"Accueil\",\"item\":\"https:\/\/www.duboischemicals.com\/water-treatment\/fr\/\"},{\"@type\":\"ListItem\",\"position\":2,\"name\":\"Industries\",\"item\":\"https:\/\/www.duboischemicals.com\/water-treatment\/fr\/industries\/\"},{\"@type\":\"ListItem\",\"position\":3,\"name\":\"Fabrication de produits chimiques\"}]},{\"@type\":\"WebSite\",\"@id\":\"https:\/\/www.duboischemicals.com\/water-treatment\/fr\/#website\",\"url\":\"https:\/\/www.duboischemicals.com\/water-treatment\/fr\/\",\"name\":\"Traitement des eaux\",\"description\":\"\",\"potentialAction\":[{\"@type\":\"SearchAction\",\"target\":{\"@type\":\"EntryPoint\",\"urlTemplate\":\"https:\/\/www.duboischemicals.com\/water-treatment\/fr\/?s={search_term_string}\"},\"query-input\":{\"@type\":\"PropertyValueSpecification\",\"valueRequired\":true,\"valueName\":\"search_term_string\"}}],\"inLanguage\":\"fr-FR\"}]}<\/script>\n<!-- \/ Yoast SEO plugin. -->","yoast_head_json":{"title":"Fabrication de produits chimiques - Traitement des eaux","robots":{"index":"index","follow":"follow","max-snippet":"max-snippet:-1","max-image-preview":"max-image-preview:large","max-video-preview":"max-video-preview:-1"},"canonical":"https:\/\/www.duboischemicals.com\/water-treatment\/fr\/industries\/chemical-manufacturing\/","og_locale":"fr_FR","og_type":"article","og_title":"Fabrication de produits chimiques - Traitement des eaux","og_description":"Fabrication de produits chimiques DuBois est depuis longtemps l&rsquo;un des principaux fournisseurs de l&rsquo;industrie chimique. Nous reconnaissons votre besoin d\u2019approvisionnement en eau et en vapeur pour le refroidissement et le chauffage de vos processus essentiels....","og_url":"https:\/\/www.duboischemicals.com\/water-treatment\/fr\/industries\/chemical-manufacturing\/","og_site_name":"Traitement des eaux","article_modified_time":"2021-02-11T11:55:15+00:00","twitter_card":"summary_large_image","twitter_misc":{"Dur\u00e9e de lecture estim\u00e9e":"1 minute"},"schema":{"@context":"https:\/\/schema.org","@graph":[{"@type":"WebPage","@id":"https:\/\/www.duboischemicals.com\/water-treatment\/fr\/industries\/chemical-manufacturing\/","url":"https:\/\/www.duboischemicals.com\/water-treatment\/fr\/industries\/chemical-manufacturing\/","name":"Fabrication de produits chimiques - Traitement des eaux","isPartOf":{"@id":"https:\/\/www.duboischemicals.com\/water-treatment\/fr\/#website"},"datePublished":"2020-11-30T12:36:14+00:00","dateModified":"2021-02-11T11:55:15+00:00","breadcrumb":{"@id":"https:\/\/www.duboischemicals.com\/water-treatment\/fr\/industries\/chemical-manufacturing\/#breadcrumb"},"inLanguage":"fr-FR","potentialAction":[{"@type":"ReadAction","target":["https:\/\/www.duboischemicals.com\/water-treatment\/fr\/industries\/chemical-manufacturing\/"]}]},{"@type":"BreadcrumbList","@id":"https:\/\/www.duboischemicals.com\/water-treatment\/fr\/industries\/chemical-manufacturing\/#breadcrumb","itemListElement":[{"@type":"ListItem","position":1,"name":"Accueil","item":"https:\/\/www.duboischemicals.com\/water-treatment\/fr\/"},{"@type":"ListItem","position":2,"name":"Industries","item":"https:\/\/www.duboischemicals.com\/water-treatment\/fr\/industries\/"},{"@type":"ListItem","position":3,"name":"Fabrication de produits chimiques"}]},{"@type":"WebSite","@id":"https:\/\/www.duboischemicals.com\/water-treatment\/fr\/#website","url":"https:\/\/www.duboischemicals.com\/water-treatment\/fr\/","name":"Traitement des eaux","description":"","potentialAction":[{"@type":"SearchAction","target":{"@type":"EntryPoint","urlTemplate":"https:\/\/www.duboischemicals.com\/water-treatment\/fr\/?s={search_term_string}"},"query-input":{"@type":"PropertyValueSpecification","valueRequired":true,"valueName":"search_term_string"}}],"inLanguage":"fr-FR"}]}},"_links":{"self":[{"href":"https:\/\/www.duboischemicals.com\/water-treatment\/fr\/wp-json\/wp\/v2\/pages\/10884","targetHints":{"allow":["GET"]}}],"collection":[{"href":"https:\/\/www.duboischemicals.com\/water-treatment\/fr\/wp-json\/wp\/v2\/pages"}],"about":[{"href":"https:\/\/www.duboischemicals.com\/water-treatment\/fr\/wp-json\/wp\/v2\/types\/page"}],"author":[{"embeddable":true,"href":"https:\/\/www.duboischemicals.com\/water-treatment\/fr\/wp-json\/wp\/v2\/users\/220"}],"replies":[{"embeddable":true,"href":"https:\/\/www.duboischemicals.com\/water-treatment\/fr\/wp-json\/wp\/v2\/comments?post=10884"}],"version-history":[{"count":4,"href":"https:\/\/www.duboischemicals.com\/water-treatment\/fr\/wp-json\/wp\/v2\/pages\/10884\/revisions"}],"predecessor-version":[{"id":11571,"href":"https:\/\/www.duboischemicals.com\/water-treatment\/fr\/wp-json\/wp\/v2\/pages\/10884\/revisions\/11571"}],"up":[{"embeddable":true,"href":"https:\/\/www.duboischemicals.com\/water-treatment\/fr\/wp-json\/wp\/v2\/pages\/10909"}],"wp:attachment":[{"href":"https:\/\/www.duboischemicals.com\/water-treatment\/fr\/wp-json\/wp\/v2\/media?parent=10884"}],"curies":[{"name":"wp","href":"https:\/\/api.w.org\/{rel}","templated":true}]}}