{"id":10893,"date":"2020-11-30T07:36:20","date_gmt":"2020-11-30T12:36:20","guid":{"rendered":"https:\/\/www.duboischemicals.com\/\/water-treatment\/mining\/"},"modified":"2021-02-03T08:36:19","modified_gmt":"2021-02-03T13:36:19","slug":"mining","status":"publish","type":"page","link":"https:\/\/www.duboischemicals.com\/water-treatment\/fr\/industries\/mining\/","title":{"rendered":"Exploitation mini\u00e8re"},"content":{"rendered":"<h2>Exploitation mini\u00e8re<\/h2>\n<p>L&rsquo;eau est une ressource essentielle \u00e0 toutes les phases de l&rsquo;exploitation mini\u00e8re. Les programmes de traitement de l&rsquo;eau et des eaux us\u00e9es de DuBois proposent plusieurs solutions aux exploitations mini\u00e8res\u00a0:<\/p>\n<ul>\n<li>Le contr\u00f4le du tartre, de la corrosion et de la croissance biologique dans les tours de refroidissement et les syst\u00e8mes de chaudi\u00e8res<\/li>\n<li>Le contr\u00f4le de la poussi\u00e8re <\/li>\n<li>Des programmes de traitement des eaux us\u00e9es qui minimisent les co\u00fbts des \u00e9gouts et maximisent les \u00e9conomies d&rsquo;eau <\/li>\n<li>Le contr\u00f4le des d\u00e9p\u00f4ts et du tartre dans les eaux trait\u00e9es<\/li>\n<\/ul>\n<p><strong>Produits et technologies\u00a0:<\/strong><\/p>\n<ul>\n<li><a href=\"http:\/\/www.duboischemicals.com\/\/water-treatment\/products\/cooling-water-treatment\/\">Traitement de l&rsquo;eau de refroidissement<\/a><\/li>\n<li><a href=\"http:\/\/www.duboischemicals.com\/\/water-treatment\/products\/legionella-control\/\">Lutte contre les l\u00e9gionelles<\/a><\/li>\n<li><a href=\"http:\/\/www.duboischemicals.com\/\/water-treatment\/products\/closed-loop-treatment\/\">Traitement en syst\u00e8me ferm\u00e9<\/a><\/li>\n<li><a href=\"http:\/\/www.duboischemicals.com\/\/water-treatment\/products\/boiler-water-treatment\/\">Traitement de l&rsquo;eau de chaudi\u00e8re<\/a><\/li>\n<li><a href=\"http:\/\/www.duboischemicals.com\/\/water-treatment\/products\/wastewater-treatment\/\">Traitement des eaux us\u00e9es<\/a><\/li>\n<li><a href=\"http:\/\/www.duboischemicals.com\/\/water-treatment\/service-support\/water-management-programs\/\">Programmes de traitement des eaux<\/a><\/li>\n<li><a href=\"http:\/\/www.duboischemicals.com\/\/water-treatment\/equipment\/automation-control\/\">Automatisation et contr\u00f4le<\/a><\/li>\n<li><a href=\"http:\/\/www.duboischemicals.com\/\/water-treatment\/service-support\/data-management\/\">Gestion des donn\u00e9es DuBois<\/a><\/li>\n<\/ul>\n","protected":false},"excerpt":{"rendered":"<p>Exploitation mini\u00e8re L&rsquo;eau est une ressource essentielle \u00e0 toutes les phases de l&rsquo;exploitation mini\u00e8re. Les programmes de traitement de l&rsquo;eau et des eaux us\u00e9es de DuBois proposent plusieurs solutions aux exploitations mini\u00e8res\u00a0: Le contr\u00f4le du&#8230;<\/p>\n","protected":false},"author":220,"featured_media":0,"parent":10909,"menu_order":7,"comment_status":"closed","ping_status":"closed","template":"","meta":{"_acf_changed":false,"footnotes":""},"class_list":["post-10893","page","type-page","status-publish","hentry"],"acf":[],"yoast_head":"<!-- This site is optimized with the Yoast SEO plugin v26.8 - https:\/\/yoast.com\/product\/yoast-seo-wordpress\/ -->\n<title>Exploitation mini\u00e8re - Traitement des eaux<\/title>\n<meta name=\"robots\" content=\"index, follow, max-snippet:-1, max-image-preview:large, max-video-preview:-1\" \/>\n<link rel=\"canonical\" href=\"https:\/\/www.duboischemicals.com\/water-treatment\/fr\/industries\/mining\/\" \/>\n<meta property=\"og:locale\" content=\"fr_FR\" \/>\n<meta property=\"og:type\" content=\"article\" \/>\n<meta property=\"og:title\" content=\"Exploitation mini\u00e8re - Traitement des eaux\" \/>\n<meta property=\"og:description\" content=\"Exploitation mini\u00e8re L&rsquo;eau est une ressource essentielle \u00e0 toutes les phases de l&rsquo;exploitation mini\u00e8re. Les programmes de traitement de l&rsquo;eau et des eaux us\u00e9es de DuBois proposent plusieurs solutions aux exploitations mini\u00e8res\u00a0: Le contr\u00f4le du...\" \/>\n<meta property=\"og:url\" content=\"https:\/\/www.duboischemicals.com\/water-treatment\/fr\/industries\/mining\/\" \/>\n<meta property=\"og:site_name\" content=\"Traitement des eaux\" \/>\n<meta property=\"article:modified_time\" content=\"2021-02-03T13:36:19+00:00\" \/>\n<meta name=\"twitter:card\" content=\"summary_large_image\" \/>\n<meta name=\"twitter:label1\" content=\"Dur\u00e9e de lecture estim\u00e9e\" \/>\n\t<meta name=\"twitter:data1\" content=\"1 minute\" \/>\n<script type=\"application\/ld+json\" class=\"yoast-schema-graph\">{\"@context\":\"https:\/\/schema.org\",\"@graph\":[{\"@type\":\"WebPage\",\"@id\":\"https:\/\/www.duboischemicals.com\/water-treatment\/fr\/industries\/mining\/\",\"url\":\"https:\/\/www.duboischemicals.com\/water-treatment\/fr\/industries\/mining\/\",\"name\":\"Exploitation mini\u00e8re - Traitement des eaux\",\"isPartOf\":{\"@id\":\"https:\/\/www.duboischemicals.com\/water-treatment\/fr\/#website\"},\"datePublished\":\"2020-11-30T12:36:20+00:00\",\"dateModified\":\"2021-02-03T13:36:19+00:00\",\"breadcrumb\":{\"@id\":\"https:\/\/www.duboischemicals.com\/water-treatment\/fr\/industries\/mining\/#breadcrumb\"},\"inLanguage\":\"fr-FR\",\"potentialAction\":[{\"@type\":\"ReadAction\",\"target\":[\"https:\/\/www.duboischemicals.com\/water-treatment\/fr\/industries\/mining\/\"]}]},{\"@type\":\"BreadcrumbList\",\"@id\":\"https:\/\/www.duboischemicals.com\/water-treatment\/fr\/industries\/mining\/#breadcrumb\",\"itemListElement\":[{\"@type\":\"ListItem\",\"position\":1,\"name\":\"Accueil\",\"item\":\"https:\/\/www.duboischemicals.com\/water-treatment\/fr\/\"},{\"@type\":\"ListItem\",\"position\":2,\"name\":\"Industries\",\"item\":\"https:\/\/www.duboischemicals.com\/water-treatment\/fr\/industries\/\"},{\"@type\":\"ListItem\",\"position\":3,\"name\":\"Exploitation mini\u00e8re\"}]},{\"@type\":\"WebSite\",\"@id\":\"https:\/\/www.duboischemicals.com\/water-treatment\/fr\/#website\",\"url\":\"https:\/\/www.duboischemicals.com\/water-treatment\/fr\/\",\"name\":\"Traitement des eaux\",\"description\":\"\",\"potentialAction\":[{\"@type\":\"SearchAction\",\"target\":{\"@type\":\"EntryPoint\",\"urlTemplate\":\"https:\/\/www.duboischemicals.com\/water-treatment\/fr\/?s={search_term_string}\"},\"query-input\":{\"@type\":\"PropertyValueSpecification\",\"valueRequired\":true,\"valueName\":\"search_term_string\"}}],\"inLanguage\":\"fr-FR\"}]}<\/script>\n<!-- \/ Yoast SEO plugin. -->","yoast_head_json":{"title":"Exploitation mini\u00e8re - Traitement des eaux","robots":{"index":"index","follow":"follow","max-snippet":"max-snippet:-1","max-image-preview":"max-image-preview:large","max-video-preview":"max-video-preview:-1"},"canonical":"https:\/\/www.duboischemicals.com\/water-treatment\/fr\/industries\/mining\/","og_locale":"fr_FR","og_type":"article","og_title":"Exploitation mini\u00e8re - Traitement des eaux","og_description":"Exploitation mini\u00e8re L&rsquo;eau est une ressource essentielle \u00e0 toutes les phases de l&rsquo;exploitation mini\u00e8re. Les programmes de traitement de l&rsquo;eau et des eaux us\u00e9es de DuBois proposent plusieurs solutions aux exploitations mini\u00e8res\u00a0: Le contr\u00f4le du...","og_url":"https:\/\/www.duboischemicals.com\/water-treatment\/fr\/industries\/mining\/","og_site_name":"Traitement des eaux","article_modified_time":"2021-02-03T13:36:19+00:00","twitter_card":"summary_large_image","twitter_misc":{"Dur\u00e9e de lecture estim\u00e9e":"1 minute"},"schema":{"@context":"https:\/\/schema.org","@graph":[{"@type":"WebPage","@id":"https:\/\/www.duboischemicals.com\/water-treatment\/fr\/industries\/mining\/","url":"https:\/\/www.duboischemicals.com\/water-treatment\/fr\/industries\/mining\/","name":"Exploitation mini\u00e8re - Traitement des eaux","isPartOf":{"@id":"https:\/\/www.duboischemicals.com\/water-treatment\/fr\/#website"},"datePublished":"2020-11-30T12:36:20+00:00","dateModified":"2021-02-03T13:36:19+00:00","breadcrumb":{"@id":"https:\/\/www.duboischemicals.com\/water-treatment\/fr\/industries\/mining\/#breadcrumb"},"inLanguage":"fr-FR","potentialAction":[{"@type":"ReadAction","target":["https:\/\/www.duboischemicals.com\/water-treatment\/fr\/industries\/mining\/"]}]},{"@type":"BreadcrumbList","@id":"https:\/\/www.duboischemicals.com\/water-treatment\/fr\/industries\/mining\/#breadcrumb","itemListElement":[{"@type":"ListItem","position":1,"name":"Accueil","item":"https:\/\/www.duboischemicals.com\/water-treatment\/fr\/"},{"@type":"ListItem","position":2,"name":"Industries","item":"https:\/\/www.duboischemicals.com\/water-treatment\/fr\/industries\/"},{"@type":"ListItem","position":3,"name":"Exploitation mini\u00e8re"}]},{"@type":"WebSite","@id":"https:\/\/www.duboischemicals.com\/water-treatment\/fr\/#website","url":"https:\/\/www.duboischemicals.com\/water-treatment\/fr\/","name":"Traitement des eaux","description":"","potentialAction":[{"@type":"SearchAction","target":{"@type":"EntryPoint","urlTemplate":"https:\/\/www.duboischemicals.com\/water-treatment\/fr\/?s={search_term_string}"},"query-input":{"@type":"PropertyValueSpecification","valueRequired":true,"valueName":"search_term_string"}}],"inLanguage":"fr-FR"}]}},"_links":{"self":[{"href":"https:\/\/www.duboischemicals.com\/water-treatment\/fr\/wp-json\/wp\/v2\/pages\/10893","targetHints":{"allow":["GET"]}}],"collection":[{"href":"https:\/\/www.duboischemicals.com\/water-treatment\/fr\/wp-json\/wp\/v2\/pages"}],"about":[{"href":"https:\/\/www.duboischemicals.com\/water-treatment\/fr\/wp-json\/wp\/v2\/types\/page"}],"author":[{"embeddable":true,"href":"https:\/\/www.duboischemicals.com\/water-treatment\/fr\/wp-json\/wp\/v2\/users\/220"}],"replies":[{"embeddable":true,"href":"https:\/\/www.duboischemicals.com\/water-treatment\/fr\/wp-json\/wp\/v2\/comments?post=10893"}],"version-history":[{"count":3,"href":"https:\/\/www.duboischemicals.com\/water-treatment\/fr\/wp-json\/wp\/v2\/pages\/10893\/revisions"}],"predecessor-version":[{"id":11507,"href":"https:\/\/www.duboischemicals.com\/water-treatment\/fr\/wp-json\/wp\/v2\/pages\/10893\/revisions\/11507"}],"up":[{"embeddable":true,"href":"https:\/\/www.duboischemicals.com\/water-treatment\/fr\/wp-json\/wp\/v2\/pages\/10909"}],"wp:attachment":[{"href":"https:\/\/www.duboischemicals.com\/water-treatment\/fr\/wp-json\/wp\/v2\/media?parent=10893"}],"curies":[{"name":"wp","href":"https:\/\/api.w.org\/{rel}","templated":true}]}}